{"id":1681,"date":"2014-03-26T09:36:41","date_gmt":"2014-03-26T08:36:41","guid":{"rendered":"http:\/\/blogs.univ-jfc.fr\/projetlaperouse\/?page_id=1681"},"modified":"2014-03-26T20:58:43","modified_gmt":"2014-03-26T19:58:43","slug":"lettre-patente","status":"publish","type":"page","link":"https:\/\/blogs.univ-jfc.fr\/projetlaperouse\/de-la-nature-et-des-hommes\/sciences-naturelles\/linstitutionnalisation-des-sciences\/lettre-patente\/","title":{"rendered":"lettre patente"},"content":{"rendered":"<p align=\"JUSTIFY\"><span style=\"color: #000000\">La lettre patente et un acte l\u00e9gislatif qui provient directement du roi car lui seul \u00e0 le pouvoir d&rsquo;en \u00e9mettre. Elle est scell\u00e9e de cire verte et du sceau royal et a force de loi.<\/span><\/p>\n","protected":false},"excerpt":{"rendered":"<p>La lettre patente et un acte l\u00e9gislatif qui provient directement du roi car lui seul \u00e0 le pouvoir d&rsquo;en \u00e9mettre. Elle est scell\u00e9e de cire verte et du sceau royal et a force de loi.<\/p>\n","protected":false},"author":19,"featured_media":0,"parent":1070,"menu_order":0,"comment_status":"closed","ping_status":"open","template":"","meta":[],"_links":{"self":[{"href":"https:\/\/blogs.univ-jfc.fr\/projetlaperouse\/wp-json\/wp\/v2\/pages\/1681"}],"collection":[{"href":"https:\/\/blogs.univ-jfc.fr\/projetlaperouse\/wp-json\/wp\/v2\/pages"}],"about":[{"href":"https:\/\/blogs.univ-jfc.fr\/projetlaperouse\/wp-json\/wp\/v2\/types\/page"}],"author":[{"embeddable":true,"href":"https:\/\/blogs.univ-jfc.fr\/projetlaperouse\/wp-json\/wp\/v2\/users\/19"}],"replies":[{"embeddable":true,"href":"https:\/\/blogs.univ-jfc.fr\/projetlaperouse\/wp-json\/wp\/v2\/comments?post=1681"}],"version-history":[{"count":2,"href":"https:\/\/blogs.univ-jfc.fr\/projetlaperouse\/wp-json\/wp\/v2\/pages\/1681\/revisions"}],"predecessor-version":[{"id":2045,"href":"https:\/\/blogs.univ-jfc.fr\/projetlaperouse\/wp-json\/wp\/v2\/pages\/1681\/revisions\/2045"}],"up":[{"embeddable":true,"href":"https:\/\/blogs.univ-jfc.fr\/projetlaperouse\/wp-json\/wp\/v2\/pages\/1070"}],"wp:attachment":[{"href":"https:\/\/blogs.univ-jfc.fr\/projetlaperouse\/wp-json\/wp\/v2\/media?parent=1681"}],"curies":[{"name":"wp","href":"https:\/\/api.w.org\/{rel}","templated":true}]}}