{"id":1684,"date":"2014-03-26T09:39:06","date_gmt":"2014-03-26T08:39:06","guid":{"rendered":"http:\/\/blogs.univ-jfc.fr\/projetlaperouse\/?page_id=1684"},"modified":"2014-03-30T10:31:21","modified_gmt":"2014-03-30T09:31:21","slug":"denis-diderot","status":"publish","type":"page","link":"https:\/\/blogs.univ-jfc.fr\/projetlaperouse\/de-la-nature-et-des-hommes\/sciences-naturelles\/la-sphere-scientifique\/denis-diderot\/","title":{"rendered":"Denis Diderot"},"content":{"rendered":"<p align=\"JUSTIFY\"><span style=\"color: #000000\">Denis Diderot, n\u00e9 le 5 octobre 1713 \u00e0 Langres et mort le 31 juillet 1784 \u00e0 Paris est un intellectuel fran\u00e7ais du XVIIIe, \u00e9crivain, et philosophe. Il est l&rsquo;un des moteurs du mouvement des Lumi\u00e8res et il participe de mani\u00e8re tr\u00e8s active \u00e0 la cr\u00e9ation de l&rsquo;Encyclop\u00e9die (1752).<\/span><\/p>\n<p align=\"JUSTIFY\"><a href=\"http:\/\/gallica.bnf.fr\/ark:\/12148\/bpt6k505351\">En savoir plus.<\/a><\/p>\n","protected":false},"excerpt":{"rendered":"<p>Denis Diderot, n\u00e9 le 5 octobre 1713 \u00e0 Langres et mort le 31 juillet 1784 \u00e0 Paris est un intellectuel fran\u00e7ais du XVIIIe, \u00e9crivain, et philosophe. Il est l&rsquo;un des moteurs du mouvement des Lumi\u00e8res et il participe de mani\u00e8re &hellip; <a href=\"https:\/\/blogs.univ-jfc.fr\/projetlaperouse\/de-la-nature-et-des-hommes\/sciences-naturelles\/la-sphere-scientifique\/denis-diderot\/\">Lire la suite <span class=\"meta-nav\">&rarr;<\/span><\/a><\/p>\n","protected":false},"author":19,"featured_media":0,"parent":1073,"menu_order":0,"comment_status":"closed","ping_status":"open","template":"","meta":[],"_links":{"self":[{"href":"https:\/\/blogs.univ-jfc.fr\/projetlaperouse\/wp-json\/wp\/v2\/pages\/1684"}],"collection":[{"href":"https:\/\/blogs.univ-jfc.fr\/projetlaperouse\/wp-json\/wp\/v2\/pages"}],"about":[{"href":"https:\/\/blogs.univ-jfc.fr\/projetlaperouse\/wp-json\/wp\/v2\/types\/page"}],"author":[{"embeddable":true,"href":"https:\/\/blogs.univ-jfc.fr\/projetlaperouse\/wp-json\/wp\/v2\/users\/19"}],"replies":[{"embeddable":true,"href":"https:\/\/blogs.univ-jfc.fr\/projetlaperouse\/wp-json\/wp\/v2\/comments?post=1684"}],"version-history":[{"count":2,"href":"https:\/\/blogs.univ-jfc.fr\/projetlaperouse\/wp-json\/wp\/v2\/pages\/1684\/revisions"}],"predecessor-version":[{"id":2865,"href":"https:\/\/blogs.univ-jfc.fr\/projetlaperouse\/wp-json\/wp\/v2\/pages\/1684\/revisions\/2865"}],"up":[{"embeddable":true,"href":"https:\/\/blogs.univ-jfc.fr\/projetlaperouse\/wp-json\/wp\/v2\/pages\/1073"}],"wp:attachment":[{"href":"https:\/\/blogs.univ-jfc.fr\/projetlaperouse\/wp-json\/wp\/v2\/media?parent=1684"}],"curies":[{"name":"wp","href":"https:\/\/api.w.org\/{rel}","templated":true}]}}