{"id":1686,"date":"2014-03-26T09:42:50","date_gmt":"2014-03-26T08:42:50","guid":{"rendered":"http:\/\/blogs.univ-jfc.fr\/projetlaperouse\/?page_id=1686"},"modified":"2014-03-30T10:33:17","modified_gmt":"2014-03-30T09:33:17","slug":"dalembert","status":"publish","type":"page","link":"https:\/\/blogs.univ-jfc.fr\/projetlaperouse\/de-la-nature-et-des-hommes\/sciences-naturelles\/la-sphere-scientifique\/dalembert\/","title":{"rendered":"d&rsquo;Alembert"},"content":{"rendered":"<p><span style=\"color: #000000\">Jean Le Rond d\u2019Alembert est n\u00e9 le 16 novembre 1717 \u00e0 Paris et mort le 29 octobre 1783 dans la m\u00eame ville. Il est comme Denis Diderot un intellectuel fran\u00e7ais du XVIIIe, math\u00e9maticien et philosophe et participe activement \u00e0 l&rsquo;\u00e9laboration de l&rsquo;Encyclop\u00e9die.<\/span><\/p>\n<p><a href=\"http:\/\/gallica.bnf.fr\/ark:\/12148\/bpt6k505351\">En savoir plus.<\/a><\/p>\n","protected":false},"excerpt":{"rendered":"<p>Jean Le Rond d\u2019Alembert est n\u00e9 le 16 novembre 1717 \u00e0 Paris et mort le 29 octobre 1783 dans la m\u00eame ville. Il est comme Denis Diderot un intellectuel fran\u00e7ais du XVIIIe, math\u00e9maticien et philosophe et participe activement \u00e0 l&rsquo;\u00e9laboration &hellip; <a href=\"https:\/\/blogs.univ-jfc.fr\/projetlaperouse\/de-la-nature-et-des-hommes\/sciences-naturelles\/la-sphere-scientifique\/dalembert\/\">Lire la suite <span class=\"meta-nav\">&rarr;<\/span><\/a><\/p>\n","protected":false},"author":19,"featured_media":0,"parent":1073,"menu_order":0,"comment_status":"closed","ping_status":"open","template":"","meta":[],"_links":{"self":[{"href":"https:\/\/blogs.univ-jfc.fr\/projetlaperouse\/wp-json\/wp\/v2\/pages\/1686"}],"collection":[{"href":"https:\/\/blogs.univ-jfc.fr\/projetlaperouse\/wp-json\/wp\/v2\/pages"}],"about":[{"href":"https:\/\/blogs.univ-jfc.fr\/projetlaperouse\/wp-json\/wp\/v2\/types\/page"}],"author":[{"embeddable":true,"href":"https:\/\/blogs.univ-jfc.fr\/projetlaperouse\/wp-json\/wp\/v2\/users\/19"}],"replies":[{"embeddable":true,"href":"https:\/\/blogs.univ-jfc.fr\/projetlaperouse\/wp-json\/wp\/v2\/comments?post=1686"}],"version-history":[{"count":2,"href":"https:\/\/blogs.univ-jfc.fr\/projetlaperouse\/wp-json\/wp\/v2\/pages\/1686\/revisions"}],"predecessor-version":[{"id":2866,"href":"https:\/\/blogs.univ-jfc.fr\/projetlaperouse\/wp-json\/wp\/v2\/pages\/1686\/revisions\/2866"}],"up":[{"embeddable":true,"href":"https:\/\/blogs.univ-jfc.fr\/projetlaperouse\/wp-json\/wp\/v2\/pages\/1073"}],"wp:attachment":[{"href":"https:\/\/blogs.univ-jfc.fr\/projetlaperouse\/wp-json\/wp\/v2\/media?parent=1686"}],"curies":[{"name":"wp","href":"https:\/\/api.w.org\/{rel}","templated":true}]}}