{"id":1688,"date":"2014-03-26T09:46:44","date_gmt":"2014-03-26T08:46:44","guid":{"rendered":"http:\/\/blogs.univ-jfc.fr\/projetlaperouse\/?page_id=1688"},"modified":"2014-03-26T21:27:57","modified_gmt":"2014-03-26T20:27:57","slug":"buffon","status":"publish","type":"page","link":"https:\/\/blogs.univ-jfc.fr\/projetlaperouse\/de-la-nature-et-des-hommes\/sciences-naturelles\/la-sphere-scientifique\/buffon\/","title":{"rendered":"Buffon"},"content":{"rendered":"<p align=\"JUSTIFY\"><span style=\"color: #000000\">N\u00e9 \u00e0 Montbard le 7 septembre 1707 et mort \u00e0 Paris le 16 avril\u00a01781, c&rsquo; est un naturaliste, math\u00e9maticien, biologiste, cosmologiste, philosophe, \u00e9crivain et franc-ma\u00e7on fran\u00e7ais. Son nom est li\u00e9 \u00e0 la localit\u00e9 de Buffon, en C\u00f4te-d&rsquo;Or, dont la seigneurie fut acquise par la famille Leclerc. Participant \u00e0 l&rsquo;esprit des Lumi\u00e8res, parall\u00e8lement \u00e0 l\u2019<\/span><span style=\"color: #000000\"><span style=\"font-family: Arial, sans-serif\"><span style=\"font-size: medium\"><i>Encyclop\u00e9die,<\/i><\/span><\/span><\/span><span style=\"color: #000000\"> il est \u00e0 la fois acad\u00e9micien des sciences et acad\u00e9micien fran\u00e7ais. Ses th\u00e9ories ont influenc\u00e9 deux g\u00e9n\u00e9rations de naturalistes, en particulier Jean-Baptiste de Lamarck et Charles Darwin. Salu\u00e9 par ses contemporains, Buffon a \u00e9t\u00e9 qualifi\u00e9 de \u00ab Pline de Montbard \u00bb en r\u00e9f\u00e9rence au c\u00e9l\u00e8bre naturaliste romain du Ier si\u00e8cle, auteur d&rsquo;une monumentale Histoire naturelle.<\/span><\/p>\n<p align=\"JUSTIFY\"><a href=\"http:\/\/www.buffon.cnrs.fr\/\">En savoir plus.<\/a><\/p>\n","protected":false},"excerpt":{"rendered":"<p>N\u00e9 \u00e0 Montbard le 7 septembre 1707 et mort \u00e0 Paris le 16 avril\u00a01781, c&rsquo; est un naturaliste, math\u00e9maticien, biologiste, cosmologiste, philosophe, \u00e9crivain et franc-ma\u00e7on fran\u00e7ais. Son nom est li\u00e9 \u00e0 la localit\u00e9 de Buffon, en C\u00f4te-d&rsquo;Or, dont la seigneurie &hellip; <a href=\"https:\/\/blogs.univ-jfc.fr\/projetlaperouse\/de-la-nature-et-des-hommes\/sciences-naturelles\/la-sphere-scientifique\/buffon\/\">Lire la suite <span class=\"meta-nav\">&rarr;<\/span><\/a><\/p>\n","protected":false},"author":19,"featured_media":0,"parent":1073,"menu_order":0,"comment_status":"closed","ping_status":"open","template":"","meta":[],"_links":{"self":[{"href":"https:\/\/blogs.univ-jfc.fr\/projetlaperouse\/wp-json\/wp\/v2\/pages\/1688"}],"collection":[{"href":"https:\/\/blogs.univ-jfc.fr\/projetlaperouse\/wp-json\/wp\/v2\/pages"}],"about":[{"href":"https:\/\/blogs.univ-jfc.fr\/projetlaperouse\/wp-json\/wp\/v2\/types\/page"}],"author":[{"embeddable":true,"href":"https:\/\/blogs.univ-jfc.fr\/projetlaperouse\/wp-json\/wp\/v2\/users\/19"}],"replies":[{"embeddable":true,"href":"https:\/\/blogs.univ-jfc.fr\/projetlaperouse\/wp-json\/wp\/v2\/comments?post=1688"}],"version-history":[{"count":2,"href":"https:\/\/blogs.univ-jfc.fr\/projetlaperouse\/wp-json\/wp\/v2\/pages\/1688\/revisions"}],"predecessor-version":[{"id":2051,"href":"https:\/\/blogs.univ-jfc.fr\/projetlaperouse\/wp-json\/wp\/v2\/pages\/1688\/revisions\/2051"}],"up":[{"embeddable":true,"href":"https:\/\/blogs.univ-jfc.fr\/projetlaperouse\/wp-json\/wp\/v2\/pages\/1073"}],"wp:attachment":[{"href":"https:\/\/blogs.univ-jfc.fr\/projetlaperouse\/wp-json\/wp\/v2\/media?parent=1688"}],"curies":[{"name":"wp","href":"https:\/\/api.w.org\/{rel}","templated":true}]}}