{"id":1691,"date":"2014-03-26T09:50:17","date_gmt":"2014-03-26T08:50:17","guid":{"rendered":"http:\/\/blogs.univ-jfc.fr\/projetlaperouse\/?page_id=1691"},"modified":"2014-03-30T10:35:23","modified_gmt":"2014-03-30T09:35:23","slug":"systema-naturae","status":"publish","type":"page","link":"https:\/\/blogs.univ-jfc.fr\/projetlaperouse\/de-la-nature-et-des-hommes\/sciences-naturelles\/la-sphere-scientifique\/systema-naturae\/","title":{"rendered":"Systema Naturae"},"content":{"rendered":"<p align=\"JUSTIFY\"><span style=\"color: #000000\">Le livre\u00a0<\/span><span style=\"color: #000000\"><span style=\"font-family: Arial, sans-serif\"><span style=\"font-size: medium\"><i>Systema natur\u00e6 per regna tria natur\u00e6, secundum classes, ordines, genera, species, cum characteribus, differentiis, synonymis, locis\u00a0<\/i><\/span><\/span><\/span><span style=\"color: #000000\">(<\/span><span style=\"color: #000000\"><span style=\"font-family: Arial, sans-serif\"><span style=\"font-size: medium\"><i>Syst\u00e8me de la nature, en trois r\u00e8gnes de la Nature, divis\u00e9s en classes, ordres, genres et esp\u00e8ces, avec les caract\u00e8res, les diff\u00e9rences, les synonymes et les localisations<\/i><\/span><\/span><\/span><span style=\"color: #000000\">) (titre de la 10e \u00e9dition de 1758) est l\u2019\u0153uvre majeure du m\u00e9decin et botaniste su\u00e9dois Carl Von Linn\u00e9 (1707-1778). Carl Von Linn\u00e9 et le premier intellectuel, naturaliste \u00e0 r\u00e9aliser une classification compl\u00e8te du vivant.<\/span><\/p>\n<p align=\"JUSTIFY\"><a href=\"http:\/\/books.google.fr\/books?id=9-11mEu1y6oC&amp;printsec=frontcover&amp;dq=carl+von+linn%C3%A9+systeme+naturae&amp;hl=fr&amp;sa=X&amp;ei=lDgKU_b5CIbB7AabxoDIAw&amp;ved=0CDIQ6AEwAA#v=onepage&amp;q=carl%20von%20linn%C3%A9%20systeme%20naturae&amp;f=false\">En savoir plus.<\/a><\/p>\n","protected":false},"excerpt":{"rendered":"<p>Le livre\u00a0Systema natur\u00e6 per regna tria natur\u00e6, secundum classes, ordines, genera, species, cum characteribus, differentiis, synonymis, locis\u00a0(Syst\u00e8me de la nature, en trois r\u00e8gnes de la Nature, divis\u00e9s en classes, ordres, genres et esp\u00e8ces, avec les caract\u00e8res, les diff\u00e9rences, les synonymes &hellip; <a href=\"https:\/\/blogs.univ-jfc.fr\/projetlaperouse\/de-la-nature-et-des-hommes\/sciences-naturelles\/la-sphere-scientifique\/systema-naturae\/\">Lire la suite <span class=\"meta-nav\">&rarr;<\/span><\/a><\/p>\n","protected":false},"author":19,"featured_media":0,"parent":1073,"menu_order":0,"comment_status":"closed","ping_status":"open","template":"","meta":[],"_links":{"self":[{"href":"https:\/\/blogs.univ-jfc.fr\/projetlaperouse\/wp-json\/wp\/v2\/pages\/1691"}],"collection":[{"href":"https:\/\/blogs.univ-jfc.fr\/projetlaperouse\/wp-json\/wp\/v2\/pages"}],"about":[{"href":"https:\/\/blogs.univ-jfc.fr\/projetlaperouse\/wp-json\/wp\/v2\/types\/page"}],"author":[{"embeddable":true,"href":"https:\/\/blogs.univ-jfc.fr\/projetlaperouse\/wp-json\/wp\/v2\/users\/19"}],"replies":[{"embeddable":true,"href":"https:\/\/blogs.univ-jfc.fr\/projetlaperouse\/wp-json\/wp\/v2\/comments?post=1691"}],"version-history":[{"count":2,"href":"https:\/\/blogs.univ-jfc.fr\/projetlaperouse\/wp-json\/wp\/v2\/pages\/1691\/revisions"}],"predecessor-version":[{"id":2867,"href":"https:\/\/blogs.univ-jfc.fr\/projetlaperouse\/wp-json\/wp\/v2\/pages\/1691\/revisions\/2867"}],"up":[{"embeddable":true,"href":"https:\/\/blogs.univ-jfc.fr\/projetlaperouse\/wp-json\/wp\/v2\/pages\/1073"}],"wp:attachment":[{"href":"https:\/\/blogs.univ-jfc.fr\/projetlaperouse\/wp-json\/wp\/v2\/media?parent=1691"}],"curies":[{"name":"wp","href":"https:\/\/api.w.org\/{rel}","templated":true}]}}