{"id":1695,"date":"2014-03-26T09:59:00","date_gmt":"2014-03-26T08:59:00","guid":{"rendered":"http:\/\/blogs.univ-jfc.fr\/projetlaperouse\/?page_id=1695"},"modified":"2014-04-03T09:09:31","modified_gmt":"2014-04-03T08:09:31","slug":"scolastique","status":"publish","type":"page","link":"https:\/\/blogs.univ-jfc.fr\/projetlaperouse\/de-la-nature-et-des-hommes\/sciences-naturelles\/la-sphere-scientifique\/scolastique\/","title":{"rendered":"scolastique"},"content":{"rendered":"<p align=\"JUSTIFY\"><span style=\"color: #000000\">La scolastique est la philosophie d\u00e9velopp\u00e9e et enseign\u00e9e au Moyen \u00c2ge dans les universit\u00e9s\u00a0: elle vise \u00e0 concilier l&rsquo;apport de la philosophie grecque avec la th\u00e9ologie chr\u00e9tienne h\u00e9rit\u00e9e des P\u00e8res de l&rsquo;\u00c9glise et d&rsquo;Anselme. Cette fa\u00e7on d&rsquo;enseigner est bas\u00e9e sur une extr\u00eame rigueur des \u00e9tudiants qui apprennent par c\u0153ur des texte entiers. Cette mani\u00e8re de penser et d&rsquo;enseigner est remise en cause \u00e0 partir du XVe avec la naissance de l&rsquo;humanisme.<\/span><\/p>\n<p align=\"JUSTIFY\"><a href=\"http:\/\/www.cairn.info\/resume.php?ID_ARTICLE=DBU_ATELI_2002_01_0009\">En savoir plus.<\/a><\/p>\n","protected":false},"excerpt":{"rendered":"<p>La scolastique est la philosophie d\u00e9velopp\u00e9e et enseign\u00e9e au Moyen \u00c2ge dans les universit\u00e9s\u00a0: elle vise \u00e0 concilier l&rsquo;apport de la philosophie grecque avec la th\u00e9ologie chr\u00e9tienne h\u00e9rit\u00e9e des P\u00e8res de l&rsquo;\u00c9glise et d&rsquo;Anselme. Cette fa\u00e7on d&rsquo;enseigner est bas\u00e9e sur &hellip; <a href=\"https:\/\/blogs.univ-jfc.fr\/projetlaperouse\/de-la-nature-et-des-hommes\/sciences-naturelles\/la-sphere-scientifique\/scolastique\/\">Lire la suite <span class=\"meta-nav\">&rarr;<\/span><\/a><\/p>\n","protected":false},"author":19,"featured_media":0,"parent":1073,"menu_order":0,"comment_status":"closed","ping_status":"open","template":"","meta":[],"_links":{"self":[{"href":"https:\/\/blogs.univ-jfc.fr\/projetlaperouse\/wp-json\/wp\/v2\/pages\/1695"}],"collection":[{"href":"https:\/\/blogs.univ-jfc.fr\/projetlaperouse\/wp-json\/wp\/v2\/pages"}],"about":[{"href":"https:\/\/blogs.univ-jfc.fr\/projetlaperouse\/wp-json\/wp\/v2\/types\/page"}],"author":[{"embeddable":true,"href":"https:\/\/blogs.univ-jfc.fr\/projetlaperouse\/wp-json\/wp\/v2\/users\/19"}],"replies":[{"embeddable":true,"href":"https:\/\/blogs.univ-jfc.fr\/projetlaperouse\/wp-json\/wp\/v2\/comments?post=1695"}],"version-history":[{"count":6,"href":"https:\/\/blogs.univ-jfc.fr\/projetlaperouse\/wp-json\/wp\/v2\/pages\/1695\/revisions"}],"predecessor-version":[{"id":3848,"href":"https:\/\/blogs.univ-jfc.fr\/projetlaperouse\/wp-json\/wp\/v2\/pages\/1695\/revisions\/3848"}],"up":[{"embeddable":true,"href":"https:\/\/blogs.univ-jfc.fr\/projetlaperouse\/wp-json\/wp\/v2\/pages\/1073"}],"wp:attachment":[{"href":"https:\/\/blogs.univ-jfc.fr\/projetlaperouse\/wp-json\/wp\/v2\/media?parent=1695"}],"curies":[{"name":"wp","href":"https:\/\/api.w.org\/{rel}","templated":true}]}}