{"id":1701,"date":"2014-03-26T10:05:34","date_gmt":"2014-03-26T09:05:34","guid":{"rendered":"http:\/\/blogs.univ-jfc.fr\/projetlaperouse\/?page_id=1701"},"modified":"2014-06-16T10:05:24","modified_gmt":"2014-06-16T09:05:24","slug":"bibliographie","status":"publish","type":"page","link":"https:\/\/blogs.univ-jfc.fr\/projetlaperouse\/bibliographie\/","title":{"rendered":"Bibliographie &amp; sitographie"},"content":{"rendered":"<h1>Bibliographie<\/h1>\n<ol>\n<li><a title=\"Outils\" href=\"http:\/\/blogs.univ-jfc.fr\/projetlaperouse\/bibliographie\/outils\/\" target=\"_blank\"><strong>Outils<\/strong><\/a><\/li>\n<li><a title=\"Ouvrages g\u00e9n\u00e9raux\" href=\"http:\/\/blogs.univ-jfc.fr\/projetlaperouse\/bibliographie\/ouvrages-generaux\/\" target=\"_blank\"><strong>Ouvrages g\u00e9n\u00e9raux<\/strong><\/a><\/li>\n<li><a title=\"Histoire des sciences et de l\u2019\u00e9ducation\" href=\"http:\/\/blogs.univ-jfc.fr\/projetlaperouse\/bibliographie\/histoire-des-sciences-et-de-leducation\/\" target=\"_blank\"><strong>Histoire des sciences et de l&rsquo;\u00e9ducation<\/strong><\/a><\/li>\n<li><strong><a title=\"Histoire de la marine et des exp\u00e9ditions scientifiques\" href=\"http:\/\/blogs.univ-jfc.fr\/projetlaperouse\/bibliographie\/histoire-de-la-marine-et-des-expeditions-scientifiques\/\" target=\"_blank\">Histoire de la marine et des exp\u00e9ditions maritimes<\/a><br \/>\n<\/strong><\/li>\n<li><a title=\"Histoire sociale\" href=\"http:\/\/blogs.univ-jfc.fr\/projetlaperouse\/bibliographie\/histoire-sociale\/\" target=\"_blank\"><strong>Histoire sociale<\/strong><\/a><\/li>\n<li><strong><a title=\"Histoire \u00e9conomique et commerciale\" href=\"http:\/\/blogs.univ-jfc.fr\/projetlaperouse\/bibliographie\/histoire-economique-et-commerciale\/\" target=\"_blank\">Histoire \u00e9conomique et commerciale<\/a><\/strong><\/li>\n<li><a title=\"Histoire politique et militaire\" href=\"http:\/\/blogs.univ-jfc.fr\/projetlaperouse\/bibliographie\/histoire-politique-et-militaire\/\" target=\"_blank\"><strong>Histoire politique et militaire<\/strong><\/a><\/li>\n<li><strong><a title=\"Histoire de Lap\u00e9rouse\" href=\"http:\/\/blogs.univ-jfc.fr\/projetlaperouse\/bibliographie\/histoire-de-laperouse\/\" target=\"_blank\">Lap\u00e9rouse<\/a><\/strong><\/li>\n<\/ol>\n<h1><a title=\"Sitographie\" href=\"http:\/\/blogs.univ-jfc.fr\/projetlaperouse\/bibliographie\/sitographie\/\" target=\"_blank\">\u00a0Sitographie<\/a><\/h1>\n","protected":false},"excerpt":{"rendered":"<p>Bibliographie Outils Ouvrages g\u00e9n\u00e9raux Histoire des sciences et de l&rsquo;\u00e9ducation Histoire de la marine et des exp\u00e9ditions maritimes Histoire sociale Histoire \u00e9conomique et commerciale Histoire politique et militaire Lap\u00e9rouse \u00a0Sitographie<\/p>\n","protected":false},"author":19,"featured_media":4645,"parent":0,"menu_order":0,"comment_status":"closed","ping_status":"open","template":"","meta":[],"_links":{"self":[{"href":"https:\/\/blogs.univ-jfc.fr\/projetlaperouse\/wp-json\/wp\/v2\/pages\/1701"}],"collection":[{"href":"https:\/\/blogs.univ-jfc.fr\/projetlaperouse\/wp-json\/wp\/v2\/pages"}],"about":[{"href":"https:\/\/blogs.univ-jfc.fr\/projetlaperouse\/wp-json\/wp\/v2\/types\/page"}],"author":[{"embeddable":true,"href":"https:\/\/blogs.univ-jfc.fr\/projetlaperouse\/wp-json\/wp\/v2\/users\/19"}],"replies":[{"embeddable":true,"href":"https:\/\/blogs.univ-jfc.fr\/projetlaperouse\/wp-json\/wp\/v2\/comments?post=1701"}],"version-history":[{"count":15,"href":"https:\/\/blogs.univ-jfc.fr\/projetlaperouse\/wp-json\/wp\/v2\/pages\/1701\/revisions"}],"predecessor-version":[{"id":4646,"href":"https:\/\/blogs.univ-jfc.fr\/projetlaperouse\/wp-json\/wp\/v2\/pages\/1701\/revisions\/4646"}],"wp:featuredmedia":[{"embeddable":true,"href":"https:\/\/blogs.univ-jfc.fr\/projetlaperouse\/wp-json\/wp\/v2\/media\/4645"}],"wp:attachment":[{"href":"https:\/\/blogs.univ-jfc.fr\/projetlaperouse\/wp-json\/wp\/v2\/media?parent=1701"}],"curies":[{"name":"wp","href":"https:\/\/api.w.org\/{rel}","templated":true}]}}