{"id":1706,"date":"2014-03-26T10:06:53","date_gmt":"2014-03-26T09:06:53","guid":{"rendered":"http:\/\/blogs.univ-jfc.fr\/projetlaperouse\/?page_id=1706"},"modified":"2014-06-16T10:09:50","modified_gmt":"2014-06-16T09:09:50","slug":"ouvrages-generaux","status":"publish","type":"page","link":"https:\/\/blogs.univ-jfc.fr\/projetlaperouse\/bibliographie\/ouvrages-generaux\/","title":{"rendered":"Ouvrages g\u00e9n\u00e9raux"},"content":{"rendered":"<ul>\n<li>\n<p style=\"text-align: justify\" align=\"JUSTIFY\"><strong>France<\/strong><\/p>\n<\/li>\n<li style=\"text-align: justify\"><strong><\/strong>B\u00e9ly, Lucien, <i>La France moderne, 1498-1789<\/i>, Paris, PUF, 1994, 694 p.<\/li>\n<li style=\"text-align: justify\"><span style=\"font-family: Times New Roman,serif\"><span style=\"font-size: medium\">Pierre-Yves Beaurepaire, <i>La France des Lumi\u00e8res,<\/i> Belin, 2011, p 721.<\/span><\/span><\/li>\n<li style=\"text-align: justify\">Burgui\u00e8re, Andr\u00e9, <i>Histoire de La France<\/i>, Paris, Le Seuil, 1993, 620 p.<\/li>\n<li style=\"text-align: justify\">Chaline, Olivier, <i>La France au XVIIIe si\u00e8cle<\/i>, Paris, Belin, 1996, 391 p.<\/li>\n<li style=\"text-align: justify\">Le Brun Fran\u00e7ois, <em>L&rsquo;Europe et le monde XVIe-XVIIIe si\u00e8cle<\/em>, Paris, Ed. Armand Colin, 2008, 351 p.<\/li>\n<li style=\"text-align: justify\">Roche, Daniel, <i>La France des Lumi\u00e8res<\/i>, Paris, Fayard, 1993, 651 p.<\/li>\n<li style=\"text-align: justify\"><span style=\"color: #000000\"><span style=\"font-family: Arial,sans-serif\"><span style=\"font-size: medium\">Saupin, Guy, <i>La France \u00e0 l&rsquo;\u00e9poque moderne<\/i>, Paris, A. Colin, 2011, 238 p.<\/span><\/span><\/span><\/li>\n<li style=\"text-align: justify\"><span style=\"color: #000000\"><span style=\"font-family: Arial,sans-serif\"><span style=\"font-size: medium\">Zysberg, Andr\u00e9, <i>La monarchie des Lumi\u00e8res, 1715-1786<\/i>, Paris, Le Seuil, 2002, 552 p.<\/span><\/span><\/span><\/li>\n<\/ul>\n<p style=\"text-align: justify\"><strong>La France dans le monde<\/strong><\/p>\n<ul style=\"text-align: justify\">\n<li>\n<p align=\"JUSTIFY\"><span style=\"font-family: Times New Roman,serif\"><span style=\"font-size: medium\">Jean B\u00e9ranger et Jean Meyer, <i>La France dans le monde au XVIII\u00b0 sci\u00e8cle<\/i>, Sedes, 1993.<\/span><\/span><\/p>\n<\/li>\n<\/ul>\n<p style=\"text-align: justify\"><strong>Europe<\/strong><\/p>\n<ul>\n<li>\n<p style=\"text-align: justify\">Beaurepaire Pierre-Yves, <i>L&rsquo;Europe des lumi\u00e8res<\/i>, Paris, Presses Universitaires de France, 2013, Que sais-je\u00a0?, 127 p\u00a0.<\/p>\n<\/li>\n<\/ul>\n","protected":false},"excerpt":{"rendered":"<p>France B\u00e9ly, Lucien, La France moderne, 1498-1789, Paris, PUF, 1994, 694 p. Pierre-Yves Beaurepaire, La France des Lumi\u00e8res, Belin, 2011, p 721. Burgui\u00e8re, Andr\u00e9, Histoire de La France, Paris, Le Seuil, 1993, 620 p. Chaline, Olivier, La France au XVIIIe &hellip; <a href=\"https:\/\/blogs.univ-jfc.fr\/projetlaperouse\/bibliographie\/ouvrages-generaux\/\">Lire la suite <span class=\"meta-nav\">&rarr;<\/span><\/a><\/p>\n","protected":false},"author":19,"featured_media":4645,"parent":1701,"menu_order":2,"comment_status":"closed","ping_status":"open","template":"","meta":[],"_links":{"self":[{"href":"https:\/\/blogs.univ-jfc.fr\/projetlaperouse\/wp-json\/wp\/v2\/pages\/1706"}],"collection":[{"href":"https:\/\/blogs.univ-jfc.fr\/projetlaperouse\/wp-json\/wp\/v2\/pages"}],"about":[{"href":"https:\/\/blogs.univ-jfc.fr\/projetlaperouse\/wp-json\/wp\/v2\/types\/page"}],"author":[{"embeddable":true,"href":"https:\/\/blogs.univ-jfc.fr\/projetlaperouse\/wp-json\/wp\/v2\/users\/19"}],"replies":[{"embeddable":true,"href":"https:\/\/blogs.univ-jfc.fr\/projetlaperouse\/wp-json\/wp\/v2\/comments?post=1706"}],"version-history":[{"count":8,"href":"https:\/\/blogs.univ-jfc.fr\/projetlaperouse\/wp-json\/wp\/v2\/pages\/1706\/revisions"}],"predecessor-version":[{"id":4648,"href":"https:\/\/blogs.univ-jfc.fr\/projetlaperouse\/wp-json\/wp\/v2\/pages\/1706\/revisions\/4648"}],"up":[{"embeddable":true,"href":"https:\/\/blogs.univ-jfc.fr\/projetlaperouse\/wp-json\/wp\/v2\/pages\/1701"}],"wp:featuredmedia":[{"embeddable":true,"href":"https:\/\/blogs.univ-jfc.fr\/projetlaperouse\/wp-json\/wp\/v2\/media\/4645"}],"wp:attachment":[{"href":"https:\/\/blogs.univ-jfc.fr\/projetlaperouse\/wp-json\/wp\/v2\/media?parent=1706"}],"curies":[{"name":"wp","href":"https:\/\/api.w.org\/{rel}","templated":true}]}}