{"id":1708,"date":"2014-03-26T10:07:34","date_gmt":"2014-03-26T09:07:34","guid":{"rendered":"http:\/\/blogs.univ-jfc.fr\/projetlaperouse\/?page_id=1708"},"modified":"2014-06-16T10:10:26","modified_gmt":"2014-06-16T09:10:26","slug":"histoire-des-sciences-et-de-leducation","status":"publish","type":"page","link":"https:\/\/blogs.univ-jfc.fr\/projetlaperouse\/bibliographie\/histoire-des-sciences-et-de-leducation\/","title":{"rendered":"Histoire des sciences et de l&rsquo;\u00e9ducation"},"content":{"rendered":"<p><strong>Histoire des sciences<\/strong><\/p>\n<ul>\n<li><span style=\"color: #000000\"><span style=\"font-family: Arial,sans-serif\"><span style=\"font-size: medium\">BEDEL, Charles, <i>La curiosit\u00e9 scientifique au XVIIIe si\u00e8cle<\/i>, Paris, Hermann, 1986, 617 p.<\/span><\/span><\/span><\/li>\n<li>COTARDIERE P. De La, <i>Histoire des sciences de l&rsquo;Antiquit\u00e9 \u00e0 nos jours<\/i>, Tallandier, Paris, 2004, 659 p.<\/li>\n<li>MAZAURIC S. , <i>Histoire des sciences \u00e0 l&rsquo;\u00e9poque moderne<\/i>, Armand Colin, Paris, 2009, 334 p.<\/li>\n<li><span style=\"color: #000000\"><span style=\"font-family: Arial,sans-serif\"><span style=\"font-size: medium\">SALAUN, Franck,\u00a0<i> Les lumi\u00e8res:une introduction<\/i>, Paris, PUF, 2011, 265 p.<\/span><\/span><\/span><\/li>\n<\/ul>\n<p><strong>Histoire des sciences naturelles<\/strong><\/p>\n<ul>\n<li>\u00a0BRASART P., <i>De Buffon \u00e0 Danton: \u00ab\u202fl\u2019Homme m\u00eame\u202f\u00bb et les cas d\u2019esp\u00e8ce,<\/i> Vol. 137, n\u00b01, 2005, 95 p.<\/li>\n<li>CUVIER G., <i>Histoire des sciences naturelles depuis leur origine chez tous les peuples connus<\/i>, Fortin, Masson et Cie,1843, 594 p.<\/li>\n<li>F. GEVREY, J. BOCH, J.-L. HAQUETTE, <i>\u00c9crire la nature au XVIII<\/i><sup><i>e<\/i><\/sup><i> si\u00e8cle: autour de l\u2019abb\u00e9 Pluche, <\/i>Presses Paris Sorbonne, Paris, 2006. 416 p.<\/li>\n<li>GIRARD<span style=\"color: #000000\"><span style=\"font-family: Arial,sans-serif\"><span style=\"font-size: medium\">, Maurice, PERON, F. , <i>naturaliste, voyageur en terres australes\u00a0: Sa vie, appr\u00e9ciation de ses travaux, analyse raisonn\u00e9e de ses recherches sur les animaux vert\u00e9br\u00e9s ou invert\u00e9br\u00e9s d&rsquo;apr\u00e8s sa collection d\u00e9pos\u00e9es au Mus\u00e9um d&rsquo;Histoire naturelle<\/i>, Paris, J.B Baill\u00e8re, 1857,<\/span><\/span><\/span><\/li>\n<li>MORNET D. , <i>Les sciences de la nature en France, au XVIII<\/i><sup><i>e <\/i><\/sup><i>si\u00e8cle,<\/i> Slatkine, Paris, 1911, 312 p.<\/li>\n<li>PLEE, <span style=\"color: #000000\"><span style=\"font-family: Arial,sans-serif\"><span style=\"font-size: medium\">Auguste, <i>1786-1825, un voyage naturaliste et ses tribulations aux Antilles, au Canada et en Colombie<\/i>, Paris, Ed. Carib\u00e9ennes, 1989, 218 p.<\/span><\/span><\/span><\/li>\n<li>SCHMITZ\u00a0 H. &amp; N.UDDENBERG, <i>Linn\u00e9 le r\u00eave de l&rsquo;ordre dans la nature<\/i>, Belin, Paris, 2007, 251 p.<\/li>\n<\/ul>\n<p><strong>Histoire de la diffusion scientifique<\/strong><\/p>\n<ul>\n<li><span style=\"font-family: Arial,sans-serif\"><span style=\"font-size: medium\">B. JURDANT, <i>Les probl\u00e8mes th\u00e9oriques de la vulgarisation scientifique<\/i>, Paris, Broch\u00e9, 2009, 205 p.<\/span><\/span><\/li>\n<\/ul>\n<ul>\n<li><span style=\"font-family: Arial,sans-serif\"><span style=\"font-size: medium\">O.TATIO, L.DAHEAU, <i>Le<\/i><i>s d\u00e9buts de la scolastique r\u00e9form\u00e9e, <\/i>Gen\u00e8ve, l vol. LXIII, 223 p.<\/span><\/span><\/li>\n<li>D. RAICHVARG, J. JACQUES, <i>Savants et ignorants, Une histoire de la vulgarisation des sciences<\/i>, Du Seuil, Paris, 1991, 390<\/li>\n<\/ul>\n<p align=\"JUSTIFY\"><strong>Histoire des savants<\/strong><\/p>\n<ul>\n<li><span style=\"color: #000000\"><span style=\"font-family: Arial,sans-serif\"><span style=\"font-size: medium\">BEAUREPAIRE, Pierre-Yves, <i>La plume et la toile:pouvoirs et r\u00e9seaux de correspondance dans l&rsquo;Europe des Lumi\u00e8res<\/i>, Arras, Artois presses universit\u00e9, 2002, 343 p.<\/span><\/span><\/span><\/li>\n<\/ul>\n<ul>\n<li><span style=\"color: #000000\"><span style=\"font-family: Arial,sans-serif\"><span style=\"font-size: medium\">ROCHE, D, \u00ab\u00a0L&rsquo;intellectuel au travail\u00a0\u00bb, dans <i>Annales ESC<\/i>, n\u00b0 37, ann\u00e9e 1982, p. 465-480<\/span><\/span><\/span><\/li>\n<\/ul>\n<p align=\"JUSTIFY\"><strong>Histoire des institutions scientifiques<\/strong><\/p>\n<ul>\n<li><strong><\/strong><span style=\"color: #000000\"><span style=\"font-family: Arial,sans-serif\"><span style=\"font-size: medium\">CHAPPEY, Jean-Luc, \u00ab\u00a0les soci\u00e9t\u00e9s savantes \u00e0 l&rsquo;\u00e9poque consulaire\u00a0\u00bb, A<i>nnales historiques de la R\u00e9volution fran\u00e7aise<\/i>, juillet 1997.<\/span><\/span><\/span><\/li>\n<\/ul>\n<p>&nbsp;<\/p>\n","protected":false},"excerpt":{"rendered":"<p>Histoire des sciences BEDEL, Charles, La curiosit\u00e9 scientifique au XVIIIe si\u00e8cle, Paris, Hermann, 1986, 617 p. COTARDIERE P. De La, Histoire des sciences de l&rsquo;Antiquit\u00e9 \u00e0 nos jours, Tallandier, Paris, 2004, 659 p. MAZAURIC S. , Histoire des sciences \u00e0 &hellip; <a href=\"https:\/\/blogs.univ-jfc.fr\/projetlaperouse\/bibliographie\/histoire-des-sciences-et-de-leducation\/\">Lire la suite <span class=\"meta-nav\">&rarr;<\/span><\/a><\/p>\n","protected":false},"author":19,"featured_media":4645,"parent":1701,"menu_order":3,"comment_status":"closed","ping_status":"open","template":"","meta":[],"_links":{"self":[{"href":"https:\/\/blogs.univ-jfc.fr\/projetlaperouse\/wp-json\/wp\/v2\/pages\/1708"}],"collection":[{"href":"https:\/\/blogs.univ-jfc.fr\/projetlaperouse\/wp-json\/wp\/v2\/pages"}],"about":[{"href":"https:\/\/blogs.univ-jfc.fr\/projetlaperouse\/wp-json\/wp\/v2\/types\/page"}],"author":[{"embeddable":true,"href":"https:\/\/blogs.univ-jfc.fr\/projetlaperouse\/wp-json\/wp\/v2\/users\/19"}],"replies":[{"embeddable":true,"href":"https:\/\/blogs.univ-jfc.fr\/projetlaperouse\/wp-json\/wp\/v2\/comments?post=1708"}],"version-history":[{"count":8,"href":"https:\/\/blogs.univ-jfc.fr\/projetlaperouse\/wp-json\/wp\/v2\/pages\/1708\/revisions"}],"predecessor-version":[{"id":4689,"href":"https:\/\/blogs.univ-jfc.fr\/projetlaperouse\/wp-json\/wp\/v2\/pages\/1708\/revisions\/4689"}],"up":[{"embeddable":true,"href":"https:\/\/blogs.univ-jfc.fr\/projetlaperouse\/wp-json\/wp\/v2\/pages\/1701"}],"wp:featuredmedia":[{"embeddable":true,"href":"https:\/\/blogs.univ-jfc.fr\/projetlaperouse\/wp-json\/wp\/v2\/media\/4645"}],"wp:attachment":[{"href":"https:\/\/blogs.univ-jfc.fr\/projetlaperouse\/wp-json\/wp\/v2\/media?parent=1708"}],"curies":[{"name":"wp","href":"https:\/\/api.w.org\/{rel}","templated":true}]}}