{"id":1710,"date":"2014-03-26T10:08:33","date_gmt":"2014-03-26T09:08:33","guid":{"rendered":"http:\/\/blogs.univ-jfc.fr\/projetlaperouse\/?page_id=1710"},"modified":"2014-06-16T10:10:51","modified_gmt":"2014-06-16T09:10:51","slug":"histoire-de-la-marine-et-des-expeditions-scientifiques","status":"publish","type":"page","link":"https:\/\/blogs.univ-jfc.fr\/projetlaperouse\/bibliographie\/histoire-de-la-marine-et-des-expeditions-scientifiques\/","title":{"rendered":"Histoire de la marine et des exp\u00e9ditions scientifiques"},"content":{"rendered":"<p>&nbsp;<\/p>\n<p><strong>Exp\u00e9ditions maritimes<\/strong><\/p>\n<ul>\n<li><span style=\"font-family: Arial,sans-serif\"><span style=\"font-size: medium\">A. PONS, <i>Lap\u00e9rouse<\/i>, Folio, Malesherbes, 2010, 302 p.<\/span><\/span><\/li>\n<\/ul>\n<ul>\n<li><span style=\"font-family: Arial,sans-serif\"><span style=\"font-size: medium\">J.COOK, <i>R<\/i><i>elations de voyage autour du monde<\/i>, La D\u00e9couvrance, Paris, 2005, 455 p.<\/span><\/span><\/li>\n<\/ul>\n<p><strong>\u00a0Histoire de la marine<\/strong><\/p>\n<ul>\n<li><span style=\"color: #000000\">Chabaud-Arnault Charles, novembre 1892, <\/span><span style=\"color: #000000\"><i>\u00c9tudes historiques sur la Marine militaire de France<\/i><\/span><span style=\"color: #000000\">, Revue maritime et coloniale, vol. 14 n<\/span><span style=\"color: #000000\"><sup>o<\/sup><\/span><span style=\"color: #000000\">\u00a06, p.\u00a0415-423<\/span><\/li>\n<li>H<i>istoire de l&rsquo;\u00e9cole navale et des institutions qui l&rsquo;ont pr\u00e9c\u00e9d\u00e9s, <\/i>Ed. Quantin, Paris,1889.<\/li>\n<li>\n<p style=\"text-align: justify\"><span style=\"color: #000000\"><span style=\"font-family: Arial,sans-serif\"><span style=\"font-size: medium\">R. Dull Jonathan , <\/span><\/span><\/span><cite><span style=\"color: #000000\"><span style=\"font-family: Arial,sans-serif\"><span style=\"font-size: medium\">La Guerre de Sept ans. Histoire navale, politique et diplomatique<\/span><\/span><\/span><\/cite><span style=\"color: #000000\"><span style=\"font-family: Arial,sans-serif\"><span style=\"font-size: medium\">, <\/span><\/span><\/span><span style=\"color: #000000\"><span style=\"font-family: Arial,sans-serif\"><span style=\"font-size: medium\">Paris, <\/span><\/span><\/span><span style=\"color: #000000\"><span style=\"font-family: Arial,sans-serif\"><span style=\"font-size: medium\">\u00c9d. Les Pers\u00e9ides, 2009, <\/span><\/span><\/span><span style=\"color: #000000\"><span style=\"font-family: Arial,sans-serif\"><span style=\"font-size: medium\">515 p.<\/span><\/span><\/span><\/p>\n<\/li>\n<li>\n<p style=\"text-align: justify\"><span style=\"color: #000000\"><span style=\"font-family: Arial,sans-serif\"><span style=\"font-size: medium\">Le Moing Guy, <\/span><\/span><\/span><cite><span style=\"color: #000000\"><span style=\"font-family: Arial,sans-serif\"><span style=\"font-size: medium\">La bataille des \u00ab\u00a0Cardinaux\u00a0\u00bb\u00a0: (20 novembre 1759)<\/span><\/span><\/span><\/cite><span style=\"color: #000000\"><span style=\"font-family: Arial,sans-serif\"><span style=\"font-size: medium\">, Paris, <\/span><\/span><\/span><span style=\"color: #000000\"><span style=\"font-family: Arial,sans-serif\"><span style=\"font-size: medium\">Ed. <\/span><\/span><\/span><span style=\"color: #000000\"><span style=\"font-family: Arial,sans-serif\"><span style=\"font-size: medium\">Economica, 2003, 180\u00a0p.<\/span><\/span><\/span><\/p>\n<\/li>\n<li>\n<p style=\"text-align: justify\">TJA Le Goff,<i> Les marines de guerre europ\u00e9ennes: XVIIe-XVIIIe si\u00e8cles<\/i>, presse de l&rsquo;universit\u00e9 de Paris-Sorbonne. 447 p.<\/p>\n<h2><span style=\"text-decoration: underline\"><br \/>\n<\/span><\/h2>\n<\/li>\n<\/ul>\n","protected":false},"excerpt":{"rendered":"<p>&nbsp; Exp\u00e9ditions maritimes A. PONS, Lap\u00e9rouse, Folio, Malesherbes, 2010, 302 p. J.COOK, Relations de voyage autour du monde, La D\u00e9couvrance, Paris, 2005, 455 p. \u00a0Histoire de la marine Chabaud-Arnault Charles, novembre 1892, \u00c9tudes historiques sur la Marine militaire de France, &hellip; <a href=\"https:\/\/blogs.univ-jfc.fr\/projetlaperouse\/bibliographie\/histoire-de-la-marine-et-des-expeditions-scientifiques\/\">Lire la suite <span class=\"meta-nav\">&rarr;<\/span><\/a><\/p>\n","protected":false},"author":19,"featured_media":4645,"parent":1701,"menu_order":4,"comment_status":"closed","ping_status":"open","template":"","meta":[],"_links":{"self":[{"href":"https:\/\/blogs.univ-jfc.fr\/projetlaperouse\/wp-json\/wp\/v2\/pages\/1710"}],"collection":[{"href":"https:\/\/blogs.univ-jfc.fr\/projetlaperouse\/wp-json\/wp\/v2\/pages"}],"about":[{"href":"https:\/\/blogs.univ-jfc.fr\/projetlaperouse\/wp-json\/wp\/v2\/types\/page"}],"author":[{"embeddable":true,"href":"https:\/\/blogs.univ-jfc.fr\/projetlaperouse\/wp-json\/wp\/v2\/users\/19"}],"replies":[{"embeddable":true,"href":"https:\/\/blogs.univ-jfc.fr\/projetlaperouse\/wp-json\/wp\/v2\/comments?post=1710"}],"version-history":[{"count":6,"href":"https:\/\/blogs.univ-jfc.fr\/projetlaperouse\/wp-json\/wp\/v2\/pages\/1710\/revisions"}],"predecessor-version":[{"id":4650,"href":"https:\/\/blogs.univ-jfc.fr\/projetlaperouse\/wp-json\/wp\/v2\/pages\/1710\/revisions\/4650"}],"up":[{"embeddable":true,"href":"https:\/\/blogs.univ-jfc.fr\/projetlaperouse\/wp-json\/wp\/v2\/pages\/1701"}],"wp:featuredmedia":[{"embeddable":true,"href":"https:\/\/blogs.univ-jfc.fr\/projetlaperouse\/wp-json\/wp\/v2\/media\/4645"}],"wp:attachment":[{"href":"https:\/\/blogs.univ-jfc.fr\/projetlaperouse\/wp-json\/wp\/v2\/media?parent=1710"}],"curies":[{"name":"wp","href":"https:\/\/api.w.org\/{rel}","templated":true}]}}