{"id":1712,"date":"2014-03-26T10:09:17","date_gmt":"2014-03-26T09:09:17","guid":{"rendered":"http:\/\/blogs.univ-jfc.fr\/projetlaperouse\/?page_id=1712"},"modified":"2014-06-16T10:11:15","modified_gmt":"2014-06-16T09:11:15","slug":"histoire-sociale","status":"publish","type":"page","link":"https:\/\/blogs.univ-jfc.fr\/projetlaperouse\/bibliographie\/histoire-sociale\/","title":{"rendered":"Histoire sociale"},"content":{"rendered":"<ul>\n<li>Chaussinand-Nogaret Guy<i> <\/i><i>La noblesse au XVIIIe si\u00e8cle: de la f\u00e9odalit\u00e9 aux Lumi\u00e8res,<\/i> Paris, Ed. Complexe, 1976, 240 p.<\/li>\n<li>\n<p align=\"JUSTIFY\"><span style=\"font-family: Times New Roman,serif\"><span style=\"font-size: medium\">Jean-Pierre Gutton, <i>La sociabilit\u00e9 villageoise dans la France de l&rsquo;Ancien R\u00e9gime<\/i>, Hachette litt\u00e9rature, 1992.<br \/>\n<\/span><\/span><\/p>\n<\/li>\n<\/ul>\n","protected":false},"excerpt":{"rendered":"<p>Chaussinand-Nogaret Guy La noblesse au XVIIIe si\u00e8cle: de la f\u00e9odalit\u00e9 aux Lumi\u00e8res, Paris, Ed. Complexe, 1976, 240 p. Jean-Pierre Gutton, La sociabilit\u00e9 villageoise dans la France de l&rsquo;Ancien R\u00e9gime, Hachette litt\u00e9rature, 1992.<\/p>\n","protected":false},"author":19,"featured_media":4645,"parent":1701,"menu_order":5,"comment_status":"closed","ping_status":"open","template":"","meta":[],"_links":{"self":[{"href":"https:\/\/blogs.univ-jfc.fr\/projetlaperouse\/wp-json\/wp\/v2\/pages\/1712"}],"collection":[{"href":"https:\/\/blogs.univ-jfc.fr\/projetlaperouse\/wp-json\/wp\/v2\/pages"}],"about":[{"href":"https:\/\/blogs.univ-jfc.fr\/projetlaperouse\/wp-json\/wp\/v2\/types\/page"}],"author":[{"embeddable":true,"href":"https:\/\/blogs.univ-jfc.fr\/projetlaperouse\/wp-json\/wp\/v2\/users\/19"}],"replies":[{"embeddable":true,"href":"https:\/\/blogs.univ-jfc.fr\/projetlaperouse\/wp-json\/wp\/v2\/comments?post=1712"}],"version-history":[{"count":4,"href":"https:\/\/blogs.univ-jfc.fr\/projetlaperouse\/wp-json\/wp\/v2\/pages\/1712\/revisions"}],"predecessor-version":[{"id":4651,"href":"https:\/\/blogs.univ-jfc.fr\/projetlaperouse\/wp-json\/wp\/v2\/pages\/1712\/revisions\/4651"}],"up":[{"embeddable":true,"href":"https:\/\/blogs.univ-jfc.fr\/projetlaperouse\/wp-json\/wp\/v2\/pages\/1701"}],"wp:featuredmedia":[{"embeddable":true,"href":"https:\/\/blogs.univ-jfc.fr\/projetlaperouse\/wp-json\/wp\/v2\/media\/4645"}],"wp:attachment":[{"href":"https:\/\/blogs.univ-jfc.fr\/projetlaperouse\/wp-json\/wp\/v2\/media?parent=1712"}],"curies":[{"name":"wp","href":"https:\/\/api.w.org\/{rel}","templated":true}]}}