{"id":1733,"date":"2014-03-26T10:36:50","date_gmt":"2014-03-26T09:36:50","guid":{"rendered":"http:\/\/blogs.univ-jfc.fr\/projetlaperouse\/?page_id=1733"},"modified":"2014-06-16T10:12:41","modified_gmt":"2014-06-16T09:12:41","slug":"histoire-de-laperouse","status":"publish","type":"page","link":"https:\/\/blogs.univ-jfc.fr\/projetlaperouse\/bibliographie\/histoire-de-laperouse\/","title":{"rendered":"Histoire de Lap\u00e9rouse"},"content":{"rendered":"<ul>\n<li style=\"text-align: justify\"><span style=\"font-size: medium\">A<\/span><span style=\"font-size: medium\">ssociation Salomon, <\/span><span style=\"font-size: medium\"><i>le myst\u00e8re de Lap\u00e9rouse ou le r\u00eave inachev\u00e9 d&rsquo;un roi<\/i><\/span><span style=\"font-size: medium\">, <\/span><span style=\"font-size: medium\">Paris<\/span><span style=\"font-size: medium\"> Ed. de Conti, 2008, 399 p.<\/span><\/li>\n<li style=\"text-align: justify\"><span style=\"font-family: Times New Roman,serif\"><span style=\"font-size: medium\">Barr\u00e8s Alain, <i>Lap\u00e9rouse et ses compagnons dans la baie d&rsquo;Hudson<\/i>, La D\u00e9couvrance, 2018.<br \/>\n<\/span><\/span><\/li>\n<li style=\"text-align: justify\"><span style=\"font-family: Times New Roman,serif\"><span style=\"font-size: medium\">B\u00c9RARD, Pierre, <i>Laperouse dans la Marine et les colonies du Roi :1756-1788<\/i>, 2004.<\/span><\/span><\/li>\n<li style=\"text-align: justify\"><span style=\"color: #000000\"><span style=\"font-family: Arial,sans-serif\"><span style=\"font-size: medium\">Dillon.<\/span><\/span><\/span><span style=\"color: #000000\"><span style=\"font-family: Arial,sans-serif\"><span style=\"font-size: medium\">P, <\/span><\/span><\/span><span style=\"color: #000000\"><span style=\"font-family: Arial,sans-serif\"><span style=\"font-size: medium\"><i>\u00e0<\/i><\/span><\/span><\/span><span style=\"color: #000000\"><span style=\"font-family: Arial,sans-serif\"><span style=\"font-size: medium\"><i> la recherche de Lap\u00e9rouse, <\/i><\/span><\/span><\/span><span style=\"color: #000000\"><span style=\"font-family: Arial,sans-serif\"><span style=\"font-size: medium\">Paris,<\/span><\/span><\/span><span style=\"color: #000000\"><span style=\"font-family: Arial,sans-serif\"><span style=\"font-size: medium\">E<\/span><\/span><\/span><span style=\"color: #000000\"><span style=\"font-family: Arial,sans-serif\"><span style=\"font-size: medium\">d. p<\/span><\/span><\/span><span style=\"color: #000000\"><span style=\"font-family: Arial,sans-serif\"><span style=\"font-size: medium\">arole d&rsquo;image, <\/span><\/span><\/span><span style=\"color: #000000\"><span style=\"font-family: Arial,sans-serif\"><span style=\"font-size: medium\"> 2005, <\/span><\/span><\/span><span style=\"color: #000000\"><span style=\"font-family: Arial,sans-serif\"><span style=\"font-size: medium\">320 p.<\/span><\/span><\/span><\/li>\n<li style=\"text-align: justify\"><span style=\"font-family: Times New Roman,serif\"><span style=\"font-size: medium\">Dunmore, John, <i>La P\u00e9rouse, Explorateur du Pacifique<\/i>, Paris, Payot, 1986.<\/span><\/span><\/li>\n<li style=\"text-align: justify\"><span style=\"font-family: Times New Roman,serif\"><span style=\"font-size: medium\">Dunmore, John, <i>La Vie de La P\u00e9rouse : L&rsquo;appel d&rsquo;un destin<\/i>, Toulouse, Privat, 2006.<\/span><\/span><\/li>\n<li style=\"text-align: justify\"><span style=\"color: #000000\"><span style=\"font-family: Arial,sans-serif\"><span style=\"font-size: medium\">Dunmore John , <\/span><\/span><\/span><cite><span style=\"color: #000000\"><span style=\"font-family: Arial,sans-serif\"><span style=\"font-size: medium\">La Vie de La P\u00e9rouse\u00a0: L&rsquo;appel d&rsquo;un destin<\/span><\/span><\/span><\/cite><span style=\"color: #000000\"><span style=\"font-family: Arial,sans-serif\"><span style=\"font-size: medium\">, Toulouse, <\/span><\/span><\/span><span style=\"color: #000000\"><span style=\"font-family: Arial,sans-serif\"><span style=\"font-size: medium\">Ed. <\/span><\/span><\/span><span style=\"color: #000000\"><span style=\"font-family: Arial,sans-serif\"><span style=\"font-size: medium\">Privat, 2006, <\/span><\/span><\/span><span style=\"color: #000000\"><span style=\"font-family: Arial,sans-serif\"><span style=\"font-size: medium\">429 p.<\/span><\/span><\/span><\/li>\n<li style=\"text-align: justify\"><span style=\"font-family: Times New Roman,serif\"><span style=\"font-size: medium\">Faivre Jean-Paul. Fleuriot de Langle, <i>La tragique exp\u00e9dition de Lap\u00e9rouse et Langle. , Journal de la Soci\u00e9t\u00e9 des oc\u00e9anistes<\/i>, 1954, vol. 10, n\u00b0 10, pp. 220-222.<\/span><\/span><\/li>\n<li style=\"text-align: justify\">Fernoli Julia, <i>La P\u00e9rouse, voyage autour du monde,<\/i> Paris, Thalassa Collection, Ed. de Conti, 2005, 127 p.<\/li>\n<li style=\"text-align: justify\"><span style=\"font-family: Times New Roman,serif\"><span style=\"font-size: medium\">Pons <\/span><\/span><span style=\"font-family: Arial,sans-serif\"><span style=\"font-size: medium\">A. , <i>Lap\u00e9rouse<\/i>, Folio, Malesherbes, 2010, 302 p.<\/span><\/span><\/li>\n<li style=\"text-align: justify\"><span style=\"font-family: Arial,sans-serif\"><span style=\"font-size: medium\">Galaup de La P\u00e9rouse, J.-Fr., <i>Voyage autour du monde sur l\u2019Astrolabe et la Boussole <\/i><i>(1785-1788)<\/i><i>, <\/i>Paris<i>, <\/i>La D\u00e9couverte, 2012.<\/span><\/span><\/li>\n<li style=\"text-align: justify\">Jacob Yves, <cite>L\u2019\u00e9nigme Lap\u00e9rouse<\/cite>, Paris, Ed. Tallandier, 2004, 300 p.<a name=\"rso\"><\/a><\/li>\n<li style=\"text-align: justify\"><span style=\"color: #000000\"><span style=\"font-family: Arial,sans-serif\"><span style=\"font-size: medium\">L<\/span><\/span><\/span><span style=\"color: #000000\"><span style=\"font-family: Arial,sans-serif\"><span style=\"font-size: medium\">e Brun Dominique, <\/span><\/span><\/span><span style=\"color: #000000\"><span style=\"font-family: Arial,sans-serif\"><span style=\"font-size: medium\"><i>La mal\u00e9diction La P\u00e9rouse (1785-2008) sur les traces d&rsquo;une exp\u00e9dition tragique<\/i><\/span><\/span><\/span><span style=\"color: #000000\"><span style=\"font-family: Arial,sans-serif\"><span style=\"font-size: medium\">, Paris, <\/span><\/span><\/span><span style=\"color: #000000\"><span style=\"font-family: Arial,sans-serif\"><span style=\"font-size: medium\">E<\/span><\/span><\/span><span style=\"color: #000000\"><span style=\"font-family: Arial,sans-serif\"><span style=\"font-size: medium\">d. Omnibus, <\/span><\/span><\/span><span style=\"color: #000000\"><span style=\"font-family: Arial,sans-serif\"><span style=\"font-size: medium\">2012, <\/span><\/span><\/span><span style=\"font-family: Arial,sans-serif\"><span style=\"font-size: medium\">1 132 p.<\/span><\/span><\/li>\n<li style=\"text-align: justify\"><span style=\"font-family: Times New Roman,serif\"><span style=\"font-size: medium\">Meissner, Hans-Otto, <i>La P\u00e9rouse, le gentilhomme des mers<\/i>, Paris, Perrin, 2004.<\/span><\/span><\/li>\n<li style=\"text-align: justify\"><span style=\"color: #000000\"><span style=\"font-family: Arial,sans-serif\">Pons Anne, septembre 2010, <\/span><\/span><cite><span style=\"color: #000000\"><span style=\"font-family: Arial,sans-serif\">Lap\u00e9rouse<\/span><\/span><\/cite><span style=\"color: #000000\"><span style=\"font-family: Arial,sans-serif\">, <\/span><\/span><a href=\"http:\/\/fr.wikipedia.org\/wiki\/Gallimard\"><span style=\"color: #000000\"><span style=\"font-family: Arial,sans-serif\">Gallimard<\/span><\/span><\/a><span style=\"color: #000000\"><span style=\"font-family: Arial,sans-serif\">, coll.<\/span><\/span><span style=\"color: #000000\"><span style=\"font-family: Arial,sans-serif\"><i> Folio Biographie<\/i><\/span><\/span><span style=\"color: #000000\"><span style=\"font-family: Arial,sans-serif\"> (n<\/span><\/span><span style=\"color: #000000\"><sup><span style=\"font-family: Arial,sans-serif\">o<\/span><\/sup><\/span><span style=\"color: #000000\"><span style=\"font-family: Arial,sans-serif\">\u00a073).<\/span><\/span><\/li>\n<li style=\"text-align: justify\"><span style=\"font-size: medium\">Taillemite <\/span><span style=\"font-size: medium\">\u00c9tienne<\/span><span style=\"font-size: medium\">, juin 2000, <\/span><cite><span style=\"font-size: medium\"><i>Lap<\/i><\/span><\/cite><cite><\/cite><cite><span style=\"font-size: medium\"><i>\u00e9rouse : un explorateur dans le Pacifique<\/i><\/span><\/cite><span style=\"font-size: medium\">, <\/span><span style=\"font-size: medium\"><i>L&rsquo;Histoire, hors-s\u00e9rie<\/i><\/span><span style=\"font-size: medium\">, n<\/span><sup><span style=\"font-size: medium\">\u00b0 <\/span><\/sup><span style=\"font-size: medium\">8.\u00a0<\/span><\/li>\n<\/ul>\n","protected":false},"excerpt":{"rendered":"<p>Association Salomon, le myst\u00e8re de Lap\u00e9rouse ou le r\u00eave inachev\u00e9 d&rsquo;un roi, Paris Ed. de Conti, 2008, 399 p. Barr\u00e8s Alain, Lap\u00e9rouse et ses compagnons dans la baie d&rsquo;Hudson, La D\u00e9couvrance, 2018. B\u00c9RARD, Pierre, Laperouse dans la Marine et les &hellip; <a href=\"https:\/\/blogs.univ-jfc.fr\/projetlaperouse\/bibliographie\/histoire-de-laperouse\/\">Lire la suite <span class=\"meta-nav\">&rarr;<\/span><\/a><\/p>\n","protected":false},"author":19,"featured_media":4645,"parent":1701,"menu_order":8,"comment_status":"closed","ping_status":"open","template":"","meta":[],"_links":{"self":[{"href":"https:\/\/blogs.univ-jfc.fr\/projetlaperouse\/wp-json\/wp\/v2\/pages\/1733"}],"collection":[{"href":"https:\/\/blogs.univ-jfc.fr\/projetlaperouse\/wp-json\/wp\/v2\/pages"}],"about":[{"href":"https:\/\/blogs.univ-jfc.fr\/projetlaperouse\/wp-json\/wp\/v2\/types\/page"}],"author":[{"embeddable":true,"href":"https:\/\/blogs.univ-jfc.fr\/projetlaperouse\/wp-json\/wp\/v2\/users\/19"}],"replies":[{"embeddable":true,"href":"https:\/\/blogs.univ-jfc.fr\/projetlaperouse\/wp-json\/wp\/v2\/comments?post=1733"}],"version-history":[{"count":8,"href":"https:\/\/blogs.univ-jfc.fr\/projetlaperouse\/wp-json\/wp\/v2\/pages\/1733\/revisions"}],"predecessor-version":[{"id":4655,"href":"https:\/\/blogs.univ-jfc.fr\/projetlaperouse\/wp-json\/wp\/v2\/pages\/1733\/revisions\/4655"}],"up":[{"embeddable":true,"href":"https:\/\/blogs.univ-jfc.fr\/projetlaperouse\/wp-json\/wp\/v2\/pages\/1701"}],"wp:featuredmedia":[{"embeddable":true,"href":"https:\/\/blogs.univ-jfc.fr\/projetlaperouse\/wp-json\/wp\/v2\/media\/4645"}],"wp:attachment":[{"href":"https:\/\/blogs.univ-jfc.fr\/projetlaperouse\/wp-json\/wp\/v2\/media?parent=1733"}],"curies":[{"name":"wp","href":"https:\/\/api.w.org\/{rel}","templated":true}]}}