{"id":18,"date":"2013-06-11T07:40:35","date_gmt":"2013-06-11T06:40:35","guid":{"rendered":"http:\/\/blogs.univ-jfc.fr\/projetlaperouse\/?page_id=18"},"modified":"2014-06-15T08:57:23","modified_gmt":"2014-06-15T07:57:23","slug":"la-mer-au-siecles-des-lumieres","status":"publish","type":"page","link":"https:\/\/blogs.univ-jfc.fr\/projetlaperouse\/la-mer-au-siecles-des-lumieres\/","title":{"rendered":"La mer au si\u00e8cles des Lumi\u00e8res"},"content":{"rendered":"<p align=\"JUSTIFY\"><span style=\"font-family: Arial, sans-serif\">\u00a0 \u00a0 \u00a0 Pourquoi le Roi Louis XVI envoie-t-il Lap\u00e9rouse en exp\u00e9dition sur des mers inconnues pour terminer le voyage de Cook, ennemi anglais\u00a0?<\/span><\/p>\n<p align=\"JUSTIFY\"><span style=\"font-family: Arial, sans-serif\">\u00a0 \u00a0 Le XVIII\u00e8me si\u00e8cle, si\u00e8cle des Lumi\u00e8res, de la r\u00e9flexion, de la philosophie et du raisonnement est aussi un si\u00e8cle de conflits et de guerres. <a title=\"Les rivalit\u00e9s europ\u00e9ennes\" href=\"http:\/\/blogs.univ-jfc.fr\/projetlaperouse\/la-mer-au-siecles-des-lumieres\/les-rivalites-europeennes\/\" target=\"_blank\">Les rivalit\u00e9s europ\u00e9ennes<\/a> viennent interf\u00e9rer et se retrouvent sur chaque continent. Au m\u00eame moment, <a title=\"L\u2019\u00e9conomie maritime\" href=\"http:\/\/blogs.univ-jfc.fr\/projetlaperouse\/la-mer-au-siecles-des-lumieres\/leconomie-maritime\/\" target=\"_blank\">l&rsquo;\u00e9conomie maritime<\/a> connait un \u00e9lan en Europe et dans l&rsquo;ensemble du monde. Cook et Lap\u00e9rouse participent aux rivalit\u00e9s entre puissances. La mort brutale du premier et la disparition du second rappellent aux Hommes que les oc\u00e9ans engloutissent les ambitions. Toutefois, <a title=\"Un nouveau regard ?\" href=\"http:\/\/blogs.univ-jfc.fr\/projetlaperouse\/la-mer-au-siecles-des-lumieres\/un-nouveau-regard\/\" target=\"_blank\">le regard que portent les Europ\u00e9ens sur la mer<\/a> se transforme progressivement. Du XVIIIe au XXe si\u00e8cle son image finit par s&rsquo;apaiser. Au del\u00e0 de ces \u00e9v\u00e9nements guerriers et \u00e9conomiques, l&rsquo;histoire culturelle nous explique ce lent basculement.<\/span><\/p>\n","protected":false},"excerpt":{"rendered":"<p>\u00a0 \u00a0 \u00a0 Pourquoi le Roi Louis XVI envoie-t-il Lap\u00e9rouse en exp\u00e9dition sur des mers inconnues pour terminer le voyage de Cook, ennemi anglais\u00a0? \u00a0 \u00a0 Le XVIII\u00e8me si\u00e8cle, si\u00e8cle des Lumi\u00e8res, de la r\u00e9flexion, de la philosophie et du &hellip; <a href=\"https:\/\/blogs.univ-jfc.fr\/projetlaperouse\/la-mer-au-siecles-des-lumieres\/\">Lire la suite <span class=\"meta-nav\">&rarr;<\/span><\/a><\/p>\n","protected":false},"author":15,"featured_media":435,"parent":0,"menu_order":2,"comment_status":"closed","ping_status":"closed","template":"sidebar-page.php","meta":[],"_links":{"self":[{"href":"https:\/\/blogs.univ-jfc.fr\/projetlaperouse\/wp-json\/wp\/v2\/pages\/18"}],"collection":[{"href":"https:\/\/blogs.univ-jfc.fr\/projetlaperouse\/wp-json\/wp\/v2\/pages"}],"about":[{"href":"https:\/\/blogs.univ-jfc.fr\/projetlaperouse\/wp-json\/wp\/v2\/types\/page"}],"author":[{"embeddable":true,"href":"https:\/\/blogs.univ-jfc.fr\/projetlaperouse\/wp-json\/wp\/v2\/users\/15"}],"replies":[{"embeddable":true,"href":"https:\/\/blogs.univ-jfc.fr\/projetlaperouse\/wp-json\/wp\/v2\/comments?post=18"}],"version-history":[{"count":16,"href":"https:\/\/blogs.univ-jfc.fr\/projetlaperouse\/wp-json\/wp\/v2\/pages\/18\/revisions"}],"predecessor-version":[{"id":4618,"href":"https:\/\/blogs.univ-jfc.fr\/projetlaperouse\/wp-json\/wp\/v2\/pages\/18\/revisions\/4618"}],"wp:featuredmedia":[{"embeddable":true,"href":"https:\/\/blogs.univ-jfc.fr\/projetlaperouse\/wp-json\/wp\/v2\/media\/435"}],"wp:attachment":[{"href":"https:\/\/blogs.univ-jfc.fr\/projetlaperouse\/wp-json\/wp\/v2\/media?parent=18"}],"curies":[{"name":"wp","href":"https:\/\/api.w.org\/{rel}","templated":true}]}}