{"id":180,"date":"2013-06-12T07:14:23","date_gmt":"2013-06-12T06:14:23","guid":{"rendered":"http:\/\/blogs.univ-jfc.fr\/projetlaperouse\/?page_id=180"},"modified":"2014-05-25T09:18:46","modified_gmt":"2014-05-25T08:18:46","slug":"bougainville-et-cook","status":"publish","type":"page","link":"https:\/\/blogs.univ-jfc.fr\/projetlaperouse\/la-decouverte-du-pacifique\/bougainville-et-cook\/","title":{"rendered":"Bougainville et Cook"},"content":{"rendered":"<div id=\"attachment_894\" style=\"width: 262px\" class=\"wp-caption alignright\"><a href=\"http:\/\/blogs.univ-jfc.fr\/projetlaperouse\/wp-content\/uploads\/sites\/9\/2013\/06\/boug.jpg\"><img aria-describedby=\"caption-attachment-894\" loading=\"lazy\" class=\"wp-image-894       \" title=\"Louis-Antoine de Bougainville\" alt=\"\" src=\"http:\/\/blogs.univ-jfc.fr\/projetlaperouse\/wp-content\/uploads\/sites\/9\/2013\/06\/boug.jpg\" width=\"252\" height=\"377\" \/><\/a><p id=\"caption-attachment-894\" class=\"wp-caption-text\">Portrait de Louis-Antoine de Bougainville, huile sur toile, \u00e9cole fran\u00e7aise du XVIII\u00e8me si\u00e8cle.<\/p><\/div>\n<p align=\"justify\"><span style=\"color: #000000\">\u00a0<\/span> <span style=\"color: #000000\"><span style=\"font-family: Arial,sans-serif\"><span style=\"font-size: medium\">Au lendemain de la guerre de Sept Ans (1756-1763), la France, vaincue, cherche \u00e0 prouver qu&rsquo;elle reste une grande puissance. N&rsquo;ayant encore jamais accompli officiellement de tour du monde, elle charge le capitaine de vaisseau Louis-Antoine de Bougainville de ce voyage qui doit lui permettre de conserver son statut dans le concert des nations. Pour ce faire, ce p\u00e9riple re\u00e7ut des <a title=\"Les objectifs du voyage de Bougainville\" href=\"http:\/\/blogs.univ-jfc.fr\/projetlaperouse\/la-decouverte-du-pacifique\/bougainville-et-cook\/les-objectifs-du-voyage-de-bougainville\/\">objectifs<\/a> diplomatiques, \u00e9conomiques et scientifiques. <\/span><\/span><\/span><\/p>\n<p align=\"justify\"><span style=\"color: #000000\">En 1766, Bougainville quitte Nantes \u00e0 bord de <em>la Boudeuse<\/em>, charg\u00e9 du premier tour du monde fran\u00e7ais. <a title=\"Le voyage de Bougainville\" href=\"http:\/\/blogs.univ-jfc.fr\/projetlaperouse\/la-decouverte-du-pacifique\/bougainville-et-cook\/le-voyage-de-bougainville\/\">Son voyage<\/a> dure\u00a0 trois ans. Apr\u00e8s avoir parcouru l&rsquo;Atlantique et \u00eatre pass\u00e9 par le d\u00e9troit de Magellan, <em>la Boudeuse<\/em> a travers\u00e9 le Pacifique d&rsquo;Est en Ouest, avant de passer le Cap de Bonne-Esp\u00e9rance et de revenir en France, ramenant des avanc\u00e9es pour la France mais aussi des d\u00e9ceptions.<\/span><\/p>\n<p align=\"justify\"><span style=\"color: #000000\">La circumnavigation de Bougainville a eu un <a title=\"Les cons\u00e9quences du voyage de Bougainville\" href=\"http:\/\/blogs.univ-jfc.fr\/projetlaperouse\/la-decouverte-du-pacifique\/bougainville-et-cook\/les-consequences-du-voyage-de-bougainville\/\">grand impact<\/a> sur les id\u00e9ologies de son \u00e9poque. Il a en effet ramen\u00e9 avec lui une vision paradisiaque du lointain et confort\u00e9 par son r\u00e9cit le mythe du bon sauvage qui influencera les philosophes des Lumi\u00e8res. Avec son voyage, il se pr\u00e9sente comme l\u2019un des pr\u00e9curseurs du voyage de Lap\u00e9rouse.<span style=\"font-family: Arial,sans-serif\"><span style=\"font-size: medium\"><br \/>\n<\/span><\/span><\/span><\/p>\n<dl class=\"wp-caption alignleft\" id=\"attachment_860\" style=\"width: 267px\">\n<dt class=\"wp-caption-dt\"><span style=\"color: #000000\"><a href=\"http:\/\/blogs.univ-jfc.fr\/projetlaperouse\/wp-content\/uploads\/sites\/9\/2013\/06\/james-cook2.jpg\"><span style=\"color: #000000\"><img loading=\"lazy\" class=\" wp-image-860      \" title=\"James Cook\" alt=\"\" src=\"http:\/\/blogs.univ-jfc.fr\/projetlaperouse\/wp-content\/uploads\/sites\/9\/2013\/06\/james-cook2.jpg\" width=\"257\" height=\"323\" \/><\/span><\/a><\/span><\/dt>\n<dd class=\"wp-caption-dd\">Portrait de James Cook, par Nathaniel Dance-Holland, c. 1775, National Maritime Museum, Greenwich.<\/dd>\n<\/dl>\n<p align=\"justify\"><span style=\"font-family: Arial,sans-serif\">James Cook, explorateur anglais de la fin du Si\u00e8cle des Lumi\u00e8res, pr\u00e9d\u00e9cesseur de Jean-Fran\u00e7ois Galaup de Lap\u00e9rouse dans l&rsquo;exploration du Pacifique, est respect\u00e9 et admir\u00e9 tant par ses contemporains nationaux que par leurs voisins europ\u00e9ens. La qualit\u00e9 de ses cartes et de ses observations tant ethnologiques que scientifiques, ainsi que les progr\u00e8s techniques et sanitaires r\u00e9alis\u00e9s au cours de ses voyages, r\u00e9volutionneront l&rsquo;\u00e9tat des connaissances de l&rsquo;\u00e9poque, en particulier dans la navigation. Ainsi Lap\u00e9rouse \u00e9crivit\u00a0: \u00ab On n&rsquo;oubliera pas cependant que nos ennemis avaient en mer <em>La D\u00e9couverte<\/em> et <em>la R\u00e9solution<\/em>, et que le capitaine Cook, travaillant \u00e0 l&rsquo;agrandissement des connaissances humaines, devait \u00eatre l&rsquo;ami de toutes les nations de l&rsquo;Europe\u00bb(1). C&rsquo;est pourquoi il est indispensable de se pencher sur l&rsquo;\u00e9tat des <a title=\"Les britanniques et le Pacifique\" href=\"http:\/\/blogs.univ-jfc.fr\/projetlaperouse\/la-decouverte-du-pacifique\/bougainville-et-cook\/les-britanniques-et-le-pacifique\/\">explorations maritimes avant les parcours de Cook<\/a>, sur ce que furent les <a title=\"Les exp\u00e9ditions de Cook\" href=\"http:\/\/blogs.univ-jfc.fr\/projetlaperouse\/la-decouverte-du-pacifique\/bougainville-et-cook\/les-expeditions-de-cook\/\">objectifs et les r\u00e9sultats<\/a> de ces fameuses exp\u00e9ditions dans le Pacifique, et enfin de <a title=\"La derni\u00e8re aventure\" href=\"http:\/\/blogs.univ-jfc.fr\/projetlaperouse\/la-decouverte-du-pacifique\/bougainville-et-cook\/la-derniere-aventure\/\">sa mort tragique <\/a>qui contribua beaucoup au mythe Cook.<br \/>\n<\/span><\/p>\n<p align=\"justify\"><span style=\"font-family: Times New Roman,serif\"><span style=\"font-family: Arial,sans-serif\"><span style=\"font-size: medium\">\u00a0<\/span><\/span><\/span><\/p>\n<div id=\"sdfootnote1\">\n<p><a href=\"#sdfootnote1anc\" name=\"sdfootnote1sym\">(1)<\/a>. Jean-Francois de Lap\u00e9rouse, <i>Voyage autour de du monde sur l&rsquo;Astrolabe et la Boussole,\u00a0<\/i> Paris, Ed. La D\u00e9couverte, 2005, p. 26.<\/p>\n<\/div>\n","protected":false},"excerpt":{"rendered":"<p>\u00a0 Au lendemain de la guerre de Sept Ans (1756-1763), la France, vaincue, cherche \u00e0 prouver qu&rsquo;elle reste une grande puissance. N&rsquo;ayant encore jamais accompli officiellement de tour du monde, elle charge le capitaine de vaisseau Louis-Antoine de Bougainville de &hellip; <a href=\"https:\/\/blogs.univ-jfc.fr\/projetlaperouse\/la-decouverte-du-pacifique\/bougainville-et-cook\/\">Lire la suite <span class=\"meta-nav\">&rarr;<\/span><\/a><\/p>\n","protected":false},"author":15,"featured_media":326,"parent":21,"menu_order":2,"comment_status":"closed","ping_status":"open","template":"sidebar-page.php","meta":[],"_links":{"self":[{"href":"https:\/\/blogs.univ-jfc.fr\/projetlaperouse\/wp-json\/wp\/v2\/pages\/180"}],"collection":[{"href":"https:\/\/blogs.univ-jfc.fr\/projetlaperouse\/wp-json\/wp\/v2\/pages"}],"about":[{"href":"https:\/\/blogs.univ-jfc.fr\/projetlaperouse\/wp-json\/wp\/v2\/types\/page"}],"author":[{"embeddable":true,"href":"https:\/\/blogs.univ-jfc.fr\/projetlaperouse\/wp-json\/wp\/v2\/users\/15"}],"replies":[{"embeddable":true,"href":"https:\/\/blogs.univ-jfc.fr\/projetlaperouse\/wp-json\/wp\/v2\/comments?post=180"}],"version-history":[{"count":81,"href":"https:\/\/blogs.univ-jfc.fr\/projetlaperouse\/wp-json\/wp\/v2\/pages\/180\/revisions"}],"predecessor-version":[{"id":4505,"href":"https:\/\/blogs.univ-jfc.fr\/projetlaperouse\/wp-json\/wp\/v2\/pages\/180\/revisions\/4505"}],"up":[{"embeddable":true,"href":"https:\/\/blogs.univ-jfc.fr\/projetlaperouse\/wp-json\/wp\/v2\/pages\/21"}],"wp:featuredmedia":[{"embeddable":true,"href":"https:\/\/blogs.univ-jfc.fr\/projetlaperouse\/wp-json\/wp\/v2\/media\/326"}],"wp:attachment":[{"href":"https:\/\/blogs.univ-jfc.fr\/projetlaperouse\/wp-json\/wp\/v2\/media?parent=180"}],"curies":[{"name":"wp","href":"https:\/\/api.w.org\/{rel}","templated":true}]}}