{"id":1829,"date":"2014-03-26T12:22:12","date_gmt":"2014-03-26T11:22:12","guid":{"rendered":"http:\/\/blogs.univ-jfc.fr\/projetlaperouse\/?page_id=1829"},"modified":"2014-06-15T09:04:10","modified_gmt":"2014-06-15T08:04:10","slug":"les-rivalites-coloniales-europeennes","status":"publish","type":"page","link":"https:\/\/blogs.univ-jfc.fr\/projetlaperouse\/la-mer-au-siecles-des-lumieres\/les-rivalites-europeennes\/les-rivalites-coloniales-europeennes\/","title":{"rendered":"La concurrence coloniale"},"content":{"rendered":"<h2><strong><span style=\"font-family: Arial, sans-serif\">\u00a0<\/span><\/strong>La rivalit\u00e9 franco-anglaise<\/h2>\n<p style=\"text-align: justify\"><span style=\"font-family: Arial, sans-serif\"><span style=\"font-size: medium\"><span style=\"color: #000000\">En 1715, <\/span><span style=\"color: #000000\">\u00e0 la mort de Louis XIV,\u00a0<\/span><span style=\"color: #000000\">l&rsquo;armada<\/span><span style=\"color: #000000\"> fran\u00e7aise ne compte qu&rsquo;une cinquantaine de b\u00e2timents <\/span><span style=\"color: #000000\">obsol\u00e8tes, incapables<\/span><span style=\"color: #000000\"> de fournir un effort de guerre prolong\u00e9 <\/span><span style=\"color: #000000\">face \u00e0 des fr\u00e9gates <\/span><span style=\"color: #000000\">A<\/span><span style=\"color: #000000\">nglaises surpuissantes. <\/span><span style=\"color: #000000\">Cela dit, <\/span><span style=\"color: #000000\">la France <\/span><span style=\"color: #000000\">est une<\/span><span style=\"color: #000000\"> force terrestre m\u00e9tropolitaine. <\/span><span style=\"color: #000000\">A l&rsquo;aube du XVIII<\/span><span style=\"color: #000000\"><sup>e<\/sup><\/span><span style=\"color: #000000\"> si\u00e8cle, la France et le Royaume-Uni <\/span><span style=\"color: #000000\">sont<\/span><span style=\"color: #000000\"> les puissances dominantes de L&rsquo;Europe. <\/span><span style=\"color: #000000\">Les deux bellig\u00e9rants m\u00e8nent deux doctrines navales diff\u00e9rentes<\/span><span style=\"color: #000000\">\u00a0:<\/span><a title=\"Les britanniques et le Pacifique avant Cook\" href=\"http:\/\/blogs.univ-jfc.fr\/projetlaperouse\/la-decouverte-du-pacifique\/bougainville-et-cook\/les-britanniques-et-le-pacifique\/\" target=\"_blank\"><span style=\"color: #000000\"> l<\/span><\/a><span style=\"color: #000000\"><a title=\"Les britanniques et le Pacifique avant Cook\" href=\"http:\/\/blogs.univ-jfc.fr\/projetlaperouse\/la-decouverte-du-pacifique\/bougainville-et-cook\/les-britanniques-et-le-pacifique\/\" target=\"_blank\">&lsquo;Angleterre pr\u00f4ne l&rsquo;expansion de sa flotte<\/a> alors qu<\/span><span style=\"color: #000000\">&lsquo;a<\/span><span style=\"color: #000000\">vec deux puissances militaires terrestres voisines, l&rsquo;Espagne et l&rsquo;Autriche, la France n&rsquo;est pas en mesure de d\u00e9velopper sa politique navale <\/span><span style=\"color: #000000\"><a href=\"#sdfootnote1sym\" name=\"sdfootnote1anc\"><sup>1<\/sup><\/a>.<\/span><\/span><\/span><\/p>\n<p style=\"text-align: justify\" align=\"JUSTIFY\"><span style=\"font-family: Arial, sans-serif\"><span style=\"font-size: medium\"><span style=\"color: #000000\">La flotte Anglaise peut compter sur un commandement centralis\u00e9 : l&rsquo;amiraut\u00e9 ainsi que des \u00e9quipages bien entra\u00een\u00e9s o\u00f9 les officiers sont recrut\u00e9s d\u00e8s l&rsquo;\u00e2ge de dix ans et o\u00f9 la promotion se fait au m\u00e9rite. Tandis que du c\u00f4t\u00e9 fran\u00e7ais la plupart des <a title=\"Les officiers au XVIIIe si\u00e8cle\" href=\"http:\/\/blogs.univ-jfc.fr\/projetlaperouse\/naviguer-au-xviiie-siecle\/officiers-et-matelots-2\/les-officiers-au-xviiie-siecle\/\" target=\"_blank\">officiers<\/a> n&rsquo;ont suivi qu&rsquo;une instruction th\u00e9orique. Un intendant <\/span><span style=\"color: #000000\">fran\u00e7ais,<\/span><span style=\"color: #000000\"> Maurepas\u00a0<\/span><span style=\"color: #000000\">\u00e9toffe<\/span><span style=\"color: #000000\">\u00a0la marine royale, augmente<\/span><span style=\"color: #000000\">\u00a0le budget naval <\/span><span style=\"color: #000000\">et<\/span><span style=\"color: #000000\"> envoie<\/span><span style=\"color: #000000\">\u00a0de nombreux espions en Grande-Bretagne et en Hollande afin d<\/span><span style=\"color: #000000\">e s&rsquo;accaparer <\/span><span style=\"color: #000000\">les techniques de fabrications <\/span><span style=\"color: #000000\">\u00e9trang\u00e8res<\/span><span style=\"color: #000000\">. Cette r\u00e9volution silencieuse se f<\/span><span style=\"color: #000000\">ait\u00a0<\/span><span style=\"color: #000000\">secr\u00e8tement<\/span><span style=\"color: #000000\"> et \u00e0 l&rsquo;insu de l\u2019Angleterre. Cette renaissance navale <\/span><span style=\"color: #000000\">permet<\/span><span style=\"color: #000000\"> \u00e0 la France durant les \u00e9v\u00e9nements de la guerre de succession <\/span><span style=\"color: #000000\">d&rsquo;<\/span><span style=\"color: #000000\"> Autriche de 1740 \u00e0 1748 de tenir en \u00e9chec et parfois m\u00eame de vaincre une royal navy d\u00e9pass\u00e9e technique<\/span><span style=\"color: #000000\">ment <\/span><span style=\"color: #000000\"><a href=\"#sdfootnote2sym\" name=\"sdfootnote2anc\"><sup>2<\/sup><\/a>.<\/span><\/span><\/span><\/p>\n<p align=\"JUSTIFY\"><span style=\"color: #000000\"><span style=\"font-family: Arial,sans-serif\"><span style=\"font-size: medium\">Mais l&rsquo;\u00e9viction de Maurepas en 1749 change la donne, m\u00eame si ses successeurs conservent\u00a0une politique de modernisation et d&rsquo;entretien de la flotte, les Anglais s\u2019inspirent du mod\u00e8le des b\u00e2timents de ligne fran\u00e7ais pour agrandir leur flotte. En 1754, si la France compte pr\u00e8s de cent navires, la flotte anglaise peut aligner deux cent cinquante b\u00e2timents de tout types <a href=\"#sdfootnote3sym\" name=\"sdfootnote3anc\"><span style=\"color: #000000\"><sup>3<\/sup><\/span><\/a>. Sur cette image datant de 1756, la flotte Anglaise est impressionnante.\u00a0<\/span><\/span><span style=\"font-family: Arial,sans-serif\"><span style=\"font-size: medium\">La guerre de Sept Ans qui se d\u00e9roule de 1755 \u00e0 1763 va \u00eatre un v\u00e9ritable d\u00e9sastre pour la France, les batailles de Lagos au large du Portugal et des cardinaux en Bretagne en 1759 mettent en pi\u00e8ce la marine fran\u00e7aise et donnent le contr\u00f4le des mers \u00e0 la royal navy. <\/span><\/span><\/span><\/p>\n<div id=\"attachment_1943\" style=\"width: 778px\" class=\"wp-caption alignnone\"><a href=\"http:\/\/blogs.univ-jfc.fr\/projetlaperouse\/wp-content\/uploads\/sites\/9\/2014\/03\/combat-france-angleterre.jpg\"><img aria-describedby=\"caption-attachment-1943\" loading=\"lazy\" class=\"size-full wp-image-1943\" alt=\"Combat Naval dans la mer Mediterann\u00e9e gagn\u00e9 par l'Arm\u00e9e naval de France aux ordres de M. le Marquis de la Gallisonni\u00e8res sur celle d'Angleterre command\u00e9e par l'amiral Bink, le 20 may 1756 : [estampe]\" src=\"http:\/\/blogs.univ-jfc.fr\/projetlaperouse\/wp-content\/uploads\/sites\/9\/2014\/03\/combat-france-angleterre.jpg\" width=\"768\" height=\"504\" \/><\/a><p id=\"caption-attachment-1943\" class=\"wp-caption-text\">Combat Naval dans la mer M\u00e9diterran\u00e9e gagn\u00e9 par l&rsquo;Arm\u00e9e naval de France aux ordres de M. le Marquis de la Gallisonni\u00e8res sur celle d&rsquo;Angleterre command\u00e9e par l&rsquo;amiral Bink, le 20 may 1756 : [estampe]<\/p><\/div>\n<p align=\"JUSTIFY\"><span style=\"color: #000000\">Les\u00a0<\/span><span style=\"color: #000000\">A<\/span><span style=\"color: #000000\">nglais \u00e9crase<\/span><span style=\"color: #000000\">nt<\/span><span style=\"color: #000000\"> la r\u00e9sistance <\/span><span style=\"color: #000000\">f<\/span><span style=\"color: #000000\">ran\u00e7aise au Canada. La guerre <\/span><span style=\"color: #000000\">S<\/span><span style=\"color: #000000\">ept <\/span><span style=\"color: #000000\">A<\/span><span style=\"color: #000000\">ns se solde par la <\/span><span style=\"color: #000000\">d\u00e9clin<\/span><span style=\"color: #000000\"> du premier empire colonial fran\u00e7ais <\/span><span style=\"color: #000000\">lors du<\/span><span style=\"color: #000000\"> trait\u00e9 de <\/span><span style=\"color: #000000\">P<\/span><span style=\"color: #000000\">aris en 1763 et par l&rsquo;affirmation de l&rsquo;Angleterre en tant que premi\u00e8re puissance mondiale <a href=\"#sdfootnote4sym\" name=\"sdfootnote4anc\"><sup>4<\/sup><\/a>.<\/span><\/p>\n<h2>L&rsquo;Espagne et le Portugal, deux vieux empires inertes<\/h2>\n<p align=\"JUSTIFY\"><span style=\"font-family: Arial, sans-serif;color: #000000\">\u00a0En 1700, l&rsquo;Espagne est sur le d\u00e9clin\u00a0: la puissante arm\u00e9e hispanique est devenue obsol\u00e8te, sa flotte est d\u00e9pass\u00e9e en nombre par celle des Fran\u00e7ais, des Anglais et m\u00eame des Hollandais. Son \u00e9conomie se rel\u00e8ve p\u00e9niblement des crises qu\u2019elle traverse du fait de l\u2019endettement de la monarchie et de la faillite des mines d&rsquo;or des colonies durant le XVIIe. Le tr\u00f4ne de Charles II revient par testament \u00e0 Philippe d&rsquo;Anjou en 1701 et la guerre de succession d&rsquo;Espagne qui s&rsquo;ensuit affaiblit le royaume consid\u00e9rablement. Les convois espagnols en Atlantique souffrent alors de la piraterie dans les Cara\u00efbes pendant une quinzaine d&rsquo;ann\u00e9e et le roi Philippe V d\u00e9cide de redonner un regain d&rsquo;\u00e9nergie \u00e0 sa flotte d\u00e9sorganis\u00e9e en construisant de nouveaux b\u00e2timents plus modernes <a href=\"#sdfootnote1sym\" name=\"sdfootnote1anc\"><span style=\"color: #000000\"><sup>5<\/sup><\/span><\/a>.<\/span><\/p>\n<p align=\"JUSTIFY\"><span style=\"font-family: Arial, sans-serif;color: #000000\"> Il devient difficile par la suite pour l&rsquo;Espagne de prot\u00e9ger ses colonies et ses transactions commerciales en Atlantique tout en fournissant un appui important \u00e0 leurs alli\u00e9s fran\u00e7ais face \u00e0 la puissante \u00ab\u00a0royal navy\u00a0\u00bb. De plus, le Portugal, \u00e9ternel rival, tente de prendre le pas sur l&rsquo;Espagne en Am\u00e9rique du Sud mais cette puissance est aussi en d\u00e9clin\u00a0: les attaques anglaises et n\u00e9erlandaises subies au XVIIe\u00a0si\u00e8cle ont affaiblit la puissance Portugaise et de sa flotte ne subsistent que des b\u00e2timents solides juste assez nombreux pour d\u00e9fendre le Br\u00e9sil et les comptoirs en Inde. Les conqu\u00eates ib\u00e9riques ne sont plus d&rsquo;actualit\u00e9, sachant que l&rsquo;essor des Fran\u00e7ais et des Anglais risque de masquer toute autre puissance rivale dans ce si\u00e8cle de domination maritime. <\/span><\/p>\n<p align=\"JUSTIFY\"><span style=\"font-family: Arial, sans-serif;color: #000000\"> C&rsquo;est ce pourquoi l&rsquo;Espagne et le Portugal concentrent leurs forces sur la d\u00e9fense de leurs territoires longuement et durement acquis afin de prosp\u00e9rer sans risquer de nouvelles pertes. Une politique de colonisation tout autre de celle du XVIIIe\u00a0si\u00e8cle permettra au Portugal de redevenir une puissance d&rsquo;importance au XIXe\u00a0si\u00e8cle.<\/span><\/p>\n<div id=\"sdfootnote1\">\n<p align=\"JUSTIFY\"><span style=\"color: #000000\"><strong><span style=\"font-family: Arial, sans-serif\">Le d\u00e9clin progressif de la Hollande<\/span><\/strong><\/span><\/p>\n<div id=\"attachment_1944\" style=\"width: 664px\" class=\"wp-caption alignnone\"><a href=\"http:\/\/blogs.univ-jfc.fr\/projetlaperouse\/wp-content\/uploads\/sites\/9\/2014\/03\/La-hollande.jpg\"><img aria-describedby=\"caption-attachment-1944\" loading=\"lazy\" class=\"size-full wp-image-1944\" alt=\"Map of the Republic of the Seven United Netherlands Drawn by Joannes Janssonius, Published in Amsterdam\" src=\"http:\/\/blogs.univ-jfc.fr\/projetlaperouse\/wp-content\/uploads\/sites\/9\/2014\/03\/La-hollande.jpg\" width=\"654\" height=\"542\" \/><\/a><p id=\"caption-attachment-1944\" class=\"wp-caption-text\">Map of the Republic of the Seven United Netherlands<br \/>Drawn by Joannes Janssonius, Amsterdam<\/p><\/div>\n<p style=\"text-align: justify\" align=\"JUSTIFY\"><span style=\"color: #000000\">La Hollande est depuis le XVI<\/span><span style=\"color: #000000\">e<\/span><span style=\"color: #000000\"> si\u00e8cle une puissance europ\u00e9enne ind\u00e9pendante, en croissance, et passe au XVIII<\/span><span style=\"color: #000000\">e<\/span><span style=\"color: #000000\"> au premier plan parmi les puissances europ\u00e9ennes. Elle base son \u00e9conomie sur un commerce prosp\u00e8re depuis la Renaissance et profite d&rsquo;une forte puissance maritime afin de le conserver. <\/span><span style=\"color: #000000\">En mati\u00e8re de colonisation, la Hollande montre une politique tout \u00e0 fait pacifique, n\u00e9gociant le plus souvent possible en Inde un statut de protectorat des comptoirs commerciaux. Les seigneurs locaux restent souverains de leurs terres tout en marchandant intensivement avec les Provinces-Unies. Une autorit\u00e9 militaire hollandaise n&rsquo;est donc pas obligatoirement requise. Ce commerce florissant et la s\u00e9r\u00e9nit\u00e9 des colonies hollandaises depuis longtemps acquises en Inde pousse Fran\u00e7ais et Anglais \u00e0 revendiquer les richesses bataves.<\/span><\/p>\n<p style=\"text-align: justify\" align=\"JUSTIFY\"><span style=\"font-family: Arial, sans-serif;color: #000000\"> La supr\u00e9matie des Hollandais sur mer leur permet de farouchement lutter pendant les guerres anglo-n\u00e9erlandaises et la guerre de D\u00e9volution mais l&rsquo;inf\u00e9riorit\u00e9 des troupes terrestre des Provinces-Unies face \u00e0 la France d\u00e9voile leur point faible. C&rsquo;est cette crainte de la France qui pousse Guillaume III d&rsquo;Orange \u00e0 une alliance avec les Britanniques. A sa mort en 1702 la Hollande est affaiblie par des crises au sein du commerce mais sauve d&rsquo;une quelconque conqu\u00eate fran\u00e7aise. Cependant la Hollande est sous l&rsquo;\u00e9gide anglaise et donc \u00e0 sa merci. Les r\u00e9gents aristocratiques succ\u00e9dant \u00e0 Guillaume III ordonnent une isolation de la Hollande dans les affaires \u00e9trang\u00e8res afin de se couper de la tutelle anglaise et de reconstruire son \u00e9conomie. Cette prudence va permettre \u00e0 la Hollande d&rsquo;\u00e9chapper aux guerres meurtri\u00e8res de succession d\u2019Autriche et de Sept Ans. Elle conserve son empire jusqu&rsquo;au XX<sup>e <\/sup>si\u00e8cle <a href=\"#sdfootnote1sym\" name=\"sdfootnote1anc\"><span style=\"color: #000000\"><sup>6<\/sup><\/span><\/a>.<\/span><\/p>\n<p style=\"text-align: justify\" align=\"JUSTIFY\"><span style=\"font-family: Arial, sans-serif;color: #000000\"> Guillaume IV qui succ\u00e8de en 1747 aux r\u00e9gents reconstitue une arm\u00e9e et une flotte afin de mieux contrer les menaces ext\u00e9rieures. Au cours des guerres de succession d&rsquo;Autriche et de Sept Ans, la Hollande qui reste autant que possible ext\u00e9rieure aux conflits, c\u00e8de aux exigences anglaises et permet aux troupes britanniques de d\u00e9barquer sur son territoire.<\/span><\/p>\n<p style=\"text-align: justify\" align=\"JUSTIFY\"><span style=\"font-family: Arial, sans-serif;color: #000000\"> En 1780, la r\u00e9volution batave men\u00e9e par la bourgeoisie empreinte de la philosophie des Lumi\u00e8res, d\u00e9poss\u00e8de la lign\u00e9e des Oranges du tr\u00f4ne de Hollande. Rapidement la r\u00e9publique Batave est proclam\u00e9e, mais en 1787 les forces anglo-prussiennes \u00e9crasent l&rsquo;arm\u00e9e r\u00e9publicaine largement inf\u00e9rieure en nombre et r\u00e9installent Guillaume V \u00e0 la t\u00eate de l\u2019\u00c9tat. La Hollande a donc perdu toute ind\u00e9pendance et se trouve entre les influences anglaises et fran\u00e7aises \u00e0 la fin du XVIII<sup>e<\/sup> si\u00e8cle.<\/span><\/p>\n<p style=\"text-align: justify\" align=\"JUSTIFY\"><a title=\"II \u2013 Les colonies sur le nouveau continent\" href=\"http:\/\/blogs.univ-jfc.fr\/projetlaperouse\/la-mer-au-siecles-des-lumieres\/les-rivalites-europeennes\/les-colonies-sur-le-nouveau-continent\/\">Les colonies sur le nouveau continent<\/a><\/p>\n<div id=\"sdfootnote1\">\n<p><a href=\"#sdfootnote1anc\" name=\"sdfootnote1sym\">1<\/a>\u00a0H.E Jenkins<i>, Histoire de la marine fran\u00e7aise<\/i>, Paris, Albin Michel, 2004, p. 18-24.<\/p>\n<\/div>\n<div id=\"sdfootnote2\">\n<p><a href=\"#sdfootnote2anc\" name=\"sdfootnote2sym\">2<\/a>\u00a0H.E Jenkins<i>, Histoire de la marine fran\u00e7aise<\/i>, Paris, Albin Michel, 2004, p. 36-38.<\/p>\n<\/div>\n<div id=\"sdfootnote3\">\n<p><a href=\"#sdfootnote3anc\" name=\"sdfootnote3sym\">3 <\/a>Lucien B\u00e9ly,<i> Les relations internationales en Europe VII-XVIIIe<\/i><i>\u00a0<\/i><i>si\u00e8cles<\/i>, Paris, Th\u00e9mis, 1991, p.65-78.<\/p>\n<\/div>\n<div id=\"sdfootnote4\">\n<p><a href=\"#sdfootnote4anc\" name=\"sdfootnote4sym\">4 <\/a>Jeremy Black, <i>La guerre au XVIIIe\u00a0si\u00e8cle, collection Atlas des guerres,<\/i> Paris<i>,<\/i> Autrement, 1999, p. 150-172.<\/p>\n<p><a href=\"#sdfootnote1anc\" name=\"sdfootnote1sym\">5<\/a>\u00a0Lucien B\u00e9ly,\u00a0<i>Les relations internationales en Europe VII-XVIIIe<\/i><i>\u00a0<\/i><i>si\u00e8cles<\/i>, Paris, Th\u00e9mis, 1991, p. 167-184.<\/p>\n<p><a href=\"#sdfootnote1anc\" name=\"sdfootnote1sym\">6<\/a>\u00a0Lucien B\u00e9ly,\u00a0<i>Les relations internationales en Europe VII-XVIIIe<\/i><i>\u00a0<\/i><i>si\u00e8cles<\/i>, Paris, Th\u00e9mis, 1991, p. 444-467.<\/p>\n<\/div>\n<div id=\"sdfootnote1\">\n<p align=\"JUSTIFY\"><span style=\"font-size: small\">\u00a0<\/span><\/p>\n<\/div>\n<\/div>\n","protected":false},"excerpt":{"rendered":"<p>\u00a0La rivalit\u00e9 franco-anglaise En 1715, \u00e0 la mort de Louis XIV,\u00a0l&rsquo;armada fran\u00e7aise ne compte qu&rsquo;une cinquantaine de b\u00e2timents obsol\u00e8tes, incapables de fournir un effort de guerre prolong\u00e9 face \u00e0 des fr\u00e9gates Anglaises surpuissantes. Cela dit, la France est une force &hellip; <a href=\"https:\/\/blogs.univ-jfc.fr\/projetlaperouse\/la-mer-au-siecles-des-lumieres\/les-rivalites-europeennes\/les-rivalites-coloniales-europeennes\/\">Lire la suite <span class=\"meta-nav\">&rarr;<\/span><\/a><\/p>\n","protected":false},"author":53,"featured_media":0,"parent":254,"menu_order":2,"comment_status":"closed","ping_status":"open","template":"sidebar-page.php","meta":[],"_links":{"self":[{"href":"https:\/\/blogs.univ-jfc.fr\/projetlaperouse\/wp-json\/wp\/v2\/pages\/1829"}],"collection":[{"href":"https:\/\/blogs.univ-jfc.fr\/projetlaperouse\/wp-json\/wp\/v2\/pages"}],"about":[{"href":"https:\/\/blogs.univ-jfc.fr\/projetlaperouse\/wp-json\/wp\/v2\/types\/page"}],"author":[{"embeddable":true,"href":"https:\/\/blogs.univ-jfc.fr\/projetlaperouse\/wp-json\/wp\/v2\/users\/53"}],"replies":[{"embeddable":true,"href":"https:\/\/blogs.univ-jfc.fr\/projetlaperouse\/wp-json\/wp\/v2\/comments?post=1829"}],"version-history":[{"count":34,"href":"https:\/\/blogs.univ-jfc.fr\/projetlaperouse\/wp-json\/wp\/v2\/pages\/1829\/revisions"}],"predecessor-version":[{"id":4622,"href":"https:\/\/blogs.univ-jfc.fr\/projetlaperouse\/wp-json\/wp\/v2\/pages\/1829\/revisions\/4622"}],"up":[{"embeddable":true,"href":"https:\/\/blogs.univ-jfc.fr\/projetlaperouse\/wp-json\/wp\/v2\/pages\/254"}],"wp:attachment":[{"href":"https:\/\/blogs.univ-jfc.fr\/projetlaperouse\/wp-json\/wp\/v2\/media?parent=1829"}],"curies":[{"name":"wp","href":"https:\/\/api.w.org\/{rel}","templated":true}]}}