{"id":1832,"date":"2014-03-26T11:59:15","date_gmt":"2014-03-26T10:59:15","guid":{"rendered":"http:\/\/blogs.univ-jfc.fr\/projetlaperouse\/?page_id=1832"},"modified":"2014-04-21T12:45:30","modified_gmt":"2014-04-21T11:45:30","slug":"iii-source-dinspiration-du-xixe-siecle","status":"publish","type":"page","link":"https:\/\/blogs.univ-jfc.fr\/projetlaperouse\/la-mer-au-siecles-des-lumieres\/un-nouveau-regard\/iii-source-dinspiration-du-xixe-siecle\/","title":{"rendered":"Une muse apais\u00e9e"},"content":{"rendered":"<p align=\"JUSTIFY\"><span style=\"color: #000000\"><span style=\"font-family: Arial,sans-serif\">Le XIXe si\u00e8cle, avec la naissance du Romantisme, est un nouveau tournant concernant les repr\u00e9sentations de la mer. Pour les artistes, cela devient un lieu de th\u00e9\u00e2tre o\u00f9 se lient les trag\u00e9dies et les l\u00e9gendes.<\/span><\/span><\/p>\n<p align=\"JUSTIFY\"><span style=\"font-family: Arial, sans-serif\">Au d\u00e9but du XIXe si\u00e8cle, les Romantiques comme Charles Baudelaire<a href=\"#sdfootnote1sym\" name=\"sdfootnote1anc\"><sup>1<\/sup><\/a> associent la mer \u00e0 la femme car elle est myst\u00e9rieuse et fascinante, mais aussi et surtout, parce qu&rsquo;elle peut rendre l&rsquo;homme fou. Comme les temp\u00eates et les naufrages, elle est dangereuse.<\/span><\/p>\n<p style=\"text-align: center\" align=\"JUSTIFY\">Homme libre, toujours tu ch\u00e9riras la mer !<br \/>\nLa mer est ton miroir ; tu contemples ton \u00e2me<br \/>\nDans le d\u00e9roulement infini de sa lame,<br \/>\nEt ton esprit n&rsquo;est pas un gouffre moins amer.<\/p>\n<p style=\"text-align: center\">Tu te plais \u00e0 plonger au sein de ton image ;<br \/>\nTu l&#8217;embrasses des yeux et des bras, et ton coeur<br \/>\nSe distrait quelquefois de sa propre rumeur<br \/>\nAu bruit de cette plainte indomptable et sauvage.<\/p>\n<p style=\"text-align: center\">Vous \u00eates tous les deux t\u00e9n\u00e9breux et discrets :<br \/>\nHomme, nul n&rsquo;a sond\u00e9 le fond de tes ab\u00eemes ;<br \/>\n\u00d4 mer, nul ne conna\u00eet tes richesses intimes,<br \/>\nTant vous \u00eates jaloux de garder vos secrets !<\/p>\n<p style=\"text-align: center\">Et cependant voil\u00e0 des si\u00e8cles innombrables<br \/>\nQue vous vous combattez sans piti\u00e9 ni remord,<br \/>\nTellement vous aimez le carnage et la mort,<br \/>\n\u00d4 lutteurs \u00e9ternels, \u00f4 fr\u00e8res implacables !<\/p>\n<p style=\"text-align: center\" align=\"JUSTIFY\">Charles Baudelaire, extrait du recueil<em> Les Fleurs du Mal<\/em>, \u00ab\u00a0L&rsquo;homme et la mer\u00a0\u00bb (1857), p44, Petits classiques Larousse<\/p>\n<p align=\"JUSTIFY\"><span style=\"font-family: Arial, sans-serif\">Dans le po\u00e8me, \u00ab\u00a0<\/span><span style=\"font-family: Arial, sans-serif\"><i>L&rsquo;homme et la mer\u00a0\u00bb<\/i><\/span><sup><span style=\"font-family: Arial, sans-serif\"><i><a href=\"#sdfootnote2sym\" name=\"sdfootnote2anc\"><sup>2<\/sup><\/a> <\/i><\/span><\/sup><span style=\"font-family: Arial, sans-serif\">de Charles Baudelaire, le po\u00e8te fait une personnification de la mer en une femme. Il compare, \u00e9galement, la mer \u00e0 l&rsquo;homme, en montrant que tout deux m\u00e8nent un combat sanglant depuis des si\u00e8cles. Dans son po\u00e8me, il utilise la mer pour montrer l&rsquo;autodestruction de l&rsquo;Homme. La mer est un th\u00e8me r\u00e9current au XIXe si\u00e8cle, car elle inqui\u00e8te, fascine et nourrit l&rsquo;imagination des Romantiques. <\/span><span style=\"color: #000000\"><span style=\"font-family: Arial, sans-serif\">C&rsquo;est donc l&rsquo;\u00e9l\u00e9ment important des Romantiques pour exprimer diff\u00e9rents sentiments\u00a0: l&rsquo;amour, le d\u00e9sespoir, le d\u00e9sir de libert\u00e9 et le chagrin d&rsquo;amour. Comme l&rsquo;Homme, la mer est inconstante et changeante.<\/span><\/span><\/p>\n<p style=\"text-align: center\">Je ne sais pourquoi<br \/>\nMon esprit amer<br \/>\nD\u2019une aile inqui\u00e8te et folle vole sur la mer.<br \/>\nTout ce qui m\u2019est cher,<br \/>\nD\u2019une aile d\u2019effroi<br \/>\nMon amour le couve au ras des flots. Pourquoi, pourquoi ?<\/p>\n<p style=\"text-align: center\">Mouette \u00e0 l\u2019essor m\u00e9lancolique,<br \/>\nElle suit la vague, ma pens\u00e9e,<br \/>\n\u00c0 tous les vents du ciel balanc\u00e9e,<br \/>\nEt biaisant quand la mar\u00e9e oblique,<br \/>\nMouette \u00e0 l\u2019essor m\u00e9lancolique.<\/p>\n<p style=\"text-align: center\">Ivre de soleil<br \/>\nEt de libert\u00e9,<br \/>\nUn instinct la guide \u00e0 travers cette immensit\u00e9.<br \/>\nLa brise d\u2019\u00e9t\u00e9<br \/>\nSur le flot vermeil<br \/>\nDoucement la porte en un ti\u00e8de demi-sommeil.<\/p>\n<p style=\"text-align: center\">Parfois si tristement elle crie<br \/>\nQu\u2019elle alarme au loin le pilote,<br \/>\nPuis au gr\u00e9 du vent se livre et flotte<br \/>\nEt plonge, et l\u2019aile toute meurtrie<br \/>\nRevole, et puis si tristement crie !<\/p>\n<p style=\"text-align: center\">Je ne sais pourquoi<br \/>\nMon esprit amer<br \/>\nD\u2019une aile inqui\u00e8te et folle vole sur la mer.<br \/>\nTout ce qui m\u2019est cher,<br \/>\nD\u2019une aile d\u2019effroi<br \/>\nMon amour le couve au ras des flots. Pourquoi, pourquoi ?<\/p>\n<p style=\"text-align: center\">Paul Verlaine, <em>Sagesse, <\/em>\u00ab\u00a0Je ne sais pourquoi\u00a0\u00bb<em> (1881)<\/em><\/p>\n<p align=\"JUSTIFY\"><span style=\"color: #000000\"><span style=\"font-family: Arial, sans-serif\">De nombreux peintres vont principalement se centrer sur les mouvements et col\u00e8res des flots, ainsi que sur les paysages qui composent la mer.<\/span><\/span><\/p>\n<p align=\"JUSTIFY\"><a href=\"http:\/\/blogs.univ-jfc.fr\/projetlaperouse\/wp-content\/uploads\/sites\/9\/2014\/03\/eug-delacroix.jpg\"><img loading=\"lazy\" class=\"alignnone  wp-image-3094\" title=\"Le Naufrage de Don Juan ou La Barque, Eug\u00e8ne Delacroix, 1840, Mus\u00e9e du Louvre. (1.35 m x 1.96 m, http:\/\/www.louvre.fr\/)\" alt=\"\" src=\"http:\/\/blogs.univ-jfc.fr\/projetlaperouse\/wp-content\/uploads\/sites\/9\/2014\/03\/eug-delacroix.jpg\" width=\"1030\" height=\"746\" \/><\/a><\/p>\n<p style=\"text-align: center\" align=\"JUSTIFY\">Quand Don Juan descendit vers l&rsquo;onde souterraine<br \/>\nEt lorsqu&rsquo;il eut donn\u00e9 son obole \u00e0 Charon,<br \/>\nUn sombre mendiant, l&rsquo;oeil fier comme Antisth\u00e8ne,<br \/>\nD&rsquo;un bras vengeur et fort saisit chaque aviron.<\/p>\n<p style=\"text-align: center\">Montrant leurs seins pendants et leurs robes ouvertes,<br \/>\nDes femmes se tordaient sous le noir firmament,<br \/>\nEt, comme un grand troupeau de victimes offertes,<br \/>\nDerri\u00e8re lui tra\u00eenaient un long mugissement.<\/p>\n<p style=\"text-align: center\">Sganarelle en riant lui r\u00e9clamait ses gages,<br \/>\nTandis que Don Luis avec un doigt tremblant<br \/>\nMontrait \u00e0 tous les morts errant sur les rivages<br \/>\nLe fils audacieux qui railla son front blanc.<\/p>\n<p style=\"text-align: center\">Frissonnant sous son deuil, la chaste et maigre Elvire,<br \/>\nPr\u00e8s de l&rsquo;\u00e9poux perfide et qui fut son amant,<br \/>\nSemblait lui r\u00e9clamer un supr\u00eame sourire<br \/>\nO\u00f9 brill\u00e2t la douceur de son premier serment.<\/p>\n<p style=\"text-align: center\">Tout droit dans son armure, un grand homme de pierre<br \/>\nSe tenait \u00e0 la barre et coupait le flot noir,<br \/>\nMais le calme h\u00e9ros, courb\u00e9 sur sa rapi\u00e8re,<br \/>\nRegardait le sillage et ne daignait rien voir.<\/p>\n<p style=\"text-align: center\">Charles Baudelaire, issu du recueil <em>Les Fleurs du Mal<\/em>, \u00ab\u00a0Don Juan aux Enfers\u00a0\u00bb (1861), p45, Petits classiques Larousse<\/p>\n<p align=\"JUSTIFY\"><span style=\"color: #000000\"><span style=\"font-size: medium\"><span style=\"font-family: Arial, sans-serif\">Ce tableau s&rsquo;intitulant<\/span><span style=\"font-family: Arial, sans-serif\"><i> \u00ab\u00a0Le Naufrage de Don Juan\u00a0\u00bb<\/i><\/span><span style=\"font-family: Arial, sans-serif\"> d&rsquo;Eug\u00e8ne Delacroix<a href=\"#sdfootnote1sym\" name=\"sdfootnote1anc\"><sup>1<\/sup><\/a>, fait partie du courant des Romantiques. Cette repr\u00e9sentation a \u00e9t\u00e9 inspir\u00e9 de <\/span><span style=\"font-family: Arial, sans-serif\"><i>\u00ab\u00a0Don Juan\u00a0\u00bb<a href=\"#sdfootnote2sym\" name=\"sdfootnote2anc\"><sup>2<\/sup><\/a><\/i><\/span><span style=\"font-family: Arial, sans-serif\"> de Lord Byron<a href=\"#sdfootnote3sym\" name=\"sdfootnote3anc\"><sup>3<\/sup><\/a>, qui est un long po\u00e8me de 17 chants inachev\u00e9s (1819-1824). A travers, cette \u0153uvre, le po\u00e8te montre un homme command\u00e9 (manipul\u00e9) par les femmes, ce qui fait r\u00e9f\u00e9rence \u00e0 la manipulation de la mer envers l&rsquo;\u00eatre humain. \u00ab\u00a0<\/span><span style=\"font-family: Arial, sans-serif\">Le Naufrage de Don Juan\u00a0\u00bb, est \u00e9galement en lien avec le po\u00e8me <\/span><span style=\"font-family: Arial, sans-serif\"><i>\u00ab\u00a0Don Juan aux Enfers\u00a0\u00bb<a href=\"#sdfootnote4sym\" name=\"sdfootnote4anc\"><sup>4<\/sup><\/a><\/i><\/span><span style=\"font-family: Arial, sans-serif\"> issu du recueil <\/span><span style=\"font-family: Arial, sans-serif\"><i>Les Fleurs du Mal <\/i><\/span><span style=\"font-family: Arial, sans-serif\">de Charles Baudelaire.<\/span><span style=\"font-family: Arial, sans-serif\"> Dans ce po\u00e8me, avec l&rsquo;adjectif \u00ab\u00a0mugissement\u00a0\u00bb, Baudelaire montre des femmes animales comme peut l\u2019\u00eatre la mer dans ses mouvements (f\u00e9roce, sauvage, ..). C&rsquo;est un \u00e9l\u00e9ment qui s&rsquo;impose \u00e0 l&rsquo;homme comme peut le faire les femmes.<\/span><\/span><\/span><\/p>\n<p align=\"JUSTIFY\"><span style=\"color: #000000\"><span style=\"font-size: small\"><span style=\"font-family: Arial, sans-serif\"><span style=\"font-size: medium\">Le tableau d&rsquo;Eug\u00e8ne Delacroix repr\u00e9sente la sc\u00e8ne du naufrage (Chant II)<a href=\"#sdfootnote1sym\" name=\"sdfootnote1anc\"><sup>1<\/sup><\/a>. Rien qu&rsquo;en lisant le titre du tableau, nous pouvons voir une sc\u00e8ne d&rsquo;horreur. Le mot \u00ab\u00a0naufrage\u00a0\u00bb fait r\u00e9f\u00e9rence \u00e0 la<\/span><\/span><span style=\"font-family: Arial, sans-serif\"><span style=\"font-size: medium\"> mort.<\/span><\/span><span style=\"font-family: Arial, sans-serif\"><span style=\"font-size: medium\"> La mer est un lieu de souffrance o\u00f9 l&rsquo;\u00eatre humain peut p\u00e9rir. En ce qui concerne, la repr\u00e9sentation de la barque perdue au milieu des flots cela montre bien que la mer est un lieu d\u00e9pourvu de toute pr\u00e9sence humaine. C&rsquo;est un endroit qui donne une impression d&rsquo;infinit\u00e9 absolue. Cette confrontation e<\/span><\/span><span style=\"font-family: Arial, sans-serif\"><span style=\"font-size: medium\">ntre l&rsquo;homme et l&rsquo;horizon provoque des questionnement chez l&rsquo;\u00eatre humain sur la distance entre l&rsquo;infini et la mort. A partir de l\u00e0, une certaine angoisse peut donc se faire ressentir chez les acteurs du naufrage. Cependant, d\u00fb fait qu&rsquo;elle soit calme, la mer para\u00eet plus humaine. Certains naufrag\u00e9s ont r\u00e9ussi \u00e0 \u00e9chapp\u00e9 \u00e0 la mort. Quant \u00e0 la couleur de l&rsquo;eau, elle est atypique. En peignant une mer sombre, avec des teintes de marron, noir ou gris, Delacroix nous r\u00e9v\u00e8le l&rsquo;interpr\u00e9tation que s&rsquo;en faisait la soci\u00e9t\u00e9 du XIXe si\u00e8cle. Cette toile, nous\u00a0 montre qu&rsquo;\u00e0 cette \u00e9poque cette repr\u00e9sentation n&rsquo;\u00e9tait pas idyllique. La mer n&rsquo;\u00e9tait pas vue comme un endroit de paradis, comme nous pouvons nous la repr\u00e9senter \u00e0 notre \u00e9poque.<\/span><\/span><\/span><\/span><\/p>\n<p align=\"JUSTIFY\"><span style=\"color: #000000\"><span style=\"font-family: Times New Roman, serif\"><span style=\"font-size: small\"><span style=\"font-family: Arial, sans-serif\"><span style=\"font-size: medium\">De nombreux autres artistes, se sont lanc\u00e9s dans ce courant romantique. Joseph Mallord William Turner<a href=\"#sdfootnote2sym\" name=\"sdfootnote2anc\"><sup>2<\/sup><\/a> peut par exemple \u00eatre cit\u00e9, avec son c\u00e9l\u00e8bre tableau <\/span><\/span><span style=\"font-family: Arial, sans-serif\"><span style=\"font-size: medium\"><i>\u00ab\u00a0The Shipwreck\u00a0\u00bb<a href=\"#sdfootnote3sym\" name=\"sdfootnote3anc\"><sup>3<\/sup><\/a><\/i><\/span><\/span><span style=\"font-family: Arial, sans-serif\"><span style=\"font-size: medium\"> (<\/span><\/span><span style=\"font-family: Arial, sans-serif\"><span style=\"font-size: medium\"><i>\u00ab\u00a0Le naufrage\u00a0\u00bb<\/i><\/span><\/span><span style=\"font-family: Arial, sans-serif\"><span style=\"font-size: medium\"> en fran\u00e7ais). Dans ce tableau, il exprime le dramatique de l&rsquo;oc\u00e9an, la lib\u00e9ration d&rsquo;\u00e9nergie que ce dernier produit. Il montre l&rsquo;inf\u00e9riorit\u00e9 de l&rsquo;homme face \u00e0 la col\u00e8re de la mer. <\/span><\/span><\/span><\/span><\/span><\/p>\n<p align=\"JUSTIFY\"><a href=\"http:\/\/blogs.univ-jfc.fr\/projetlaperouse\/wp-content\/uploads\/sites\/9\/2014\/03\/renoir.jpg\"><img loading=\"lazy\" class=\"alignnone  wp-image-3095\" title=\"La vague, Auguste Renoir, 1879, Art Institute of Chicago. (64.8 cm x 99.2 cm, http:\/\/www.artic.edu\/)\" alt=\"\" src=\"http:\/\/blogs.univ-jfc.fr\/projetlaperouse\/wp-content\/uploads\/sites\/9\/2014\/03\/renoir.jpg\" width=\"600\" height=\"470\" \/><\/a><\/p>\n<p align=\"JUSTIFY\"><span style=\"font-size: medium\"><span style=\"font-family: Arial, sans-serif\">Sur ce tableau, Auguste Renoir<a href=\"#sdfootnote1sym\" name=\"sdfootnote1anc\"><sup>1<\/sup><\/a>, situ\u00e9 sur la plage, a repr\u00e9sent\u00e9 la Manche dans un \u00e9tat plut\u00f4t calme. Nous pouvons remarquer que les couleurs utilis\u00e9es par l&rsquo;artiste sont diff\u00e9rentes de ses pr\u00e9d\u00e9cesseurs et m\u00eame contemporains. Malgr\u00e9 les quelques accentuations d&rsquo;\u00e9cumes, ce tableau provoque chez les spectateurs une sensation de s\u00e9curit\u00e9, d&rsquo;un lieu fr\u00e9quentable. De plus, l&rsquo;utilisation du bleu donne un effet d\u2019att\u00e9nuation des remous<\/span><span style=\"font-family: Arial, sans-serif\">. L&rsquo;absence de pr\u00e9sence humaine apaise le spectateur, et toutes traces de frayeur a disparu. A travers cette composition, le peintre a montr\u00e9 son point de vue sur la mer. Cette \u0153uvre procure une impression d&rsquo;infini et \u00eatre du c\u00f4t\u00e9 de la plage, met le promeneur en s\u00fbret\u00e9. <\/span><\/span><\/p>\n<p align=\"JUSTIFY\"><span style=\"font-size: medium\"> <span style=\"font-family: Arial, sans-serif\">Au XVIIIe et XIXe si\u00e8cle, deux regards s&rsquo;opposent sur la mer. Celui des artistes et des scientifiques (m\u00e9decins, explorateurs), leurs regards influencent la vision qu&rsquo;\u00e0 la population sur la mer. N&rsquo;ayant jamais pour la plupart voyag\u00e9 ils s&rsquo;appuient sur ce qu&rsquo;ils entendent ou voient. Les artistes (po\u00e8tes, peintres) apportent un regard fantasm\u00e9 sur la mer\u00a0: <\/span><span style=\"font-family: Arial, sans-serif\">\u00ab\u00a0Le r\u00eave de l&rsquo;homme est semblable aux illusions de la Mer\u00a0\u00bb<a href=\"#sdfootnote2sym\" name=\"sdfootnote2anc\"><sup>2<\/sup><\/a>. Pour les artistes, la mer est humaine. Pour finir, on peut dire que les Romantiques du XIXe si\u00e8cle s&rsquo;opposent au rationalisme des Lumi\u00e8res. <\/span><\/span><\/p>\n<p align=\"JUSTIFY\"><a href=\"http:\/\/blogs.univ-jfc.fr\/projetlaperouse\/bibliographie\/\">En savoir plus&#8230;<\/a><\/p>\n<div id=\"sdfootnote1\">\n<p><a href=\"#sdfootnote1anc\" name=\"sdfootnote1sym\">1<\/a>(1841-1919), peintre fran\u00e7ais dont le mouvement artistique est l&rsquo;impressionnisme<\/p>\n<\/div>\n<div id=\"sdfootnote2\">\n<p><a href=\"#sdfootnote2anc\" name=\"sdfootnote2sym\">2<\/a>Toulet J-P. Citation extraite de <i>Les Contrerimes.<\/i><\/p>\n<\/div>\n<div id=\"sdfootnote1\">\n<p><a href=\"#sdfootnote1anc\" name=\"sdfootnote1sym\">1<\/a>Byron L. <i>Don Juan<\/i>, Paris, \u00c9ditions Gallimard, 2006, 836 p.<\/p>\n<\/div>\n<div id=\"sdfootnote2\">\n<p><a href=\"#sdfootnote2anc\" name=\"sdfootnote2sym\">2<\/a>(1775-1851), peintre britannique dont le courant principal est le Romantisme, mais \u00e9galement vu comme le pr\u00e9curseur de l&rsquo;impressionnisme<\/p>\n<\/div>\n<div id=\"sdfootnote3\">\n<p align=\"LEFT\"><span style=\"font-size: small\"><a href=\"#sdfootnote3anc\" name=\"sdfootnote3sym\">3<\/a> \u00ab\u00a0The Shipwreck\u00a0\u00bb, Joseph Mallord William Turner, 1805, United Kingdom, Londres.<\/span><\/p>\n<p align=\"LEFT\"><span style=\"font-size: small\">(170.5 cm x 241.5 cm, http:\/\/www.artble.com\/artists\/)<\/span><\/p>\n<\/div>\n<div id=\"sdfootnote1\">\n<p><a href=\"#sdfootnote1anc\" name=\"sdfootnote1sym\">1<\/a>(1798-1863), peintre fran\u00e7ais dont le mouvement artistique est le Romantisme<\/p>\n<\/div>\n<div id=\"sdfootnote2\">\n<p><a href=\"#sdfootnote2anc\" name=\"sdfootnote2sym\">2<\/a>Byron L. <i>Don Juan<\/i>, Paris, \u00c9ditions Gallimard, 2006, 836 p.<\/p>\n<\/div>\n<div id=\"sdfootnote3\">\n<p><a href=\"#sdfootnote3anc\" name=\"sdfootnote3sym\">3<\/a>(1788-1824), po\u00e8te britannique dont le mouvement est le Romantisme<\/p>\n<\/div>\n<div id=\"sdfootnote4\">\n<p><a href=\"#sdfootnote4anc\" name=\"sdfootnote4sym\">4<\/a>Charles Baudelaire, issu du recueil <i>Les Fleurs du Mal<\/i>, \u00ab\u00a0Don Juan aux Enfers\u00a0\u00bb (1861)<\/p>\n<\/div>\n<div id=\"sdfootnote1\">\n<p><a href=\"#sdfootnote1anc\" name=\"sdfootnote1sym\">1<\/a>(1821-1867), po\u00e8te fran\u00e7ais dont l&rsquo;un de ses mouvements est le Romantisme<\/p>\n<\/div>\n<div id=\"sdfootnote2\">\n<p><a href=\"#sdfootnote2anc\" name=\"sdfootnote2sym\">2<\/a>Baudelaire C. <i>Recueil<\/i><i> Les fleurs du mal<\/i>, Paris, PUF, 1984, 287 p.<\/p>\n<\/div>\n","protected":false},"excerpt":{"rendered":"<p>Le XIXe si\u00e8cle, avec la naissance du Romantisme, est un nouveau tournant concernant les repr\u00e9sentations de la mer. Pour les artistes, cela devient un lieu de th\u00e9\u00e2tre o\u00f9 se lient les trag\u00e9dies et les l\u00e9gendes. Au d\u00e9but du XIXe si\u00e8cle, &hellip; <a href=\"https:\/\/blogs.univ-jfc.fr\/projetlaperouse\/la-mer-au-siecles-des-lumieres\/un-nouveau-regard\/iii-source-dinspiration-du-xixe-siecle\/\">Lire la suite <span class=\"meta-nav\">&rarr;<\/span><\/a><\/p>\n","protected":false},"author":44,"featured_media":0,"parent":260,"menu_order":0,"comment_status":"closed","ping_status":"open","template":"","meta":[],"_links":{"self":[{"href":"https:\/\/blogs.univ-jfc.fr\/projetlaperouse\/wp-json\/wp\/v2\/pages\/1832"}],"collection":[{"href":"https:\/\/blogs.univ-jfc.fr\/projetlaperouse\/wp-json\/wp\/v2\/pages"}],"about":[{"href":"https:\/\/blogs.univ-jfc.fr\/projetlaperouse\/wp-json\/wp\/v2\/types\/page"}],"author":[{"embeddable":true,"href":"https:\/\/blogs.univ-jfc.fr\/projetlaperouse\/wp-json\/wp\/v2\/users\/44"}],"replies":[{"embeddable":true,"href":"https:\/\/blogs.univ-jfc.fr\/projetlaperouse\/wp-json\/wp\/v2\/comments?post=1832"}],"version-history":[{"count":26,"href":"https:\/\/blogs.univ-jfc.fr\/projetlaperouse\/wp-json\/wp\/v2\/pages\/1832\/revisions"}],"predecessor-version":[{"id":4392,"href":"https:\/\/blogs.univ-jfc.fr\/projetlaperouse\/wp-json\/wp\/v2\/pages\/1832\/revisions\/4392"}],"up":[{"embeddable":true,"href":"https:\/\/blogs.univ-jfc.fr\/projetlaperouse\/wp-json\/wp\/v2\/pages\/260"}],"wp:attachment":[{"href":"https:\/\/blogs.univ-jfc.fr\/projetlaperouse\/wp-json\/wp\/v2\/media?parent=1832"}],"curies":[{"name":"wp","href":"https:\/\/api.w.org\/{rel}","templated":true}]}}