{"id":1936,"date":"2014-03-26T14:14:25","date_gmt":"2014-03-26T13:14:25","guid":{"rendered":"http:\/\/blogs.univ-jfc.fr\/projetlaperouse\/?page_id=1936"},"modified":"2014-05-04T09:39:10","modified_gmt":"2014-05-04T08:39:10","slug":"les-colonies-sur-le-nouveau-continent","status":"publish","type":"page","link":"https:\/\/blogs.univ-jfc.fr\/projetlaperouse\/la-mer-au-siecles-des-lumieres\/les-rivalites-europeennes\/les-colonies-sur-le-nouveau-continent\/","title":{"rendered":"Les colonies sur le nouveau continent"},"content":{"rendered":"<h2 style=\"text-align: justify\"><span style=\"font-family: Arial, sans-serif;color: #000000\">L&rsquo;Am\u00e9rique des Espagnols, un domaine immense mais menac\u00e9.<\/span><\/h2>\n<p style=\"text-align: justify\"><span style=\"font-family: Arial, sans-serif;color: #000000\">Tout au long du XVIII<sup>e <\/sup>si\u00e8cle, les Espagnols dominent th\u00e9oriquement tous les littoraux de l&rsquo;Am\u00e9rique du Sud ainsi que le Pacifique avec ses \u00eeles, soit un espace maritime immense avec des ressources consid\u00e9rables et une population nombreuse. L&rsquo;exception la plus ancienne et la plus \u00e9tendue \u00e0 la domination h\u00e9g\u00e9monique de l&rsquo;Espagne sur l&rsquo;Am\u00e9rique du Sud est l&#8217;empire Portugais. Comme l&rsquo;indique la carte ci-dessous, l&rsquo;Am\u00e9rique Latine est partag\u00e9e depuis le trait\u00e9 de Tordesillas de 1494 entre l&rsquo;Espagne et le Portugal.<\/span><\/p>\n<div id=\"attachment_1937\" style=\"width: 415px\" class=\"wp-caption alignnone\"><a href=\"http:\/\/blogs.univ-jfc.fr\/projetlaperouse\/wp-content\/uploads\/sites\/9\/2014\/03\/carte-espagne-portugal.jpg\"><img aria-describedby=\"caption-attachment-1937\" loading=\"lazy\" class=\" wp-image-1937 \" alt=\"\" src=\"http:\/\/blogs.univ-jfc.fr\/projetlaperouse\/wp-content\/uploads\/sites\/9\/2014\/03\/carte-espagne-portugal.jpg\" width=\"405\" height=\"240\" \/><\/a><p id=\"caption-attachment-1937\" class=\"wp-caption-text\"><em>Les Empires d&rsquo;Espagne et du Portugal<\/em>, Carte Alain Houot<\/p><\/div>\n<p style=\"text-align: justify\"><span style=\"color: #000000\">Les querelles viennent d&rsquo;abord de l&rsquo;impr\u00e9cision des limites des zones d&rsquo;influence. Les Espagnols d\u00e9tiennent certes la plus grande partie du nouveau continent comme on peut le constater sur cette carte, mais les Portugais ont progress\u00e9 sensiblement vers l&rsquo;ouest dans la premi\u00e8re moiti\u00e9 du XVIIIe\u00a0si\u00e8cle.\u00a0<\/span><span style=\"color: #000000\"><span style=\"font-family: Arial, sans-serif\">Ils ont repouss\u00e9 les fronti\u00e8res initiales des possessions espagnoles dans la Plata (Argentine et P\u00e9rou).\u00a0<\/span><span style=\"font-family: Arial, sans-serif\">On trouve dans cette r\u00e9gion deux petits centres urbains: Buenos Aires, ville espagnole sur la rive droite du Rio de la Plata et Sacramento, ville portugaise sur la rive gauche <a href=\"#sdfootnote1sym\" name=\"sdfootnote1anc\"><span style=\"color: #000000\"><sup>1<\/sup><\/span><\/a>.<\/span><\/span><\/p>\n<p style=\"text-align: justify\" align=\"JUSTIFY\"><span style=\"font-family: Arial, sans-serif;color: #000000\"> Dans son ouvrage <em>Le 18<sup>e<\/sup> si\u00e8cle<\/em>, l&rsquo;historien No\u00ebl Blayau \u00e9voque \u00ab\u00a0les bandeirantes espagnols\u00a0\u00bb, qui sont les hommes de terrain p\u00e9n\u00e9trant \u00e0 l\u2019int\u00e9rieur du Br\u00e9sil \u00e0 la recherche de richesses min\u00e9rales et qui sont responsables de la capture d&rsquo;au moins 60 000 indig\u00e8nes ainsi que de la destruction des missions j\u00e9suites du Gaira et du Rio Grande do Sul au Br\u00e9sil. D&rsquo;une fa\u00e7on g\u00e9n\u00e9rale, l&rsquo;\u00e9conomie coloniale s&rsquo;est profond\u00e9ment transform\u00e9e au cours du XVIII<sup>e<\/sup> si\u00e8cle. Avec le lent \u00e9puisement des ressources min\u00e9rales, l&rsquo;exploitation se porte vers les ressources v\u00e9g\u00e9tales. Parti des Antilles, ce mouvement se r\u00e9pand largement autour du golfe du Mexique vers l&rsquo;Am\u00e9rique Latine et l&rsquo;Am\u00e9rique du Nord.<\/span><\/p>\n<p style=\"text-align: justify\" align=\"JUSTIFY\"><span style=\"color: #000000\">Cette transformation dans laquelle la main-d\u2019\u0153uvre joue un r\u00f4le primordial, s&rsquo;accompagne d&rsquo;un grand mouvement d&rsquo;immigration d&rsquo; Europ\u00e9ens venus prendre la t\u00eate d&rsquo;exploitations agricoles et d&rsquo;esclaves africains d\u00e9port\u00e9s dans toutes les Am\u00e9riques. Les j\u00e9suites des colonies Ib\u00e9riques ont encourag\u00e9 la fondation de colonies indig\u00e8nes organis\u00e9es en r\u00e9publiques souvent prosp\u00e8res notamment autour des fleuves de Panama et au Paraguay. Le\u00a0commerce colonial se transforme gr\u00e2ce au trafic intense de denr\u00e9es tropicales (sucre, rhum, bois, cacao&#8230;) comme l&rsquo;indique la carte ci-dessus et s&rsquo;accompagne de modifications de l&rsquo;\u00e9quilibre entre puissances mondiales. Si l&rsquo;Espagne conserve ainsi un immense domaine, elle semble de plus en plus incapable d&rsquo;organiser le d\u00e9veloppement \u00e9conomique de ses colonies.\u00a0Dor\u00e9navant, la lutte pour la ma\u00eetrise \u00e9conomique des oc\u00e9ans oppose surtout la France et la Grande-Bretagne.<\/span><\/p>\n<p style=\"text-align: justify\" align=\"JUSTIFY\"><span style=\"font-family: Arial, sans-serif;color: #000000\"><br \/>\n<\/span><\/p>\n<div id=\"sdfootnote1\">\n<h2 style=\"text-align: justify\"><span style=\"font-family: Arial, sans-serif\"><span style=\"font-size: medium\">L&rsquo;enjeu aux Antilles<\/span><\/span><\/h2>\n<p align=\"JUSTIFY\"><span style=\"font-family: Arial, sans-serif;color: #000000\"><span style=\"font-size: medium\"> Les Antilles pr\u00e9sentent un r\u00e9sum\u00e9 assez complet des rivalit\u00e9s entre les puissances maritimes, la plupart de celles-ci y ont des possessions et veulent les \u00e9tendre, celles qui n&rsquo;en ont pas cherchent \u00e0 en avoir ou du moins \u00e0 contr\u00f4ler une partie du trafic. La derni\u00e8re grande guerre de Louis XIV, la guerre de succession d&rsquo;Espagne dure de 1701 \u00e0 1714. Philippe V, petit fils de Louis XIV, monte sur le tr\u00f4ne d&rsquo;Espagne en 1701, il c\u00e8de \u00e0 la France le monopole de la traite n\u00e9gri\u00e8re vers les colonies espagnoles, c&rsquo;est ce que l&rsquo;on appelle \u00ab\u00a0l&rsquo;asiento\u00a0\u00bb, en \u00e9change la France paye une redevance. A la fin de la guerre, la France doit c\u00e9der Saint-Christophe, la premi\u00e8re colonie Fran\u00e7aise des \u00eeles d&rsquo;Am\u00e9rique \u00e0 l&rsquo;Angleterre. <\/span><\/span><\/p>\n<p align=\"JUSTIFY\"><span style=\"font-family: Arial, sans-serif;color: #000000\"><span style=\"font-size: medium\">Le territoire Fran\u00e7ais reste cependant important aux Antilles. Mais l&rsquo;Angleterre est nettement sup\u00e9rieure en mer et obtient de l&rsquo;Espagne le monopole de l&rsquo;asiento. Au final, l&rsquo;Angleterre est la grande gagnante de la guerre, tandis que l&rsquo;Espagne, qui doit c\u00e9der une grande partie de son territoire, en ressort perdante. Avec Louis XV, commence une p\u00e9riode de paix avec l&rsquo;Angleterre et l&rsquo;Espagne. Les ports fran\u00e7ais s&rsquo;ouvrent au commerce vers les Antilles <span style=\"color: #000000\"><sup><a href=\"#sdfootnote1sym\" name=\"sdfootnote1anc\">2<\/a>\u00a0<\/sup><\/span><\/span><\/span><span style=\"font-family: Arial, sans-serif;color: #000000\"><span style=\"font-size: medium\">.<\/span><\/span><\/p>\n<p align=\"JUSTIFY\"><span style=\"font-family: Arial, sans-serif;color: #000000\"><span style=\"font-size: medium\">De nombreux fran\u00e7ais partent pour les \u00eeles, parmi lesquels des marginaux et des vagabonds. Les ports de Nantes et de Bordeaux deviennent d&rsquo;importants centres de traite n\u00e9gri\u00e8re. Les \u00eeles \u00e0 sucre apportent \u00e0 la France une grande prosp\u00e9rit\u00e9 \u00e9conomique. Saint-Domingue, territoire peupl\u00e9 en grande majorit\u00e9 d&rsquo;esclaves devient l&rsquo;une des colonies les plus riches d&rsquo;Am\u00e9rique avec des exportations de sucre qui finissent par d\u00e9passer celles de l&rsquo;ensemble des \u00eeles britanniques, et par devenir les premi\u00e8res mondiales. La Martinique est \u00e9galement en plein essor et la Guadeloupe recommence \u00e0 prosp\u00e9rer. Boucaniers et flibustiers ont compl\u00e8tement disparu, beaucoup sont devenus planteurs, d&rsquo;autres ont rejoint la piraterie dans l&rsquo;oc\u00e9an Indien <a href=\"#sdfootnote2sym\" name=\"sdfootnote2anc\"><span style=\"color: #000000\"><sup>3<\/sup><\/span><\/a>.<\/span><\/span><\/p>\n<p><span style=\"font-family: Arial, sans-serif;color: #000000\"><span style=\"font-size: medium\">L&rsquo;importation d&rsquo;esclaves commence \u00e0 prendre des proportions \u00e9normes dans les colonies fran\u00e7aises avec l&rsquo;introduction de la canne \u00e0 sucre, le syst\u00e8me esclavagiste fran\u00e7ais se met en place, entre 1713 et 1791, un million d&rsquo;Africains arrivent dans les Antilles fran\u00e7aises comme le montre cette carte ci-dessous.<\/span><\/span><\/p>\n<div id=\"attachment_1938\" style=\"width: 795px\" class=\"wp-caption alignnone\"><a href=\"http:\/\/blogs.univ-jfc.fr\/projetlaperouse\/wp-content\/uploads\/sites\/9\/2014\/03\/les-antilles.png\"><img aria-describedby=\"caption-attachment-1938\" loading=\"lazy\" class=\"size-full wp-image-1938\" alt=\"Les \u00eeles \u00e0 esclaves, 2009\" src=\"http:\/\/blogs.univ-jfc.fr\/projetlaperouse\/wp-content\/uploads\/sites\/9\/2014\/03\/les-antilles.png\" width=\"785\" height=\"480\" \/><\/a><p id=\"caption-attachment-1938\" class=\"wp-caption-text\"><em>Les \u00eeles \u00e0 esclaves<\/em>, 2009<\/p><\/div>\n<div id=\"sdfootnote2\">\n<p style=\"text-align: justify\"><span style=\"font-family: Arial, sans-serif;color: #000000\"><span style=\"font-size: medium\">Pendant la guerre de Sept Ans, aux Antilles, l&rsquo;Angleterre s&#8217;empare de la Grenade, de la Dominique et de la Guadeloupe, cela contribue au bouleversement de l&#8217;empire colonial fran\u00e7ais. Pendant les quatre ann\u00e9es d&rsquo;occupation anglaise de la Guadeloupe, les Anglais y font entrer massivement des esclaves et les exportations de sucre connaissent un \u00e9norme essor. En 1762, les Anglais prennent possession de la Martinique. Le Royaume d&rsquo;Espagne, alli\u00e9 de la France, est \u00e9galement attaqu\u00e9 : la m\u00eame ann\u00e9e, les britanniques arrivent \u00e0 Cuba et occupent la Havane, qu&rsquo;ils ouvrent au commerce avec l&rsquo;\u00e9tranger et \u00e0 l&rsquo;importation d&rsquo;esclaves \u00e0 une plus grande \u00e9chelle.<br \/>\n<\/span><\/span><\/p>\n<p style=\"text-align: justify\"><span style=\"font-family: Arial, sans-serif;color: #000000\"><span style=\"font-size: medium\">Lors du trait\u00e9 de Paris de 1763 qui conclut la guerre de sept ans, l&rsquo;Angleterre conserve Anguilla, Saint-Christophe, Antigua, Barbuda, Montserrat, la Barbade, la Dominique, Saint-Vincent, Tobago et la Grenade. La Havane est rendue \u00e0 l&rsquo;Espagne. La France, humili\u00e9e apr\u00e8s la perte du Canada, de la Louisiane ainsi que de ses colonies des Indes va r\u00e9ussir \u00e0 conserver Saint-Domingue, la Guadeloupe, Saint-Barth\u00e9l\u00e9my, la Martinique et Sainte-Lucie. L&#8217;empire colonial fran\u00e7ais est devenu quasi-inexistant, la France doit tirer le maximum de ce qu&rsquo;il lui reste, les \u00ab\u00a0\u00celes \u00e0 Sucre\u00a0\u00bb et pour cela, elle d\u00e9veloppera consid\u00e9rablement le trafic d&rsquo;esclaves.<\/span><\/span><\/p>\n<h2>L&rsquo;Am\u00e9rique du nord, lieu de conflit franco-anglais<\/h2>\n<p align=\"JUSTIFY\"><span style=\"color: #000000\">Au XVIIIe si\u00e8cle, la France et la Grande-Bretagne \u00ab\u00a0exportent leurs hostilit\u00e9s dans les colonies\u00a0\u00bb<span style=\"font-family: Arial, sans-serif\">. <\/span><span style=\"font-family: Arial, sans-serif\">Chacun<\/span><span style=\"font-family: Arial, sans-serif\"> cherche \u00e0 s&rsquo;approprier le monopole du commerce en Am\u00e9rique du Nord, ce qui va cr\u00e9er une rude concurrence entre marchands <\/span><span style=\"font-family: Arial, sans-serif\">a<\/span><span style=\"font-family: Arial, sans-serif\">nglais et <\/span><span style=\"font-family: Arial, sans-serif\">f<\/span><span style=\"font-family: Arial, sans-serif\">ran\u00e7ais autour des Grands Lacs, de la Baie d&rsquo;Hudson et le long de la vall\u00e9e de l&rsquo;Ohio. Cette concurrence ne tarde pas \u00e0 se transformer en guerre ouverte. <\/span>Le trait\u00e9 d\u2019Utrecht, en 1713, permet \u00e0 l&rsquo;Angleterre d&rsquo;\u00e9largir son champ d&rsquo;action en Am\u00e9rique du Nord au d\u00e9triment de la France qui perd la Baie d&rsquo;Hudson au Canada, Terre Neuve et l&rsquo;Acadie. L&rsquo;Angleterre se fait l&rsquo;alli\u00e9e de la puissante tribu des Iroquois qui entrent plusieurs fois en lutte avec les Fran\u00e7ais de la Louisiane \u00e0 l&rsquo;Illinois, au nord. Ces conflits \u00e9pisodiques marqu\u00e8rent donc tout le d\u00e9but du XVIIIe si\u00e8cle <a href=\"#sdfootnote1sym\" name=\"sdfootnote1anc\"><span style=\"color: #000000\"><sup>4<\/sup><\/span><\/a>. <\/span><\/p>\n<p align=\"JUSTIFY\"><span style=\"color: #000000\"> Un premier conflit \u00e9clata \u00e0 partir de 1743 lors de la rupture franco-anglaise en Europe pendant la guerre de Succession en Autriche. De 1745 \u00e0 1748, les Anglais infligent de grandes d\u00e9faites aux Fran\u00e7ais mais\u00a0la paix de 1748 r\u00e9tablit un certain \u00e9quilibre. Le trait\u00e9 d&rsquo;Aix-la-Chapelle doit mettre en place une tr\u00eave entre les deux ennemis mais les rapports ne s&rsquo;am\u00e9liorent pas. La guerre de Sept Ans (1756-1763) \u00e9clate entre les deux puissances et devient, par le jeu des alliances, un conflit europ\u00e9en. La rivalit\u00e9 franco-anglaise en Am\u00e9rique du Nord prend une ampleur nouvelle qui s&rsquo;ach\u00e8ve en d\u00e9sastre pour la France. Le premier caract\u00e8re de cet ultime conflit r\u00e9side sans doute dans l&rsquo;aveuglante disproportion des forces en pr\u00e9sence. Sur mer, l&rsquo;Angleterre dispose d&rsquo;une sup\u00e9riorit\u00e9 \u00e9crasante, 90 vaisseaux de ligne, 70 fr\u00e9gates. L&rsquo;ensemble du gouvernement Anglais va dans le m\u00eame sens dans sa politique de lutte coloniale\u00a0<sup><span style=\"font-family: Arial, sans-serif\"><span style=\"color: #000000\"><a href=\"#sdfootnote2sym\" name=\"sdfootnote2anc\">5<\/a>\u00a0<\/span><\/span><\/sup><\/span><span style=\"font-family: Arial, sans-serif;color: #000000\">.<\/span><\/p>\n<p align=\"JUSTIFY\"><span style=\"font-family: Arial, sans-serif;color: #000000\">En France, les efforts des secr\u00e9taires d\u2019\u00c9tat \u00e0 la Marine, Maurepas, Rouill\u00e9 et Machaut d&rsquo;Arnouville sont constamment paralys\u00e9s par l&rsquo;\u00e9tat catastrophique des finances. Machaut d&rsquo;Arnouville est le seul \u00e0 vouloir une guerre maritime contre l&rsquo;Angleterre. De plus, les forces fran\u00e7aises sont de 9 000 hommes en Am\u00e9rique et celles des anglais comptent environ 35 000 hommes. Le nombre tr\u00e8s limit\u00e9 de colons fran\u00e7ais ne leur donne aucune aide et ils sont forc\u00e9s de reculer de position en position pour laisser place \u00e0 l&rsquo;\u00e9crasante force anglaise. La France n&rsquo;est pas la seule nation \u00e0 supporter les cons\u00e9quences de la guerre : les Espagnols qui rentrent dans la guerre en 1762 ne peuvent s&rsquo;opposer \u00e0 la prise de La Havane par l&rsquo;Angleterre.<\/span><\/p>\n<p align=\"JUSTIFY\"><span style=\"font-family: Arial, sans-serif;color: #000000\">Au printemps 1762, la France ne conserve que Saint Domingue, la Louisiane et les Mascareignes dans l&rsquo;oc\u00e9an Indien, sa flotte de guerre est an\u00e9antie. Choiseul, secr\u00e9taire d\u2019\u00c9tat aux Affaires \u00e9trang\u00e8res depuis 1758 et \u00e0 la marine depuis 1761 cherche donc \u00e0 n\u00e9gocier avec l&rsquo;Angleterre. Apr\u00e8s la victoire anglaise, le trait\u00e9 de Paris est sign\u00e9 par Louis XV, le 10 f\u00e9vrier 1763. La France perd la grande majorit\u00e9 de ses possessions coloniales c\u00e9d\u00e9es \u00e0 l&rsquo;Angleterre : De la Nouvelle\u00a0France, il ne reste que le droit de p\u00eacher dans l\u2019estuaire du Saint Laurent et sur la c\u00f4te de Terre Neuve\u00a0et\u00a0Saint Pierre et Miquelon\u00a0comme on peut le constater sur cette carte ci-dessous.\u00a0\u00a0<\/span><\/p>\n<div id=\"attachment_1949\" style=\"width: 960px\" class=\"wp-caption alignnone\"><a href=\"http:\/\/blogs.univ-jfc.fr\/projetlaperouse\/wp-content\/uploads\/sites\/9\/2014\/03\/TRAITe-de-paris.jpg\"><img aria-describedby=\"caption-attachment-1949\" loading=\"lazy\" class=\"size-full wp-image-1949\" alt=\"Avant et apr\u00e8s le trait\u00e9 de Paris, Roy Marcel, Histoire du Qu\u00e9bec et du Canada, ERPI, Montr\u00e9al, 1995, p.206.\" src=\"http:\/\/blogs.univ-jfc.fr\/projetlaperouse\/wp-content\/uploads\/sites\/9\/2014\/03\/TRAITe-de-paris.jpg\" width=\"950\" height=\"634\" \/><\/a><p id=\"caption-attachment-1949\" class=\"wp-caption-text\"><em>Avant et apr\u00e8s le trait\u00e9 de Paris<\/em>, Roy Marcel, Histoire du Qu\u00e9bec et du Canada, ERPI, Montr\u00e9al, 1995, p.206.<\/p><\/div>\n<p align=\"JUSTIFY\"><span style=\"font-family: Arial, sans-serif;color: #000000\">La France abandonne la Louisiane occidentale \u00e0 l&rsquo;Espagne au moment o\u00f9 la colonisation religieuse des franciscains espagnols progresse en direction de la baie de San Francisco. La France perd donc son premier Empire colonial qui est r\u00e9duit \u00e0 36000 km\u00b2 et ne compte plus que 12 000 habitants. Le trait\u00e9 de Paris est plus consid\u00e9r\u00e9 comme une humiliation politique qu&rsquo;un d\u00e9sastre colonial, la pr\u00e9pond\u00e9rance maritime de l&rsquo;Angleterre est \u00e9crasante.<\/span><\/p>\n<p align=\"JUSTIFY\"><a title=\"III- L\u2019Orient, nouvelle cible des puissances europ\u00e9ennes.\" href=\"http:\/\/blogs.univ-jfc.fr\/projetlaperouse\/la-mer-au-siecles-des-lumieres\/les-rivalites-europeennes\/3-lorient-nouvelle-cible-des-puissances-europeennes\/\">L\u2019Orient, nouvelle cible des nations europ\u00e9ennes<\/a><\/p>\n<p style=\"text-align: justify\" align=\"JUSTIFY\"><span style=\"color: #000000\"><span style=\"color: #000000\"><a href=\"#sdfootnote1anc\" name=\"sdfootnote1sym\">1<\/a>\u00a0<\/span>Philippe Haudr\u00e8re, <i>Le grand commerce maritime au XVIII<\/i><sup><i>e <\/i><\/sup><i>si\u00e8cle<\/i>, Paris, Sedes, 1997, p. 11-13<\/span><\/p>\n<p style=\"text-align: justify\"><span style=\"color: #000000\"><span style=\"color: #000000\"><a href=\"#sdfootnote1anc\" name=\"sdfootnote1sym\">2<\/a>\u00a0<\/span>Paul Butel, <i>Histoire des Antilles Fran\u00e7aises\u00a0: XVIIe-XXe si\u00e8cle<\/i>, Paris, Perrin, p. 322-330.<\/span><\/p>\n<p style=\"text-align: justify\"><span style=\"color: #000000\"><span style=\"color: #000000\"><a href=\"#sdfootnote2anc\" name=\"sdfootnote2sym\">3<\/a>\u00a0<\/span>Rapha\u00ebl Nicole, <i>Histoire des Antilles Fran\u00e7aises (Des Am\u00e9rindiens \u00e0 nos jours),<\/i> Paris, De la Frise, chapitres 5 et 7.<\/span><\/p>\n<div id=\"sdfootnote1\" style=\"text-align: justify\">\n<p><span style=\"color: #000000\"><span style=\"color: #000000\"><a href=\"#sdfootnote1anc\" name=\"sdfootnote1sym\">4<\/a>\u00a0<\/span>Alain Cabantous, <i>Europ\u00e9ens et espaces maritimes au XVIII<\/i><sup><i>e <\/i><\/sup><i>si\u00e8cle<\/i><i>,<\/i><i> <\/i>Historiens et g\u00e9ographes, 1996, n\u00b0353, p. 271-282.<\/span><\/p>\n<\/div>\n<div id=\"sdfootnote2\">\n<p style=\"text-align: justify\" align=\"LEFT\"><a href=\"#sdfootnote2anc\" name=\"sdfootnote2sym\">5<\/a> <span style=\"color: #000000\">\u00c9lise Marienstras, Naomi Wulf,<\/span><span style=\"color: #000000\"><i>\u00a0R\u00e9voltes et r\u00e9volutions en Am\u00e9rique, <\/i><\/span><span style=\"color: #000000\">Paris<\/span><span style=\"color: #000000\"><i>, <\/i><\/span><span style=\"color: #000000\">Atlande, 2005, p.33.<\/span><\/p>\n<\/div>\n<\/div>\n<\/div>\n","protected":false},"excerpt":{"rendered":"<p>L&rsquo;Am\u00e9rique des Espagnols, un domaine immense mais menac\u00e9. Tout au long du XVIIIe si\u00e8cle, les Espagnols dominent th\u00e9oriquement tous les littoraux de l&rsquo;Am\u00e9rique du Sud ainsi que le Pacifique avec ses \u00eeles, soit un espace maritime immense avec des ressources &hellip; <a href=\"https:\/\/blogs.univ-jfc.fr\/projetlaperouse\/la-mer-au-siecles-des-lumieres\/les-rivalites-europeennes\/les-colonies-sur-le-nouveau-continent\/\">Lire la suite <span class=\"meta-nav\">&rarr;<\/span><\/a><\/p>\n","protected":false},"author":53,"featured_media":0,"parent":254,"menu_order":0,"comment_status":"closed","ping_status":"open","template":"sidebar-page.php","meta":[],"_links":{"self":[{"href":"https:\/\/blogs.univ-jfc.fr\/projetlaperouse\/wp-json\/wp\/v2\/pages\/1936"}],"collection":[{"href":"https:\/\/blogs.univ-jfc.fr\/projetlaperouse\/wp-json\/wp\/v2\/pages"}],"about":[{"href":"https:\/\/blogs.univ-jfc.fr\/projetlaperouse\/wp-json\/wp\/v2\/types\/page"}],"author":[{"embeddable":true,"href":"https:\/\/blogs.univ-jfc.fr\/projetlaperouse\/wp-json\/wp\/v2\/users\/53"}],"replies":[{"embeddable":true,"href":"https:\/\/blogs.univ-jfc.fr\/projetlaperouse\/wp-json\/wp\/v2\/comments?post=1936"}],"version-history":[{"count":35,"href":"https:\/\/blogs.univ-jfc.fr\/projetlaperouse\/wp-json\/wp\/v2\/pages\/1936\/revisions"}],"predecessor-version":[{"id":1940,"href":"https:\/\/blogs.univ-jfc.fr\/projetlaperouse\/wp-json\/wp\/v2\/pages\/1936\/revisions\/1940"}],"up":[{"embeddable":true,"href":"https:\/\/blogs.univ-jfc.fr\/projetlaperouse\/wp-json\/wp\/v2\/pages\/254"}],"wp:attachment":[{"href":"https:\/\/blogs.univ-jfc.fr\/projetlaperouse\/wp-json\/wp\/v2\/media?parent=1936"}],"curies":[{"name":"wp","href":"https:\/\/api.w.org\/{rel}","templated":true}]}}