{"id":1955,"date":"2014-03-26T15:05:07","date_gmt":"2014-03-26T14:05:07","guid":{"rendered":"http:\/\/blogs.univ-jfc.fr\/projetlaperouse\/?page_id=1955"},"modified":"2014-06-16T10:14:54","modified_gmt":"2014-06-16T09:14:54","slug":"sitographie","status":"publish","type":"page","link":"https:\/\/blogs.univ-jfc.fr\/projetlaperouse\/bibliographie\/sitographie\/","title":{"rendered":"Sitographie"},"content":{"rendered":"<p>&nbsp;<\/p>\n<p><span style=\"font-family: Arial,sans-serif\"><span style=\"font-size: medium\"><a title=\"Archives d\u00e9partementales du Tarn\" href=\"http:\/\/archives.tarn.fr\/http:\/\/\" target=\"_blank\">Site des archives d\u00e9partementales du Tarn<\/a><br \/>\n<\/span><\/span><\/p>\n<p><a title=\"Site du lyc\u00e9e Lap\u00e9rouse\" href=\"http:\/\/laperouse.entmip.fr\/\" target=\"_blank\"><span style=\"font-family: Arial,sans-serif\"><span style=\"font-size: medium\">Site du lyc\u00e9e Lap\u00e9rouse ( ancien lyc\u00e9e Delbene)<\/span><\/span><\/a><\/p>\n<p align=\"JUSTIFY\">\u00a0<span style=\"font-family: Arial,sans-serif\"><a title=\"Site de l'association Albi Lap\u00e9rouse France\" href=\"http:\/\/www.laperouse-france.fr\/spip.php?rubrique2\" target=\"_blank\">Site de l&rsquo;association Albi Lap\u00e9rouse France<\/a><\/span><\/p>\n<p align=\"JUSTIFY\"><a href=\"http:\/\/www.archives-brest.comhttp:\/\/\" target=\"_blank\">Mairie de Brest<\/a><\/p>\n<p align=\"JUSTIFY\"><a href=\"http:\/\/www.archives-brest.comhttp:\/\/\" target=\"_blank\">Archives municipales de Brest<\/a><\/p>\n<p><a href=\"http:\/\/www.defense.gouv.fr\/marine\" target=\"_blank\"><span style=\"color: #333333\"><span style=\"font-family: Arial,sans-serif\"><span style=\"font-size: medium\">Minist\u00e8re de la d\u00e9fense<\/span><\/span><\/span><\/a><\/p>\n<p>&nbsp;<\/p>\n<p align=\"JUSTIFY\">\n","protected":false},"excerpt":{"rendered":"<p>&nbsp; Site des archives d\u00e9partementales du Tarn Site du lyc\u00e9e Lap\u00e9rouse ( ancien lyc\u00e9e Delbene) \u00a0Site de l&rsquo;association Albi Lap\u00e9rouse France Mairie de Brest Archives municipales de Brest Minist\u00e8re de la d\u00e9fense &nbsp;<\/p>\n","protected":false},"author":19,"featured_media":4656,"parent":1701,"menu_order":10,"comment_status":"closed","ping_status":"open","template":"","meta":[],"_links":{"self":[{"href":"https:\/\/blogs.univ-jfc.fr\/projetlaperouse\/wp-json\/wp\/v2\/pages\/1955"}],"collection":[{"href":"https:\/\/blogs.univ-jfc.fr\/projetlaperouse\/wp-json\/wp\/v2\/pages"}],"about":[{"href":"https:\/\/blogs.univ-jfc.fr\/projetlaperouse\/wp-json\/wp\/v2\/types\/page"}],"author":[{"embeddable":true,"href":"https:\/\/blogs.univ-jfc.fr\/projetlaperouse\/wp-json\/wp\/v2\/users\/19"}],"replies":[{"embeddable":true,"href":"https:\/\/blogs.univ-jfc.fr\/projetlaperouse\/wp-json\/wp\/v2\/comments?post=1955"}],"version-history":[{"count":5,"href":"https:\/\/blogs.univ-jfc.fr\/projetlaperouse\/wp-json\/wp\/v2\/pages\/1955\/revisions"}],"predecessor-version":[{"id":1957,"href":"https:\/\/blogs.univ-jfc.fr\/projetlaperouse\/wp-json\/wp\/v2\/pages\/1955\/revisions\/1957"}],"up":[{"embeddable":true,"href":"https:\/\/blogs.univ-jfc.fr\/projetlaperouse\/wp-json\/wp\/v2\/pages\/1701"}],"wp:featuredmedia":[{"embeddable":true,"href":"https:\/\/blogs.univ-jfc.fr\/projetlaperouse\/wp-json\/wp\/v2\/media\/4656"}],"wp:attachment":[{"href":"https:\/\/blogs.univ-jfc.fr\/projetlaperouse\/wp-json\/wp\/v2\/media?parent=1955"}],"curies":[{"name":"wp","href":"https:\/\/api.w.org\/{rel}","templated":true}]}}