{"id":1963,"date":"2014-03-26T15:29:45","date_gmt":"2014-03-26T14:29:45","guid":{"rendered":"http:\/\/blogs.univ-jfc.fr\/projetlaperouse\/?page_id=1963"},"modified":"2014-06-15T09:11:01","modified_gmt":"2014-06-15T08:11:01","slug":"3-lorient-nouvelle-cible-des-puissances-europeennes","status":"publish","type":"page","link":"https:\/\/blogs.univ-jfc.fr\/projetlaperouse\/la-mer-au-siecles-des-lumieres\/les-rivalites-europeennes\/3-lorient-nouvelle-cible-des-puissances-europeennes\/","title":{"rendered":"L&rsquo;Orient, nouvelle cible des puissances europ\u00e9ennes."},"content":{"rendered":"<h2><b>Les Indes, un territoire immense au c\u0153ur de la colonisation au XVIII<sup><span style=\"font-family: 'Times New Roman', serif\"><span style=\"font-size: medium\">e<\/span><\/span><\/sup> si\u00e8cle.\u00a0<\/b><\/h2>\n<p style=\"text-align: justify\"><span style=\"color: #000000\">Pour tous les \u00c9tats europ\u00e9ens, la course \u00e0 la colonisation devient une priorit\u00e9 au XVIIIe si\u00e8cle. La France et l&rsquo;Angleterre font passer leurs colonies en Orient au m\u00eame niveau d&rsquo;importance que celles en Am\u00e9rique. Pour les autres puissances, il s&rsquo;agit de faire face aux guerres et al\u00e9as de la politique en attendant de pouvoir eux aussi fortifier leurs positions dans la colonisation. <\/span><span style=\"color: #000000\">Le Portugal poss\u00e8de au XVIII<\/span><span style=\"color: #000000\">e<\/span><span style=\"color: #000000\"> si\u00e8cle des ports en Inde (Goa, Macao, Timor) tr\u00e8s fortifi\u00e9s et d\u00e9fendus par de nombreuses troupes recrut\u00e9es \u00e0 Lisbonne dans les quartiers pauvres. L&rsquo;inf\u00e9riorit\u00e9 commerciale et navale du Portugal sur les autres \u00c9tats au cours du XVIII<\/span><span style=\"color: #000000\">e<\/span><span style=\"color: #000000\"> si\u00e8cle l&rsquo;oblige \u00e0 prot\u00e9ger au mieux ses colonies dont d\u00e9pend une importante part de son \u00e9conomie. La <a title=\"Les implantations fran\u00e7aises dans les Mers du Sud\" href=\"http:\/\/blogs.univ-jfc.fr\/projetlaperouse\/la-decouverte-du-pacifique\/marins-et-explorateurs-dans-les-mers-du-sud\/les-implantations-francaises-dans-les-mers-du-sud\/\" target=\"_blank\">politique d&rsquo;extension des colonies fran\u00e7aises<\/a> se fait par l&rsquo;agrandissement g\u00e9ographique et commercial des villes d\u00e9j\u00e0 conquises.<\/span><\/p>\n<div id=\"attachment_1968\" style=\"width: 1410px\" class=\"wp-caption alignnone\"><a href=\"http:\/\/blogs.univ-jfc.fr\/projetlaperouse\/wp-content\/uploads\/sites\/9\/2014\/03\/indes-XVIII.jpg\"><img aria-describedby=\"caption-attachment-1968\" loading=\"lazy\" class=\"size-full wp-image-1968\" alt=\"\u00c9ric Paul Meyer, Une histoire de l\u2019Inde : les Indiens face \u00e0 leur pass\u00e9, Paris, Albin Michel, 2007.\" src=\"http:\/\/blogs.univ-jfc.fr\/projetlaperouse\/wp-content\/uploads\/sites\/9\/2014\/03\/indes-XVIII.jpg\" width=\"1400\" height=\"1053\" \/><\/a><p id=\"caption-attachment-1968\" class=\"wp-caption-text\">\u00c9ric Paul Meyer, <em>Une histoire de l\u2019Inde : les Indiens face \u00e0 leur pass\u00e9<\/em>, Paris, Albin Michel, 2007.<\/p><\/div>\n<p style=\"text-align: justify\"><span style=\"color: #000000\"><span style=\"font-family: Arial, sans-serif\">A partir de 1741, le gouverneur des colonies en Inde nouvellement nomm\u00e9, Joseph Fran\u00e7ois Dupleix, d\u00e9cide d&rsquo;\u00e9tendre au maximum les colonies fran\u00e7aises pour fonder un r\u00e9el empire colonial fran\u00e7ais. Ceci ne pouvant \u00eatre ex\u00e9cut\u00e9 sans empi\u00e9ter sur les colonies anglaises, Dupleix d\u00e9cide de\u00a0<\/span><span style=\"font-family: Arial, sans-serif\">mener une s\u00e9rie d&rsquo;escarmouches et repousse les troupes anglaises pour contr\u00f4ler une plus grande partie de l&rsquo;Inde \u00e0 l&rsquo;int\u00e9rieur des terres (comme l&rsquo;indique la carte ci-dessus). Cette initiative \u00e9tant prise sans l&rsquo;appui de ses sup\u00e9rieurs dans la m\u00e9tropole, Dupleix perd toute aide de la Compagnie. Dupleix perd finalement ses territoires conquis en 1744 et est rappel\u00e9 en 1754 \u00e0 la m\u00e9tropole. Suite \u00e0 ces \u00e9v\u00e9nements, la France conna\u00eet un d\u00e9clin certain et voit l&rsquo;Angleterre prendre en 1757 le contr\u00f4le de tout le Bengale suite \u00e0 la bataille de Plassey. <\/span><\/span><\/p>\n<p style=\"text-align: justify\"><span style=\"font-family: Arial, sans-serif;color: #000000\">La Compagnie fran\u00e7aise des Indes orientales est dissoute en 1765 par la couronne qui reprend le flambeau mais n&rsquo;arrivera jamais r\u00e9ellement \u00e0 reconstruire un empire colonial en Inde. Ce territoire marque donc un autre lieu o\u00f9 les Anglais ont prouv\u00e9 leur d\u00e9termination et leur sup\u00e9riorit\u00e9. Ces derniers d\u00e9fieront et affaibliront la Compagnie Hollandaise des Indes orientales qui \u00e0 cause de sa petite envergure au sein de l&rsquo;Europe n&rsquo;aura pas assez de puissance maritime et militaire pour d\u00e9fier les Anglais au cours de la quatri\u00e8me guerre anglo-n\u00e9erlandaise (1780-1784).<\/span><\/p>\n<p style=\"text-align: justify\"><span style=\"color: #000000\"> La puissance en Inde des Anglais ne cesse alors d&rsquo;augmenter au XVIII<\/span><span style=\"color: #000000\">e <\/span><span style=\"color: #000000\">si\u00e8cle au fur et \u00e0 mesure que les autres puissances d\u00e9clinent peu \u00e0 peu face \u00e0 la puissance britannique. L&rsquo;Inde devient au XVIII<\/span><span style=\"color: #000000\">e<\/span><span style=\"color: #000000\"> si\u00e8cle un territoire phare de la colonisation <\/span><span style=\"color: #000000\">en o<\/span><span style=\"color: #000000\">rient <\/span><span style=\"color: #000000\">et le th\u00e9\u00e2tre de grands conflits entre des puissances europ\u00e9ennes <\/span><span style=\"color: #000000\">visant \u00e0 toujours plus s&rsquo;\u00e9tendre\u00a0<\/span><sup><span style=\"color: #000000\"><span style=\"font-family: Arial, sans-serif\"><a href=\"#sdfootnote1sym\" name=\"sdfootnote1anc\"><sup>1<\/sup><\/a><\/span><\/span><\/sup><span style=\"color: #000000\">.<\/span><\/p>\n<div id=\"sdfootnote1\">\n<p>&nbsp;<\/p>\n<h2><span style=\"color: #000000\">Les compagnies \u00e0 charte en Orient.<\/span><\/h2>\n<p align=\"JUSTIFY\"><span style=\"color: #000000\">A<\/span><span style=\"color: #000000\">u XVIII<\/span><span style=\"color: #000000\">e<\/span><span style=\"color: #000000\"> si\u00e8cle <\/span><span style=\"color: #000000\">l<\/span><span style=\"color: #000000\">es Compagnies des Indes europ\u00e9ennes prennent le contr\u00f4le de colonies de plus en plus nombreuses. Le XVIII<\/span><span style=\"color: #000000\">e <\/span><span style=\"color: #000000\">si\u00e8cle voit les Compagnies Fran\u00e7aises, Anglaises et Hollandaises des Inde<\/span><span style=\"color: #000000\">s<\/span><span style=\"color: #000000\"> s<\/span><span style=\"color: #000000\">&lsquo;affronter pour le contr\u00f4le de<\/span><span style=\"color: #000000\"> l&rsquo;<\/span><span style=\"color: #000000\">O<\/span><span style=\"color: #000000\">rient par un jeu de rapidit\u00e9 d&rsquo;action et de strat\u00e9gie politique dans l&rsquo;annexion de territoires riches en nouvelles mati\u00e8res premi\u00e8res. Les transactions entre les pays europ\u00e9ens et les pays locaux se fait par <a title=\"Le commerce fran\u00e7ais dans les Mers du Sud\" href=\"http:\/\/blogs.univ-jfc.fr\/projetlaperouse\/la-decouverte-du-pacifique\/marins-et-explorateurs-dans-les-mers-du-sud\/le-commerce-francais-dans-les-mers-du-sud\/\" target=\"_blank\">l&rsquo;interm\u00e9diaire de comptoirs commerciaux<\/a> dont le r\u00f4le est de superviser tous les \u00e9changes et le bon fonctionnement de ceux-ci entre les clients et les <\/span><span style=\"color: #000000\">exploitants.<\/span><\/p>\n<div id=\"attachment_1971\" style=\"width: 747px\" class=\"wp-caption alignnone\"><a href=\"http:\/\/blogs.univ-jfc.fr\/projetlaperouse\/wp-content\/uploads\/sites\/9\/2014\/03\/compagnie-\u00e0-chartes.jpg\"><img aria-describedby=\"caption-attachment-1971\" loading=\"lazy\" class=\"size-full wp-image-1971\" alt=\"Combat naval en vue de Gandeloup, 20 juin 1785, Auguste Jugelet, 1836, Mus\u00e9e national du ch\u00e2teau de Fontainebleau, 115x165cm.\" src=\"http:\/\/blogs.univ-jfc.fr\/projetlaperouse\/wp-content\/uploads\/sites\/9\/2014\/03\/compagnie-\u00e0-chartes.jpg\" width=\"737\" height=\"453\" \/><\/a><p id=\"caption-attachment-1971\" class=\"wp-caption-text\">Combat naval en vue de Gandeloup, 20 juin 1785, Auguste Jugelet, 1836, Mus\u00e9e national du ch\u00e2teau de Fontainebleau, 115x165cm.<\/p><\/div>\n<p style=\"text-align: justify\"><span style=\"font-family: Arial, sans-serif;color: #000000\">La Compagnie Anglaise des Indes orientales ne voit son expansion coloniale fleurir en Asie qu&rsquo;au XIX<sup>e <\/sup>si\u00e8cle mais s&rsquo;implante pourtant fortement en Inde et en Chine, et plus particuli\u00e8rement au Bangladesh (appel\u00e9 Bengale), o\u00f9 ils affaiblissent les populations par de lourdes taxes et tiennent en \u00e9chec les autres Compagnies et le seigneur local (D\u00eevan) gr\u00e2ce \u00e0 leurs importantes ressources et leurs avanc\u00e9es militaires consid\u00e9rables. <\/span><\/p>\n<p style=\"text-align: justify\"><span style=\"font-family: Arial, sans-serif;color: #000000\">La Compagnie Fran\u00e7aise des Indes s&rsquo;installe du XVIe au XVIII<sup>e <\/sup>si\u00e8cle en Asie, dans de petites colonies qui deviennent de puissants ports \u00e9conomiques (Pondich\u00e9ry ou K\u00e2rik\u00e2l). Ce contr\u00f4le tient \u00e9videmment de l&rsquo;influence politique, \u00e9conomique et non martiale de la Compagnie. Les Compagnies \u00e0 charte tardent \u00e0 s&rsquo;int\u00e9resser \u00e0 l&rsquo;Extr\u00eame-Orient \u00e0 cause de la r\u00e9ticence des empires locaux \u00e0 les voir s&rsquo;accaparer leurs terres et aussi \u00e0 cause de la distance qui s\u00e9pare ces contr\u00e9es des m\u00e9tropoles europ\u00e9ennes. C&rsquo;est sans doute pour cela que la France et l&rsquo;Angleterre lancent au milieu et \u00e0 la fin du XVIIIe si\u00e8cle des exp\u00e9ditions d&rsquo;explorateurs \u00e0 travers le monde pour d\u00e9couvrir et s&rsquo;approprier de nouvelles terres.\u00a0<\/span><\/p>\n<h2 align=\"JUSTIFY\">Le Pacifique, un nouvel espace de d\u00e9couvertes.<\/h2>\n<p align=\"JUSTIFY\"><span style=\"color: #333333\">L<\/span><span style=\"color: #000000\">es explorations de <a title=\"Bougainville et Cook\" href=\"http:\/\/blogs.univ-jfc.fr\/projetlaperouse\/la-decouverte-du-pacifique\/bougainville-et-cook\/\" target=\"_blank\">Bougainville<\/a>, <a title=\"Les exp\u00e9ditions de Cook\" href=\"http:\/\/blogs.univ-jfc.fr\/projetlaperouse\/la-decouverte-du-pacifique\/bougainville-et-cook\/les-expeditions-de-cook\/\" target=\"_blank\">James Cook<\/a> et de Lap\u00e9rouse sonnent le glas d&rsquo;une expansion des horizons possibles \u00e0 coloniser. Ces premi\u00e8res grandes explorations ont lieu avant et apr\u00e8s la guerre de Sept Ans. Lap\u00e9rouse, contrairement \u00e0 Cook, voit son exp\u00e9dition comme une v\u00e9ritable d\u00e9couverte \u00ab\u00a0scientifique\u00a0\u00bb et non une mission de rep\u00e9rage pour la Compagnie Fran\u00e7aise des Indes orientales, bien que celle-ci tire profit des d\u00e9couvertes financ\u00e9es par le royaume. <\/span><\/p>\n<p align=\"JUSTIFY\"><span style=\"color: #000000\"> Les exp\u00e9ditions fran\u00e7aises et anglaises se concentrent sur trois objectifs distincts en trois \u00e9tapes chronologiques : de 1764 \u00e0 1771, la recherche d&rsquo;un point de rep\u00e8re dans des latitudes temp\u00e9r\u00e9es; de 1772 \u00e0 1776, la recherche d&rsquo;un continent austral; \u00e0 partir de 1776, la recherche d&rsquo;un passage entre les oc\u00e9ans Atlantique et Pacifique au nord du continent Am\u00e9ricain <\/span><sup><span style=\"color: #000000\"><span style=\"font-family: Arial, sans-serif\"><a href=\"#sdfootnote1sym\" name=\"sdfootnote1anc\">2<\/a><\/span><\/span><\/sup><span style=\"font-family: Arial, sans-serif\"><span style=\"color: #000000\">.<\/span><\/span><\/p>\n<p align=\"JUSTIFY\"><span style=\"font-family: Arial, sans-serif\"><span style=\"color: #000000\">Pour Lap\u00e9rouse et la France, les d\u00e9couvertes ne sont pas ce qu&rsquo;elles auraient du<\/span><span style=\"color: #000000\">es<\/span><span style=\"color: #000000\"> \u00eatre : il trouve son point de rep\u00e8re dans l&rsquo;oc\u00e9an Indien mais arrive quelques semaines apr\u00e8s Cook au large de l&rsquo;Australie : la d\u00e9couverte est donc anglaise. C&rsquo;est aussi un \u00e9chec pour trouver un passage au nord des Am\u00e9riques o\u00f9 la mer de glace emp\u00eache tout passage. Les principales conqu\u00eates faites pendant les explorations du XVIII<\/span><span style=\"color: #000000\"><sup>e<\/sup><\/span><span style=\"color: #000000\"> si\u00e8cle sont celles de James Cook en Australie et en Nouvelle-Z\u00e9lande o\u00f9 il baptise plusieurs lieux pour leur donner ensuite une v\u00e9ritable attribution britanniqu<\/span><span style=\"color: #000000\">e.<\/span><\/span><\/p>\n<div id=\"attachment_2012\" style=\"width: 2510px\" class=\"wp-caption alignnone\"><a href=\"http:\/\/blogs.univ-jfc.fr\/projetlaperouse\/wp-content\/uploads\/sites\/9\/2014\/03\/pacifique1.jpg\"><img aria-describedby=\"caption-attachment-2012\" loading=\"lazy\" class=\"size-full wp-image-2012\" alt=\"Resolution and Adventure with fishing craft in Matavai Bay, William Hoges, 1776, 320x227 cm.\" src=\"http:\/\/blogs.univ-jfc.fr\/projetlaperouse\/wp-content\/uploads\/sites\/9\/2014\/03\/pacifique1.jpg\" width=\"2500\" height=\"1770\" \/><\/a><p id=\"caption-attachment-2012\" class=\"wp-caption-text\">Resolution and Adventure with fishing craft in Matavai Bay, William Hoges, 1776, 320&#215;227 cm.<\/p><\/div>\n<p align=\"JUSTIFY\">\u00a0<span style=\"color: #000000\">Vingt ans plus tard, en 1788, les Anglais d\u00e9barqu<\/span><span style=\"color: #000000\">e<\/span><span style=\"color: #000000\">nt<\/span><span style=\"color: #000000\"> sur le site de d\u00e9couverte de Cook pour fonder la premi\u00e8re colonie australienne qui devint la colonie de Sydney, encore aujourd&rsquo;hui grande ville d&rsquo;Australie. La France fait, elle l&rsquo;acquisition d&rsquo;\u00eeles au milieu du Pacifique <\/span><span style=\"color: #000000\">(Polyn\u00e9sie) <\/span><span style=\"color: #000000\">mais cela semble bien moindre face aux richesses du continent austral que remportent les <\/span><span style=\"color: #000000\">A<\/span><span style=\"color: #000000\">nglais<\/span><sup><span style=\"color: #000000\"><span style=\"font-family: Arial, sans-serif\"><a href=\"#sdfootnote2sym\" name=\"sdfootnote2anc\">3<\/a><\/span><\/span><\/sup>.<\/p>\n<p><span style=\"color: #000000\"><span style=\"color: #3366ff\"><a href=\"#sdfootnote1anc\" name=\"sdfootnote1sym\"><span style=\"color: #3366ff\">1 <\/span><\/a><\/span>Philippe Haudr\u00e8re,<i> Le grand commerce maritime au XVIIIe si\u00e8cle<\/i>, Paris, Sedes, 1997, p. 24 \u00e0 30.<\/span><\/p>\n<div id=\"sdfootnote1\">\n<p><a href=\"#sdfootnote1anc\" name=\"sdfootnote1sym\">2 <\/a><span style=\"color: #000000\">R<\/span><span style=\"color: #000000\">obert <\/span><span style=\"color: #000000\">Muchembled, <\/span><span style=\"color: #000000\"><span style=\"font-size: small\"><i>Le XVIII<\/i><\/span><\/span><span style=\"color: #000000\"><sup><span style=\"font-size: small\"><i>e <\/i><\/span><\/sup><\/span><span style=\"color: #000000\"><span style=\"font-size: small\"><i> si\u00e8cle, 1715-1815, Histoire moderne<\/i><\/span><\/span><span style=\"color: #000000\">, <\/span><span style=\"color: #000000\">Paris,<\/span><span style=\"color: #000000\"> Br\u00e9al, 1997<\/span><span style=\"color: #333333\">, <\/span><span style=\"color: #333333\">p. 72-84.<\/span><\/p>\n<\/div>\n<div id=\"sdfootnote2\">\n<p align=\"LEFT\"><a href=\"#sdfootnote2anc\" name=\"sdfootnote2sym\">3 <\/a><span style=\"color: #000000\">Christopher Lloyd, <\/span><a href=\"http:\/\/fr.wikipedia.org\/wiki\/Relations_de_voyages_autour_du_monde\"><span style=\"color: #000000\"><i>Relations de voyages autour du monde<\/i><\/span><\/a><span style=\"color: #000000\">, <\/span><span style=\"color: #000000\"><i>1768-1779<\/i><\/span><span style=\"color: #000000\">, <\/span><span style=\"color: #000000\">Paris,<\/span><span style=\"color: #000000\"> La D\u00e9couverte, <\/span><span style=\"color: #000000\">2005<\/span><span style=\"color: #000000\">, <\/span><span style=\"color: #000000\">p. 330-342.<\/span><\/p>\n<\/div>\n<p>&nbsp;<\/p>\n<\/div>\n","protected":false},"excerpt":{"rendered":"<p>Les Indes, un territoire immense au c\u0153ur de la colonisation au XVIIIe si\u00e8cle.\u00a0 Pour tous les \u00c9tats europ\u00e9ens, la course \u00e0 la colonisation devient une priorit\u00e9 au XVIIIe si\u00e8cle. La France et l&rsquo;Angleterre font passer leurs colonies en Orient au &hellip; <a href=\"https:\/\/blogs.univ-jfc.fr\/projetlaperouse\/la-mer-au-siecles-des-lumieres\/les-rivalites-europeennes\/3-lorient-nouvelle-cible-des-puissances-europeennes\/\">Lire la suite <span class=\"meta-nav\">&rarr;<\/span><\/a><\/p>\n","protected":false},"author":53,"featured_media":0,"parent":254,"menu_order":0,"comment_status":"closed","ping_status":"open","template":"sidebar-page.php","meta":[],"_links":{"self":[{"href":"https:\/\/blogs.univ-jfc.fr\/projetlaperouse\/wp-json\/wp\/v2\/pages\/1963"}],"collection":[{"href":"https:\/\/blogs.univ-jfc.fr\/projetlaperouse\/wp-json\/wp\/v2\/pages"}],"about":[{"href":"https:\/\/blogs.univ-jfc.fr\/projetlaperouse\/wp-json\/wp\/v2\/types\/page"}],"author":[{"embeddable":true,"href":"https:\/\/blogs.univ-jfc.fr\/projetlaperouse\/wp-json\/wp\/v2\/users\/53"}],"replies":[{"embeddable":true,"href":"https:\/\/blogs.univ-jfc.fr\/projetlaperouse\/wp-json\/wp\/v2\/comments?post=1963"}],"version-history":[{"count":17,"href":"https:\/\/blogs.univ-jfc.fr\/projetlaperouse\/wp-json\/wp\/v2\/pages\/1963\/revisions"}],"predecessor-version":[{"id":4624,"href":"https:\/\/blogs.univ-jfc.fr\/projetlaperouse\/wp-json\/wp\/v2\/pages\/1963\/revisions\/4624"}],"up":[{"embeddable":true,"href":"https:\/\/blogs.univ-jfc.fr\/projetlaperouse\/wp-json\/wp\/v2\/pages\/254"}],"wp:attachment":[{"href":"https:\/\/blogs.univ-jfc.fr\/projetlaperouse\/wp-json\/wp\/v2\/media?parent=1963"}],"curies":[{"name":"wp","href":"https:\/\/api.w.org\/{rel}","templated":true}]}}