{"id":21,"date":"2013-06-11T07:42:20","date_gmt":"2013-06-11T06:42:20","guid":{"rendered":"http:\/\/blogs.univ-jfc.fr\/projetlaperouse\/?page_id=21"},"modified":"2014-05-24T08:29:44","modified_gmt":"2014-05-24T07:29:44","slug":"la-decouverte-du-pacifique","status":"publish","type":"page","link":"https:\/\/blogs.univ-jfc.fr\/projetlaperouse\/la-decouverte-du-pacifique\/","title":{"rendered":"La d\u00e9couverte du Pacifique"},"content":{"rendered":"<p align=\"JUSTIFY\"><span style=\"font-family: Arial,serif\"><span style=\"font-size: medium\"><span style=\"font-family: Arial,sans-serif\">Le mill\u00e9naire pr\u00e9c\u00e9dent \u00e0 vu se d\u00e9velopper, chez les europ\u00e9ens, une volont\u00e9 de conqu\u00eate motiv\u00e9e par une soif de richesse toujours plus importante. Afin de b\u00e9n\u00e9ficier d\u2019un commerce \u00e0 leur avantage, les principaux pays europ\u00e9ens, qui furent surtout l\u2019Espagne et le Portugal dans un premier temps puis la France et l\u2019Angleterre par la suite, d\u00e9cid\u00e8rent de se jeter dans des zones encore totalement inconnues. Cette volont\u00e9 d\u2019exploration entra\u00eena alors le d\u00e9but des <a href=\"http:\/\/blogs.univ-jfc.fr\/projetlaperouse\/la-decouverte-du-pacifique\/les-grandes-decouvertes\/\">grandes d\u00e9couvertes<\/a> qui permirent, par la suite, aux grandes puissances europ\u00e9ennes d\u2019obtenir un contr\u00f4le des terres et des mers du globe, permettant d\u2019avoir la main mise sur le commerce international.<\/span><\/span><\/span><\/p>\n<div id=\"attachment_3719\" style=\"width: 312px\" class=\"wp-caption alignleft\"><a href=\"http:\/\/blogs.univ-jfc.fr\/projetlaperouse\/wp-content\/uploads\/sites\/9\/2013\/06\/25027.jpg\"><img aria-describedby=\"caption-attachment-3719\" loading=\"lazy\" class=\" wp-image-3719   \" title=\"Carte du monde connu de 1651\" alt=\"25027\" src=\"http:\/\/blogs.univ-jfc.fr\/projetlaperouse\/wp-content\/uploads\/sites\/9\/2013\/06\/25027.jpg\" width=\"302\" height=\"229\" \/><\/a><p id=\"caption-attachment-3719\" class=\"wp-caption-text\">\u00ab\u00a0A New and Accurat Map of the World\u00a0\u00bb, John Speed, 1651, (source: http:\/\/www.raremaps.com\/gallery\/detail\/25027)<\/p><\/div>\n<p align=\"JUSTIFY\"><span style=\"font-family: Times New Roman,serif\"><span style=\"font-size: medium\"><span style=\"font-family: Arial,sans-serif\">Les <a title=\"Marins et explorateurs dans les Mers du Sud\" href=\"http:\/\/blogs.univ-jfc.fr\/projetlaperouse\/la-decouverte-du-pacifique\/marins-et-explorateurs-dans-les-mers-du-sud\/\"><span style=\"font-family: Arial,sans-serif\">M<\/span>ers du Sud<\/a>, qui \u00e9taient pour les Europ\u00e9ens au XVIIe si\u00e8cle l\u2019Oc\u00e9an Pacifique et l\u2019Oc\u00e9an Indien, ont \u00e9t\u00e9 un lieu d\u2019explorations avant d\u2019\u00eatre celui d\u2019\u00e9changes commerciaux, et de conflits. On choisit de s\u2019implanter dans les Mers du Sud selon des facteurs strat\u00e9giques et politiques. Le commerce, motif majeur de la conqu\u00eate de nouvelles terres, se d\u00e9veloppe alors et permet \u00e0 la France de se constituer un<\/span><span style=\"font-family: Arial,sans-serif\">e<\/span><span style=\"font-family: Arial,sans-serif\"> v\u00e9ritable puissance dans les <span style=\"font-family: Arial,sans-serif\">M<\/span>ers du Sud.<\/span><\/span><\/span><\/p>\n<p align=\"JUSTIFY\"><span style=\"font-family: Arial,serif\"><span style=\"font-size: medium\"><span style=\"font-family: Arial,sans-serif\">Le voyage de Bougainville, premi\u00e8re circumnavigation fran\u00e7aise, est marqu\u00e9 par de nouveaux objectifs, plus scientifiques qu&rsquo;auparavant. Cependant l&rsquo;exp\u00e9dition ne fit aucune d\u00e9couverte majeure, malgr\u00e9 une escale \u00e0 Tahiti c\u00e9l\u00e8bre pour avoir accr\u00e9dit\u00e9e le mythe du \u00ab\u00a0bon sauvage\u00a0\u00bb. <a title=\"Bougainville et Cook\" href=\"http:\/\/blogs.univ-jfc.fr\/projetlaperouse\/la-decouverte-du-pacifique\/bougainville-et-cook\/\">Bougainville<\/a> prend place aux c\u00f4t\u00e9s de <a title=\"Bougainville et Cook\" href=\"http:\/\/blogs.univ-jfc.fr\/projetlaperouse\/la-decouverte-du-pacifique\/bougainville-et-cook\/\">James Cook<\/a> comme un des grands explorateurs ayant pr\u00e9c\u00e9d\u00e9 Lap\u00e9rouse.<\/span><\/span><\/span><\/p>\n","protected":false},"excerpt":{"rendered":"<p>Le mill\u00e9naire pr\u00e9c\u00e9dent \u00e0 vu se d\u00e9velopper, chez les europ\u00e9ens, une volont\u00e9 de conqu\u00eate motiv\u00e9e par une soif de richesse toujours plus importante. Afin de b\u00e9n\u00e9ficier d\u2019un commerce \u00e0 leur avantage, les principaux pays europ\u00e9ens, qui furent surtout l\u2019Espagne et &hellip; <a href=\"https:\/\/blogs.univ-jfc.fr\/projetlaperouse\/la-decouverte-du-pacifique\/\">Lire la suite <span class=\"meta-nav\">&rarr;<\/span><\/a><\/p>\n","protected":false},"author":15,"featured_media":450,"parent":0,"menu_order":2,"comment_status":"closed","ping_status":"closed","template":"sidebar-page.php","meta":[],"_links":{"self":[{"href":"https:\/\/blogs.univ-jfc.fr\/projetlaperouse\/wp-json\/wp\/v2\/pages\/21"}],"collection":[{"href":"https:\/\/blogs.univ-jfc.fr\/projetlaperouse\/wp-json\/wp\/v2\/pages"}],"about":[{"href":"https:\/\/blogs.univ-jfc.fr\/projetlaperouse\/wp-json\/wp\/v2\/types\/page"}],"author":[{"embeddable":true,"href":"https:\/\/blogs.univ-jfc.fr\/projetlaperouse\/wp-json\/wp\/v2\/users\/15"}],"replies":[{"embeddable":true,"href":"https:\/\/blogs.univ-jfc.fr\/projetlaperouse\/wp-json\/wp\/v2\/comments?post=21"}],"version-history":[{"count":29,"href":"https:\/\/blogs.univ-jfc.fr\/projetlaperouse\/wp-json\/wp\/v2\/pages\/21\/revisions"}],"predecessor-version":[{"id":3168,"href":"https:\/\/blogs.univ-jfc.fr\/projetlaperouse\/wp-json\/wp\/v2\/pages\/21\/revisions\/3168"}],"wp:featuredmedia":[{"embeddable":true,"href":"https:\/\/blogs.univ-jfc.fr\/projetlaperouse\/wp-json\/wp\/v2\/media\/450"}],"wp:attachment":[{"href":"https:\/\/blogs.univ-jfc.fr\/projetlaperouse\/wp-json\/wp\/v2\/media?parent=21"}],"curies":[{"name":"wp","href":"https:\/\/api.w.org\/{rel}","templated":true}]}}