{"id":2205,"date":"2014-03-27T09:01:31","date_gmt":"2014-03-27T08:01:31","guid":{"rendered":"http:\/\/blogs.univ-jfc.fr\/projetlaperouse\/?page_id=2205"},"modified":"2014-04-03T09:06:28","modified_gmt":"2014-04-03T08:06:28","slug":"les-batailles-de-lexpedition-de-la-baie-dhudson","status":"publish","type":"page","link":"https:\/\/blogs.univ-jfc.fr\/projetlaperouse\/marin-et-soldat\/lexpedition-de-la-baie-dhudson\/les-batailles-de-lexpedition-de-la-baie-dhudson\/","title":{"rendered":"Les batailles de l&rsquo;exp\u00e9dition de la baie d&rsquo;Hudson."},"content":{"rendered":"<div id=\"attachment_2897\" style=\"width: 183px\" class=\"wp-caption alignright\"><a href=\"http:\/\/blogs.univ-jfc.fr\/projetlaperouse\/wp-content\/uploads\/sites\/9\/2013\/06\/800px-Churchill_Fort_Prince_of_Wales_1996-08-12.jpg\"><img aria-describedby=\"caption-attachment-2897\" loading=\"lazy\" class=\" wp-image-2897   \" alt=\"Image a\u00e9rienne du Fort Prince-de-Galles situ\u00e9 dans la baie d'Hudson.\" src=\"http:\/\/blogs.univ-jfc.fr\/projetlaperouse\/wp-content\/uploads\/sites\/9\/2013\/06\/800px-Churchill_Fort_Prince_of_Wales_1996-08-12.jpg\" width=\"173\" height=\"99\" \/><\/a><p id=\"caption-attachment-2897\" class=\"wp-caption-text\">Image a\u00e9rienne du<a href=\"http:\/\/en.wikipedia.org\/wiki\/File:Churchill_Fort_Prince_of_Wales_1996-08-12.jpg\"> Fort Prince-de-Galles<\/a> situ\u00e9 dans la baie d&rsquo;Hudson.<\/p><\/div>\n<p align=\"JUSTIFY\"><span style=\"font-family: Arial,sans-serif\">Apr\u00e8s un p\u00e9rilleux voyage, les fran\u00e7ais r\u00e9ussirent \u00e0 accoster le 8 ao\u00fbt pr\u00e8s du fort <i>Prince of Wales<\/i>. Lap\u00e9rouse, apr\u00e8s une \u00e9valuation de l&rsquo;effectif adverse, envoya des chaloupes pour profiter de l&rsquo;effet de surprise et ainsi \u00e9viter toutes confrontations aux canons. Cette d\u00e9cision fut un choix strat\u00e9gique important, \u00e9tant donn\u00e9 l&rsquo;\u00e9tat d&rsquo;\u00e9puisement de ses marins apr\u00e8s la travers\u00e9e et la recherche du d\u00e9troit. Pour avoir un succ\u00e8s total, Lap\u00e9rouse ordonna \u00e0 Rostaing d&rsquo;attaquer le fort, qui se rendit sans la moindre r\u00e9sistance. Cette victoire \u00e9clair permit de faire le plein de cargaison et s&rsquo;attribuer les ressources anglaises, comme les nombreuses fourrures. Les prisonniers furent \u00e9galement enr\u00f4l\u00e9s et trait\u00e9s comme des membres de l&rsquo;\u00e9quipage. Malgr\u00e9 cet accueil, il est int\u00e9ressant de voir que ce nouvel \u00e9quipage ne fit pas partager ses connaissances en cartographie avec le reste de la flotte fran\u00e7aise. L&rsquo;\u00e9quipage pu \u00e9galement se restaurer apr\u00e8s des restrictions alimentaires \u00e9prouv\u00e9es sur le navire, ainsi que de profiter de l&rsquo;\u00e9quipement anglais contre les temp\u00e9ratures basses. Apr\u00e8s cette d\u00e9faite anglaise, le g\u00e9n\u00e9ral Samuel Hearne f\u00fbt \u00e9galement bien trait\u00e9\u00a0; il f\u00fbt convi\u00e9 \u00e0 un repas avec Lap\u00e9rouse. Le rang de g\u00e9n\u00e9ral octroie certains droits et devoirs mutuels, les g\u00e9n\u00e9raux ne pouvant pas \u00eatre m\u00e9lang\u00e9s avec les matelots. Ces deux personnes se li\u00e8rent d&rsquo;une forte amiti\u00e9, bien qu&rsquo;ils soient dans deux camps oppos\u00e9s, \u00e0 tel point que Lap\u00e9rouse demanda des nouvelles de Hearne \u00e0 la fin du conflit. La prise et la destruction du fort <i>Prince of Wales<\/i> dura trois jours. Le fort fut br\u00fbl\u00e9 dans le but de mettre un terme au commerce anglais dans la r\u00e9gion.<\/span><\/p>\n<div id=\"attachment_3555\" style=\"width: 194px\" class=\"wp-caption alignright\"><a href=\"http:\/\/blogs.univ-jfc.fr\/projetlaperouse\/wp-content\/uploads\/sites\/9\/2014\/03\/FORT-YORK.jpg\"><img aria-describedby=\"caption-attachment-3555\" loading=\"lazy\" class=\" wp-image-3555    \" alt=\"Plan du Fort York. Le Fort fut d\u00e9truit lors du raid de Lap\u00e9rouse. Le Fort fut reconstruit par la suite par la compagnie de la baie. \" src=\"http:\/\/blogs.univ-jfc.fr\/projetlaperouse\/wp-content\/uploads\/sites\/9\/2014\/03\/FORT-YORK.jpg\" width=\"184\" height=\"153\" \/><\/a><p id=\"caption-attachment-3555\" class=\"wp-caption-text\">Plan du <a href=\"http:\/\/spacing.ca\/toronto\/2014\/01\/03\/good-reads-winter-issue-fort-yorks-free-newsletter-fife-drum\/\">Fort York<\/a>. Il fut d\u00e9truit lors du raid de Lap\u00e9rouse. Le Fort fut reconstruit par la suite par la compagnie de la baie.<\/p><\/div>\n<p align=\"JUSTIFY\"><span style=\"font-family: Arial,sans-serif\">Le d\u00e9part pour <i>Fort York<\/i> eut lieu le 11 ao\u00fbt et le voyage dura environ une semaine.<\/span><\/p>\n<p align=\"JUSTIFY\"><span style=\"font-family: Arial,sans-serif\">Lap\u00e9rouse n&rsquo;arrivait pas \u00e0 localiser le fameux fort depuis son bateau. Ne pouvant pas passer par des petits cours d&rsquo;eau, il f\u00fbt d\u00e9cid\u00e9 avec La Jaille et Rostaing qu&rsquo;ils allaient prendre des chaloupes afin de trouver le fort. Mais ils se retrouv\u00e8rent rapidement dans des mar\u00e9cages, ce qui rendit la navigation \u00e0 la chaloupe et \u00e0 la boussole compliqu\u00e9e. Ils se firent rep\u00e9rer par un navire \u00e0 36 canons qui ne les attaqua pas. Lap\u00e9rouse ordonna imm\u00e9diatement \u00e0 De Langle d&rsquo;attaquer, mais le navire ainsi que les forces en pr\u00e9sence, avaient fuit. Certains des occupants s&rsquo;\u00e9taient \u00e9chapp\u00e9s dans les bois ou par la mer en profitant du brouillard de la r\u00e9gion. Si ces hommes ont pr\u00e9f\u00e9r\u00e9 la fuite \u00e0 la bataille, c&rsquo;est certainement \u00e0 cause d&rsquo;un manque de pr\u00e9paration. Les Anglais \u00e9taient s\u00fbrs que personne ne les attaqueraient dans la baie d&rsquo;Hudson. Suite \u00e0 ces \u00e9v\u00e9nements Lap\u00e9rouse, par altruisme ou par un grand humanisme, laissa des vivres pour les fuyards britanniques ainsi que des armes pour qu&rsquo;ils puissent s&rsquo;alimenter dans un climat hostile et se d\u00e9fendre contre les tribus sauvages et les b\u00eates. Il autorisa \u00e9galement, une fois arriv\u00e9 sur l&rsquo;\u00eele de la r\u00e9solution, que les prisonniers du fort <i>Prince of Wales<\/i> puissent regagner leur pays.<\/span><\/p>\n<p align=\"JUSTIFY\"><span style=\"font-family: Arial,sans-serif\"> On sait que le retour f\u00fbt moins difficile que l&rsquo;aller. N\u00e9anmoins, Lap\u00e9rouse perdit de nombreux hommes suites aux maladies maritimes telles que le scorbut. Pour ces raisons, Lap\u00e9rouse d\u00e9posa des hommes de son \u00e9quipage, ainsi que des Anglais \u00e0 Cadix afin qu&rsquo;ils puissent se reposer des \u00e9preuves qu&rsquo;ils avaient travers\u00e9s. L&rsquo;humanisme du \u00ab\u00a0Gentil Homme des mers\u00a0\u00bb fait surface lorsqu&rsquo;il d\u00e9cide, alors qu&rsquo;il n&rsquo;a ni l&rsquo;ordre ni l&rsquo;autorisation de sa hi\u00e9rarchie, de laisser ses hommes et ses prisonniers se ressourcer dans la ville de Cadix. <\/span><\/p>\n","protected":false},"excerpt":{"rendered":"<p>Apr\u00e8s un p\u00e9rilleux voyage, les fran\u00e7ais r\u00e9ussirent \u00e0 accoster le 8 ao\u00fbt pr\u00e8s du fort Prince of Wales. Lap\u00e9rouse, apr\u00e8s une \u00e9valuation de l&rsquo;effectif adverse, envoya des chaloupes pour profiter de l&rsquo;effet de surprise et ainsi \u00e9viter toutes confrontations aux &hellip; <a href=\"https:\/\/blogs.univ-jfc.fr\/projetlaperouse\/marin-et-soldat\/lexpedition-de-la-baie-dhudson\/les-batailles-de-lexpedition-de-la-baie-dhudson\/\">Lire la suite <span class=\"meta-nav\">&rarr;<\/span><\/a><\/p>\n","protected":false},"author":39,"featured_media":0,"parent":279,"menu_order":3,"comment_status":"closed","ping_status":"open","template":"","meta":[],"_links":{"self":[{"href":"https:\/\/blogs.univ-jfc.fr\/projetlaperouse\/wp-json\/wp\/v2\/pages\/2205"}],"collection":[{"href":"https:\/\/blogs.univ-jfc.fr\/projetlaperouse\/wp-json\/wp\/v2\/pages"}],"about":[{"href":"https:\/\/blogs.univ-jfc.fr\/projetlaperouse\/wp-json\/wp\/v2\/types\/page"}],"author":[{"embeddable":true,"href":"https:\/\/blogs.univ-jfc.fr\/projetlaperouse\/wp-json\/wp\/v2\/users\/39"}],"replies":[{"embeddable":true,"href":"https:\/\/blogs.univ-jfc.fr\/projetlaperouse\/wp-json\/wp\/v2\/comments?post=2205"}],"version-history":[{"count":10,"href":"https:\/\/blogs.univ-jfc.fr\/projetlaperouse\/wp-json\/wp\/v2\/pages\/2205\/revisions"}],"predecessor-version":[{"id":2510,"href":"https:\/\/blogs.univ-jfc.fr\/projetlaperouse\/wp-json\/wp\/v2\/pages\/2205\/revisions\/2510"}],"up":[{"embeddable":true,"href":"https:\/\/blogs.univ-jfc.fr\/projetlaperouse\/wp-json\/wp\/v2\/pages\/279"}],"wp:attachment":[{"href":"https:\/\/blogs.univ-jfc.fr\/projetlaperouse\/wp-json\/wp\/v2\/media?parent=2205"}],"curies":[{"name":"wp","href":"https:\/\/api.w.org\/{rel}","templated":true}]}}