{"id":2238,"date":"2014-03-27T09:04:07","date_gmt":"2014-03-27T08:04:07","guid":{"rendered":"http:\/\/blogs.univ-jfc.fr\/projetlaperouse\/?page_id=2238"},"modified":"2014-05-25T08:20:04","modified_gmt":"2014-05-25T07:20:04","slug":"la-compagnie-francaise-des-indes-orientales","status":"publish","type":"page","link":"https:\/\/blogs.univ-jfc.fr\/projetlaperouse\/la-decouverte-du-pacifique\/marins-et-explorateurs-dans-les-mers-du-sud\/les-implantations-francaises-dans-les-mers-du-sud\/la-compagnie-francaise-des-indes-orientales\/","title":{"rendered":"La Compagnie Fran\u00e7aise des Indes orientales"},"content":{"rendered":"<p style=\"text-align: justify\">La Compagnie des Indes est constitu\u00e9e d\u2019un groupe de n\u00e9gociants-armateurs, la concession \u00e9tant faite par le roi, qui s\u2019engage \u00e0 prot\u00e9ger les b\u00e2timents de commerce en cas de guerre. Les n\u00e9gociants-armateurs, eux, se doivent d\u2019assurer le transport et l\u2019implantation de colons, mais aussi le ravitaillement du march\u00e9 fran\u00e7ais en divers produits coloniaux, et enfin la g\u00e9rance d\u2019\u00e9tablissements<a title=\"\" href=\"\/Users\/Administrateur\/Downloads\/Ile%20Bourbon%20-%20Ile%20de%20France%20-%20Compagnie%20des%20Indes.doc#_ftn1\">[1]<\/a>.<\/p>\n<p style=\"text-align: justify\">C\u2019est en 1664 qu\u2019est institu\u00e9e la Compagnie fran\u00e7aise des Indes orientales, selon l\u2019initiative de Jean-Baptiste Colbert. En 1673, le sultan de Bijapur propose aux Fran\u00e7ais de leur c\u00e9der un petit village sur la c\u00f4te. Y est \u00e9tabli le comptoir de Boudouts-chery, qui devient plus tard Pondich\u00e9ry, puis suit Chandernagor en 1688. Des gouverneurs s\u2019y succ\u00e8dent. Le territoire connait une v\u00e9ritable prosp\u00e9rit\u00e9 \u00e9conomique, gr\u00e2ce \u00e0 la production des filatures, aux activit\u00e9s commerciales, auxquelles s\u2019ajoutent l\u2019expansion territoriale et le renforcement de l\u2019influence fran\u00e7aise dans la r\u00e9gion du Deccan.<\/p>\n<p style=\"text-align: justify\">Les comptoirs ont une organisation structur\u00e9e, avec dans chaque port un \u00e9tablissement commercial public o\u00f9 le propri\u00e9taire d\u2019un navire en rel\u00e2che rencontre les marchands locaux et peut n\u00e9gocier avec eux la vente en bloc d\u2019une partie ou de la totalit\u00e9 de la cargaison, qui est ensuite partag\u00e9e entre marchands<a title=\"\" href=\"\/Users\/Administrateur\/Downloads\/Ile%20Bourbon%20-%20Ile%20de%20France%20-%20Compagnie%20des%20Indes.doc#_ftn2\">[2]<\/a>.<\/p>\n<p style=\"text-align: justify\">Pondich\u00e9ry est le chef-lieu des \u00e9tablissements fran\u00e7ais aux Indes orientales. De 1693 \u00e0 1699, les Hollandais occupent Pondich\u00e9ry en profitant de la guerre de la ligue d\u2019Augsbourg. Mais en 1697, le trait\u00e9 de Ryswick reconna\u00eet la possession d\u00e9finitive de Pondich\u00e9ry \u00e0 la France. La r\u00e9gion est propice \u00e0 l\u2019agriculture gr\u00e2ce \u00e0 l\u2019eau potable sortant de terre naturellement par des puits art\u00e9siens. De 1701 \u00e0 1704, en bordure de mer est construite une ville organis\u00e9e autour du fort Saint-Louis, \u00e9difice militaire inspir\u00e9 de la citadelle de Tournai. Les b\u00e2timents ne sont plus de bois et de terre, mais sont d\u00e9sormais fabriqu\u00e9s en briques et en tuiles selon la volont\u00e9 du gouverneur M. Lenoir. On y trouve des \u00e9glises, l\u2019h\u00f4tel de la monnaie (1738), l\u2019h\u00f4tel du gouverneur (1750). De 1724 \u00e0 1747 est construite une enceinte d\u00e9fensive<a title=\"\" href=\"\/Users\/Administrateur\/Downloads\/Ile%20Bourbon%20-%20Ile%20de%20France%20-%20Compagnie%20des%20Indes.doc#_ftn3\">[3]<\/a>.<\/p>\n<p style=\"text-align: justify\">La compagnie des Indes Orientales faisant faillite en 1764, l\u2019Ile Bourbon est rachet\u00e9e par Louis XV et, au cours de la R\u00e9volution Fran\u00e7aise, le 4 f\u00e9vrier 1794, la loi d\u2019abolition de l\u2019esclavage dans les colonies est vot\u00e9e par la Convention<a title=\"\" href=\"\/Users\/Administrateur\/Downloads\/Ile%20Bourbon%20-%20Ile%20de%20France%20-%20Compagnie%20des%20Indes.doc#_ftn4\">[4]<\/a>.<\/p>\n<hr align=\"left\" size=\"1\" width=\"33%\" \/>\n<div style=\"text-align: justify\">\n<p align=\"left\"><a title=\"\" href=\"\/Users\/Administrateur\/Downloads\/Ile%20Bourbon%20-%20Ile%20de%20France%20-%20Compagnie%20des%20Indes.doc#_ftnref1\">[1]<\/a> M. VERGE-FRANCESCHI (dir.), <i>Dictionnaire d\u2019histoire maritime<\/i>, Robert Laffont (2 vol. ss coffret), 2002, vol. 1, p. 395.<\/p>\n<\/div>\n<div style=\"text-align: justify\">\n<p align=\"left\"><a title=\"\" href=\"\/Users\/Administrateur\/Downloads\/Ile%20Bourbon%20-%20Ile%20de%20France%20-%20Compagnie%20des%20Indes.doc#_ftnref2\">[2]<\/a> M. VERGE-FRANCESCHI (dir.), <i>Dictionnaire d\u2019histoire maritime<\/i>, Robert Laffont (2 vol. ss coffret), 2002, vol. 2, p. 386<\/p>\n<\/div>\n<div style=\"text-align: justify\">\n<p align=\"left\"><a title=\"\" href=\"\/Users\/Administrateur\/Downloads\/Ile%20Bourbon%20-%20Ile%20de%20France%20-%20Compagnie%20des%20Indes.doc#_ftnref3\">[3]<\/a> <em>Ibid<\/em>, p. 1160.<\/p>\n<\/div>\n<div>\n<p style=\"text-align: justify\" align=\"left\"><a title=\"\" href=\"\/Users\/Administrateur\/Downloads\/Ile%20Bourbon%20-%20Ile%20de%20France%20-%20Compagnie%20des%20Indes.doc#_ftnref4\">[4]<\/a> Site des professeurs de Lettres-Histoire de l\u2019Acad\u00e9mie de Montpellier <a href=\"http:\/\/www.lhgmontpellier.fr\/downloads\/Ressources\/Hist-geo\/2de\/Esclavage%20Bourbon.pdf\">http:\/\/www.lhgmontpellier.fr\/downloads\/Ressources\/Hist-geo\/2de\/Esclavage%20Bourbon.pdf<\/a><\/p>\n<\/div>\n","protected":false},"excerpt":{"rendered":"<p>La Compagnie des Indes est constitu\u00e9e d\u2019un groupe de n\u00e9gociants-armateurs, la concession \u00e9tant faite par le roi, qui s\u2019engage \u00e0 prot\u00e9ger les b\u00e2timents de commerce en cas de guerre. Les n\u00e9gociants-armateurs, eux, se doivent d\u2019assurer le transport et l\u2019implantation de &hellip; <a href=\"https:\/\/blogs.univ-jfc.fr\/projetlaperouse\/la-decouverte-du-pacifique\/marins-et-explorateurs-dans-les-mers-du-sud\/les-implantations-francaises-dans-les-mers-du-sud\/la-compagnie-francaise-des-indes-orientales\/\">Lire la suite <span class=\"meta-nav\">&rarr;<\/span><\/a><\/p>\n","protected":false},"author":15,"featured_media":0,"parent":1328,"menu_order":0,"comment_status":"closed","ping_status":"open","template":"sidebar-page.php","meta":[],"_links":{"self":[{"href":"https:\/\/blogs.univ-jfc.fr\/projetlaperouse\/wp-json\/wp\/v2\/pages\/2238"}],"collection":[{"href":"https:\/\/blogs.univ-jfc.fr\/projetlaperouse\/wp-json\/wp\/v2\/pages"}],"about":[{"href":"https:\/\/blogs.univ-jfc.fr\/projetlaperouse\/wp-json\/wp\/v2\/types\/page"}],"author":[{"embeddable":true,"href":"https:\/\/blogs.univ-jfc.fr\/projetlaperouse\/wp-json\/wp\/v2\/users\/15"}],"replies":[{"embeddable":true,"href":"https:\/\/blogs.univ-jfc.fr\/projetlaperouse\/wp-json\/wp\/v2\/comments?post=2238"}],"version-history":[{"count":5,"href":"https:\/\/blogs.univ-jfc.fr\/projetlaperouse\/wp-json\/wp\/v2\/pages\/2238\/revisions"}],"predecessor-version":[{"id":4486,"href":"https:\/\/blogs.univ-jfc.fr\/projetlaperouse\/wp-json\/wp\/v2\/pages\/2238\/revisions\/4486"}],"up":[{"embeddable":true,"href":"https:\/\/blogs.univ-jfc.fr\/projetlaperouse\/wp-json\/wp\/v2\/pages\/1328"}],"wp:attachment":[{"href":"https:\/\/blogs.univ-jfc.fr\/projetlaperouse\/wp-json\/wp\/v2\/media?parent=2238"}],"curies":[{"name":"wp","href":"https:\/\/api.w.org\/{rel}","templated":true}]}}