{"id":2260,"date":"2014-03-27T09:09:24","date_gmt":"2014-03-27T08:09:24","guid":{"rendered":"http:\/\/blogs.univ-jfc.fr\/projetlaperouse\/?page_id=2260"},"modified":"2014-05-01T15:44:43","modified_gmt":"2014-05-01T14:44:43","slug":"lecole-de-garde-marine-un-choix-judicieux-et-encadre","status":"publish","type":"page","link":"https:\/\/blogs.univ-jfc.fr\/projetlaperouse\/marin-et-soldat\/lepreuve-du-feu\/lecole-de-garde-marine-un-choix-judicieux-et-encadre\/","title":{"rendered":"L\u2019\u00e9cole de Garde-marine, un choix judicieux et encadr\u00e9."},"content":{"rendered":"<p style=\"text-align: justify\"><span style=\"color: #333333\">Jean-Fran\u00e7ois Lap\u00e9rouse, alors de Gallaup, a \u00e9tudi\u00e9 au lyc\u00e9e j\u00e9suite d&rsquo;Albi, o\u00f9 il a c\u00f4toy\u00e9 Rochegude qui deviendra lui aussi un officier de Marine reconnu. Pendant ses \u00e9tudes, il se montre turbulent. Lap\u00e9rouse n&rsquo;a pas la patience n\u00e9cessaire aux longues \u00e9tudes et \u00e9tant fils unique, il ne pouvait pas entrer dans les ordres, afin de pr\u00e9server l&rsquo;h\u00e9ritage.<\/span><\/p>\n<div id=\"attachment_1238\" style=\"width: 197px\" class=\"wp-caption alignright\"><a href=\"http:\/\/blogs.univ-jfc.fr\/projetlaperouse\/wp-content\/uploads\/sites\/9\/2014\/03\/jonquiere.jpg\"><img aria-describedby=\"caption-attachment-1238\" loading=\"lazy\" class=\" wp-image-1238   \" alt=\"Site du mus\u00e9e de La P\u00e9rouse\" src=\"http:\/\/blogs.univ-jfc.fr\/projetlaperouse\/wp-content\/uploads\/sites\/9\/2014\/03\/jonquiere.jpg\" width=\"187\" height=\"265\" \/><\/a><p id=\"caption-attachment-1238\" class=\"wp-caption-text\"><a href=\"http:\/\/commons.wikimedia.org\/wiki\/File%3ACl%C3%A9ment_Taffanel_de_la_Jonqui%C3%A8re.jpeg\">Cl\u00e9ment Taffanel de la Jonqui\u00e8re<\/a><\/p><\/div>\n<p style=\"text-align: justify\"><span style=\"color: #333333\">La solution fut s\u00fbrement apport\u00e9e par deux hommes,\u00a0<\/span><a href=\"http:\/\/blogs.univ-jfc.fr\/projetlaperouse\/clement-de-taffanel-de-la-jonquiere\/\">le marquis de La Jonqui\u00e8re<\/a><span style=\"color: #333333\">, cousin de Lap\u00e9rouse, et son ami le <a title=\"Gouverneur De Ternay\" href=\"http:\/\/blogs.univ-jfc.fr\/projetlaperouse\/marin-et-soldat\/dans-locean-indien\/gouverneur-de-ternay\/\">Chevalier de Ternay<\/a>, alors qu&rsquo;ils rendaient visite \u00e0 Victor Joseph, le p\u00e8re de Jean-Fran\u00e7ois. La Marine \u00e9tait devenue un corps d&rsquo;arm\u00e9e prestigieux, avec l&rsquo;\u00e8re de l&rsquo;exploration et de la g\u00e9n\u00e9ralisation des conflits maritimes, et l\u2019int\u00e9r\u00eat certain du roi pour les exp\u00e9ditions. De plus, la pension des Gardes de la Marine suffisait \u00e0 entretenir une famille, ce que cherchait Victor Joseph. Enfin la pension \u00e0 verser aux \u00e9l\u00e8ves par leur famille \u00e9tait dans les moyens des Gallaups. Victor Joseph d\u00e9cida donc d&rsquo;acheter un domaine, Lapeyrouse, et de l\u2019offrir \u00e0 son fils pour qu&rsquo;il puisse l&rsquo;annexer \u00e0 son nom et se donner ainsi plus d&rsquo;importance. Jean Fran\u00e7ois en modifia l&rsquo;\u00e9criture du nom pour en \u00f4ter le caract\u00e8re occitan et int\u00e9gra l&rsquo;\u00e9cole de la Marine de Brest, o\u00f9 avait \u00e9tudi\u00e9 de <a title=\"Cl\u00e9ment de Taffanel de La Jonqui\u00e8re\" href=\"http:\/\/blogs.univ-jfc.fr\/projetlaperouse\/marin-et-soldat\/lepreuve-du-feu\/clement-de-taffanel-de-la-jonquiere\/\">la Jonqui\u00e8re<\/a>, et dont c&rsquo;\u00e9tait aussi le port d&rsquo;attache. Cela lui permit de superviser l&rsquo;apprentissage de Lap\u00e9rouse.<\/span><\/p>\n<div id=\"attachment_1233\" style=\"width: 208px\" class=\"wp-caption alignright\"><a href=\"http:\/\/blogs.univ-jfc.fr\/projetlaperouse\/wp-content\/uploads\/sites\/9\/2014\/03\/ternay.jpg\"><img aria-describedby=\"caption-attachment-1233\" loading=\"lazy\" class=\"wp-image-1233 \" alt=\"ternay\" src=\"http:\/\/blogs.univ-jfc.fr\/projetlaperouse\/wp-content\/uploads\/sites\/9\/2014\/03\/ternay.jpg\" width=\"198\" height=\"217\" \/><\/a><p id=\"caption-attachment-1233\" class=\"wp-caption-text\"><a href=\"http:\/\/commons.wikimedia.org\/wiki\/File%3AChevalierdeternay.jpeg\">Chevalier d&rsquo;Arsac de Ternay<\/a><\/p><\/div>\n<p style=\"text-align: justify\"><a title=\"Cl\u00e9ment de Taffanel de La Jonqui\u00e8re\" href=\"http:\/\/blogs.univ-jfc.fr\/projetlaperouse\/marin-et-soldat\/lepreuve-du-feu\/clement-de-taffanel-de-la-jonquiere\/\">Cl\u00e9ment de Taffanel<\/a><span style=\"color: #333333\"><a title=\"Cl\u00e9ment de Taffanel de La Jonqui\u00e8re\" href=\"http:\/\/blogs.univ-jfc.fr\/projetlaperouse\/marin-et-soldat\/lepreuve-du-feu\/clement-de-taffanel-de-la-jonquiere\/\">, Marquis de la Jonqui\u00e8re<\/a> est issue d&rsquo;une famille noble et ais\u00e9e. Il s&rsquo;engagea dans la Marine jusqu&rsquo;\u00e0 devenir lieutenant-g\u00e9n\u00e9ral des arm\u00e9es navales apr\u00e8s la Guerre d&rsquo;Ind\u00e9pendance des \u00c9tats-Unis. Le marquis \u00e9tait un cousin, certes \u00e9loign\u00e9, au 5\u00b0 degr\u00e9 par alliance, mais surtout un homme de confiance. Ils se voyaient parfois quand le marquis \u00e9tait de repos en France. Pendant ces p\u00e9riodes, le <a title=\"Gouverneur De Ternay\" href=\"http:\/\/blogs.univ-jfc.fr\/projetlaperouse\/marin-et-soldat\/dans-locean-indien\/gouverneur-de-ternay\/\">chevalier de Ternay<\/a>, ami proche du marquis, restait avec lui. Les deux hommes ont donc pass\u00e9 plusieurs s\u00e9jours au ch\u00e2teau de G\u00f4. De Gallaup demanda au marquis de devenir le tuteur de Lap\u00e9rouse, et bien qu&rsquo;il soit d\u00e9j\u00e0 le tuteur d&rsquo;Armand de Saint-Felix, il accepta de prendre un deuxi\u00e8me enfant sous sa gouverne. Ainsi de Gallaup donna la pension de son fils au marquis. Lap\u00e9rouse devait donc justifier ses d\u00e9penses \u00e0 son tuteur, ce qui lui \u00e9vita de dilapider son argent. Il a \u00e9galement suivi avec attention l\u2019apprentissage de Lap\u00e9rouse et quand le <a title=\"Gouverneur De Ternay\" href=\"http:\/\/blogs.univ-jfc.fr\/projetlaperouse\/marin-et-soldat\/dans-locean-indien\/gouverneur-de-ternay\/\">Chevalier de Ternay<\/a> partit de Brest pour la guerre de Sept Ans, il contribua \u00e0 ce que Lap\u00e9rouse soit du voyage. Lap\u00e9rouse le lui rendit bien plus tard, en prenant \u00e0 la mort du marquis ses deux fils entr\u00e9s dans la Marine, Cl\u00e9ment-Joseph de Taffanel et Jean Pierre Claude Charles de Taffanel, sous sa protection. Mais de Taffanel ne fut pas le seul \u00e0 encadrer le jeune Lap\u00e9rouse. Le <a title=\"Gouverneur De Ternay\" href=\"http:\/\/blogs.univ-jfc.fr\/projetlaperouse\/marin-et-soldat\/dans-locean-indien\/gouverneur-de-ternay\/\">chevalier Charles-Henri-Louis d&rsquo;Arsac de Ternay<\/a>, devint le protecteur de Lap\u00e9rouse \u00e0 la demande de son p\u00e8re. C&rsquo;\u00e9tait une relation mutuellement profitable, le <a title=\"Gouverneur De Ternay\" href=\"http:\/\/blogs.univ-jfc.fr\/projetlaperouse\/marin-et-soldat\/dans-locean-indien\/gouverneur-de-ternay\/\">chevalier de Ternay<\/a> demandant parfois des services \u00e0 Lap\u00e9rouse, en \u00e9change de son soutien. Ce genre de relation \u00e9tait courant dans la Marine Royale. Cela permettait aux jeunes officiers d&rsquo;avoir un appui solide, pour demander une promotion, soutenir un projet, devant les g\u00e9n\u00e9raux ou le roi. Mais cette aide d\u00e9passe m\u00eame parfois le cadre de l&rsquo;arm\u00e9e. Ainsi, quand Lap\u00e9rouse tomba amoureux de Louise \u00c9l\u00e9onore Broudou, il s&rsquo;attira les foudres de son p\u00e8re, qui avait d\u00e9j\u00e0 pr\u00e9vu un mariage. Lap\u00e9rouse vint donc voir <a title=\"Gouverneur De Ternay\" href=\"http:\/\/blogs.univ-jfc.fr\/projetlaperouse\/marin-et-soldat\/dans-locean-indien\/gouverneur-de-ternay\/\">de Ternay<\/a> pour lui demander de l&rsquo;aide. Le Chevalier intervint en sa faveur aupr\u00e8s du Roi, qui lui donna sa b\u00e9n\u00e9diction. Durant son apprentissage \u00e0 bord du Robuste, Lap\u00e9rouse entra sous le commandement du Chevalier. Ils firent de nombreux voyages ensemble par la suite. Le Chevalier et Lap\u00e9rouse nou\u00e8rent une relation tr\u00e8s forte. Ainsi \u00e0 la mort du Chevalier, il dira : \u00ab\u00a0qu&rsquo;il l&rsquo;aimait comme un p\u00e8re \u00bb et donna son nom \u00e0 une baie, la Baie de Ternay, lors de l&rsquo;une de ses exp\u00e9ditions.<\/span><\/p>\n<p style=\"text-align: justify\">\n","protected":false},"excerpt":{"rendered":"<p>Jean-Fran\u00e7ois Lap\u00e9rouse, alors de Gallaup, a \u00e9tudi\u00e9 au lyc\u00e9e j\u00e9suite d&rsquo;Albi, o\u00f9 il a c\u00f4toy\u00e9 Rochegude qui deviendra lui aussi un officier de Marine reconnu. Pendant ses \u00e9tudes, il se montre turbulent. Lap\u00e9rouse n&rsquo;a pas la patience n\u00e9cessaire aux longues &hellip; <a href=\"https:\/\/blogs.univ-jfc.fr\/projetlaperouse\/marin-et-soldat\/lepreuve-du-feu\/lecole-de-garde-marine-un-choix-judicieux-et-encadre\/\">Lire la suite <span class=\"meta-nav\">&rarr;<\/span><\/a><\/p>\n","protected":false},"author":51,"featured_media":0,"parent":275,"menu_order":3,"comment_status":"closed","ping_status":"open","template":"","meta":[],"_links":{"self":[{"href":"https:\/\/blogs.univ-jfc.fr\/projetlaperouse\/wp-json\/wp\/v2\/pages\/2260"}],"collection":[{"href":"https:\/\/blogs.univ-jfc.fr\/projetlaperouse\/wp-json\/wp\/v2\/pages"}],"about":[{"href":"https:\/\/blogs.univ-jfc.fr\/projetlaperouse\/wp-json\/wp\/v2\/types\/page"}],"author":[{"embeddable":true,"href":"https:\/\/blogs.univ-jfc.fr\/projetlaperouse\/wp-json\/wp\/v2\/users\/51"}],"replies":[{"embeddable":true,"href":"https:\/\/blogs.univ-jfc.fr\/projetlaperouse\/wp-json\/wp\/v2\/comments?post=2260"}],"version-history":[{"count":20,"href":"https:\/\/blogs.univ-jfc.fr\/projetlaperouse\/wp-json\/wp\/v2\/pages\/2260\/revisions"}],"predecessor-version":[{"id":2296,"href":"https:\/\/blogs.univ-jfc.fr\/projetlaperouse\/wp-json\/wp\/v2\/pages\/2260\/revisions\/2296"}],"up":[{"embeddable":true,"href":"https:\/\/blogs.univ-jfc.fr\/projetlaperouse\/wp-json\/wp\/v2\/pages\/275"}],"wp:attachment":[{"href":"https:\/\/blogs.univ-jfc.fr\/projetlaperouse\/wp-json\/wp\/v2\/media?parent=2260"}],"curies":[{"name":"wp","href":"https:\/\/api.w.org\/{rel}","templated":true}]}}