{"id":2290,"date":"2014-03-27T09:43:02","date_gmt":"2014-03-27T08:43:02","guid":{"rendered":"http:\/\/blogs.univ-jfc.fr\/projetlaperouse\/?page_id=2290"},"modified":"2014-04-08T06:30:38","modified_gmt":"2014-04-08T05:30:38","slug":"le-voyage-de-laperouse-devenements-en-decouvertes","status":"publish","type":"page","link":"https:\/\/blogs.univ-jfc.fr\/projetlaperouse\/le-voyage\/principales-etapes-et-evenements\/le-voyage-de-laperouse-devenements-en-decouvertes\/","title":{"rendered":"Le voyage de Lap\u00e9rouse : d&rsquo;\u00e9v\u00e9nements en d\u00e9couvertes"},"content":{"rendered":"<p style=\"text-align: justify\"><strong>L\u2019\u00e9v\u00e9nement d\u00e9couverte<\/strong><\/p>\n<p style=\"text-align: justify\">Durant l&rsquo;exp\u00e9dition de Lap\u00e9rouse, les d\u00e9couvertes g\u00e9ographiques constituent l&rsquo;occupation majeure des navires. Ces d\u00e9couvertes sont l&rsquo;affaire des marins et des savants, les officiers sont quand \u00e0 eux charg\u00e9s de remplir les missions du Roi, d&rsquo;ordre plus politique et \u00e9conomique.<\/p>\n<div id=\"attachment_3433\" style=\"width: 170px\" class=\"wp-caption alignright\"><a href=\"http:\/\/blogs.univ-jfc.fr\/projetlaperouse\/wp-content\/uploads\/sites\/9\/2014\/03\/Plante-2-.png\"><img aria-describedby=\"caption-attachment-3433\" loading=\"lazy\" class=\" wp-image-3433  \" alt=\"Plante 2\" src=\"http:\/\/blogs.univ-jfc.fr\/projetlaperouse\/wp-content\/uploads\/sites\/9\/2014\/03\/Plante-2-.png\" width=\"160\" height=\"280\" \/><\/a><p id=\"caption-attachment-3433\" class=\"wp-caption-text\">Dessin de Prevost, oncle et gravure de PP Chuffard.<br \/>Mus\u00e9e Lap\u00e9rouse Albi.<\/p><\/div>\n<p style=\"text-align: justify\">Le botaniste et physicien Lamanon, se charge durant le voyage d&rsquo;envoyer en France de nombreux \u00e9chantillons de plants ou encore les remarques \u00e9crites qu&rsquo;il promulgue lors des escales. Il enverra notamment des informations sur les animaux marins ou encore la langue des indiens de Monterey. Le scientifique Mongez \u00e9tudiera quant \u00e0 lui le mouvement des bec de fou et enverra ces informations \u00e0 l&rsquo;Acad\u00e9mie des Sciences. Deux hommes se d\u00e9gagent tout de m\u00eame pour les travaux rendus, ce sont le botaniste Lamartini\u00e8re et le jardinier Colignon.\u00a0Tous deux envoient r\u00e9guli\u00e8rement graines et plantes \u00e0 Thouin, paysagiste fran\u00e7ais, les documents de ce dernier demeurant depuis sa mort au Mus\u00e9um d\u2019Histoire Naturelle. Lamartini\u00e8re sera un f\u00e9ru de d\u00e9couverte, les autochtones le prendront souvent pour un voleur dans ses qu\u00eates. Cet homme cherche aussi des plantes utiles pour la m\u00e9decine, il transmet \u00e0 <a title=\"Andr\u00e9 Thouin\" href=\"http:\/\/blogs.univ-jfc.fr\/projetlaperouse\/le-voyage\/principales-etapes-et-evenements\/le-voyage-de-laperouse-devenements-en-decouvertes\/andre-thouin\/\">Thouin<\/a> les techniques des populations pour soigner certains virus. Les plants et graines ont une grande importance pour ces savants qui envoient les informations en France, ils \u00e9changent des plants qu&rsquo;ils ont stock\u00e9 dans les navires, pour enrichir la flore locale.<\/p>\n<p style=\"text-align: justify\">Les savants perdront au cours du voyage quelques plants comme lors d&rsquo;une escale \u00e0 Teneriffe o\u00f9 un singe mange les graines pr\u00e9lev\u00e9es sur l&rsquo;\u00eele de Mad\u00e8re. Surtout dans le domaine de la botanique, les fran\u00e7ais obtiennent de nombreuses informations gr\u00e2ce \u00e0 l&rsquo;exp\u00e9dition de Lap\u00e9rouse et ses marins.<\/p>\n<p style=\"text-align: justify\"><strong>\u00a0<span style=\"font-family: Arial, sans-serif\"><span style=\"font-size: medium\"><span style=\"color: #000000\">A la rencontre des nouveaux mondes<\/span><\/span><\/span><\/strong><\/p>\n<div id=\"attachment_3398\" style=\"width: 342px\" class=\"wp-caption aligncenter\"><a href=\"http:\/\/blogs.univ-jfc.fr\/projetlaperouse\/wp-content\/uploads\/sites\/9\/2014\/01\/femme-cap-diemen.jpg\"><img aria-describedby=\"caption-attachment-3398\" loading=\"lazy\" class=\" wp-image-3398 \" alt=\"\" src=\"http:\/\/blogs.univ-jfc.fr\/projetlaperouse\/wp-content\/uploads\/sites\/9\/2014\/01\/femme-cap-diemen.jpg\" width=\"332\" height=\"480\" \/><\/a><p id=\"caption-attachment-3398\" class=\"wp-caption-text\">Femme du Cap Diemen.<br \/>De Jacques Julien Houtou de la Billardi\u00e8re dans \u00ab\u00a0Atlas du voyage \u00e0 la recherche de la P\u00e9rouse\u00a0\u00bb, Paris, 1817.<\/p><\/div>\n<p style=\"text-align: justify\">Les nouveaux mondes qui s&rsquo;offrent \u00e0 Lap\u00e9rouse et son \u00e9quipage ne fait qu\u2019accro\u00eetre la curiosit\u00e9 des Europ\u00e9ens, avides de connaissances. Bien que l&rsquo;\u00e9tude de ces hommes de l&rsquo;autre bout de la plan\u00e8te suscite l\u2019int\u00e9r\u00eat des savants de l&rsquo;\u00e9poque, cette exp\u00e9dition a pour but premier de mettre en place des comptoirs commerciaux. La bonne entente entre les indig\u00e8nes et les Europ\u00e9ens est donc fondamentale, pour r\u00e9cup\u00e9rer des vivres par exemple.<\/p>\n<p style=\"text-align: justify\" align=\"JUSTIFY\">Lap\u00e9rouse va rencontrer des peuples inconnus durant ces escales et apprendre \u00e0 les conna\u00eetre. Bien entendu les valeurs de ces inconnus sont tr\u00e8s diff\u00e9rentes des valeurs europ\u00e9ennes, ce qui ne cessera pas de choquer l&rsquo;\u00e9quipage. Lap\u00e9rouse fait un rapport tr\u00e8s critique des indiens de Port des Fran\u00e7ais, il ne cesse de leur trouver des qualificatifs, tels que voleurs, oisifs, col\u00e9reux, \u00ab\u00a0agit\u00e9s par la crainte ou la vengeance\u00a0\u00bb. Sur l&rsquo;\u00eele S\u00e9galien, l&rsquo;actuelle \u00eele Sakhaline, Lap\u00e9rouse dresse un portrait positif de ces indig\u00e8nes. Ils ont contribu\u00e9 \u00e0 cartographier la c\u00f4te de Tartarie, ainsi que l&rsquo;\u00eele S\u00e9galien. Ils ont \u00e9galement indiqu\u00e9 \u00e0 Lap\u00e9rouse la route \u00e0 prendre, ainsi que le passage qui deviendra plus tard le d\u00e9troit de Lap\u00e9rouse entre l&rsquo;\u00eele Sakhaline (Russie) et Hokkaido (Japon). Dans la baie de Castries, sur la c\u00f4te tartare (actuelle Russie), Lap\u00e9rouse va \u00eatre s\u00e9duit par les autochtones qui peuplent la baie : \u00ab\u00a0On ne peut rencontrer dans aucune partie du monde une peuplade d&rsquo;hommes meilleurs\u00a0\u00bb<a href=\"#sdfootnote2sym\" name=\"sdfootnote2anc\"><\/a>. Il est impressionn\u00e9 de voir que les femmes ont un r\u00f4le important dans cette communaut\u00e9, les hommes ne prennent pas de d\u00e9cisions seuls, elles doivent donner leur consentement, chose impensable en Europe.<\/p>\n<p style=\"text-align: justify\" align=\"JUSTIFY\"><a name=\"_GoBack\"><\/a>\u00a0Durant les escales, il est important de dessiner, graver ce que l&rsquo;on voit : botanique, animaux, tout ce qui est nouveau pour les Europ\u00e9ens doit \u00eatre dessin\u00e9. Dans les \u00eeles Tonga, les habitants acceptent de poser pour le dessinateur. Cela montre que les relations avec les indig\u00e8nes \u00e9taient souvent cordiales et pacifiques, malgr\u00e9 les vols et le massacre dans les Samoa.<\/p>\n<p style=\"text-align: justify\" align=\"JUSTIFY\">Cette exp\u00e9dition et bien plus qu&rsquo;un voyage \u00e0 but politique et \u00e9conomique, elle donne aux indig\u00e8nes une place importante. Il faut \u00e9tudier ces peuples et comprendre leurs coutumes. Lap\u00e9rouse et son \u00e9quipage r\u00e9alisent un v\u00e9ritable travail d&rsquo;ethnologue.<\/p>\n<p style=\"text-align: justify\">En partant \u00e0 la rencontre du monde, ils d\u00e9couvrent de multiples cultures. La perception du monde de ces hommes du XVIIIe si\u00e8cle a totalement chang\u00e9, en d\u00e9couvrant de nouvelles cultures, de nouveaux animaux, de nouvelles plantes, ils pr\u00e9sentent un nouveau monde aux europ\u00e9ens.<\/p>\n<p style=\"text-align: justify\"><strong>Une nouvelle carte du pacifique<\/strong><\/p>\n<p style=\"text-align: justify\">Lap\u00e9rouse dans son journal de bord, montre bien l\u2019int\u00e9r\u00eat du Royaume de France \u00e0 poursuivre les \u00e9tudes commenc\u00e9es par Cook, lors de ses voyages dans le pacifique, dans l\u2019id\u00e9e de pouvoir cr\u00e9er une carte plus pr\u00e9cise du monde. De Langle, le commandant de l\u2019Astrolabe, prend en charge les recherches cartographiques du voyage. Il d\u00e9finit une m\u00e9thode d\u2019\u00e9tude, qui d\u00e9pend d\u2019observations astronomiques, par exemple, en mer, il doit mesurer la distance entre la lune et le soleil, afin d\u2019obtenir la position des navires ou des \u00eeles, on refait les calculs \u00e0 plusieurs reprises afin de pouvoir \u00e9tablir la position de fa\u00e7on la plus pr\u00e9cise possible. De Langle met en place deux registres afin d\u2019abord de noter les donn\u00e9es et ensuite les r\u00e9sultats. Sur un troisi\u00e8me registre, les officiers retranscrivent les estimations de distances, les renseignements g\u00e9ographiques et hydrauliques obtenus \u00e0 terre. Malgr\u00e9 tout, les r\u00e9sultats obtenus ne peuvent \u00eatre consid\u00e9r\u00e9s comme enti\u00e8rement fiables. Une fois les calculs termin\u00e9s, les points \u00e9taient plac\u00e9s sur la carte. La cartographie est confi\u00e9e \u00e0 Bernizet sur la Boussole et \u00e0 Blondela sur l\u2019Astrolabe. Quand les cartes sont finies elles sont donn\u00e9es \u00e0 Fleurieu. Les r\u00e9sultats sont remarquables, on cartographie essentiellement le nord du Pacifique. Lap\u00e9rouse, pour contrer l\u2019impr\u00e9cision, \u00e9tablit des tables donnant les coordonn\u00e9es des principaux points d\u2019o\u00f9 les donn\u00e9es ont \u00e9t\u00e9 relev\u00e9es, les joignant aux cartes envoy\u00e9s \u00e0 Fleurieu.<\/p>\n<p style=\"text-align: justify\">Les progr\u00e8s faits gr\u00e2ce aux recherches de Lap\u00e9rouse et son \u00e9quipage sont incontestables, ajoutant ou modifiant des \u00e9l\u00e9ments aux travaux de Cook. Bien que les scientifiques n\u2019aient pas pu dresser une carte compl\u00e8te des c\u00f4tes du Pacifique nord, ils ont tout de m\u00eame diminu\u00e9 les lacunes des cartes utilis\u00e9es avant le d\u00e9part du tour du monde.<\/p>\n<div id=\"sdfootnote1\" style=\"text-align: justify\">\n<p>&nbsp;<\/p>\n<p>&nbsp;<\/p>\n<p>&nbsp;<\/p>\n<\/div>\n<div id=\"sdfootnote2\" style=\"text-align: justify\">\n<p>&nbsp;<\/p>\n<p>&nbsp;<\/p>\n<p>&nbsp;<\/p>\n<\/div>\n","protected":false},"excerpt":{"rendered":"<p>L\u2019\u00e9v\u00e9nement d\u00e9couverte Durant l&rsquo;exp\u00e9dition de Lap\u00e9rouse, les d\u00e9couvertes g\u00e9ographiques constituent l&rsquo;occupation majeure des navires. Ces d\u00e9couvertes sont l&rsquo;affaire des marins et des savants, les officiers sont quand \u00e0 eux charg\u00e9s de remplir les missions du Roi, d&rsquo;ordre plus politique et &hellip; <a href=\"https:\/\/blogs.univ-jfc.fr\/projetlaperouse\/le-voyage\/principales-etapes-et-evenements\/le-voyage-de-laperouse-devenements-en-decouvertes\/\">Lire la suite <span class=\"meta-nav\">&rarr;<\/span><\/a><\/p>\n","protected":false},"author":56,"featured_media":0,"parent":497,"menu_order":3,"comment_status":"closed","ping_status":"open","template":"","meta":[],"_links":{"self":[{"href":"https:\/\/blogs.univ-jfc.fr\/projetlaperouse\/wp-json\/wp\/v2\/pages\/2290"}],"collection":[{"href":"https:\/\/blogs.univ-jfc.fr\/projetlaperouse\/wp-json\/wp\/v2\/pages"}],"about":[{"href":"https:\/\/blogs.univ-jfc.fr\/projetlaperouse\/wp-json\/wp\/v2\/types\/page"}],"author":[{"embeddable":true,"href":"https:\/\/blogs.univ-jfc.fr\/projetlaperouse\/wp-json\/wp\/v2\/users\/56"}],"replies":[{"embeddable":true,"href":"https:\/\/blogs.univ-jfc.fr\/projetlaperouse\/wp-json\/wp\/v2\/comments?post=2290"}],"version-history":[{"count":9,"href":"https:\/\/blogs.univ-jfc.fr\/projetlaperouse\/wp-json\/wp\/v2\/pages\/2290\/revisions"}],"predecessor-version":[{"id":3382,"href":"https:\/\/blogs.univ-jfc.fr\/projetlaperouse\/wp-json\/wp\/v2\/pages\/2290\/revisions\/3382"}],"up":[{"embeddable":true,"href":"https:\/\/blogs.univ-jfc.fr\/projetlaperouse\/wp-json\/wp\/v2\/pages\/497"}],"wp:attachment":[{"href":"https:\/\/blogs.univ-jfc.fr\/projetlaperouse\/wp-json\/wp\/v2\/media?parent=2290"}],"curies":[{"name":"wp","href":"https:\/\/api.w.org\/{rel}","templated":true}]}}