{"id":2309,"date":"2014-03-27T09:13:10","date_gmt":"2014-03-27T08:13:10","guid":{"rendered":"http:\/\/blogs.univ-jfc.fr\/projetlaperouse\/?page_id=2309"},"modified":"2014-04-03T08:59:23","modified_gmt":"2014-04-03T07:59:23","slug":"laperouse-foyer-culturel-pour-son-pays-natal","status":"publish","type":"page","link":"https:\/\/blogs.univ-jfc.fr\/projetlaperouse\/vanikoro-et-apres\/le-mythe-laperouse\/laperouse-foyer-culturel-pour-son-pays-natal\/","title":{"rendered":"Lap\u00e9rouse, \u00ab\u00a0foyer\u00a0\u00bb culturel pour son pays natal"},"content":{"rendered":"<p style=\"text-align: justify\">\u00a0\u00a0\u00a0\u00a0 Comme nous avons pu le voir dans les rubriques \u00ab\u00a0<a title=\"La naissance, le milieu familial, l\u2019enfance\" href=\"http:\/\/blogs.univ-jfc.fr\/projetlaperouse\/un-gentilhomme-provincial\/la-naissance-le-milieu-familial-la-premiere-education\/\">Naissance, milieu familial, enfance<\/a>\u00a0\u00bb et \u00ab\u00a0<a title=\"La formation navale\" href=\"http:\/\/blogs.univ-jfc.fr\/projetlaperouse\/un-gentilhomme-provincial\/leducation\/\">La formation navale<\/a> \u00bb , Jean Fran\u00e7ois Galaup de Lap\u00e9rouse n&rsquo;a r\u00e9sid\u00e9 dans l&rsquo;Albigeois que durant son enfance. Malgr\u00e9 tout, la municipalit\u00e9 a su tirer b\u00e9n\u00e9fice de sa notori\u00e9t\u00e9 et du myst\u00e8re\u00a0 qui entoure son p\u00e9riple, en faisant de lui au m\u00eame titre qu&rsquo;Henri de Toulouse Lautrec,\u00a0 l&rsquo;un des personnages embl\u00e9matiques de la ville.<\/p>\n<div id=\"attachment_1183\" style=\"width: 206px\" class=\"wp-caption alignright\"><a href=\"http:\/\/blogs.univ-jfc.fr\/projetlaperouse\/wp-content\/uploads\/sites\/9\/2014\/03\/LAPEROUSE_ALBI_1_.jpg\"><img aria-describedby=\"caption-attachment-1183\" loading=\"lazy\" class=\" wp-image-1183  \" alt=\"Statue de La P\u00e9rouse \u00e0 Albi\" src=\"http:\/\/blogs.univ-jfc.fr\/projetlaperouse\/wp-content\/uploads\/sites\/9\/2014\/03\/LAPEROUSE_ALBI_1_.jpg\" width=\"196\" height=\"164\" \/><\/a><p id=\"caption-attachment-1183\" class=\"wp-caption-text\">Statue en bronze de Lap\u00e9rouse inaugur\u00e9e en 1853 \u00e0 Albi (<a href=\"http:\/\/www.laperouse-france.fr\/spip.php?rubrique16\" target=\"_blank\">Source<\/a>)<\/p><\/div>\n<p style=\"text-align: justify\">Pour preuve, la statue de bronze \u00e0 effigie du navigateur entour\u00e9 des deux ancres rapport\u00e9es de Vanikoro. On note aussi la pr\u00e9sence de plaques comm\u00e9moratives\u00a0: l&rsquo;une sur le <a title=\"Les origines familiales\" href=\"http:\/\/blogs.univ-jfc.fr\/projetlaperouse\/un-gentilhomme-provincial\/la-naissance-le-milieu-familial-la-premiere-education\/les-origines-familiales\/\">manoir du G\u00f4<\/a>, demeure familiale acquise en 1613 par Claude de Galaup, situ\u00e9 en amont d&rsquo;Albi (Tarn), et l&rsquo;autre sur la demeure qu&rsquo;il a acquise, avant son mariage avec Louise El\u00e9onore Broudou, en 1783. Il est \u00e9galement important de souligner la toponymie h\u00e9rit\u00e9e du navigateur notamment avec l&rsquo;ancien coll\u00e8ge J\u00e9suites rebaptis\u00e9 lyc\u00e9e Lap\u00e9rouse.<\/p>\n<p style=\"text-align: justify\">\u00a0\u00a0\u00a0\u00a0\u00a0\u00a0\u00a0 La municipalit\u00e9, plus que jamais consciente de son potentiel touristique depuis son classement au patrimoine de l&rsquo;UNESCO en 2010, a pris l&rsquo;initiative de renforcer la communication autour de l&rsquo;<a href=\"http:\/\/www.albi-tourisme.fr\/fr\/decouvrir\/visites-\/-loisirs.html\" target=\"_blank\">offre mus\u00e9ale<\/a> (Albi city pass, Circuit azur). N\u00e9anmoins, le mus\u00e9e Lap\u00e9rouse n&rsquo;a b\u00e9n\u00e9fici\u00e9 qu&rsquo;en partie de ces <a href=\"http:\/\/www.albi-tourisme.fr\/fr\/frequentation-des-sites-activites-touristiques-albi.html\" target=\"_blank\">retomb\u00e9es<\/a> du fait de son \u00e9loignement g\u00e9ographique de l&rsquo;hyper-centre albigeois. Cependant on peut relever un engouement nouveau depuis la diffusion de l&rsquo;\u00e9mission de Thalassa (en 2000) sur Lap\u00e9rouse, qui se traduit par une augmentation de la fr\u00e9quentation du mus\u00e9e.<\/p>\n<p style=\"text-align: justify\">\u00a0\u00a0\u00a0\u00a0\u00a0\u00a0\u00a0 Par ailleurs, la valorisation du personnage de Lap\u00e9rouse est promu par l&rsquo;<a href=\"http:\/\/www.laperouse-france.fr\/spip.php?rubrique2\" target=\"_blank\">association Lap\u00e9rouse Albi-France<\/a> dont le dessein premier est d&rsquo;encourager et de coordonner les \u00e9tudes et les actions consacr\u00e9es au navigateur ainsi que de situer son p\u00e9riple dans le cadre de l&rsquo;histoire maritime.<\/p>\n<p style=\"text-align: justify\">\u00a0\u00a0\u00a0\u00a0\u00a0\u00a0\u00a0 Pour garder \u00ab\u00a0en vie\u00a0\u00bb un navigateur mort depuis deux si\u00e8cles, il faut savoir mettre en avant sa vie, ses d\u00e9couvertes ou p\u00e9riples, en perp\u00e9tuant son souvenir \u00e0 travers divers moyens outre les mus\u00e9es ou expositions.<\/p>\n<div id=\"attachment_3011\" style=\"width: 270px\" class=\"wp-caption alignleft\"><a href=\"http:\/\/blogs.univ-jfc.fr\/projetlaperouse\/wp-content\/uploads\/sites\/9\/2014\/03\/depart-lap\u00e9rouse.jpg\"><img aria-describedby=\"caption-attachment-3011\" loading=\"lazy\" class=\" wp-image-3011 \" alt=\"depart lap\u00e9rouse\" src=\"http:\/\/blogs.univ-jfc.fr\/projetlaperouse\/wp-content\/uploads\/sites\/9\/2014\/03\/depart-lap\u00e9rouse.jpg\" width=\"260\" height=\"195\" \/><\/a><p id=\"caption-attachment-3011\" class=\"wp-caption-text\">Reconstitution du d\u00e9part de Lap\u00e9rouse \u00e0 Brest en 2012 (<a href=\"http:\/\/laperouse-2012.over-blog.fr\/article-photos-de-representations-final-109386515.html\" target=\"_blank\">Source<\/a>)<\/p><\/div>\n<p style=\"text-align: justify\">Par exemple, lors de spectacles, festivals (les Tonnerres de Brest en 2012, spectacle reconstituant le d\u00e9part de Lap\u00e9rouse en 1785), ou encore gr\u00e2ce aux recherches et d\u00e9couvertes r\u00e9alis\u00e9es au cours des pr\u00e9c\u00e9dentes ann\u00e9es sur le lieu du naufrage, <a title=\"Des rumeurs, des indices, le myst\u00e8re s\u2019\u00e9paissit jusqu\u2019en 1829\" href=\"http:\/\/blogs.univ-jfc.fr\/projetlaperouse\/vanikoro-et-apres\/un-mystere-qui-seclaircit-peu-a-peu\/des-rumeurs-des-indices-le-mystere-sepaissit-jusquen-1829\/\">Vanikoro<\/a>, qui ont permis de rapporter des r\u00e9ponses aux questions que l&rsquo;on se posait. Des objets pr\u00e9cieux permettent par leur exposition de rappeler au public qui \u00e9tait le navigateur. En effet, l&rsquo;ultime exp\u00e9dition r\u00e9alis\u00e9e par l&rsquo;association Salomon et l\u2019\u00c9tat fran\u00e7ais, en 2008, a permis de trouver et de rassembler pr\u00e8s de 2000 d&rsquo;objets, dont les plus belles pi\u00e8ces ont \u00e9t\u00e9 expos\u00e9s au mus\u00e9e de la Marine \u00e0 Paris. De plus, le mus\u00e9e Lap\u00e9rouse \u00e0 Albi poss\u00e8de \u00e9galement une magnifique collection permanente.<\/p>\n","protected":false},"excerpt":{"rendered":"<p>\u00a0\u00a0\u00a0\u00a0 Comme nous avons pu le voir dans les rubriques \u00ab\u00a0Naissance, milieu familial, enfance\u00a0\u00bb et \u00ab\u00a0La formation navale \u00bb , Jean Fran\u00e7ois Galaup de Lap\u00e9rouse n&rsquo;a r\u00e9sid\u00e9 dans l&rsquo;Albigeois que durant son enfance. Malgr\u00e9 tout, la municipalit\u00e9 a su tirer &hellip; <a href=\"https:\/\/blogs.univ-jfc.fr\/projetlaperouse\/vanikoro-et-apres\/le-mythe-laperouse\/laperouse-foyer-culturel-pour-son-pays-natal\/\">Lire la suite <span class=\"meta-nav\">&rarr;<\/span><\/a><\/p>\n","protected":false},"author":50,"featured_media":0,"parent":273,"menu_order":3,"comment_status":"closed","ping_status":"open","template":"","meta":[],"_links":{"self":[{"href":"https:\/\/blogs.univ-jfc.fr\/projetlaperouse\/wp-json\/wp\/v2\/pages\/2309"}],"collection":[{"href":"https:\/\/blogs.univ-jfc.fr\/projetlaperouse\/wp-json\/wp\/v2\/pages"}],"about":[{"href":"https:\/\/blogs.univ-jfc.fr\/projetlaperouse\/wp-json\/wp\/v2\/types\/page"}],"author":[{"embeddable":true,"href":"https:\/\/blogs.univ-jfc.fr\/projetlaperouse\/wp-json\/wp\/v2\/users\/50"}],"replies":[{"embeddable":true,"href":"https:\/\/blogs.univ-jfc.fr\/projetlaperouse\/wp-json\/wp\/v2\/comments?post=2309"}],"version-history":[{"count":29,"href":"https:\/\/blogs.univ-jfc.fr\/projetlaperouse\/wp-json\/wp\/v2\/pages\/2309\/revisions"}],"predecessor-version":[{"id":2405,"href":"https:\/\/blogs.univ-jfc.fr\/projetlaperouse\/wp-json\/wp\/v2\/pages\/2309\/revisions\/2405"}],"up":[{"embeddable":true,"href":"https:\/\/blogs.univ-jfc.fr\/projetlaperouse\/wp-json\/wp\/v2\/pages\/273"}],"wp:attachment":[{"href":"https:\/\/blogs.univ-jfc.fr\/projetlaperouse\/wp-json\/wp\/v2\/media?parent=2309"}],"curies":[{"name":"wp","href":"https:\/\/api.w.org\/{rel}","templated":true}]}}