{"id":2325,"date":"2014-03-27T09:34:25","date_gmt":"2014-03-27T08:34:25","guid":{"rendered":"http:\/\/blogs.univ-jfc.fr\/projetlaperouse\/?page_id=2325"},"modified":"2014-04-08T15:02:02","modified_gmt":"2014-04-08T14:02:02","slug":"les-associations-actives","status":"publish","type":"page","link":"https:\/\/blogs.univ-jfc.fr\/projetlaperouse\/vanikoro-et-apres\/le-mythe-laperouse\/les-associations-actives\/","title":{"rendered":"Les associations actives"},"content":{"rendered":"<p style=\"text-align: justify\">\u00a0\u00a0\u00a0\u00a0\u00a0\u00a0\u00a0 L&rsquo;association Lap\u00e9rouse Albi-France participe avec volont\u00e9 \u00e0 la p\u00e9rennisation du personnage de Jean-Fran\u00e7ois de Lap\u00e9rouse. Gr\u00e2ce \u00e0 ses nombreuses actions et activit\u00e9s au sein m\u00eame de la ville d&rsquo;Albi par le biais du mus\u00e9e de Lap\u00e9rouse notamment, ou par le marquage des lieux de passage ou d&rsquo;escale de <em>La Boussole<\/em> et <em>L&rsquo;Astrolabe<\/em>, \u00e0 travers le monde. L&rsquo;association permet encore de nos jours de garder vivant le navigateur Jean-Fran\u00e7ois de Galaup de Lap\u00e9rouse.<\/p>\n<p style=\"text-align: justify\">\u00a0\u00a0\u00a0\u00a0\u00a0\u00a0 On peut citer deux autres associations visant \u00e0 promouvoir le personnage et le voyage de Lap\u00e9rouse. D\u2019une part l\u2019association Lap\u00e9rouse en Alaska, cr\u00e9e en en 2009 dans la petite ville de Juneau situ\u00e9 \u00e0 200 km au nord de la baie o\u00f9 avait d\u00e9barqu\u00e9 l\u2019\u00e9quipage de Lap\u00e9rouse. A noter qu\u2019une rencontre avec l\u2019association Lap\u00e9rouse Albi-France a eu lieu le 30 mai 2009. D\u2019autre part l\u2019association <a href=\"http:\/\/laperousemuseum.org\/\" target=\"_blank\">Friends of Lap\u00e9rouse Museum Sydney<\/a>, a vu le jour en juillet 1984, gr\u00e2ce \u00e0 un groupe de r\u00e9sidents australiens et fran\u00e7ais formant l\u2019association \u00e0 l\u2019occasion du bicentenaire australien. L\u2019objectif premier de cette association a \u00e9t\u00e9 de cr\u00e9er un mus\u00e9e \u00e0 la m\u00e9moire de Lap\u00e9rouse, sur le site m\u00eame o\u00f9 son exp\u00e9dition \u00e9tait arriv\u00e9e pour assister aux six premi\u00e8res semaines de la colonisation britannique en Australie (1788). Le mus\u00e9e comm\u00e9more le p\u00e9riple de Lap\u00e9rouse et d\u2019autres navigateurs fran\u00e7ais dans le Pacifique, et enregistre leur r\u00f4le important dans l\u2019exploration de la c\u00f4te australienne. En accord avec l\u2019esprit de coop\u00e9ration n\u00e9cessaire pour le cr\u00e9er, ce mus\u00e9e cherche \u00e9galement \u00e0 p\u00e9renniser et renforcer les liens durables entre l\u2019Australie et la France.<\/p>\n<p style=\"text-align: justify\">\u00a0\u00a0\u00a0\u00a0\u00a0\u00a0\u00a0\u00a0\u00a0 Par ailleurs, une autre association s&rsquo;est v\u00e9ritablement engag\u00e9e dans les recherches sur le p\u00e9riple de Lap\u00e9rouse. En effet, de nombreuses exp\u00e9ditions de recherches ont \u00e9t\u00e9 r\u00e9alis\u00e9es par une association de Nouvelle-Cal\u00e9donie\u00a0: l&rsquo;association Salomon. En 1981, Alain Conan, Nantais d&rsquo;origine et vivant en nouvelle Cal\u00e9donie, d\u00e9cide de cr\u00e9e l&rsquo;association Salomon avec d&rsquo;autres passionn\u00e9s, tous anim\u00e9s par la volont\u00e9 de lever le voile sur le \u00ab\u00a0myst\u00e8re Lap\u00e9rouse\u00a0\u00bb. Ainsi d\u00e8s 1981, plusieurs <a href=\"http:\/\/www.patrimoine-maritime.asso.nc\/joomla15\/index.php\/fr\/lhistoire-de-lassociation-mainas-198\" target=\"_blank\">campagnes de fouilles<\/a> sont men\u00e9es jusqu&rsquo;en 2008.<\/p>\n<div id=\"attachment_4060\" style=\"width: 510px\" class=\"wp-caption alignnone\"><a href=\"http:\/\/blogs.univ-jfc.fr\/projetlaperouse\/wp-content\/uploads\/sites\/9\/2014\/04\/sextant.jpg\"><img aria-describedby=\"caption-attachment-4060\" loading=\"lazy\" class=\"size-full wp-image-4060 \" alt=\"Sextant d\u00e9couvert en 2005 ayant permis d'identifier La Boussole (\u00a9 : TEDDY SEGUIN) \" src=\"http:\/\/blogs.univ-jfc.fr\/projetlaperouse\/wp-content\/uploads\/sites\/9\/2014\/04\/sextant.jpg\" width=\"500\" height=\"334\" \/><\/a><p id=\"caption-attachment-4060\" class=\"wp-caption-text\">Sextant d\u00e9couvert en 2005 ayant permis d&rsquo;identifier La Boussole (\u00a9 : TEDDY SEGUIN) &#8211; (<a href=\"http:\/\/www.meretmarine.com\/fr\/content\/la-france-lance-une-ultime-expedition-pour-percer-le-mystere-laperouse\" target=\"_blank\">Source<\/a>)<\/p><\/div>\n<p style=\"text-align: justify\">\u00a0\u00a0\u00a0\u00a0\u00a0\u00a0 Notons que, d\u00e8s la fin du XVIIIe si\u00e8cle, des <a title=\"Un myst\u00e8re qui s\u2019\u00e9claircit peu \u00e0 peu\" href=\"http:\/\/blogs.univ-jfc.fr\/projetlaperouse\/vanikoro-et-apres\/un-mystere-qui-seclaircit-peu-a-peu\/\">exp\u00e9ditions<\/a> avaient \u00e9t\u00e9 lanc\u00e9es pour retrouver, d&rsquo;abord, l&rsquo;\u00e9quipage de Lap\u00e9rouse, puis au fil des si\u00e8cles, pour d\u00e9couvrir les raisons de son naufrage. Apr\u00e8s les trouvailles r\u00e9alis\u00e9es durant les pr\u00e9c\u00e9dentes campagnes de recherches, l&rsquo;association Salomon obtient \u00e0 partir de 2005, une aide et un engagement sans pr\u00e9c\u00e9dent de l\u2019\u00c9tat et notamment de la marine fran\u00e7aise. Sans compter le minist\u00e8re de la d\u00e9fense qui apporte un soutien mat\u00e9riel (mise \u00e0 disposition du b\u00e2timent militaire Jacques Cartier) et humain, deux autres minist\u00e8res sont \u00e9galement impliqu\u00e9s dans les recherches\u00a0: le minist\u00e8re de la culture qui d\u00e9p\u00eachent des \u00e9quipes du DRASSM (d\u00e9partement des recherches arch\u00e9ologiques subaquatiques et sous-marines), et le minist\u00e8re de la Recherche dont les arch\u00e9ologues de l&rsquo;IRD (institut de recherche pour le d\u00e9veloppement) \u0153uvrent \u00e0 terre. C&rsquo;est gr\u00e2ce \u00e0 l&rsquo;action de l&rsquo;association Salomon, qu&rsquo;une majeure partie des objets ont \u00e9t\u00e9 d\u00e9couverts.<\/p>\n","protected":false},"excerpt":{"rendered":"<p>\u00a0\u00a0\u00a0\u00a0\u00a0\u00a0\u00a0 L&rsquo;association Lap\u00e9rouse Albi-France participe avec volont\u00e9 \u00e0 la p\u00e9rennisation du personnage de Jean-Fran\u00e7ois de Lap\u00e9rouse. Gr\u00e2ce \u00e0 ses nombreuses actions et activit\u00e9s au sein m\u00eame de la ville d&rsquo;Albi par le biais du mus\u00e9e de Lap\u00e9rouse notamment, ou par &hellip; <a href=\"https:\/\/blogs.univ-jfc.fr\/projetlaperouse\/vanikoro-et-apres\/le-mythe-laperouse\/les-associations-actives\/\">Lire la suite <span class=\"meta-nav\">&rarr;<\/span><\/a><\/p>\n","protected":false},"author":50,"featured_media":0,"parent":273,"menu_order":3,"comment_status":"closed","ping_status":"open","template":"","meta":[],"_links":{"self":[{"href":"https:\/\/blogs.univ-jfc.fr\/projetlaperouse\/wp-json\/wp\/v2\/pages\/2325"}],"collection":[{"href":"https:\/\/blogs.univ-jfc.fr\/projetlaperouse\/wp-json\/wp\/v2\/pages"}],"about":[{"href":"https:\/\/blogs.univ-jfc.fr\/projetlaperouse\/wp-json\/wp\/v2\/types\/page"}],"author":[{"embeddable":true,"href":"https:\/\/blogs.univ-jfc.fr\/projetlaperouse\/wp-json\/wp\/v2\/users\/50"}],"replies":[{"embeddable":true,"href":"https:\/\/blogs.univ-jfc.fr\/projetlaperouse\/wp-json\/wp\/v2\/comments?post=2325"}],"version-history":[{"count":22,"href":"https:\/\/blogs.univ-jfc.fr\/projetlaperouse\/wp-json\/wp\/v2\/pages\/2325\/revisions"}],"predecessor-version":[{"id":2551,"href":"https:\/\/blogs.univ-jfc.fr\/projetlaperouse\/wp-json\/wp\/v2\/pages\/2325\/revisions\/2551"}],"up":[{"embeddable":true,"href":"https:\/\/blogs.univ-jfc.fr\/projetlaperouse\/wp-json\/wp\/v2\/pages\/273"}],"wp:attachment":[{"href":"https:\/\/blogs.univ-jfc.fr\/projetlaperouse\/wp-json\/wp\/v2\/media?parent=2325"}],"curies":[{"name":"wp","href":"https:\/\/api.w.org\/{rel}","templated":true}]}}