{"id":2328,"date":"2014-03-27T09:34:57","date_gmt":"2014-03-27T08:34:57","guid":{"rendered":"http:\/\/blogs.univ-jfc.fr\/projetlaperouse\/?page_id=2328"},"modified":"2014-04-27T17:05:05","modified_gmt":"2014-04-27T16:05:05","slug":"mahe-ou-la-mise-a-lepreuve-de-laperouse-1774-1775","status":"publish","type":"page","link":"https:\/\/blogs.univ-jfc.fr\/projetlaperouse\/marin-et-soldat\/dans-locean-indien\/mahe-ou-la-mise-a-lepreuve-de-laperouse-1774-1775\/","title":{"rendered":"Mah\u00e9 ou la mise \u00e0 l&rsquo;\u00e9preuve de Lap\u00e9rouse (1774-1775)"},"content":{"rendered":"<p style=\"text-align: justify\"><span style=\"font-family: Arial,sans-serif\"><span style=\"font-size: medium\">A l&rsquo;automne 1774, Lap\u00e9rouse est mis sous les ordres du <a title=\"Gouverneur g\u00e9n\u00e9ral Law\" href=\"http:\/\/blogs.univ-jfc.fr\/projetlaperouse\/marin-et-soldat\/dans-locean-indien\/gouverneur-general-law\/\">Gouverneur G\u00e9n\u00e9ral Law<\/a>. Celui-ci demande \u00e0 Lap\u00e9rouse de se rendre sur la c\u00f4te Malabar de l&rsquo;Inde pour se diriger vers les nombreux comptoirs europ\u00e9ens qui s&rsquo;y trouvent (<a href=\"http:\/\/blogs.univ-jfc.fr\/projetlaperouse\/wp-content\/uploads\/sites\/9\/2014\/04\/nouvelle-carte-lap%C3%A9rouse-web.jpg\" target=\"_blank\">voir carte<\/a>)<a href=\"http:\/\/blogs.univ-jfc.fr\/projetlaperouse\/wp-content\/uploads\/sites\/9\/2014\/03\/nouvelle-carte-lap%C3%A9rouse-web.jpg\" target=\"_blank\">.<\/a><\/span><\/span><\/p>\n<p align=\"JUSTIFY\"><span style=\"font-family: Arial,sans-serif\"><span style=\"font-size: medium\"> En premier lieu, Lap\u00e9rouse se rend \u00e0 Mongalore. C&rsquo;est \u00e0 cet endroit qu&rsquo;il doit retrouver <a title=\"Hayder Ali Khan\" href=\"http:\/\/blogs.univ-jfc.fr\/projetlaperouse\/marin-et-soldat\/dans-locean-indien\/hayder-ali-khan\/\">Hayder Ali Khan<\/a>\u00a0pour lui faire passer des armes. L&rsquo;homme contr\u00f4le la r\u00e9gion est un alli\u00e9 anti-britannique des Fran\u00e7ais. Il resta \u00e0 Mongalore jusqu&rsquo;au 15 d\u00e9cembre o\u00f9 lui et son \u00e9quipage prirent part aux festivit\u00e9s en leur honneur. Lap\u00e9rouse mit les voiles \u00e0 bord de la <i>Seine<\/i> et il fit escale \u00e0 Goa, possession portugaise, le 18 d\u00e9cembre. Apr\u00e8s une semaine d&rsquo;escale, Lap\u00e9rouse et son \u00e9quipage reprirent la mer en direction de Surate dans l&rsquo;Ouest de l&rsquo;Inde. <\/span><\/span><\/p>\n<p align=\"JUSTIFY\"><span style=\"font-family: Arial,sans-serif\"><span style=\"font-size: medium\"> Le 5 janvier 1775, Lap\u00e9rouse, \u00e0 bord de la <i>Seine, <\/i>navigue vers Surate lorsqu&rsquo;il croise une flotte d&rsquo;une trentaine de vaisseaux <a title=\"Pirates Marhattes (Conf\u00e9d\u00e9ration)\" href=\"http:\/\/blogs.univ-jfc.fr\/projetlaperouse\/marin-et-soldat\/dans-locean-indien\/pirates-marhattes-confederation\/\">pirates Marhattes<\/a>. Lap\u00e9rouse d\u00e9cide alors de faire route en direction des pirates, esp\u00e9rant que cette man\u0153uvre les d\u00e9stabilisera. Ce choix audacieux paya car les pirates, aid\u00e9s par un vent favorable, prirent la fuite. Dans une lettre qui l&rsquo;\u00e9crivit \u00e0 sa s\u0153ur il sembla d\u00e9plorer la fuite de ces pirates en affirmant que son \u00e9quipage n&rsquo;\u00e9tait pas effray\u00e9 par le nombre de voiles Marhattes et que le vent avait \u00e9t\u00e9 un alli\u00e9 redoutable dans la fuite de ceux-ci. Apr\u00e8s ce p\u00e9riple, il prit la route du <a title=\"Comptoirs fran\u00e7ais en Oc\u00e9an Indien\" href=\"http:\/\/blogs.univ-jfc.fr\/projetlaperouse\/marin-et-soldat\/dans-locean-indien\/comptoirs-francais-en-ocean-indien\/\">comptoir de Mah\u00e9<\/a>\u00a0situ\u00e9 sur la c\u00f4te Malabar.<\/span><\/span><\/p>\n<div id=\"attachment_3033\" style=\"width: 552px\" class=\"wp-caption aligncenter\"><a href=\"http:\/\/blogs.univ-jfc.fr\/projetlaperouse\/wp-content\/uploads\/sites\/9\/2014\/03\/image14782.jpg\"><img aria-describedby=\"caption-attachment-3033\" loading=\"lazy\" class=\"size-full wp-image-3033\" alt=\"Plan du Comptoir de  Mah\u00e9 vers 1726 apr\u00e8s la prise de possession du lieu par la Compagnie fran\u00e7aise des Indes. Auteur anonyme. Source Archives de l'outre-mer: http:\/\/anom.archivesnationales.culture.gouv.fr\/sdx\/ulysse\/\" src=\"http:\/\/blogs.univ-jfc.fr\/projetlaperouse\/wp-content\/uploads\/sites\/9\/2014\/03\/image14782.jpg\" width=\"542\" height=\"317\" \/><\/a><p id=\"caption-attachment-3033\" class=\"wp-caption-text\">Plan du Comptoir de Mah\u00e9 vers 1726 apr\u00e8s la prise de possession du lieu par la Compagnie fran\u00e7aise des Indes. Auteur anonyme. <a href=\"http:\/\/anom.archivesnationales.culture.gouv.fr\/sdx\/ulysse\/\" target=\"_blank\">Source Archives de l&rsquo;outre-mer<\/a><\/p><\/div>\n<p align=\"CENTER\"><span style=\"font-family: Arial,sans-serif\"><span style=\"font-size: medium\"><span style=\"color: #0000ff\">\u00a0<\/span><\/span><\/span><\/p>\n<p align=\"JUSTIFY\"><span style=\"font-family: Arial,sans-serif\"><span style=\"font-size: medium\"> En arrivant \u00e0 Mah\u00e9 \u00e0 la fin f\u00e9vrier 1775, Lap\u00e9rouse trouve le comptoir en \u00e9tat de si\u00e8ge. En effet, Mah\u00e9 se trouve assi\u00e9g\u00e9 par les troupes indiennes du Prince Chiriquel, compos\u00e9es de dix mille hommes, dont quatre mille hommes appartenant \u00e0 Hayder-Ali-Khan qui est pourtant un alli\u00e9 des Fran\u00e7ais. Lap\u00e9rouse est confront\u00e9 \u00e0 une situation p\u00e9rilleuse car, sans compter les dix mille indiens qui assi\u00e8gent le comptoir, celui-ci est dans un mauvais \u00e9tat, mal fortifi\u00e9. En prime\u00a0, son gouverneur, Monsieur de Repentigny, souffrant d&rsquo;une paralysie touchant la moiti\u00e9 de son corps est inapte aux combats. La garnison de Mah\u00e9 se compose de deux cents soldats noirs, de soixante europ\u00e9ens, des matelots de Lap\u00e9rouse, des matelots du T<i>rois amis<\/i> et de quelques pi\u00e8ces d&rsquo;artillerie. De plus Lap\u00e9rouse savait que cette position fran\u00e7aise ne devait en aucun cas dispara\u00eetre compte tenu des nombreux comptoirs europ\u00e9ens se situant dans la r\u00e9gion. <\/span><\/span><\/p>\n<p align=\"JUSTIFY\"><span style=\"font-family: Arial,sans-serif\"><span style=\"font-size: medium\"> Le premier soir du conflit, les indiens, ne sachant pas que Lap\u00e9rouse \u00e9tait venu renforcer Mah\u00e9 avec ses hommes, se lanc\u00e8rent \u00e0 l&rsquo;assaut du comptoir. Les Indiens furent repouss\u00e9s par les deux canons qu&rsquo;avait plac\u00e9s Lap\u00e9rouse. Dans les jours qui suivirent, les fortifications de Mah\u00e9 devinrent l&rsquo;objectif principal du Prince Chiriquel. Durant le second assaut, les pertes indiennes \u00e9taient encore plus importantes, les soldats eurent m\u00eame l&rsquo;occasion de contre-attaquer pour poursuivre les fuyards. Ensuite, Lap\u00e9rouse fit armer la <a title=\"Vaisseaux et fr\u00e9gates\" href=\"http:\/\/blogs.univ-jfc.fr\/projetlaperouse\/marin-et-soldat\/lexpedition-de-la-baie-dhudson\/vaisseaux-et-fregates\/\">galvette<\/a>\u00a0l&rsquo;<em>E<\/em><i>xp\u00e9rience, <\/i>qui \u00e9tait \u00e0 Mah\u00e9, et commanda \u00e0 M. de Closnard, qui faisait parti de son \u00e9tat major, d&rsquo;aller intercepter des troupes indiennes \u00e0 quelques jours de Mah\u00e9. Ces derni\u00e8res disposaient de nombreuses provisions et devaient rejoindre le Prince Chiriquel. M. de Closnard remplit sa mission en d\u00e9truisant les fortifications ennemis et en s&rsquo;opposant au d\u00e9barquement des provisions de riz du Prince Chiriquel.<\/span><\/span><\/p>\n<p align=\"JUSTIFY\"><span style=\"font-family: Arial,sans-serif\"><span style=\"font-size: medium\"> En avril 1775, Mah\u00e9 \u00e9tait toujours assi\u00e9g\u00e9 par les hommes du Prince Chiriquel. C&rsquo;est alors que M. de Repentigny re\u00e7u une lettre du Gouverneur Law, o\u00f9 il \u00e9tait \u00e9crit que Hayder-Ali-Khan mena\u00e7ait d&rsquo;aller lui m\u00eame attaquer Mah\u00e9. C&rsquo;est ainsi que le 25 avril Lap\u00e9rouse signa la paix avec le Prince Chiriquel et repartit le 28 avril pour l\u2019\u00eele de France o\u00f9 il arriva en juin 1775 et o\u00f9 il resta pr\u00e8s d&rsquo;une ann\u00e9e. Suite \u00e0 ce beau fait d&rsquo;armes Jean Fran\u00e7ois Galaup de Lap\u00e9rouse re\u00e7ut <a title=\"Croix de Saint-Louis\" href=\"http:\/\/blogs.univ-jfc.fr\/projetlaperouse\/marin-et-soldat\/dans-locean-indien\/croix-de-saint-louis\/\">la croix de Saint Louis<\/a>.<\/span><\/span><\/p>\n<p style=\"text-align: center\" align=\"JUSTIFY\"><a title=\"Derni\u00e8res missions et temps du retour (1775-1777)\" href=\"http:\/\/blogs.univ-jfc.fr\/projetlaperouse\/marin-et-soldat\/dans-locean-indien\/dernieres-missions-et-temps-du-retour-1775-1777\/\">[Derni\u00e8res missions et temps du retour de 1775 \u00e0 1777]<\/a><\/p>\n","protected":false},"excerpt":{"rendered":"<p>A l&rsquo;automne 1774, Lap\u00e9rouse est mis sous les ordres du Gouverneur G\u00e9n\u00e9ral Law. Celui-ci demande \u00e0 Lap\u00e9rouse de se rendre sur la c\u00f4te Malabar de l&rsquo;Inde pour se diriger vers les nombreux comptoirs europ\u00e9ens qui s&rsquo;y trouvent (voir carte). En &hellip; <a href=\"https:\/\/blogs.univ-jfc.fr\/projetlaperouse\/marin-et-soldat\/dans-locean-indien\/mahe-ou-la-mise-a-lepreuve-de-laperouse-1774-1775\/\">Lire la suite <span class=\"meta-nav\">&rarr;<\/span><\/a><\/p>\n","protected":false},"author":43,"featured_media":0,"parent":277,"menu_order":3,"comment_status":"closed","ping_status":"open","template":"","meta":[],"_links":{"self":[{"href":"https:\/\/blogs.univ-jfc.fr\/projetlaperouse\/wp-json\/wp\/v2\/pages\/2328"}],"collection":[{"href":"https:\/\/blogs.univ-jfc.fr\/projetlaperouse\/wp-json\/wp\/v2\/pages"}],"about":[{"href":"https:\/\/blogs.univ-jfc.fr\/projetlaperouse\/wp-json\/wp\/v2\/types\/page"}],"author":[{"embeddable":true,"href":"https:\/\/blogs.univ-jfc.fr\/projetlaperouse\/wp-json\/wp\/v2\/users\/43"}],"replies":[{"embeddable":true,"href":"https:\/\/blogs.univ-jfc.fr\/projetlaperouse\/wp-json\/wp\/v2\/comments?post=2328"}],"version-history":[{"count":19,"href":"https:\/\/blogs.univ-jfc.fr\/projetlaperouse\/wp-json\/wp\/v2\/pages\/2328\/revisions"}],"predecessor-version":[{"id":4415,"href":"https:\/\/blogs.univ-jfc.fr\/projetlaperouse\/wp-json\/wp\/v2\/pages\/2328\/revisions\/4415"}],"up":[{"embeddable":true,"href":"https:\/\/blogs.univ-jfc.fr\/projetlaperouse\/wp-json\/wp\/v2\/pages\/277"}],"wp:attachment":[{"href":"https:\/\/blogs.univ-jfc.fr\/projetlaperouse\/wp-json\/wp\/v2\/media?parent=2328"}],"curies":[{"name":"wp","href":"https:\/\/api.w.org\/{rel}","templated":true}]}}