{"id":2329,"date":"2014-03-27T09:34:51","date_gmt":"2014-03-27T08:34:51","guid":{"rendered":"http:\/\/blogs.univ-jfc.fr\/projetlaperouse\/?page_id=2329"},"modified":"2014-04-08T15:00:09","modified_gmt":"2014-04-08T14:00:09","slug":"les-lieux-commemoratifs","status":"publish","type":"page","link":"https:\/\/blogs.univ-jfc.fr\/projetlaperouse\/vanikoro-et-apres\/le-mythe-laperouse\/les-lieux-commemoratifs\/","title":{"rendered":"Les lieux comm\u00e9moratifs"},"content":{"rendered":"<p style=\"text-align: justify\">\u00a0\u00a0\u00a0\u00a0\u00a0\u00a0 L\u2019association Lap\u00e9rouse Albi-France a comme principaux objectifs d\u2019entretenir les relations entre Albi et les pays explor\u00e9s par le navigateur, et de conserver la toponymie l\u00e9gu\u00e9e, c&rsquo;est-\u00e0-dire les <a title=\"Tableau regroupant les \u00e9tapes de l\u2019exp\u00e9dition\" href=\"http:\/\/blogs.univ-jfc.fr\/projetlaperouse\/le-voyage\/principales-etapes-et-evenements\/deux-ans-et-demi-en-mer-avec-laperouse-et-son-equipage\/tableau-regroupant-les-etapes-de-lexpedition\/\">escales<\/a> effectu\u00e9es dans les diff\u00e9rents pays par le navigateur Albigeois durant son <a title=\"Principales \u00e9tapes et \u00e9v\u00e8nements\" href=\"http:\/\/blogs.univ-jfc.fr\/projetlaperouse\/le-voyage\/principales-etapes-et-evenements\/\">voyage<\/a>, pour ne pas oublier le p\u00e9riple de Lap\u00e9rouse, en \u00e9levant ainsi des monuments \u00e0 sa m\u00e9moire. Dans de nombreux lieux, les escales du voyage de Lap\u00e9rouse et de ses hommes ont \u00e9t\u00e9 immortalis\u00e9es par la mise en place d\u2019un monument ou d\u2019une plaque comm\u00e9morative. (<em>cf.<\/em> film disponible via ce <a href=\"https:\/\/www.youtube.com\/watch?v=BMG1neOfJ8Q\" target=\"_blank\">lien<\/a>)<\/p>\n<p style=\"text-align: justify\">\u00a0\u00a0\u00a0\u00a0\u00a0\u00a0\u00a0\u00a0 Nous pouvons citer quelques exemples de cr\u00e9ation de lieux comm\u00e9moratifs r\u00e9alis\u00e9s gr\u00e2ce aux actions de l\u2019association qui reste en contact avec les divers pays que le navigateur a explor\u00e9s (France, Ile Maurice, \u00c9tats-Unis, Canada, Iles Samoa, Russie, Japon). \u00a0Il est important de savoir que la baie de Langle doit son nom \u00e0 Lap\u00e9rouse qu\u2019il nomma ainsi en l\u2019honneur de son second. Paul Antoine Marie Fleuriot, vicomte de Langle, \u00e9tait un officier de la marine et aristocrate fran\u00e7ais. Il embarqua comme commandant en second lors de l\u2019exp\u00e9dition de Lap\u00e9rouse. Autre exemple, la ville de Ternay en Russie tient son nom gr\u00e2ce \u00e0 Lap\u00e9rouse qui la nomme ainsi en hommage \u00e0 l\u2019officier de marine De Ternay qui fut un v\u00e9ritable tuteur pour lui. Nous remarquons ainsi que ces deux lieux, nomm\u00e9s du nom de deux hommes ayant particip\u00e9 \u00e0 l\u2019exp\u00e9dition Lap\u00e9rouse, n\u2019ont pas eu leurs noms chang\u00e9s aux cours des si\u00e8cles, ce qui prouve que le caract\u00e8re de l\u2019exp\u00e9dition de Lap\u00e9rouse demeure intact.<\/p>\n","protected":false},"excerpt":{"rendered":"<p>\u00a0\u00a0\u00a0\u00a0\u00a0\u00a0 L\u2019association Lap\u00e9rouse Albi-France a comme principaux objectifs d\u2019entretenir les relations entre Albi et les pays explor\u00e9s par le navigateur, et de conserver la toponymie l\u00e9gu\u00e9e, c&rsquo;est-\u00e0-dire les escales effectu\u00e9es dans les diff\u00e9rents pays par le navigateur Albigeois durant son &hellip; <a href=\"https:\/\/blogs.univ-jfc.fr\/projetlaperouse\/vanikoro-et-apres\/le-mythe-laperouse\/les-lieux-commemoratifs\/\">Lire la suite <span class=\"meta-nav\">&rarr;<\/span><\/a><\/p>\n","protected":false},"author":50,"featured_media":0,"parent":273,"menu_order":3,"comment_status":"closed","ping_status":"open","template":"","meta":[],"_links":{"self":[{"href":"https:\/\/blogs.univ-jfc.fr\/projetlaperouse\/wp-json\/wp\/v2\/pages\/2329"}],"collection":[{"href":"https:\/\/blogs.univ-jfc.fr\/projetlaperouse\/wp-json\/wp\/v2\/pages"}],"about":[{"href":"https:\/\/blogs.univ-jfc.fr\/projetlaperouse\/wp-json\/wp\/v2\/types\/page"}],"author":[{"embeddable":true,"href":"https:\/\/blogs.univ-jfc.fr\/projetlaperouse\/wp-json\/wp\/v2\/users\/50"}],"replies":[{"embeddable":true,"href":"https:\/\/blogs.univ-jfc.fr\/projetlaperouse\/wp-json\/wp\/v2\/comments?post=2329"}],"version-history":[{"count":11,"href":"https:\/\/blogs.univ-jfc.fr\/projetlaperouse\/wp-json\/wp\/v2\/pages\/2329\/revisions"}],"predecessor-version":[{"id":4064,"href":"https:\/\/blogs.univ-jfc.fr\/projetlaperouse\/wp-json\/wp\/v2\/pages\/2329\/revisions\/4064"}],"up":[{"embeddable":true,"href":"https:\/\/blogs.univ-jfc.fr\/projetlaperouse\/wp-json\/wp\/v2\/pages\/273"}],"wp:attachment":[{"href":"https:\/\/blogs.univ-jfc.fr\/projetlaperouse\/wp-json\/wp\/v2\/media?parent=2329"}],"curies":[{"name":"wp","href":"https:\/\/api.w.org\/{rel}","templated":true}]}}