{"id":2403,"date":"2014-03-27T09:44:31","date_gmt":"2014-03-27T08:44:31","guid":{"rendered":"http:\/\/blogs.univ-jfc.fr\/projetlaperouse\/?page_id=2403"},"modified":"2014-05-01T15:52:14","modified_gmt":"2014-05-01T14:52:14","slug":"la-bataille-des-cardinaux-un-passage-brutal-a-lage-adulte","status":"publish","type":"page","link":"https:\/\/blogs.univ-jfc.fr\/projetlaperouse\/marin-et-soldat\/lepreuve-du-feu\/la-bataille-des-cardinaux-un-passage-brutal-a-lage-adulte\/","title":{"rendered":"La bataille des cardinaux : un passage brutal \u00e0 l\u2019\u00e2ge adulte"},"content":{"rendered":"<p style=\"text-align: justify\"><span style=\"font-family: Arial, sans-serif\">Jean Fran\u00e7ois de Galaup de Lap\u00e9rouse est engag\u00e9 \u00e0 l&rsquo;\u00e2ge de 17 ans dans la Marine royale pour participer \u00e0 la Guerre de Sept ans contre la Grande Bretagne. En effet la couronne britannique menace les colonies fran\u00e7aises en Am\u00e9rique du Nord et l&rsquo;envoi de renforts devient n\u00e9cessaire. Il embarque en 1757 au cot\u00e9 de son cousin Cl\u00e9ment et de son mentor le <a title=\"Gouverneur De Ternay\" href=\"http:\/\/blogs.univ-jfc.fr\/projetlaperouse\/marin-et-soldat\/dans-locean-indien\/gouverneur-de-ternay\/\">chevalier de Ternay<\/a>. Il passe sous les ordres du comte Dubois et participe aux combats dans un territoire qui va de Terre-Neuve jusqu&rsquo;au Antilles.<\/span><\/p>\n<p style=\"text-align: justify\"><span style=\"font-family: Arial, sans-serif\">La marine royale est tr\u00e8s vite surpass\u00e9e par l&rsquo;\u00e9vidente sup\u00e9riorit\u00e9 num\u00e9rique et logistique de la Royal Navy.<\/span><\/p>\n<p style=\"text-align: justify\"><span style=\"font-family: Arial, sans-serif\">Les six ann\u00e9es suivantes, le jeune Jean-Fran\u00e7ois sert sous divers commandements dans la guerre navale et coloniale contre le Royaume-Uni. Lap\u00e9rouse d\u00e9couvre pendant son service les affres de la maladie et de la mort auxquels sont expos\u00e9s tous les marins de l&rsquo;\u00e9poque. Il assiste en juillet 1758 \u00e0 la prise de Louisbourg, une des places fortes fran\u00e7aises en Am\u00e9rique du Nord. Il survit aussi \u00e0 un des plus terribles d\u00e9sastres que n&rsquo;ait jamais connu la Marine fran\u00e7aise dans son histoire. Le 20 novembre 1759, le comte de Conflan, commandant de la flotte fran\u00e7aise, tente d&rsquo;\u00e9chapper \u00e0 la marine anglaise sup\u00e9rieure en nombre et en mat\u00e9riel, en se r\u00e9fugiant dans la baie de Quiberon. Malheureusement pour lui, son plan \u00e9choue et les b\u00e2timents fran\u00e7ais sont d\u00e9truits et dispers\u00e9s, une partie de la flotte s&rsquo;enfuie vers la m\u00e9tropole tandis que le reste est pi\u00e9g\u00e9 aux Am\u00e9riques. <a title=\"La bataille des Cardinaux\" href=\"http:\/\/blogs.univ-jfc.fr\/projetlaperouse\/marin-et-soldat\/lepreuve-du-feu\/la-bataille-des-cardinaux\/\">La bataille des cardinaux<\/a> va sonner le glas de la marine fran\u00e7aise contre sa rivale britannique.<\/span><\/p>\n<div id=\"attachment_236\" style=\"width: 1010px\" class=\"wp-caption alignnone\"><a href=\"http:\/\/blogs.univ-jfc.fr\/projetlaperouse\/wp-content\/uploads\/sites\/9\/2013\/06\/cropped-720px-Bataille-Cardinaux.jpg\"><img aria-describedby=\"caption-attachment-236\" loading=\"lazy\" class=\" wp-image-236\" alt=\"cropped-720px-Bataille-Cardinaux.jpg\" src=\"http:\/\/blogs.univ-jfc.fr\/projetlaperouse\/wp-content\/uploads\/sites\/9\/2013\/06\/cropped-720px-Bataille-Cardinaux.jpg\" width=\"1000\" height=\"287\" srcset=\"https:\/\/blogs.univ-jfc.fr\/projetlaperouse\/wp-content\/uploads\/sites\/9\/2013\/06\/cropped-720px-Bataille-Cardinaux.jpg 1000w, https:\/\/blogs.univ-jfc.fr\/projetlaperouse\/wp-content\/uploads\/sites\/9\/2013\/06\/cropped-720px-Bataille-Cardinaux-500x143.jpg 500w\" sizes=\"(max-width: 1000px) 100vw, 1000px\" \/><\/a><p id=\"caption-attachment-236\" class=\"wp-caption-text\">La Bataille des Cardinaux<\/p><\/div>\n<p style=\"text-align: justify\"><span style=\"font-family: Arial, sans-serif\">Apr\u00e8s le trait\u00e9 de Paris de 1763, Lap\u00e9rouse continue \u00e0 servir sa patrie. Il effectue des missions d&rsquo;escorte pour le compte de la Marine royale aux Indes et aux Am\u00e9riques. Il passe par exemple cinq ann\u00e9es \u00e0 l&rsquo;\u00eele Maurice et y rencontre celle qui deviendra plus tard sa femme. D&rsquo;abord simple officier de rang, il devient commandant d&rsquo;escadre \u00e0 partir de 1775 et m\u00e8ne plusieurs exp\u00e9ditions dans l&rsquo;Oc\u00e9an Indien, comme par exemple au Bengale et en Chine. Pour plus de renseignement sur ce sujet voir les documents sur <a title=\"Dans l\u2019Oc\u00e9an Indien\" href=\"http:\/\/blogs.univ-jfc.fr\/projetlaperouse\/marin-et-soldat\/dans-locean-indien\/\">\u00ab\u00a0l\u2019Oc\u00e9an indien\u00a0\u00bb<\/a>.\u00a0<\/span><\/p>\n<p align=\"JUSTIFY\"><span style=\"color: #373737\">\u00a0<\/span><\/p>\n<p style=\"text-align: justify\"><span style=\"font-family: Arial, sans-serif\">\u00a0<\/span><\/p>\n","protected":false},"excerpt":{"rendered":"<p>Jean Fran\u00e7ois de Galaup de Lap\u00e9rouse est engag\u00e9 \u00e0 l&rsquo;\u00e2ge de 17 ans dans la Marine royale pour participer \u00e0 la Guerre de Sept ans contre la Grande Bretagne. En effet la couronne britannique menace les colonies fran\u00e7aises en Am\u00e9rique &hellip; <a href=\"https:\/\/blogs.univ-jfc.fr\/projetlaperouse\/marin-et-soldat\/lepreuve-du-feu\/la-bataille-des-cardinaux-un-passage-brutal-a-lage-adulte\/\">Lire la suite <span class=\"meta-nav\">&rarr;<\/span><\/a><\/p>\n","protected":false},"author":51,"featured_media":0,"parent":275,"menu_order":3,"comment_status":"closed","ping_status":"open","template":"","meta":[],"_links":{"self":[{"href":"https:\/\/blogs.univ-jfc.fr\/projetlaperouse\/wp-json\/wp\/v2\/pages\/2403"}],"collection":[{"href":"https:\/\/blogs.univ-jfc.fr\/projetlaperouse\/wp-json\/wp\/v2\/pages"}],"about":[{"href":"https:\/\/blogs.univ-jfc.fr\/projetlaperouse\/wp-json\/wp\/v2\/types\/page"}],"author":[{"embeddable":true,"href":"https:\/\/blogs.univ-jfc.fr\/projetlaperouse\/wp-json\/wp\/v2\/users\/51"}],"replies":[{"embeddable":true,"href":"https:\/\/blogs.univ-jfc.fr\/projetlaperouse\/wp-json\/wp\/v2\/comments?post=2403"}],"version-history":[{"count":20,"href":"https:\/\/blogs.univ-jfc.fr\/projetlaperouse\/wp-json\/wp\/v2\/pages\/2403\/revisions"}],"predecessor-version":[{"id":3113,"href":"https:\/\/blogs.univ-jfc.fr\/projetlaperouse\/wp-json\/wp\/v2\/pages\/2403\/revisions\/3113"}],"up":[{"embeddable":true,"href":"https:\/\/blogs.univ-jfc.fr\/projetlaperouse\/wp-json\/wp\/v2\/pages\/275"}],"wp:attachment":[{"href":"https:\/\/blogs.univ-jfc.fr\/projetlaperouse\/wp-json\/wp\/v2\/media?parent=2403"}],"curies":[{"name":"wp","href":"https:\/\/api.w.org\/{rel}","templated":true}]}}