{"id":25,"date":"2013-06-11T07:44:12","date_gmt":"2013-06-11T06:44:12","guid":{"rendered":"http:\/\/blogs.univ-jfc.fr\/projetlaperouse\/?page_id=25"},"modified":"2014-04-03T08:51:17","modified_gmt":"2014-04-03T07:51:17","slug":"de-la-nature-et-des-hommes","status":"publish","type":"page","link":"https:\/\/blogs.univ-jfc.fr\/projetlaperouse\/de-la-nature-et-des-hommes\/","title":{"rendered":"De la nature et des hommes"},"content":{"rendered":"<p style=\"text-align: justify\" title=\"Savants et naturalistes\">L&rsquo;\u00e9poque de Lap\u00e9rouse est celle des <a title=\"Savants et naturalistes\" href=\"http:\/\/blogs.univ-jfc.fr\/projetlaperouse\/de-la-nature-et-des-hommes\/savants-et-naturalistes\/\" target=\"_blank\">savants et des naturalistes <\/a>et des sciences, notamment <a title=\"Sciences naturelles\" href=\"http:\/\/blogs.univ-jfc.fr\/projetlaperouse\/de-la-nature-et-des-hommes\/sciences-naturelles\/\" target=\"_blank\">les sciences naturelles<\/a>, qui connaissent de grands <a href=\"http:\/\/blogs.univ-jfc.fr\/projetlaperouse\/wp-content\/uploads\/sites\/9\/2013\/06\/pavot-planche.jpg\"><img loading=\"lazy\" class=\" wp-image-331 alignright\" alt=\"pavot-planche\" src=\"http:\/\/blogs.univ-jfc.fr\/projetlaperouse\/wp-content\/uploads\/sites\/9\/2013\/06\/pavot-planche.jpg\" width=\"172\" height=\"136\" \/><\/a>bouleversements, tant au niveau des connaissances qui ne cessent de cro\u00eetre, que des m\u00e9thodes qui se structurent, que des institutions qui, avec les acad\u00e9mies, donnent \u00e0 la science une organisation et enfin au niveau du statut des savants. Ceux-ci entament leur chemin vers ce qui va devenir une profession. Lap\u00e9rouse, commandant d&rsquo;une exp\u00e9dition scientifique, participe \u00e0 ce mouvement. Lui-m\u00eame doit confronter les connaissances de l&rsquo;\u00e9poque sur les peuples du bout du monde,<a title=\"La d\u00e9couverte de l\u2019Autre\" href=\"http:\/\/blogs.univ-jfc.fr\/projetlaperouse\/de-la-nature-et-des-hommes\/la-decouverte-de-lautre\/\" target=\"_blank\"> le mythe du \u00ab\u00a0bon sauvage\u00a0\u00bb,<\/a> \u00e0 la r\u00e9alit\u00e9 de son exp\u00e9rience personnelle,<\/p>\n","protected":false},"excerpt":{"rendered":"<p>L&rsquo;\u00e9poque de Lap\u00e9rouse est celle des savants et des naturalistes et des sciences, notamment les sciences naturelles, qui connaissent de grands bouleversements, tant au niveau des connaissances qui ne cessent de cro\u00eetre, que des m\u00e9thodes qui se structurent, que des &hellip; <a href=\"https:\/\/blogs.univ-jfc.fr\/projetlaperouse\/de-la-nature-et-des-hommes\/\">Lire la suite <span class=\"meta-nav\">&rarr;<\/span><\/a><\/p>\n","protected":false},"author":15,"featured_media":466,"parent":0,"menu_order":6,"comment_status":"closed","ping_status":"closed","template":"sidebar-page.php","meta":[],"_links":{"self":[{"href":"https:\/\/blogs.univ-jfc.fr\/projetlaperouse\/wp-json\/wp\/v2\/pages\/25"}],"collection":[{"href":"https:\/\/blogs.univ-jfc.fr\/projetlaperouse\/wp-json\/wp\/v2\/pages"}],"about":[{"href":"https:\/\/blogs.univ-jfc.fr\/projetlaperouse\/wp-json\/wp\/v2\/types\/page"}],"author":[{"embeddable":true,"href":"https:\/\/blogs.univ-jfc.fr\/projetlaperouse\/wp-json\/wp\/v2\/users\/15"}],"replies":[{"embeddable":true,"href":"https:\/\/blogs.univ-jfc.fr\/projetlaperouse\/wp-json\/wp\/v2\/comments?post=25"}],"version-history":[{"count":40,"href":"https:\/\/blogs.univ-jfc.fr\/projetlaperouse\/wp-json\/wp\/v2\/pages\/25\/revisions"}],"predecessor-version":[{"id":196,"href":"https:\/\/blogs.univ-jfc.fr\/projetlaperouse\/wp-json\/wp\/v2\/pages\/25\/revisions\/196"}],"wp:featuredmedia":[{"embeddable":true,"href":"https:\/\/blogs.univ-jfc.fr\/projetlaperouse\/wp-json\/wp\/v2\/media\/466"}],"wp:attachment":[{"href":"https:\/\/blogs.univ-jfc.fr\/projetlaperouse\/wp-json\/wp\/v2\/media?parent=25"}],"curies":[{"name":"wp","href":"https:\/\/api.w.org\/{rel}","templated":true}]}}