{"id":2500,"date":"2014-03-27T09:55:55","date_gmt":"2014-03-27T08:55:55","guid":{"rendered":"http:\/\/blogs.univ-jfc.fr\/projetlaperouse\/?page_id=2500"},"modified":"2014-03-27T10:04:52","modified_gmt":"2014-03-27T09:04:52","slug":"les-innovations-techniques","status":"publish","type":"page","link":"https:\/\/blogs.univ-jfc.fr\/projetlaperouse\/de-la-nature-et-des-hommes\/savants-et-naturalistes\/le-savant-en-route-vers-la-professionnalisation\/les-innovations-techniques\/","title":{"rendered":"Les innovations techniques"},"content":{"rendered":"<h1 style=\"text-align: justify\" align=\"JUSTIFY\">Quelques exemple d&rsquo;innovations&#8230;<\/h1>\n<p style=\"text-align: justify\" align=\"JUSTIFY\"><span style=\"font-family: Arial,sans-serif\"><span style=\"font-size: medium\"><b>1718 : le thermom\u00e8tre<\/b> au mercure, par Gabriel Fahrenheit.<\/span><\/span><\/p>\n<p style=\"text-align: justify\" align=\"JUSTIFY\"><span style=\"font-family: Arial,sans-serif\"><span style=\"font-size: medium\"><b>1736 : le navire \u00e0 vapeur<\/b>, par Jonathan Hulls.<\/span><\/span><\/p>\n<p style=\"text-align: justify\" align=\"JUSTIFY\"><span style=\"font-family: Arial,sans-serif\"><span style=\"font-size: medium\"><b>1752 : le paratonnerre<\/b>, par Benjamin Franklin.<\/span><\/span><\/p>\n<p style=\"text-align: justify\" align=\"JUSTIFY\"><span style=\"font-family: Arial,sans-serif\"><span style=\"font-size: medium\"><b>1764 : innoculation<\/b> de la variole, par la facult\u00e9 de Paris. Le vaccin sera pr\u00eat \u00e0 la fin du si\u00e8cle.<\/span><\/span><\/p>\n<p style=\"text-align: justify\" align=\"JUSTIFY\">1769: la machine \u00e0 vapeur, par James Watt qui permet pour la premi\u00e8re fois de remplacer efficacement la force animale.<\/p>\n<p style=\"text-align: justify\" align=\"JUSTIFY\"><span style=\"font-family: Arial,sans-serif\"><span style=\"font-size: medium\"><b>1769 : Fardier \u00e0 vapeur<\/b>, qui est l\u2019anc\u00eatre de la locomotive et de l\u2019automobile, par Cugnot.<\/span><\/span><\/p>\n<p style=\"text-align: justify\" align=\"JUSTIFY\"><span style=\"font-family: Arial,sans-serif\"><span style=\"font-size: medium\"><b>1762 : le sandwich<\/b>, par John Montagu.<\/span><\/span><\/p>\n<p style=\"text-align: justify\" align=\"JUSTIFY\"><span style=\"font-family: Arial,sans-serif\"><span style=\"font-size: medium\"><b>1783 : la montgolfi\u00e8re<\/b>, par Joseph et \u00c9tienne Montgolfier.<\/span><\/span><\/p>\n<p style=\"text-align: justify\" align=\"JUSTIFY\"><span style=\"font-family: Arial,sans-serif\"><span style=\"font-size: medium\"><b>1785 : premi\u00e8re voie ferr\u00e9e <\/b>en France.<\/span><\/span><\/p>\n<p style=\"text-align: justify\" align=\"JUSTIFY\">1789: la guillotine, par Guillotin<\/p>\n","protected":false},"excerpt":{"rendered":"<p>Quelques exemple d&rsquo;innovations&#8230; 1718 : le thermom\u00e8tre au mercure, par Gabriel Fahrenheit. 1736 : le navire \u00e0 vapeur, par Jonathan Hulls. 1752 : le paratonnerre, par Benjamin Franklin. 1764 : innoculation de la variole, par la facult\u00e9 de Paris. Le &hellip; <a href=\"https:\/\/blogs.univ-jfc.fr\/projetlaperouse\/de-la-nature-et-des-hommes\/savants-et-naturalistes\/le-savant-en-route-vers-la-professionnalisation\/les-innovations-techniques\/\">Lire la suite <span class=\"meta-nav\">&rarr;<\/span><\/a><\/p>\n","protected":false},"author":19,"featured_media":0,"parent":1053,"menu_order":0,"comment_status":"closed","ping_status":"open","template":"","meta":[],"_links":{"self":[{"href":"https:\/\/blogs.univ-jfc.fr\/projetlaperouse\/wp-json\/wp\/v2\/pages\/2500"}],"collection":[{"href":"https:\/\/blogs.univ-jfc.fr\/projetlaperouse\/wp-json\/wp\/v2\/pages"}],"about":[{"href":"https:\/\/blogs.univ-jfc.fr\/projetlaperouse\/wp-json\/wp\/v2\/types\/page"}],"author":[{"embeddable":true,"href":"https:\/\/blogs.univ-jfc.fr\/projetlaperouse\/wp-json\/wp\/v2\/users\/19"}],"replies":[{"embeddable":true,"href":"https:\/\/blogs.univ-jfc.fr\/projetlaperouse\/wp-json\/wp\/v2\/comments?post=2500"}],"version-history":[{"count":4,"href":"https:\/\/blogs.univ-jfc.fr\/projetlaperouse\/wp-json\/wp\/v2\/pages\/2500\/revisions"}],"predecessor-version":[{"id":2579,"href":"https:\/\/blogs.univ-jfc.fr\/projetlaperouse\/wp-json\/wp\/v2\/pages\/2500\/revisions\/2579"}],"up":[{"embeddable":true,"href":"https:\/\/blogs.univ-jfc.fr\/projetlaperouse\/wp-json\/wp\/v2\/pages\/1053"}],"wp:attachment":[{"href":"https:\/\/blogs.univ-jfc.fr\/projetlaperouse\/wp-json\/wp\/v2\/media?parent=2500"}],"curies":[{"name":"wp","href":"https:\/\/api.w.org\/{rel}","templated":true}]}}