{"id":2520,"date":"2014-03-27T09:58:59","date_gmt":"2014-03-27T08:58:59","guid":{"rendered":"http:\/\/blogs.univ-jfc.fr\/projetlaperouse\/?page_id=2520"},"modified":"2014-06-15T09:41:40","modified_gmt":"2014-06-15T08:41:40","slug":"quelques-exemples-de-savants","status":"publish","type":"page","link":"https:\/\/blogs.univ-jfc.fr\/projetlaperouse\/de-la-nature-et-des-hommes\/savants-et-naturalistes\/quest-ce-quun-savant\/quelques-exemples-de-savants\/","title":{"rendered":"Quelques exemples de savants"},"content":{"rendered":"<p style=\"text-align: justify\">Louis Antoine comte de Bougainville publia en 1771 son <i>Voyage autour du monde <\/i>qui connut un large succ\u00e8s. Il embarqua le 15 d\u00e9cembre 1766 de Brest sur la fr\u00e9gate La Boudeuse avec \u00e0 son bord, des naturalistes, des astronomes, des dessinateurs&#8230; dans le but de faire le tour du monde et de d\u00e9couvrir de nouveaux territoires. Non seulement il en d\u00e9couvrit, mais il pr\u00e9cisa aussi la situation g\u00e9ographique de certains ayant d\u00e9j\u00e0 \u00e9t\u00e9 d\u00e9couverts. A son retour, il publia son journal de bord sous <i>Voyage autour du monde <\/i>dans lequel d\u00e9crivit les m\u0153urs des populations jug\u00e9es \u00ab sauvages\u00a0\u00bb ou \u00ab\u00a0barbares\u00a0\u00bb par les Europ\u00e9ens et s&rsquo;opposa ainsi au colonialisme et \u00e0 l&rsquo;esclavage, tr\u00e8s pr\u00e9sent au XVIII<sup>e<\/sup> si\u00e8cle.<\/p>\n<div id=\"attachment_2793\" style=\"width: 188px\" class=\"wp-caption aligncenter\"><a href=\"http:\/\/blogs.univ-jfc.fr\/projetlaperouse\/wp-content\/uploads\/sites\/9\/2014\/03\/Bougainville1.jpg\"><img aria-describedby=\"caption-attachment-2793\" loading=\"lazy\" class=\" wp-image-2793\" alt=\"Louis Antoine, comte de Bougainville\" src=\"http:\/\/blogs.univ-jfc.fr\/projetlaperouse\/wp-content\/uploads\/sites\/9\/2014\/03\/Bougainville1.jpg\" width=\"178\" height=\"216\" \/><\/a><p id=\"caption-attachment-2793\" class=\"wp-caption-text\">Louis Antoine comte de Bougainville, Jean Pierre Franque, Versailles; mus\u00e9e national des ch\u00e2teaux de Versailles et de Trianon<\/p><\/div>\n<p>&nbsp;<\/p>\n<p>&nbsp;<\/p>\n<p style=\"text-align: justify\">Les sciences naturelles se sont quant \u00e0 elles initialement d\u00e9velopp\u00e9es dans des \u00ab\u00a0cabinets de curiosit\u00e9s\u00a0\u00bb o\u00f9 chacun d\u00e9posait roches, coquillages, min\u00e9raux&#8230; Dans ce cadre de science naturelle, nous pouvons nous int\u00e9resser \u00e0 Rom\u00e9 de L\u2019isle,<b> <\/b>min\u00e9ralogiste fran\u00e7ais. Il inventa le terme de \u00ab\u00a0cristallographie\u00a0\u00bb. La r\u00e9alisation de son catalogue <i>Catalogue syst\u00e9matique et raisonn\u00e9 des curiosit\u00e9s de la nature et de l&rsquo;art qui composent le cabinet de M. Davila<\/i> , descriptif de son travail min\u00e9ralogique, le fit entrer d&rsquo;office dans les salons \u00e9clair\u00e9s de l&rsquo;\u00e9poque. D\u00e8s lors, il se consacra \u00e0 la r\u00e9alisation de 14 autres catalogues (dont 3 qui ne rest\u00e8rent que de simples manuscrits) dans lesquels il nota les observations faites sur diff\u00e9rents min\u00e9raux. C&rsquo;est ainsi qu&rsquo;il posa les bases d&rsquo;une nouvelle discipline : la cristallographie, science des cristaux qui se veut expliquer les m\u00e9canismes de leur formation.<\/p>\n<div id=\"attachment_2794\" style=\"width: 130px\" class=\"wp-caption aligncenter\"><a href=\"http:\/\/blogs.univ-jfc.fr\/projetlaperouse\/wp-content\/uploads\/sites\/9\/2014\/03\/Rom\u00e9-de-Lisle.jpg\"><img aria-describedby=\"caption-attachment-2794\" loading=\"lazy\" class=\" wp-image-2794\" alt=\"Rom\u00e9 de Lisle\" src=\"http:\/\/blogs.univ-jfc.fr\/projetlaperouse\/wp-content\/uploads\/sites\/9\/2014\/03\/Rom\u00e9-de-Lisle.jpg\" width=\"120\" height=\"172\" \/><\/a><p id=\"caption-attachment-2794\" class=\"wp-caption-text\">Rom\u00e9 de Lisle, repr\u00e9sentation pr\u00e9sente \u00e0 l&rsquo;H\u00f4tel de Ville de Gray<\/p><\/div>\n<p>&nbsp;<\/p>\n","protected":false},"excerpt":{"rendered":"<p>Louis Antoine comte de Bougainville publia en 1771 son Voyage autour du monde qui connut un large succ\u00e8s. Il embarqua le 15 d\u00e9cembre 1766 de Brest sur la fr\u00e9gate La Boudeuse avec \u00e0 son bord, des naturalistes, des astronomes, des &hellip; <a href=\"https:\/\/blogs.univ-jfc.fr\/projetlaperouse\/de-la-nature-et-des-hommes\/savants-et-naturalistes\/quest-ce-quun-savant\/quelques-exemples-de-savants\/\">Lire la suite <span class=\"meta-nav\">&rarr;<\/span><\/a><\/p>\n","protected":false},"author":19,"featured_media":0,"parent":1049,"menu_order":0,"comment_status":"closed","ping_status":"open","template":"","meta":[],"_links":{"self":[{"href":"https:\/\/blogs.univ-jfc.fr\/projetlaperouse\/wp-json\/wp\/v2\/pages\/2520"}],"collection":[{"href":"https:\/\/blogs.univ-jfc.fr\/projetlaperouse\/wp-json\/wp\/v2\/pages"}],"about":[{"href":"https:\/\/blogs.univ-jfc.fr\/projetlaperouse\/wp-json\/wp\/v2\/types\/page"}],"author":[{"embeddable":true,"href":"https:\/\/blogs.univ-jfc.fr\/projetlaperouse\/wp-json\/wp\/v2\/users\/19"}],"replies":[{"embeddable":true,"href":"https:\/\/blogs.univ-jfc.fr\/projetlaperouse\/wp-json\/wp\/v2\/comments?post=2520"}],"version-history":[{"count":4,"href":"https:\/\/blogs.univ-jfc.fr\/projetlaperouse\/wp-json\/wp\/v2\/pages\/2520\/revisions"}],"predecessor-version":[{"id":4632,"href":"https:\/\/blogs.univ-jfc.fr\/projetlaperouse\/wp-json\/wp\/v2\/pages\/2520\/revisions\/4632"}],"up":[{"embeddable":true,"href":"https:\/\/blogs.univ-jfc.fr\/projetlaperouse\/wp-json\/wp\/v2\/pages\/1049"}],"wp:attachment":[{"href":"https:\/\/blogs.univ-jfc.fr\/projetlaperouse\/wp-json\/wp\/v2\/media?parent=2520"}],"curies":[{"name":"wp","href":"https:\/\/api.w.org\/{rel}","templated":true}]}}