{"id":2522,"date":"2014-03-27T09:59:46","date_gmt":"2014-03-27T08:59:46","guid":{"rendered":"http:\/\/blogs.univ-jfc.fr\/projetlaperouse\/?page_id=2522"},"modified":"2014-03-27T10:12:59","modified_gmt":"2014-03-27T09:12:59","slug":"clement-de-taffanel-de-la-jonquiere","status":"publish","type":"page","link":"https:\/\/blogs.univ-jfc.fr\/projetlaperouse\/marin-et-soldat\/lepreuve-du-feu\/clement-de-taffanel-de-la-jonquiere\/","title":{"rendered":"Cl\u00e9ment de Taffanel de La Jonqui\u00e8re"},"content":{"rendered":"<p style=\"margin-bottom: 0cm;line-height: 150%;text-align: justify\">\u00a0<span style=\"font-family: Times New Roman,serif\"><i><span style=\"text-decoration: underline\"><b>Cl\u00e9ment de Taffanel de La Jonqui\u00e8re,<\/b><\/span><\/i> n\u00e9 le 13 septembre 1706 aux environs de Graulhet (Tarn) et d\u00e9c\u00e9d\u00e9 le 12 mars 1795 \u00e0 Toulon (Var).<\/span><\/p>\n<p style=\"margin-bottom: 0cm;line-height: 150%;text-align: justify\" align=\"JUSTIFY\"><span style=\"font-family: Times New Roman,serif\"><span style=\"font-size: medium\"><span style=\"background: transparent\">Tr\u00e8s impressionn\u00e9 d\u00e9s son jeune \u00e2ge par l\u2019\u00e9blouissante carri\u00e8re de son cousin Pierre-Jacques, qui lui l\u00e8guera ses biens et titres de noblesse, il prit la mer avec lui et entra dans la Marine.<\/span><\/span><\/span><\/p>\n<p style=\"margin-bottom: 0cm;line-height: 150%;text-align: justify\" align=\"JUSTIFY\"><span style=\"font-family: Times New Roman,serif\"><span style=\"font-size: medium\"><span style=\"background: transparent\">En 1726, il fit campagne contre les pirates qui infestaient la mer des Antilles. En 1733, il \u00e9tait avec son oncle \u00e0 bord du Rubis devant Qu\u00e9bec. Il se distingua en 1740 dans l\u2019exp\u00e9dition \u00e0 Saint-Domingue, sous le marquis d\u2019Antin. Il commandait La M\u00e9g\u00e8re en 1746, sous le duc d\u2019Anville. Commandant la fr\u00e9gate l\u2019Emeraude au combat naval du Cap-Finisterre le 14 Mai 1747, il rallia la flotte fran\u00e7aise et re\u00e7ut la Croix de chevalier de Saint-Louis.<\/span><\/span><\/span><\/p>\n<p style=\"margin-bottom: 0cm;line-height: 150%;text-align: justify\" align=\"JUSTIFY\"><span style=\"font-family: Times New Roman,serif\"><span style=\"font-size: medium\"><span style=\"background: transparent\">En 1749, il commandait La Diane. En 1751 et 1755, il fit campagne sur la c\u00f4te am\u00e9ricaine pour aller d\u00e9fendre et ravitailler Louisbourg. En 1757, commandant Le C\u00e9l\u00e8bre, vaisseau dans l\u2019escadre Dubois de La Mothe pour le Canada, il embarque son jeune cousin Lap\u00e9rouse, alors \u00e2g\u00e9 de 16 ans, pour sa premi\u00e8re campagne en mer.<\/span><\/span><\/span><\/p>\n<p style=\"margin-bottom: 0cm;line-height: 150%;text-align: justify\" align=\"JUSTIFY\"><span style=\"font-family: Times New Roman,serif\"><span style=\"font-size: medium\"><span style=\"background: transparent\">Il sera le tuteur de Lap\u00e9rouse pendant ses jeunes ann\u00e9es, de m\u00eame que de son autre cousin de Saint F\u00e9lix.<\/span><\/span><\/span><\/p>\n<p style=\"margin-bottom: 0cm;line-height: 150%;text-align: justify\" align=\"JUSTIFY\"><span style=\"font-family: Times New Roman\"><span style=\"font-size: medium\"><span style=\"background: transparent\"><span style=\"font-family: Times New Roman,serif\">Source\u00a0: <a href=\"http:\/\/www.laperouse-france.fr\/spip.php?rubrique37\">http:\/\/www.laperouse-france.fr\/spip.php?rubrique37<\/a><\/span><\/span><\/span><\/span><\/p>\n","protected":false},"excerpt":{"rendered":"<p>\u00a0Cl\u00e9ment de Taffanel de La Jonqui\u00e8re, n\u00e9 le 13 septembre 1706 aux environs de Graulhet (Tarn) et d\u00e9c\u00e9d\u00e9 le 12 mars 1795 \u00e0 Toulon (Var). Tr\u00e8s impressionn\u00e9 d\u00e9s son jeune \u00e2ge par l\u2019\u00e9blouissante carri\u00e8re de son cousin Pierre-Jacques, qui lui &hellip; <a href=\"https:\/\/blogs.univ-jfc.fr\/projetlaperouse\/marin-et-soldat\/lepreuve-du-feu\/clement-de-taffanel-de-la-jonquiere\/\">Lire la suite <span class=\"meta-nav\">&rarr;<\/span><\/a><\/p>\n","protected":false},"author":51,"featured_media":0,"parent":275,"menu_order":4,"comment_status":"closed","ping_status":"open","template":"","meta":[],"_links":{"self":[{"href":"https:\/\/blogs.univ-jfc.fr\/projetlaperouse\/wp-json\/wp\/v2\/pages\/2522"}],"collection":[{"href":"https:\/\/blogs.univ-jfc.fr\/projetlaperouse\/wp-json\/wp\/v2\/pages"}],"about":[{"href":"https:\/\/blogs.univ-jfc.fr\/projetlaperouse\/wp-json\/wp\/v2\/types\/page"}],"author":[{"embeddable":true,"href":"https:\/\/blogs.univ-jfc.fr\/projetlaperouse\/wp-json\/wp\/v2\/users\/51"}],"replies":[{"embeddable":true,"href":"https:\/\/blogs.univ-jfc.fr\/projetlaperouse\/wp-json\/wp\/v2\/comments?post=2522"}],"version-history":[{"count":5,"href":"https:\/\/blogs.univ-jfc.fr\/projetlaperouse\/wp-json\/wp\/v2\/pages\/2522\/revisions"}],"predecessor-version":[{"id":2650,"href":"https:\/\/blogs.univ-jfc.fr\/projetlaperouse\/wp-json\/wp\/v2\/pages\/2522\/revisions\/2650"}],"up":[{"embeddable":true,"href":"https:\/\/blogs.univ-jfc.fr\/projetlaperouse\/wp-json\/wp\/v2\/pages\/275"}],"wp:attachment":[{"href":"https:\/\/blogs.univ-jfc.fr\/projetlaperouse\/wp-json\/wp\/v2\/media?parent=2522"}],"curies":[{"name":"wp","href":"https:\/\/api.w.org\/{rel}","templated":true}]}}