{"id":254,"date":"2013-06-14T08:20:41","date_gmt":"2013-06-14T07:20:41","guid":{"rendered":"http:\/\/blogs.univ-jfc.fr\/projetlaperouse\/?page_id=254"},"modified":"2014-06-15T08:58:36","modified_gmt":"2014-06-15T07:58:36","slug":"les-rivalites-europeennes","status":"publish","type":"page","link":"https:\/\/blogs.univ-jfc.fr\/projetlaperouse\/la-mer-au-siecles-des-lumieres\/les-rivalites-europeennes\/","title":{"rendered":"Les rivalit\u00e9s europ\u00e9ennes"},"content":{"rendered":"<p class=\"western\" style=\"margin-bottom: 0cm;text-align: justify\"><span style=\"font-family: Arial,sans-serif\">\u00ab\u00a0Qui contr\u00f4le la mer contr\u00f4le le monde\u00a0\u00bb, ce proverbe de la navy anglaise illustre l&rsquo;importance strat\u00e9gique du monde g\u00e9opolitique maritime. Le combat s\u00e9culaire pour les territoires marins prend une nouvelle importance au XVIII<sup>e<\/sup>, si\u00e8cle de renouveau politique o\u00f9 les nations europ\u00e9ennes s\u2019appr\u00eatent \u00e0 s\u2019entre tuer au nom de la supr\u00e9matie sur le globe et ses oc\u00e9ans.<\/span><\/p>\n<div id=\"attachment_1810\" style=\"width: 1290px\" class=\"wp-caption alignnone\"><a href=\"http:\/\/blogs.univ-jfc.fr\/projetlaperouse\/wp-content\/uploads\/sites\/9\/2013\/06\/image-intro.png\"><img aria-describedby=\"caption-attachment-1810\" loading=\"lazy\" class=\" wp-image-1810\" alt=\"\" src=\"http:\/\/blogs.univ-jfc.fr\/projetlaperouse\/wp-content\/uploads\/sites\/9\/2013\/06\/image-intro.png\" width=\"1280\" height=\"791\" \/><\/a><p id=\"caption-attachment-1810\" class=\"wp-caption-text\"><em>The Battle of Quiberon Bay<\/em>, 20 November 1759, Nicholas Pocock, 1812, 67.3 \u00d7 108 cm.<\/p><\/div>\n<p style=\"text-align: justify\"><span style=\"font-family: Arial,sans-serif\">A l&rsquo;aube du XVIIIe si\u00e8cle, l\u2019Europe est en \u00e9bullition, Louis XIV, le roi soleil, f\u00e9d\u00e8re l&rsquo;ensemble des nations europ\u00e9ennes contre ses volont\u00e9s h\u00e9g\u00e9moniques.<\/span><\/p>\n<p style=\"text-align: justify\"><span style=\"color: #ffffff\">m<\/span><\/p>\n<div id=\"attachment_4149\" style=\"width: 210px\" class=\"wp-caption alignright\"><a href=\"http:\/\/blogs.univ-jfc.fr\/projetlaperouse\/wp-content\/uploads\/sites\/9\/2013\/06\/prise-de-quebec.jpg\"><img aria-describedby=\"caption-attachment-4149\" loading=\"lazy\" class=\" wp-image-4149     \" title=\"Une vue de la prise de Qu\u00e9bec, 1759\" alt=\"Hervey Smith, 1797\" src=\"http:\/\/blogs.univ-jfc.fr\/projetlaperouse\/wp-content\/uploads\/sites\/9\/2013\/06\/prise-de-quebec.jpg\" width=\"200\" height=\"150\" \/><\/a><p id=\"caption-attachment-4149\" class=\"wp-caption-text\">Une vue de la prise de Qu\u00e9bec en 1759, Hervey Smith.<\/p><\/div>\n<p style=\"text-align: justify\"><a title=\"I- Les rivalit\u00e9s coloniales\" href=\"http:\/\/blogs.univ-jfc.fr\/projetlaperouse\/la-mer-au-siecles-des-lumieres\/les-rivalites-europeennes\/les-rivalites-coloniales-europeennes\/\">La concurrence coloniale <\/a>entre les ennemis h\u00e9r\u00e9ditaires que sont la France et l&rsquo;Angleterre red\u00e9marre de plus belle apr\u00e8s avoir \u00e9t\u00e9 mis en sommeil durant deux si\u00e8cles.\u00a0L&rsquo; Hispanie jadis ma\u00eetresse des mers se voit peu \u00e0 peu supplant\u00e9e par ces nouveaux venus plus riches et mieux arm\u00e9s qui convoitaient avec avidit\u00e9 l&#8217;empire colonial espagnol. La Hollande, province riche mais peu peupl\u00e9e et isol\u00e9e politiquement, se doit de combattre avec vigueur pour pr\u00e9server ses int\u00e9r\u00eats maritimes, coloniaux et territoriaux.<\/p>\n<p>&nbsp;<\/p>\n<div id=\"attachment_4016\" style=\"width: 210px\" class=\"wp-caption alignright\"><img aria-describedby=\"caption-attachment-4016\" loading=\"lazy\" class=\"wp-image-4016  \" alt=\"\" src=\"http:\/\/blogs.univ-jfc.fr\/projetlaperouse\/wp-content\/uploads\/sites\/9\/2013\/06\/esclaves.jpg\" width=\"200\" height=\"150\" \/><p id=\"caption-attachment-4016\" class=\"wp-caption-text\">Les Espagnols exploitent les mines d&rsquo;or. Les Indiens travaillent sous les yeux des colons.<\/p><\/div>\n<p style=\"text-align: justify\">De l&rsquo;autre c\u00f4t\u00e9 de l&rsquo;Atlantique,\u00a0<a title=\"II \u2013 Les colonies sur le nouveau continent\" href=\"http:\/\/blogs.univ-jfc.fr\/projetlaperouse\/la-mer-au-siecles-des-lumieres\/les-rivalites-europeennes\/les-colonies-sur-le-nouveau-continent\/\">Les colonies sur le nouveau continent<\/a>\u00a0sont d&rsquo;une importance cruciale pour les puissances europ\u00e9ennes, le nord du continent est la proie de la France et de l&rsquo;Angleterre, les Antilles sont partag\u00e9es tandis que le sud n&rsquo;est plus totalement monopolis\u00e9 par l&rsquo;Espagne.<\/p>\n<p style=\"text-align: justify\"><span style=\"color: #ffffff\">m<\/span><\/p>\n<p style=\"text-align: justify\"><span style=\"color: #ffffff\">m<\/span><\/p>\n<p style=\"text-align: justify\"><span style=\"color: #ffffff\">m<\/span><\/p>\n<div id=\"attachment_4169\" style=\"width: 210px\" class=\"wp-caption alignleft\"><a href=\"http:\/\/blogs.univ-jfc.fr\/projetlaperouse\/wp-content\/uploads\/sites\/9\/2013\/06\/compagnie-des-indes.jpg\"><img aria-describedby=\"caption-attachment-4169\" loading=\"lazy\" class=\" wp-image-4169   \" title=\"Lorient, Mus\u00e9e de la Compagnie des Indes\" alt=\"\" src=\"http:\/\/blogs.univ-jfc.fr\/projetlaperouse\/wp-content\/uploads\/sites\/9\/2013\/06\/compagnie-des-indes.jpg\" width=\"200\" height=\"150\" \/><\/a><p id=\"caption-attachment-4169\" class=\"wp-caption-text\">Magasins de la Compagnie des Indes \u00e0 Pondich\u00e9ry, 1759.<\/p><\/div>\n<p style=\"text-align: justify\"><span style=\"color: #000000\"><span style=\"color: #000000\"><a title=\"III- L\u2019Orient, nouvelle cible des puissances europ\u00e9ennes.\" href=\"http:\/\/blogs.univ-jfc.fr\/projetlaperouse\/la-mer-au-siecles-des-lumieres\/les-rivalites-europeennes\/3-lorient-nouvelle-cible-des-puissances-europeennes\/\">L&rsquo;Orient, nouvelle cible des nations europ\u00e9ennes<\/a>,\u00a0<\/span>passe peu \u00e0 peu aux mains des compagnies marchandes occidentales qui s&rsquo;attaquent<\/span><span style=\"color: #000000\">\u00a0officieusement aux fonctionnariats au sein des empires.<\/span><\/p>\n<p style=\"text-align: justify\"><span style=\"color: #ffffff\">*<\/span><\/p>\n<p style=\"text-align: justify\"><span style=\"color: #ffffff\">m<\/span><\/p>\n<p style=\"text-align: justify\"><span style=\"color: #ffffff\">m<\/span><\/p>\n<p style=\"text-align: justify\"><span style=\"font-family: Arial, sans-serif;color: #000000\"><span style=\"font-size: medium\"><b>Le XVIII<sup>e <\/sup>si\u00e8cle se caract\u00e9rise par le d\u00e9clin des puissances Ib\u00e9riques et de la Hollande, ce si\u00e8cle est li\u00e9 \u00e0 l&rsquo;exportation de nouveaux conflits, \u00e9conomiques, politiques et militaires entre europ\u00e9ens dans les territoires colonis\u00e9s.<\/b><\/span><\/span><\/p>\n<p style=\"text-align: justify\"><span style=\"color: #000000\"><strong>R\u00e9dacteur<\/strong> : Remond Hugo<\/span><\/p>\n","protected":false},"excerpt":{"rendered":"<p>\u00ab\u00a0Qui contr\u00f4le la mer contr\u00f4le le monde\u00a0\u00bb, ce proverbe de la navy anglaise illustre l&rsquo;importance strat\u00e9gique du monde g\u00e9opolitique maritime. Le combat s\u00e9culaire pour les territoires marins prend une nouvelle importance au XVIIIe, si\u00e8cle de renouveau politique o\u00f9 les nations &hellip; <a href=\"https:\/\/blogs.univ-jfc.fr\/projetlaperouse\/la-mer-au-siecles-des-lumieres\/les-rivalites-europeennes\/\">Lire la suite <span class=\"meta-nav\">&rarr;<\/span><\/a><\/p>\n","protected":false},"author":15,"featured_media":305,"parent":18,"menu_order":0,"comment_status":"closed","ping_status":"open","template":"sidebar-page.php","meta":[],"_links":{"self":[{"href":"https:\/\/blogs.univ-jfc.fr\/projetlaperouse\/wp-json\/wp\/v2\/pages\/254"}],"collection":[{"href":"https:\/\/blogs.univ-jfc.fr\/projetlaperouse\/wp-json\/wp\/v2\/pages"}],"about":[{"href":"https:\/\/blogs.univ-jfc.fr\/projetlaperouse\/wp-json\/wp\/v2\/types\/page"}],"author":[{"embeddable":true,"href":"https:\/\/blogs.univ-jfc.fr\/projetlaperouse\/wp-json\/wp\/v2\/users\/15"}],"replies":[{"embeddable":true,"href":"https:\/\/blogs.univ-jfc.fr\/projetlaperouse\/wp-json\/wp\/v2\/comments?post=254"}],"version-history":[{"count":50,"href":"https:\/\/blogs.univ-jfc.fr\/projetlaperouse\/wp-json\/wp\/v2\/pages\/254\/revisions"}],"predecessor-version":[{"id":4619,"href":"https:\/\/blogs.univ-jfc.fr\/projetlaperouse\/wp-json\/wp\/v2\/pages\/254\/revisions\/4619"}],"up":[{"embeddable":true,"href":"https:\/\/blogs.univ-jfc.fr\/projetlaperouse\/wp-json\/wp\/v2\/pages\/18"}],"wp:featuredmedia":[{"embeddable":true,"href":"https:\/\/blogs.univ-jfc.fr\/projetlaperouse\/wp-json\/wp\/v2\/media\/305"}],"wp:attachment":[{"href":"https:\/\/blogs.univ-jfc.fr\/projetlaperouse\/wp-json\/wp\/v2\/media?parent=254"}],"curies":[{"name":"wp","href":"https:\/\/api.w.org\/{rel}","templated":true}]}}