{"id":260,"date":"2013-06-14T08:21:59","date_gmt":"2013-06-14T07:21:59","guid":{"rendered":"http:\/\/blogs.univ-jfc.fr\/projetlaperouse\/?page_id=260"},"modified":"2014-04-25T16:10:16","modified_gmt":"2014-04-25T15:10:16","slug":"un-nouveau-regard","status":"publish","type":"page","link":"https:\/\/blogs.univ-jfc.fr\/projetlaperouse\/la-mer-au-siecles-des-lumieres\/un-nouveau-regard\/","title":{"rendered":"Un nouveau regard ?"},"content":{"rendered":"<p>\u00ab\u00a0Le grand ab\u00eeme\u00a0\u00bb voil\u00e0 comment la mer est d\u00e9crite d\u00e8s les fondements de la Bible.<\/p>\n<p><a href=\"http:\/\/blogs.univ-jfc.fr\/projetlaperouse\/wp-content\/uploads\/sites\/9\/2013\/06\/18e.jpg\"><img loading=\"lazy\" class=\"alignnone  wp-image-3966\" title=\"Marine, Charles-Fran\u00e7ois Lacroix de Marseille, 1769. (23.5 cm x 37.5 cm, http:\/\/galerievittet.com\/paintings\/marine)\" alt=\"\" src=\"http:\/\/blogs.univ-jfc.fr\/projetlaperouse\/wp-content\/uploads\/sites\/9\/2013\/06\/18e.jpg\" width=\"301\" height=\"180\" \/><\/a><a href=\"http:\/\/blogs.univ-jfc.fr\/projetlaperouse\/wp-content\/uploads\/sites\/9\/2013\/06\/Sans-titre-1.jpg\"><img loading=\"lazy\" class=\"alignnone  wp-image-3962\" title=\"Littoral anim\u00e9 par une mer agit\u00e9e, Charles-Fran\u00e7ois Lacroix de Marseille, XVIIIe. (46 cm x 55 cm, http:\/\/www.artnet.fr\/)\" alt=\"\" src=\"http:\/\/blogs.univ-jfc.fr\/projetlaperouse\/wp-content\/uploads\/sites\/9\/2013\/06\/Sans-titre-1.jpg\" width=\"232\" height=\"182\" \/><\/a><\/p>\n<p align=\"JUSTIFY\">\u00ab\u00a0Dieu cr\u00e9e d\u00e8s l&rsquo;origine les eaux avec le Ciel et la Terre\u00a0\u00bb \u00e9crit Alain Corbin dans son ouvrage\u00a0: <i>La mer terreur et fascination.<a href=\"#sdfootnote1sym\" name=\"sdfootnote1anc\"><sup>1<\/sup><\/a> <\/i>La mer reste un \u00e9l\u00e9ment myst\u00e9rieux qui inspire les Hommes de diff\u00e9rentes mani\u00e8res. L&rsquo;historien montre ainsi la mer comme une source de fascination et de r\u00e9flexion.<\/p>\n<p align=\"JUSTIFY\"><a href=\"http:\/\/blogs.univ-jfc.fr\/projetlaperouse\/la-mer-au-siecles-des-lumieres\/un-nouveau-regard\/ii-les-regards-des-artistes-et-des-scientifiques-sur-la-mer-des-visions-qui-sement-le-doute-chez-les-contemporains\/\">Le myst\u00e8re subit un changement<\/a>\u00a0; pour certains ce myst\u00e8re de la mer s&rsquo;assimile \u00e0 celui de l&rsquo;amour, pour d&rsquo;autres il se d\u00e9c\u00e8le dans la peur et pour d&rsquo;autres encore dans la profondeur du large.<\/p>\n<p align=\"JUSTIFY\">Selon les \u00e9poques, les mots qui d\u00e9finissent la mer sont diff\u00e9rents :\u00a0\u00ab\u00a0Terrifiante\u00a0\u00bb, \u00ab\u00a0Fascinante\u00a0\u00bb, \u00abChangeante\u00a0\u00bb, \u00ab\u00a0Infranchissable\u00a0\u00bb, .. A mesure que le temps passe, de nouvelles perceptions se forment, tandis que d&rsquo;autres disparaissent. <a href=\"http:\/\/blogs.univ-jfc.fr\/projetlaperouse\/la-mer-au-siecles-des-lumieres\/un-nouveau-regard\/i-terreur-et-angoisse\/\">La mer est \u00e9galement un lieu d&rsquo;exploration<\/a> au XVIIIe si\u00e8cle, car ce si\u00e8cle est marqu\u00e9 par les grandes d\u00e9couvertes. James Cook a ouvert la voie aux exp\u00e9ditions maritimes, et Lap\u00e9rouse au XVIIIe si\u00e8cle a continu\u00e9 son \u0153uvre avec son voyage sur l&rsquo;Oc\u00e9an Pacifique en 1785. Il a tent\u00e9 de parfaire ce voyage mais malheureusement la fin de cette exp\u00e9dition fut tragique, comme pour celle de son pr\u00e9d\u00e9cesseur.<\/p>\n<p align=\"JUSTIFY\">Le XVIIIe si\u00e8cle, <a href=\"http:\/\/blogs.univ-jfc.fr\/projetlaperouse\/la-mer-au-siecles-des-lumieres\/un-nouveau-regard\/iii-source-dinspiration-du-xixe-siecle\/\">si\u00e8cle des Lumi\u00e8res<\/a>, apporte une nouvelle fa\u00e7on d&rsquo;appr\u00e9hender la mer notamment \u00e0 travers les arts (po\u00e8mes, peintures, \u00e9crits).<\/p>\n<p align=\"JUSTIFY\"><a href=\"http:\/\/blogs.univ-jfc.fr\/projetlaperouse\/wp-content\/uploads\/sites\/9\/2013\/06\/Sans-titre-2.jpg\"><img loading=\"lazy\" class=\"alignnone  wp-image-3961\" style=\"width: 271px\" title=\"The Shipwreck, Joseph Mallord William Turner, 1805, United Kingdom, Londres. (170.5 cm x 241.5 cm, http:\/\/www.artble.com\/artists\/)\" alt=\"Sans titre 2\" src=\"http:\/\/blogs.univ-jfc.fr\/projetlaperouse\/wp-content\/uploads\/sites\/9\/2013\/06\/Sans-titre-2.jpg\" width=\"285\" height=\"163\" \/><\/a><a href=\"http:\/\/blogs.univ-jfc.fr\/projetlaperouse\/wp-content\/uploads\/sites\/9\/2013\/06\/19e.jpg\"><img loading=\"lazy\" class=\"alignnone  wp-image-3968\" style=\"width: 239px\" title=\"Mer agit\u00e9e \u00e0 Etretat, Claude Monet, 1883, Mus\u00e9e des Beaux-Arts, Lyon. (81 cm x 100 cm, http:\/\/www.mba-lyon.fr\/)\" alt=\"19e\" src=\"http:\/\/blogs.univ-jfc.fr\/projetlaperouse\/wp-content\/uploads\/sites\/9\/2013\/06\/19e.jpg\" width=\"243\" height=\"181\" \/><\/a><\/p>\n<p>\u00a0R\u00e9dactrices : FEUGERE Lucie, CAUMEIL Laura<\/p>\n<div id=\"sdfootnote1\">\n<p><a href=\"#sdfootnote1anc\" name=\"sdfootnote1sym\">1<\/a>Corbin A. et Richard H. <i>La mer\u00a0: Terreur et fascination<\/i>, Paris, BNF, 2005, 251 p.<\/p>\n<\/div>\n","protected":false},"excerpt":{"rendered":"<p>\u00ab\u00a0Le grand ab\u00eeme\u00a0\u00bb voil\u00e0 comment la mer est d\u00e9crite d\u00e8s les fondements de la Bible. \u00ab\u00a0Dieu cr\u00e9e d\u00e8s l&rsquo;origine les eaux avec le Ciel et la Terre\u00a0\u00bb \u00e9crit Alain Corbin dans son ouvrage\u00a0: La mer terreur et fascination.1 La mer &hellip; <a href=\"https:\/\/blogs.univ-jfc.fr\/projetlaperouse\/la-mer-au-siecles-des-lumieres\/un-nouveau-regard\/\">Lire la suite <span class=\"meta-nav\">&rarr;<\/span><\/a><\/p>\n","protected":false},"author":15,"featured_media":399,"parent":18,"menu_order":2,"comment_status":"closed","ping_status":"open","template":"sidebar-page.php","meta":[],"_links":{"self":[{"href":"https:\/\/blogs.univ-jfc.fr\/projetlaperouse\/wp-json\/wp\/v2\/pages\/260"}],"collection":[{"href":"https:\/\/blogs.univ-jfc.fr\/projetlaperouse\/wp-json\/wp\/v2\/pages"}],"about":[{"href":"https:\/\/blogs.univ-jfc.fr\/projetlaperouse\/wp-json\/wp\/v2\/types\/page"}],"author":[{"embeddable":true,"href":"https:\/\/blogs.univ-jfc.fr\/projetlaperouse\/wp-json\/wp\/v2\/users\/15"}],"replies":[{"embeddable":true,"href":"https:\/\/blogs.univ-jfc.fr\/projetlaperouse\/wp-json\/wp\/v2\/comments?post=260"}],"version-history":[{"count":28,"href":"https:\/\/blogs.univ-jfc.fr\/projetlaperouse\/wp-json\/wp\/v2\/pages\/260\/revisions"}],"predecessor-version":[{"id":1807,"href":"https:\/\/blogs.univ-jfc.fr\/projetlaperouse\/wp-json\/wp\/v2\/pages\/260\/revisions\/1807"}],"up":[{"embeddable":true,"href":"https:\/\/blogs.univ-jfc.fr\/projetlaperouse\/wp-json\/wp\/v2\/pages\/18"}],"wp:featuredmedia":[{"embeddable":true,"href":"https:\/\/blogs.univ-jfc.fr\/projetlaperouse\/wp-json\/wp\/v2\/media\/399"}],"wp:attachment":[{"href":"https:\/\/blogs.univ-jfc.fr\/projetlaperouse\/wp-json\/wp\/v2\/media?parent=260"}],"curies":[{"name":"wp","href":"https:\/\/api.w.org\/{rel}","templated":true}]}}