{"id":262,"date":"2013-06-14T08:22:44","date_gmt":"2013-06-14T07:22:44","guid":{"rendered":"http:\/\/blogs.univ-jfc.fr\/projetlaperouse\/?page_id=262"},"modified":"2014-05-24T09:01:06","modified_gmt":"2014-05-24T08:01:06","slug":"les-grandes-decouvertes","status":"publish","type":"page","link":"https:\/\/blogs.univ-jfc.fr\/projetlaperouse\/la-decouverte-du-pacifique\/les-grandes-decouvertes\/","title":{"rendered":"Les grandes d\u00e9couvertes"},"content":{"rendered":"<p style=\"text-align: justify\"><a href=\"http:\/\/blogs.univ-jfc.fr\/projetlaperouse\/wp-content\/uploads\/sites\/9\/2013\/06\/800px-Ships_Through_the_Ages_14.jpg\" target=\"_blank\"><img loading=\"lazy\" class=\" wp-image-3308    alignleft\" title=\"Deux Caravelles naviguant sur l'Atlantique\" alt=\"800px-Ships_Through_the_Ages_(14)\" src=\"http:\/\/blogs.univ-jfc.fr\/projetlaperouse\/wp-content\/uploads\/sites\/9\/2013\/06\/800px-Ships_Through_the_Ages_14.jpg\" width=\"360\" height=\"181\" \/><\/a><\/p>\n<p style=\"margin-bottom: 0cm;line-height: 150%;text-align: justify\" align=\"JUSTIFY\"><span style=\"font-family: Arial,sans-serif\"><span style=\"font-size: medium\">Durant plusieurs si\u00e8cles, l&rsquo;<a title=\"La d\u00e9couverte de l\u2019Atlantique\" href=\"http:\/\/blogs.univ-jfc.fr\/projetlaperouse\/la-decouverte-du-pacifique\/les-grandes-decouvertes\/la-decouverte-de-latlantique\/\">oc\u00e9an Atlantique<\/a> fut le premier oc\u00e9an o\u00f9 les europ\u00e9ens lanc\u00e8rent leurs exp\u00e9ditions. Auparavant, l&rsquo;Atlantique \u00e9tait \u00e9vit\u00e9 par les Europ\u00e9ens qui craignaient de se perdre dans cette large \u00e9tendue d&rsquo;eau. Les premiers navigateurs europ\u00e9ens qui se jet\u00e8rent dans les eaux de l&rsquo;Atlantique explor\u00e8rent d&rsquo;abord la zone nord de cet oc\u00e9an. Ils s&rsquo;install\u00e8rent alors sur les c\u00f4tes et une fois le Nord conquis, le Sud n&rsquo;allait pas tarder \u00e0 l&rsquo;\u00eatre aussi.<\/span><\/span><\/p>\n<p style=\"text-align: justify\"><span style=\"color: #000000\"><span style=\"font-family: Arial,sans-serif\"><span style=\"font-size: medium\">La conqu\u00eate de l&rsquo;oc\u00e9an Atlantique <\/span><\/span><\/span><a href=\"http:\/\/blogs.univ-jfc.fr\/projetlaperouse\/wp-content\/uploads\/sites\/9\/2013\/06\/1.jpg\" target=\"_blank\"><img loading=\"lazy\" class=\"size-full wp-image-3310   alignright\" title=\"Vasco N\u00fa\u00f1ez de Balboa\" alt=\"1\" src=\"http:\/\/blogs.univ-jfc.fr\/projetlaperouse\/wp-content\/uploads\/sites\/9\/2013\/06\/1.jpg\" width=\"272\" height=\"398\" \/><\/a><span style=\"color: #000000\"><span style=\"font-family: Arial,sans-serif\"><span style=\"font-size: medium\">permit a<\/span><\/span><\/span><span style=\"color: #000000\"><span style=\"font-family: Arial,sans-serif\"><span style=\"font-size: medium\">ux\u00a0<\/span><\/span><\/span><span style=\"color: #000000\"><span style=\"font-family: Arial,sans-serif\"><span style=\"font-size: medium\">Europ\u00e9ens de\u00a0<\/span><\/span><\/span><span style=\"color: #000000\"><span style=\"font-family: Arial,sans-serif\"><span style=\"font-size: medium\">b\u00e9n\u00e9ficier <\/span><\/span><\/span><span style=\"color: #000000\"><span style=\"font-family: Arial,sans-serif\"><span style=\"font-size: medium\">des <\/span><\/span><\/span><span style=\"color: #000000\"><span style=\"font-family: Arial,sans-serif\"><span style=\"font-size: medium\">connaissances n\u00e9cessaires pour se lancer dans l&rsquo;oc\u00e9an le plus grand de la plan\u00e8te, l&rsquo;<a title=\"La d\u00e9couverte du Pacifique\" href=\"http:\/\/blogs.univ-jfc.fr\/projetlaperouse\/la-decouverte-du-pacifique\/les-grandes-decouvertes\/la-decouverte-du-pacifique\/\">oc\u00e9an Pacifique<\/a>. La volont\u00e9 d&rsquo;explorer ces eaux inconnues est la m\u00eame que celle qui a pouss\u00e9 les europ\u00e9ens \u00e0 explorer l&rsquo;Atlantique\u00a0: contr\u00f4ler de nouveaux territoires et exploiter leurs ressources \u00e0 leur profit. Il ne faut cependant pas oublier le sentiment de curiosit\u00e9 qui anime les Europ\u00e9ens. Sa d\u00e9couverte entra\u00eene alors des changements dans la vision du globe et, d\u00e8s la fin du XVIIIe, les europ\u00e9ens s&rsquo;imposent comme les ma\u00eetres du monde\u00a0<\/span><\/span><\/span><\/p>\n","protected":false},"excerpt":{"rendered":"<p>Durant plusieurs si\u00e8cles, l&rsquo;oc\u00e9an Atlantique fut le premier oc\u00e9an o\u00f9 les europ\u00e9ens lanc\u00e8rent leurs exp\u00e9ditions. Auparavant, l&rsquo;Atlantique \u00e9tait \u00e9vit\u00e9 par les Europ\u00e9ens qui craignaient de se perdre dans cette large \u00e9tendue d&rsquo;eau. Les premiers navigateurs europ\u00e9ens qui se jet\u00e8rent dans &hellip; <a href=\"https:\/\/blogs.univ-jfc.fr\/projetlaperouse\/la-decouverte-du-pacifique\/les-grandes-decouvertes\/\">Lire la suite <span class=\"meta-nav\">&rarr;<\/span><\/a><\/p>\n","protected":false},"author":15,"featured_media":317,"parent":21,"menu_order":0,"comment_status":"closed","ping_status":"open","template":"sidebar-page.php","meta":[],"_links":{"self":[{"href":"https:\/\/blogs.univ-jfc.fr\/projetlaperouse\/wp-json\/wp\/v2\/pages\/262"}],"collection":[{"href":"https:\/\/blogs.univ-jfc.fr\/projetlaperouse\/wp-json\/wp\/v2\/pages"}],"about":[{"href":"https:\/\/blogs.univ-jfc.fr\/projetlaperouse\/wp-json\/wp\/v2\/types\/page"}],"author":[{"embeddable":true,"href":"https:\/\/blogs.univ-jfc.fr\/projetlaperouse\/wp-json\/wp\/v2\/users\/15"}],"replies":[{"embeddable":true,"href":"https:\/\/blogs.univ-jfc.fr\/projetlaperouse\/wp-json\/wp\/v2\/comments?post=262"}],"version-history":[{"count":43,"href":"https:\/\/blogs.univ-jfc.fr\/projetlaperouse\/wp-json\/wp\/v2\/pages\/262\/revisions"}],"predecessor-version":[{"id":791,"href":"https:\/\/blogs.univ-jfc.fr\/projetlaperouse\/wp-json\/wp\/v2\/pages\/262\/revisions\/791"}],"up":[{"embeddable":true,"href":"https:\/\/blogs.univ-jfc.fr\/projetlaperouse\/wp-json\/wp\/v2\/pages\/21"}],"wp:featuredmedia":[{"embeddable":true,"href":"https:\/\/blogs.univ-jfc.fr\/projetlaperouse\/wp-json\/wp\/v2\/media\/317"}],"wp:attachment":[{"href":"https:\/\/blogs.univ-jfc.fr\/projetlaperouse\/wp-json\/wp\/v2\/media?parent=262"}],"curies":[{"name":"wp","href":"https:\/\/api.w.org\/{rel}","templated":true}]}}