{"id":269,"date":"2013-06-14T08:25:28","date_gmt":"2013-06-14T07:25:28","guid":{"rendered":"http:\/\/blogs.univ-jfc.fr\/projetlaperouse\/?page_id=269"},"modified":"2014-06-18T08:38:13","modified_gmt":"2014-06-18T07:38:13","slug":"la-recherche","status":"publish","type":"page","link":"https:\/\/blogs.univ-jfc.fr\/projetlaperouse\/vanikoro-et-apres\/la-recherche\/","title":{"rendered":"La recherche"},"content":{"rendered":"<p style=\"text-align: justify\" align=\"JUSTIFY\">Le myst\u00e8re Lap\u00e9rouse ne s\u2019est pas construit seulement autour de la disparition des navires. C\u2019est dans <a title=\"Des rumeurs, des indices, le myst\u00e8re s\u2019\u00e9paissit jusqu\u2019en 1829\" href=\"http:\/\/blogs.univ-jfc.fr\/projetlaperouse\/vanikoro-et-apres\/un-mystere-qui-seclaircit-peu-a-peu\/des-rumeurs-des-indices-le-mystere-sepaissit-jusquen-1829\/\">la d\u00e9couverte <\/a>que le myst\u00e8re va s\u2019\u00e9paissir, des histoires locales vont faire parler d\u2019elles, des fouilles vont \u00eatre entreprises sur une \u00eeles aux caract\u00e9ristiques qu\u2019un occidental qualifierait de surnaturelles. Ces \u00e9l\u00e9ments sont l\u2019essence du myst\u00e8re.<\/p>\n<p style=\"text-align: justify\" align=\"JUSTIFY\"><img loading=\"lazy\" class=\"alignright\" title=\"Les navires de d'Entrecasteaux \u00e0 la recherche de Lap\u00e9rouse\" alt=\"\" src=\"http:\/\/blogs.univ-jfc.fr\/projetlaperouse\/wp-content\/uploads\/sites\/9\/2013\/06\/DEntrecasteaux-recherche.jpg\" width=\"346\" height=\"218\" \/><\/p>\n<p>&nbsp;<\/p>\n<p>.<\/p>\n","protected":false},"excerpt":{"rendered":"<p>Le myst\u00e8re Lap\u00e9rouse ne s\u2019est pas construit seulement autour de la disparition des navires. C\u2019est dans la d\u00e9couverte que le myst\u00e8re va s\u2019\u00e9paissir, des histoires locales vont faire parler d\u2019elles, des fouilles vont \u00eatre entreprises sur une \u00eeles aux caract\u00e9ristiques &hellip; <a href=\"https:\/\/blogs.univ-jfc.fr\/projetlaperouse\/vanikoro-et-apres\/la-recherche\/\">Lire la suite <span class=\"meta-nav\">&rarr;<\/span><\/a><\/p>\n","protected":false},"author":15,"featured_media":341,"parent":29,"menu_order":0,"comment_status":"closed","ping_status":"open","template":"sidebar-page.php","meta":[],"_links":{"self":[{"href":"https:\/\/blogs.univ-jfc.fr\/projetlaperouse\/wp-json\/wp\/v2\/pages\/269"}],"collection":[{"href":"https:\/\/blogs.univ-jfc.fr\/projetlaperouse\/wp-json\/wp\/v2\/pages"}],"about":[{"href":"https:\/\/blogs.univ-jfc.fr\/projetlaperouse\/wp-json\/wp\/v2\/types\/page"}],"author":[{"embeddable":true,"href":"https:\/\/blogs.univ-jfc.fr\/projetlaperouse\/wp-json\/wp\/v2\/users\/15"}],"replies":[{"embeddable":true,"href":"https:\/\/blogs.univ-jfc.fr\/projetlaperouse\/wp-json\/wp\/v2\/comments?post=269"}],"version-history":[{"count":9,"href":"https:\/\/blogs.univ-jfc.fr\/projetlaperouse\/wp-json\/wp\/v2\/pages\/269\/revisions"}],"predecessor-version":[{"id":4673,"href":"https:\/\/blogs.univ-jfc.fr\/projetlaperouse\/wp-json\/wp\/v2\/pages\/269\/revisions\/4673"}],"up":[{"embeddable":true,"href":"https:\/\/blogs.univ-jfc.fr\/projetlaperouse\/wp-json\/wp\/v2\/pages\/29"}],"wp:featuredmedia":[{"embeddable":true,"href":"https:\/\/blogs.univ-jfc.fr\/projetlaperouse\/wp-json\/wp\/v2\/media\/341"}],"wp:attachment":[{"href":"https:\/\/blogs.univ-jfc.fr\/projetlaperouse\/wp-json\/wp\/v2\/media?parent=269"}],"curies":[{"name":"wp","href":"https:\/\/api.w.org\/{rel}","templated":true}]}}