{"id":271,"date":"2013-06-14T08:25:53","date_gmt":"2013-06-14T07:25:53","guid":{"rendered":"http:\/\/blogs.univ-jfc.fr\/projetlaperouse\/?page_id=271"},"modified":"2014-06-18T08:33:10","modified_gmt":"2014-06-18T07:33:10","slug":"un-mystere-qui-seclaircit-peu-a-peu","status":"publish","type":"page","link":"https:\/\/blogs.univ-jfc.fr\/projetlaperouse\/vanikoro-et-apres\/un-mystere-qui-seclaircit-peu-a-peu\/","title":{"rendered":"Un myst\u00e8re qui s&rsquo;\u00e9claircit peu \u00e0 peu"},"content":{"rendered":"<p align=\"JUSTIFY\"><span style=\"font-family: Arial,sans-serif\">\u00a0\u00a0\u00a0 \u00a0\u00a0\u00a0\u00a0\u00a0\u00a0\u00a0\u00a0\u00a0\u00a0\u00a0\u00a0\u00a0\u00a0\u00a0\u00a0\u00a0\u00a0\u00a0\u00a0\u00a0\u00a0\u00a0\u00a0\u00a0\u00a0\u00a0\u00a0\u00a0\u00a0\u00a0\u00a0\u00a0\u00a0\u00a0\u00a0\u00a0\u00a0\u00a0\u00a0\u00a0\u00a0\u00a0\u00a0\u00a0\u00a0\u00a0\u00a0\u00a0\u00a0\u00a0\u00a0\u00a0\u00a0\u00a0\u00a0\u00a0\u00a0\u00a0\u00a0\u00a0\u00a0\u00a0\u00a0\u00a0 \u00a0 \u00a0 \u00a0 <\/span><span style=\"font-family: Arial,sans-serif\"><a href=\"http:\/\/blogs.univ-jfc.fr\/projetlaperouse\/wp-content\/uploads\/sites\/9\/2013\/06\/Fouille-sur-le-camp-des-rescap\u00e9s.jpg\"><img loading=\"lazy\" class=\"wp-image-1536 alignleft\" title=\"Fouille du camp des naufrag\u00e9s\" alt=\"\" src=\"http:\/\/blogs.univ-jfc.fr\/projetlaperouse\/wp-content\/uploads\/sites\/9\/2013\/06\/Fouille-sur-le-camp-des-rescap\u00e9s.jpg\" width=\"240\" height=\"351\" \/><\/a><\/span><a title=\"Les fant\u00f4mes de Vanikoro dans la lumi\u00e8re: XXe si\u00e8cle.\" href=\"http:\/\/blogs.univ-jfc.fr\/projetlaperouse\/vanikoro-et-apres\/un-mystere-qui-seclaircit-peu-a-peu\/les-fantomes-de-vanikoro-dans-la-lumiere-xxe-siecle\/\"><span style=\"font-family: Arial,sans-serif\">\u00a0 Au XX<sup>e<\/sup> si\u00e8<\/span><\/a><span style=\"font-family: Arial,sans-serif\"><a title=\"Les fant\u00f4mes de Vanikoro dans la lumi\u00e8re: XXe si\u00e8cle.\" href=\"http:\/\/blogs.univ-jfc.fr\/projetlaperouse\/vanikoro-et-apres\/un-mystere-qui-seclaircit-peu-a-peu\/les-fantomes-de-vanikoro-dans-la-lumiere-xxe-siecle\/\">cle<\/a> les recherches de l\u2019exp\u00e9dition disparue d<\/span><span style=\"font-family: Arial,sans-serif\">e L<\/span><span style=\"font-family: Arial,sans-serif\">ap\u00e9rouse se poursuivent \u00e0 partir des ann\u00e9es 1960. Durant le d\u00e9but du si\u00e8cle les Europ\u00e9ens sont trop pr\u00e9occup\u00e9s par les deux Guerres mondiales et la reconstruction qui s\u2019ensuit. C\u2019est donc en 1962 que les premi\u00e8res exp\u00e9ditions de recherche<\/span><span style=\"font-family: Arial,sans-serif\">s ont lieu. <\/span><span style=\"font-family: Arial,sans-serif\">Elles rev\u00eatent d\u2019abor<\/span><span style=\"font-family: Arial,sans-serif\">d un caract\u00e8re maritime avec la recherche du<\/span><span style=\"font-family: Arial,sans-serif\"> dernier bateau disparu, la <em>Boussole<\/em>, p<\/span><span style=\"font-family: Arial,sans-serif\">uis ensuite elles se dirigeront vers l\u2019int\u00e9rieur de l\u2019\u00eele. A<\/span><span style=\"font-family: Arial,sans-serif\">lors que depuis quelques ann\u00e9es on ne retrouve au fond de l\u2019oc\u00e9an que des objets sans imp<\/span><span style=\"font-family: Arial,sans-serif\">ortance, qu\u2019est-ce qui pe<\/span><span style=\"font-family: Arial,sans-serif\">ut bien motiver les navigateurs du XXe si\u00e8cle \u00e0 <\/span><span style=\"font-family: Arial,sans-serif\">poursuivre des recherches qui paraissent au pre<\/span><span style=\"font-family: Arial,sans-serif\">mier abord sans grand<\/span><span style=\"font-family: Arial,sans-serif\"> int\u00e9r\u00eats?<\/span><\/p>\n<p align=\"JUSTIFY\"><span style=\"font-family: Arial,sans-serif\"><a href=\"http:\/\/blogs.univ-jfc.fr\/projetlaperouse\/wp-content\/uploads\/sites\/9\/2013\/06\/statue-Lap\u00e9rouse.jpg\"><img loading=\"lazy\" class=\" wp-image-394 alignright\" title=\"Statue de Lap\u00e9rouse \u00e0 Albi\" alt=\"\" src=\"http:\/\/blogs.univ-jfc.fr\/projetlaperouse\/wp-content\/uploads\/sites\/9\/2013\/06\/statue-Lap\u00e9rouse-1000x1000.jpg\" width=\"156\" height=\"156\" srcset=\"https:\/\/blogs.univ-jfc.fr\/projetlaperouse\/wp-content\/uploads\/sites\/9\/2013\/06\/statue-Lap\u00e9rouse-1000x1000.jpg 1000w, https:\/\/blogs.univ-jfc.fr\/projetlaperouse\/wp-content\/uploads\/sites\/9\/2013\/06\/statue-Lap\u00e9rouse-150x150.jpg 150w, https:\/\/blogs.univ-jfc.fr\/projetlaperouse\/wp-content\/uploads\/sites\/9\/2013\/06\/statue-Lap\u00e9rouse-300x300.jpg 300w, https:\/\/blogs.univ-jfc.fr\/projetlaperouse\/wp-content\/uploads\/sites\/9\/2013\/06\/statue-Lap\u00e9rouse.jpg 1024w\" sizes=\"(max-width: 156px) 100vw, 156px\" \/><\/a><\/span><\/p>\n<p align=\"JUSTIFY\"><span style=\"font-family: Arial,sans-serif\">\u00a0\u00a0 Jusqu&rsquo;\u00e0 la fin du XXe si\u00e8cle, les recherches de l&rsquo;exp\u00e9dition tr<\/span><span style=\"font-family: Arial,sans-serif\">agique v<\/span><span style=\"font-family: Arial,sans-serif\">ont obtenir de<\/span><span style=\"font-family: Arial,sans-serif\">s <\/span><span style=\"font-family: Arial,sans-serif\">r\u00e9ponses et de nouvelles questions qui vont \u00e9paissir le myst\u00e8re. Lap\u00e9rouse a su fasciner et passionner les autres navigateurs du XXe si\u00e8cle. C&rsquo;est pour les valeurs qu&rsquo;il v\u00e9hicule et sa disparition que les contemporains accordent de l&rsquo;importance au personnage ; cependant, il est important de se questionner sur la <a title=\"Un h\u00e9ros myst\u00e9rieux\" href=\"http:\/\/blogs.univ-jfc.fr\/projetlaperouse\/vanikoro-et-apres\/un-mystere-qui-seclaircit-peu-a-peu\/un-heros-mysterieux\/\">conception du h\u00e9ros Lap\u00e9rouse<\/a> aujourd&rsquo;hui.<\/span><\/p>\n","protected":false},"excerpt":{"rendered":"<p>\u00a0\u00a0\u00a0 \u00a0\u00a0\u00a0\u00a0\u00a0\u00a0\u00a0\u00a0\u00a0\u00a0\u00a0\u00a0\u00a0\u00a0\u00a0\u00a0\u00a0\u00a0\u00a0\u00a0\u00a0\u00a0\u00a0\u00a0\u00a0\u00a0\u00a0\u00a0\u00a0\u00a0\u00a0\u00a0\u00a0\u00a0\u00a0\u00a0\u00a0\u00a0\u00a0\u00a0\u00a0\u00a0\u00a0\u00a0\u00a0\u00a0\u00a0\u00a0\u00a0\u00a0\u00a0\u00a0\u00a0\u00a0\u00a0\u00a0\u00a0\u00a0\u00a0\u00a0\u00a0\u00a0\u00a0\u00a0\u00a0 \u00a0 \u00a0 \u00a0 \u00a0 Au XXe si\u00e8cle les recherches de l\u2019exp\u00e9dition disparue de Lap\u00e9rouse se poursuivent \u00e0 partir des ann\u00e9es 1960. Durant le d\u00e9but du si\u00e8cle les Europ\u00e9ens sont trop pr\u00e9occup\u00e9s par les deux Guerres mondiales et la &hellip; <a href=\"https:\/\/blogs.univ-jfc.fr\/projetlaperouse\/vanikoro-et-apres\/un-mystere-qui-seclaircit-peu-a-peu\/\">Lire la suite <span class=\"meta-nav\">&rarr;<\/span><\/a><\/p>\n","protected":false},"author":15,"featured_media":389,"parent":29,"menu_order":0,"comment_status":"closed","ping_status":"open","template":"sidebar-page.php","meta":[],"_links":{"self":[{"href":"https:\/\/blogs.univ-jfc.fr\/projetlaperouse\/wp-json\/wp\/v2\/pages\/271"}],"collection":[{"href":"https:\/\/blogs.univ-jfc.fr\/projetlaperouse\/wp-json\/wp\/v2\/pages"}],"about":[{"href":"https:\/\/blogs.univ-jfc.fr\/projetlaperouse\/wp-json\/wp\/v2\/types\/page"}],"author":[{"embeddable":true,"href":"https:\/\/blogs.univ-jfc.fr\/projetlaperouse\/wp-json\/wp\/v2\/users\/15"}],"replies":[{"embeddable":true,"href":"https:\/\/blogs.univ-jfc.fr\/projetlaperouse\/wp-json\/wp\/v2\/comments?post=271"}],"version-history":[{"count":29,"href":"https:\/\/blogs.univ-jfc.fr\/projetlaperouse\/wp-json\/wp\/v2\/pages\/271\/revisions"}],"predecessor-version":[{"id":4668,"href":"https:\/\/blogs.univ-jfc.fr\/projetlaperouse\/wp-json\/wp\/v2\/pages\/271\/revisions\/4668"}],"up":[{"embeddable":true,"href":"https:\/\/blogs.univ-jfc.fr\/projetlaperouse\/wp-json\/wp\/v2\/pages\/29"}],"wp:featuredmedia":[{"embeddable":true,"href":"https:\/\/blogs.univ-jfc.fr\/projetlaperouse\/wp-json\/wp\/v2\/media\/389"}],"wp:attachment":[{"href":"https:\/\/blogs.univ-jfc.fr\/projetlaperouse\/wp-json\/wp\/v2\/media?parent=271"}],"curies":[{"name":"wp","href":"https:\/\/api.w.org\/{rel}","templated":true}]}}