{"id":273,"date":"2013-06-14T08:26:13","date_gmt":"2013-06-14T07:26:13","guid":{"rendered":"http:\/\/blogs.univ-jfc.fr\/projetlaperouse\/?page_id=273"},"modified":"2014-04-06T17:22:56","modified_gmt":"2014-04-06T16:22:56","slug":"le-mythe-laperouse","status":"publish","type":"page","link":"https:\/\/blogs.univ-jfc.fr\/projetlaperouse\/vanikoro-et-apres\/le-mythe-laperouse\/","title":{"rendered":"Lap\u00e9rouse aujourd&rsquo;hui"},"content":{"rendered":"<div id=\"attachment_394\" style=\"width: 226px\" class=\"wp-caption alignleft\"><a href=\"http:\/\/blogs.univ-jfc.fr\/projetlaperouse\/wp-content\/uploads\/sites\/9\/2013\/06\/statue-Lap\u00e9rouse.jpg\"><img aria-describedby=\"caption-attachment-394\" loading=\"lazy\" class=\" wp-image-394  \" alt=\"statue Lap\u00e9rouse\" src=\"http:\/\/blogs.univ-jfc.fr\/projetlaperouse\/wp-content\/uploads\/sites\/9\/2013\/06\/statue-Lap\u00e9rouse-1000x1000.jpg\" width=\"216\" height=\"216\" srcset=\"https:\/\/blogs.univ-jfc.fr\/projetlaperouse\/wp-content\/uploads\/sites\/9\/2013\/06\/statue-Lap\u00e9rouse-1000x1000.jpg 1000w, https:\/\/blogs.univ-jfc.fr\/projetlaperouse\/wp-content\/uploads\/sites\/9\/2013\/06\/statue-Lap\u00e9rouse-150x150.jpg 150w, https:\/\/blogs.univ-jfc.fr\/projetlaperouse\/wp-content\/uploads\/sites\/9\/2013\/06\/statue-Lap\u00e9rouse-300x300.jpg 300w, https:\/\/blogs.univ-jfc.fr\/projetlaperouse\/wp-content\/uploads\/sites\/9\/2013\/06\/statue-Lap\u00e9rouse.jpg 1024w\" sizes=\"(max-width: 216px) 100vw, 216px\" \/><\/a><p id=\"caption-attachment-394\" class=\"wp-caption-text\">Statue de Lap\u00e9rouse \u00e0 Albi<\/p><\/div>\n<p style=\"text-align: justify\">Jean-Fran\u00e7ois de Galaup de Lap\u00e9rouse, navigateur fran\u00e7ais embl\u00e9matique du XVIIIe si\u00e8cle fascine encore aujourd&rsquo;hui. En effet, il est un v\u00e9ritable <a title=\"Lap\u00e9rouse, \u00ab\u00a0foyer\u00a0\u00bb culturel pour son pays natal\" href=\"http:\/\/blogs.univ-jfc.fr\/projetlaperouse\/vanikoro-et-apres\/le-mythe-laperouse\/laperouse-foyer-culturel-pour-son-pays-natal\/\">\u00ab\u00a0foyer\u00a0\u00bb culturel<\/a>. Sa ville et son pays natal ont su tirer profit de sa notori\u00e9t\u00e9 et du myst\u00e8re qui entoure le naufrage de l&rsquo;exp\u00e9dition.<\/p>\n<p>&nbsp;<\/p>\n<p>&nbsp;<\/p>\n<p>&nbsp;<\/p>\n<p>&nbsp;<\/p>\n<div id=\"attachment_2971\" style=\"width: 214px\" class=\"wp-caption alignright\"><a href=\"http:\/\/blogs.univ-jfc.fr\/projetlaperouse\/wp-content\/uploads\/sites\/9\/2014\/03\/logo2.jpg\"><img aria-describedby=\"caption-attachment-2971\" loading=\"lazy\" class=\"wp-image-2971 \" alt=\"logo2\" src=\"http:\/\/blogs.univ-jfc.fr\/projetlaperouse\/wp-content\/uploads\/sites\/9\/2014\/03\/logo2.jpg\" width=\"204\" height=\"211\" \/><\/a><p id=\"caption-attachment-2971\" class=\"wp-caption-text\">Logo de l&rsquo;Association Salomon<\/p><\/div>\n<p style=\"text-align: justify\">Deux si\u00e8cles apr\u00e8s le voyage de <em>La Boussole<\/em> et <em>L\u2019Astrolabe<\/em>, des associations de passionn\u00e9s parviennent \u00e0 perp\u00e9tuer la m\u00e9moire de Lap\u00e9rouse. La p\u00e9rennisation du nom du navigateur \u00e0 travers la France mais aussi dans le monde fut possible gr\u00e2ce \u00e0 ces <a title=\"Les associations actives\" href=\"http:\/\/blogs.univ-jfc.fr\/projetlaperouse\/vanikoro-et-apres\/le-mythe-laperouse\/les-associations-actives\/\">associations actives<\/a> qui fournissent un travail remarquable.<\/p>\n<p>&nbsp;<\/p>\n<p>&nbsp;<\/p>\n<p>&nbsp;<\/p>\n<p>&nbsp;<\/p>\n<div id=\"attachment_2985\" style=\"width: 185px\" class=\"wp-caption alignleft\"><a href=\"http:\/\/blogs.univ-jfc.fr\/projetlaperouse\/wp-content\/uploads\/sites\/9\/2014\/03\/ternay1.jpg\"><img aria-describedby=\"caption-attachment-2985\" loading=\"lazy\" class=\" wp-image-2985 \" alt=\"ternay\" src=\"http:\/\/blogs.univ-jfc.fr\/projetlaperouse\/wp-content\/uploads\/sites\/9\/2014\/03\/ternay1.jpg\" width=\"175\" height=\"258\" \/><\/a><p id=\"caption-attachment-2985\" class=\"wp-caption-text\">M\u00e9morial \u00e9rig\u00e9 \u00e0 Ternay (Russie)<\/p><\/div>\n<p style=\"text-align: justify\">Le nom, ainsi que le souvenir de Lap\u00e9rouse parviennent \u00e0 se r\u00e9pandre au-del\u00e0 des mers et des oc\u00e9ans, m\u00eame de l&rsquo;autre c\u00f4t\u00e9 du globe, en Australie, o\u00f9 un mus\u00e9e lui est consacr\u00e9. Pour ne pas oublier le p\u00e9riple de Lap\u00e9rouse et de ses hommes, quelques escales de son exp\u00e9dition sont devenues des <a title=\"Les lieux comm\u00e9moratifs\" href=\"http:\/\/blogs.univ-jfc.fr\/projetlaperouse\/vanikoro-et-apres\/le-mythe-laperouse\/les-lieux-commemoratifs\/\">lieux comm\u00e9moratifs<\/a>.<\/p>\n<p style=\"text-align: justify\"><strong>\u00a0<\/strong><\/p>\n<p style=\"text-align: justify\"><strong>\u00a0<\/strong><\/p>\n<p style=\"text-align: justify\"><strong>\u00a0<\/strong><\/p>\n<p style=\"text-align: justify\"><strong>\u00a0<\/strong><\/p>\n<p style=\"text-align: justify\">\n<p style=\"text-align: justify\">\n<p style=\"text-align: justify\">\n<p style=\"text-align: justify\">\n<p style=\"text-align: justify\">\n<p style=\"text-align: justify\">\n<p style=\"text-align: justify\">\n<p style=\"text-align: justify\">\n<p style=\"text-align: justify\">\n<p style=\"text-align: justify\">\n<p style=\"text-align: justify\"><strong>R\u00e9dacteurs:<\/strong> Athina Passaris, Charlotte Cathala &amp; Laure Demarest<\/p>\n<p style=\"text-align: justify\"><strong>\u00a0<\/strong><\/p>\n<p style=\"text-align: justify\"><strong>\u00a0<\/strong><\/p>\n","protected":false},"excerpt":{"rendered":"<p>Jean-Fran\u00e7ois de Galaup de Lap\u00e9rouse, navigateur fran\u00e7ais embl\u00e9matique du XVIIIe si\u00e8cle fascine encore aujourd&rsquo;hui. En effet, il est un v\u00e9ritable \u00ab\u00a0foyer\u00a0\u00bb culturel. Sa ville et son pays natal ont su tirer profit de sa notori\u00e9t\u00e9 et du myst\u00e8re qui entoure &hellip; <a href=\"https:\/\/blogs.univ-jfc.fr\/projetlaperouse\/vanikoro-et-apres\/le-mythe-laperouse\/\">Lire la suite <span class=\"meta-nav\">&rarr;<\/span><\/a><\/p>\n","protected":false},"author":15,"featured_media":396,"parent":29,"menu_order":2,"comment_status":"closed","ping_status":"open","template":"sidebar-page.php","meta":[],"_links":{"self":[{"href":"https:\/\/blogs.univ-jfc.fr\/projetlaperouse\/wp-json\/wp\/v2\/pages\/273"}],"collection":[{"href":"https:\/\/blogs.univ-jfc.fr\/projetlaperouse\/wp-json\/wp\/v2\/pages"}],"about":[{"href":"https:\/\/blogs.univ-jfc.fr\/projetlaperouse\/wp-json\/wp\/v2\/types\/page"}],"author":[{"embeddable":true,"href":"https:\/\/blogs.univ-jfc.fr\/projetlaperouse\/wp-json\/wp\/v2\/users\/15"}],"replies":[{"embeddable":true,"href":"https:\/\/blogs.univ-jfc.fr\/projetlaperouse\/wp-json\/wp\/v2\/comments?post=273"}],"version-history":[{"count":68,"href":"https:\/\/blogs.univ-jfc.fr\/projetlaperouse\/wp-json\/wp\/v2\/pages\/273\/revisions"}],"predecessor-version":[{"id":3976,"href":"https:\/\/blogs.univ-jfc.fr\/projetlaperouse\/wp-json\/wp\/v2\/pages\/273\/revisions\/3976"}],"up":[{"embeddable":true,"href":"https:\/\/blogs.univ-jfc.fr\/projetlaperouse\/wp-json\/wp\/v2\/pages\/29"}],"wp:featuredmedia":[{"embeddable":true,"href":"https:\/\/blogs.univ-jfc.fr\/projetlaperouse\/wp-json\/wp\/v2\/media\/396"}],"wp:attachment":[{"href":"https:\/\/blogs.univ-jfc.fr\/projetlaperouse\/wp-json\/wp\/v2\/media?parent=273"}],"curies":[{"name":"wp","href":"https:\/\/api.w.org\/{rel}","templated":true}]}}