{"id":275,"date":"2013-06-14T08:28:06","date_gmt":"2013-06-14T07:28:06","guid":{"rendered":"http:\/\/blogs.univ-jfc.fr\/projetlaperouse\/?page_id=275"},"modified":"2014-05-01T15:34:49","modified_gmt":"2014-05-01T14:34:49","slug":"lepreuve-du-feu","status":"publish","type":"page","link":"https:\/\/blogs.univ-jfc.fr\/projetlaperouse\/marin-et-soldat\/lepreuve-du-feu\/","title":{"rendered":"L&rsquo;\u00e9preuve du feu"},"content":{"rendered":"<div id=\"attachment_1238\" style=\"width: 132px\" class=\"wp-caption alignleft\"><a href=\"http:\/\/blogs.univ-jfc.fr\/projetlaperouse\/wp-content\/uploads\/sites\/9\/2014\/03\/jonquiere.jpg\"><img aria-describedby=\"caption-attachment-1238\" loading=\"lazy\" class=\" wp-image-1238    \" title=\" \" alt=\"Site du mus\u00e9e de La P\u00e9rouse\" src=\"http:\/\/blogs.univ-jfc.fr\/projetlaperouse\/wp-content\/uploads\/sites\/9\/2014\/03\/jonquiere.jpg\" width=\"122\" height=\"172\" \/><\/a><p id=\"caption-attachment-1238\" class=\"wp-caption-text\"><a href=\"http:\/\/commons.wikimedia.org\/wiki\/File%3ACl%C3%A9ment_Taffanel_de_la_Jonqui%C3%A8re.jpeg\">Cl\u00e9ment de Taffanel de La Jonqui\u00e8re<\/a><\/p><\/div>\n<p>&nbsp;<\/p>\n<p style=\"text-align: justify\"><span style=\"color: #000000\"><span style=\"font-family: Arial, sans-serif\"><span style=\"font-size: medium\">Jean-Fran\u00e7ois de Laperouse s&rsquo;engagea en 1756 \u00e0 l\u2019\u00c9cole<\/span><span style=\"color: #333333\"><span style=\"font-size: medium\"> des Gardes Maritimes de Brest<\/span><\/span><span style=\"font-size: medium\"> pour entreprendre une carri\u00e8re d&rsquo;officier de la marine, probablement influenc\u00e9 par Clement de la Jonquiere qui sera son tuteur \u00e0 Brest. Pour Lap\u00e9rouse, l<a title=\"L\u2019\u00e9cole de Garde-marine, un choix judicieux et encadr\u00e9.\" href=\"http:\/\/blogs.univ-jfc.fr\/projetlaperouse\/marin-et-soldat\/lepreuve-du-feu\/lecole-de-garde-marine-un-choix-judicieux-et-encadre\/\">&lsquo;\u00e9cole de Garde-marine fut un choix judicieux et encadr\u00e9<\/a>.\u00a0Son p\u00e8re d\u00e9cida d&rsquo;acheter un domaine, le domaine de Lapeyrouse, et de l\u2019offrir \u00e0 son fils. Ce domaine lui permet d&rsquo;avoir\u00a0un revenu suffisant pour l&rsquo;aider \u00e0 tenir un rang convenable. Brest deviendra sont port d attache.<\/span><\/span><\/span><\/p>\n<div id=\"attachment_3377\" style=\"width: 151px\" class=\"wp-caption alignright\"><a style=\"font-style: normal;text-decoration: underline\" href=\"http:\/\/blogs.univ-jfc.fr\/projetlaperouse\/wp-content\/uploads\/sites\/9\/2013\/06\/brest011.jpg\"><img aria-describedby=\"caption-attachment-3377\" loading=\"lazy\" class=\" wp-image-3377         \" style=\"border-color: #bbbbbb;background-color: #eeeeee\" title=\"Maquette port de BREST\" alt=\"Port de BREST\" src=\"http:\/\/blogs.univ-jfc.fr\/projetlaperouse\/wp-content\/uploads\/sites\/9\/2013\/06\/brest011.jpg\" width=\"141\" height=\"97\" \/><\/a><p id=\"caption-attachment-3377\" class=\"wp-caption-text\"><a href=\"http:\/\/www.laperouse-france.fr\/spip.php?page=recherche&amp;recherche=brest\">Maquette Brest <\/a><\/p><\/div>\n<p style=\"text-align: justify\"><span style=\"color: #000000\"><span style=\"font-family: Arial, sans-serif\"><span style=\"font-size: medium\">Il entreprit <\/span><span style=\"font-size: medium\"><a title=\"Une formation militaire en alternance entre terre et mer\" href=\"http:\/\/blogs.univ-jfc.fr\/projetlaperouse\/marin-et-soldat\/lepreuve-du-feu\/une-formation-militaire-en-alternance-entre-terre-et-mer\/\">une formation militaire en alternance entre terre et mer,<\/a> qui se\u00a0compose \u00e0 la fois d&rsquo;enseignements th\u00e9oriques comme l&rsquo;hydrographie, les math\u00e9matiques &#8230; et d&rsquo;exercices prati<\/span><\/span><\/span><span style=\"color: #000000\"><span style=\"font-family: Arial, sans-serif\"><span style=\"font-size: medium\">ques sur les\u00a0<\/span><\/span><\/span><span style=\"color: #000000\"><span style=\"font-family: Arial, sans-serif\"><span style=\"font-size: medium\">navires, parfois m\u00eame en situation de combats.\u00a0<\/span><\/span><\/span><\/p>\n<div id=\"attachment_230\" style=\"width: 165px\" class=\"wp-caption alignleft\"><a href=\"http:\/\/blogs.univ-jfc.fr\/projetlaperouse\/wp-content\/uploads\/sites\/9\/2013\/06\/720px-Bataille-Cardinaux.jpg\"><img aria-describedby=\"caption-attachment-230\" loading=\"lazy\" class=\" wp-image-230  \" alt=\"720px-Bataille-Cardinaux\" src=\"http:\/\/blogs.univ-jfc.fr\/projetlaperouse\/wp-content\/uploads\/sites\/9\/2013\/06\/720px-Bataille-Cardinaux.jpg\" width=\"155\" height=\"130\" srcset=\"https:\/\/blogs.univ-jfc.fr\/projetlaperouse\/wp-content\/uploads\/sites\/9\/2013\/06\/720px-Bataille-Cardinaux.jpg 720w, https:\/\/blogs.univ-jfc.fr\/projetlaperouse\/wp-content\/uploads\/sites\/9\/2013\/06\/720px-Bataille-Cardinaux-360x300.jpg 360w\" sizes=\"(max-width: 155px) 100vw, 155px\" \/><\/a><p id=\"caption-attachment-230\" class=\"wp-caption-text\">La Bataille des Cardinaux<\/p><\/div>\n<p style=\"text-align: justify\"><span style=\"color: #000000\"><span style=\"font-family: Arial, sans-serif\"><span style=\"font-size: medium\"><a title=\"La bataille des cardinaux : un passage brutal \u00e0 l\u2019\u00e2ge adulte\" href=\"http:\/\/blogs.univ-jfc.fr\/projetlaperouse\/marin-et-soldat\/lepreuve-du-feu\/la-bataille-des-cardinaux-un-passage-brutal-a-lage-adulte\/\">La bataille des cardinaux\u00a0: un passage brutal \u00e0 l&rsquo;\u00e2ge adulte !<\/a> <span style=\"color: #333333\">L<\/span>ap\u00e9rouse n&rsquo;est encore qu&rsquo;un jeune officier lors de son premier fait d&rsquo;armes, durant la bataille des cardinaux, \u00e0 bord du Formidable. Il est bless\u00e9 mais en sort glorieux.<br \/>\n<\/span><\/span><\/span><\/p>\n<p style=\"text-align: justify\" align=\"JUSTIFY\"><span style=\"color: #000000\"><span style=\"font-family: Arial, sans-serif\"><span style=\"font-size: medium\">\u00a0\u00a0\u00a0\u00a0\u00a0 .<\/span><\/span><\/span><\/p>\n<p style=\"text-align: justify\" align=\"JUSTIFY\">Auteurs : A. DRU, P. LOUBIERE, W. ADELINET<\/p>\n<p style=\"text-align: justify\">\n","protected":false},"excerpt":{"rendered":"<p>&nbsp; Jean-Fran\u00e7ois de Laperouse s&rsquo;engagea en 1756 \u00e0 l\u2019\u00c9cole des Gardes Maritimes de Brest pour entreprendre une carri\u00e8re d&rsquo;officier de la marine, probablement influenc\u00e9 par Clement de la Jonquiere qui sera son tuteur \u00e0 Brest. Pour Lap\u00e9rouse, l&lsquo;\u00e9cole de Garde-marine &hellip; <a href=\"https:\/\/blogs.univ-jfc.fr\/projetlaperouse\/marin-et-soldat\/lepreuve-du-feu\/\">Lire la suite <span class=\"meta-nav\">&rarr;<\/span><\/a><\/p>\n","protected":false},"author":15,"featured_media":236,"parent":13,"menu_order":2,"comment_status":"closed","ping_status":"open","template":"sidebar-page.php","meta":[],"_links":{"self":[{"href":"https:\/\/blogs.univ-jfc.fr\/projetlaperouse\/wp-json\/wp\/v2\/pages\/275"}],"collection":[{"href":"https:\/\/blogs.univ-jfc.fr\/projetlaperouse\/wp-json\/wp\/v2\/pages"}],"about":[{"href":"https:\/\/blogs.univ-jfc.fr\/projetlaperouse\/wp-json\/wp\/v2\/types\/page"}],"author":[{"embeddable":true,"href":"https:\/\/blogs.univ-jfc.fr\/projetlaperouse\/wp-json\/wp\/v2\/users\/15"}],"replies":[{"embeddable":true,"href":"https:\/\/blogs.univ-jfc.fr\/projetlaperouse\/wp-json\/wp\/v2\/comments?post=275"}],"version-history":[{"count":67,"href":"https:\/\/blogs.univ-jfc.fr\/projetlaperouse\/wp-json\/wp\/v2\/pages\/275\/revisions"}],"predecessor-version":[{"id":4699,"href":"https:\/\/blogs.univ-jfc.fr\/projetlaperouse\/wp-json\/wp\/v2\/pages\/275\/revisions\/4699"}],"up":[{"embeddable":true,"href":"https:\/\/blogs.univ-jfc.fr\/projetlaperouse\/wp-json\/wp\/v2\/pages\/13"}],"wp:featuredmedia":[{"embeddable":true,"href":"https:\/\/blogs.univ-jfc.fr\/projetlaperouse\/wp-json\/wp\/v2\/media\/236"}],"wp:attachment":[{"href":"https:\/\/blogs.univ-jfc.fr\/projetlaperouse\/wp-json\/wp\/v2\/media?parent=275"}],"curies":[{"name":"wp","href":"https:\/\/api.w.org\/{rel}","templated":true}]}}