{"id":277,"date":"2013-06-14T08:28:24","date_gmt":"2013-06-14T07:28:24","guid":{"rendered":"http:\/\/blogs.univ-jfc.fr\/projetlaperouse\/?page_id=277"},"modified":"2014-06-18T08:49:24","modified_gmt":"2014-06-18T07:49:24","slug":"dans-locean-indien","status":"publish","type":"page","link":"https:\/\/blogs.univ-jfc.fr\/projetlaperouse\/marin-et-soldat\/dans-locean-indien\/","title":{"rendered":"Dans l&rsquo;Oc\u00e9an Indien"},"content":{"rendered":"<p style=\"text-align: justify\"><span style=\"font-family: Arial,sans-serif\">Apr\u00e8s avoir suivi sa formation \u00e0 l&rsquo;\u00e9cole des gardes de la marine de Brest, connu un affrontement majeur lors de la Bataille des Cardinaux en 1759 et accompli des missions entre autres \u00e0 Terre Neuve et aux Antilles, l&rsquo;enseigne Lap\u00e9rouse alors \u00e2g\u00e9 de trente ans, s&#8217;embarque en 1772 pour cinq ann\u00e9es de mission en Oc\u00e9an Indien.<a href=\"http:\/\/blogs.univ-jfc.fr\/projetlaperouse\/wp-content\/uploads\/sites\/9\/2014\/04\/nouvelle-carte-lap\u00e9rouse-web.jpg\"><img loading=\"lazy\" class=\"alignnone size-full wp-image-3698\" alt=\"nouvelle carte Lap\u00e9rouse oc\u00e9an Indien\" src=\"http:\/\/blogs.univ-jfc.fr\/projetlaperouse\/wp-content\/uploads\/sites\/9\/2014\/04\/nouvelle-carte-lap\u00e9rouse-web.jpg\" width=\"1600\" height=\"1453\" \/><\/a><\/span><\/p>\n<ul style=\"text-align: justify\">\n<li><a title=\"La situation dans l\u2019oc\u00e9an Indien \u00e0 la fin du XVIIIe si\u00e8cle et les premi\u00e8res missions de Lap\u00e9rouse, de 1772 \u00e0 1774.\" href=\"http:\/\/blogs.univ-jfc.fr\/projetlaperouse\/marin-et-soldat\/dans-locean-indien\/la-situation-dans-locean-indien-a-la-fin-du-xviiieme-siecle-et-les-premieres-missions-de-laperouse-de-1772-a-1774\/\">La situation dans l&rsquo;oc\u00e9an Indien \u00e0 la fin du XVIIIe si\u00e8cle et les premi\u00e8res missions de Lap\u00e9rouse, de 1772 \u00e0 1774 : <\/a>Afin de mieux percevoir dans quel contexte intervient l&rsquo;enseigne de vaisseau, il convient de pr\u00e9senter dans un premier temps\u00a0la situation dans l&rsquo;oc\u00e9an Indien \u00e0 la fin du XVIIIe si\u00e8cle, zone strat\u00e9gique importante pour l&rsquo;\u00e9conomie du royaume. Puis on s&rsquo;int\u00e9ressera aux\u00a0premi\u00e8res missions du navigateur dans l&rsquo;Oc\u00e9an Indien sur la p\u00e9riode de 1772 \u00e0 1777<a title=\"La situation dans l\u2019oc\u00e9an Indien \u00e0 la fin du XVIII\u00e8me si\u00e8cle et les premi\u00e8res missions de Lap\u00e9rouse, de 1772 \u00e0 1774.\" href=\"http:\/\/blogs.univ-jfc.fr\/projetlaperouse\/marin-et-soldat\/dans-locean-indien\/la-situation-dans-locean-indien-a-la-fin-du-xviiieme-siecle-et-les-premieres-missions-de-laperouse-de-1772-a-1774\/\">.<\/a><\/li>\n<\/ul>\n<ul style=\"text-align: justify\">\n<li><a href=\"http:\/\/blogs.univ-jfc.fr\/projetlaperouse\/wp-content\/uploads\/sites\/9\/2013\/06\/Haidar_Ali_commandant_en_chef_des_Mahrattes_gravure_1762.jpg\"><img loading=\"lazy\" class=\"wp-image-3884 alignright\" alt=\"Haidar_Ali_commandant_en_chef_des_Mahrattes_gravure_1762\" src=\"http:\/\/blogs.univ-jfc.fr\/projetlaperouse\/wp-content\/uploads\/sites\/9\/2013\/06\/Haidar_Ali_commandant_en_chef_des_Mahrattes_gravure_1762.jpg\" width=\"110\" height=\"120\" \/><\/a><a title=\"Mah\u00e9 ou la mise \u00e0 l\u2019\u00e9preuve de Lap\u00e9rouse (1774-1775)\" href=\"http:\/\/blogs.univ-jfc.fr\/projetlaperouse\/marin-et-soldat\/dans-locean-indien\/mahe-ou-la-mise-a-lepreuve-de-laperouse-1774-1775\/\">Mah\u00e9 ou la mise de l&rsquo;\u00e9preuve de Lap\u00e9rouse (1774-1777):<\/a> \u00c9l\u00e9ment militaire majeur du s\u00e9jour de Lap\u00e9rouse en Oc\u00e9an Indien, la bataille de\u00a0Mah\u00e9 et les missions de 1774 \u00e0 1775 sur la c\u00f4te Malabar voient\u00a0la mise \u00e0 l&rsquo;\u00e9preuve de Lap\u00e9rouse\u00a0dans l&rsquo;exercice du commandement.<\/li>\n<\/ul>\n<p>&nbsp;<\/p>\n<ul style=\"text-align: justify\">\n<li><a title=\"Derni\u00e8res missions et temps du retour (1775-1777)\" href=\"http:\/\/blogs.univ-jfc.fr\/projetlaperouse\/marin-et-soldat\/dans-locean-indien\/dernieres-missions-et-temps-du-retour-1775-1777\/\">Derni\u00e8res missions et temps du retour de 1775 \u00e0 1777 :<\/a> Les derni\u00e8res missions de Lap\u00e9rouse sur la p\u00e9riode de 1775 \u00e0 1777 cl\u00f4turent son s\u00e9jour en Oc\u00e9an Indien et annoncent le\u00a0 temps du retour en m\u00e9tropole.<\/li>\n<\/ul>\n<p><strong>R\u00e9dacteurs<\/strong> : J.B. Amat, F. Grange, J. Pradal<\/p>\n<p>&nbsp;<\/p>\n<p>&nbsp;<\/p>\n","protected":false},"excerpt":{"rendered":"<p>Apr\u00e8s avoir suivi sa formation \u00e0 l&rsquo;\u00e9cole des gardes de la marine de Brest, connu un affrontement majeur lors de la Bataille des Cardinaux en 1759 et accompli des missions entre autres \u00e0 Terre Neuve et aux Antilles, l&rsquo;enseigne Lap\u00e9rouse &hellip; <a href=\"https:\/\/blogs.univ-jfc.fr\/projetlaperouse\/marin-et-soldat\/dans-locean-indien\/\">Lire la suite <span class=\"meta-nav\">&rarr;<\/span><\/a><\/p>\n","protected":false},"author":15,"featured_media":382,"parent":13,"menu_order":1,"comment_status":"closed","ping_status":"open","template":"sidebar-page.php","meta":[],"_links":{"self":[{"href":"https:\/\/blogs.univ-jfc.fr\/projetlaperouse\/wp-json\/wp\/v2\/pages\/277"}],"collection":[{"href":"https:\/\/blogs.univ-jfc.fr\/projetlaperouse\/wp-json\/wp\/v2\/pages"}],"about":[{"href":"https:\/\/blogs.univ-jfc.fr\/projetlaperouse\/wp-json\/wp\/v2\/types\/page"}],"author":[{"embeddable":true,"href":"https:\/\/blogs.univ-jfc.fr\/projetlaperouse\/wp-json\/wp\/v2\/users\/15"}],"replies":[{"embeddable":true,"href":"https:\/\/blogs.univ-jfc.fr\/projetlaperouse\/wp-json\/wp\/v2\/comments?post=277"}],"version-history":[{"count":46,"href":"https:\/\/blogs.univ-jfc.fr\/projetlaperouse\/wp-json\/wp\/v2\/pages\/277\/revisions"}],"predecessor-version":[{"id":4676,"href":"https:\/\/blogs.univ-jfc.fr\/projetlaperouse\/wp-json\/wp\/v2\/pages\/277\/revisions\/4676"}],"up":[{"embeddable":true,"href":"https:\/\/blogs.univ-jfc.fr\/projetlaperouse\/wp-json\/wp\/v2\/pages\/13"}],"wp:featuredmedia":[{"embeddable":true,"href":"https:\/\/blogs.univ-jfc.fr\/projetlaperouse\/wp-json\/wp\/v2\/media\/382"}],"wp:attachment":[{"href":"https:\/\/blogs.univ-jfc.fr\/projetlaperouse\/wp-json\/wp\/v2\/media?parent=277"}],"curies":[{"name":"wp","href":"https:\/\/api.w.org\/{rel}","templated":true}]}}