{"id":279,"date":"2013-06-14T08:28:56","date_gmt":"2013-06-14T07:28:56","guid":{"rendered":"http:\/\/blogs.univ-jfc.fr\/projetlaperouse\/?page_id=279"},"modified":"2014-06-18T08:50:17","modified_gmt":"2014-06-18T07:50:17","slug":"lexpedition-de-la-baie-dhudson","status":"publish","type":"page","link":"https:\/\/blogs.univ-jfc.fr\/projetlaperouse\/marin-et-soldat\/lexpedition-de-la-baie-dhudson\/","title":{"rendered":"L&rsquo;exp\u00e9dition de la baie d&rsquo;Hudson"},"content":{"rendered":"<ul style=\"text-align: justify\">\n<li><span style=\"font-family: Arial,sans-serif\"><a title=\"Histoire de la baie d\u2019Hudson\" href=\"http:\/\/blogs.univ-jfc.fr\/projetlaperouse\/marin-et-soldat\/lexpedition-de-la-baie-dhudson\/histoire-de-la-baie-dhudson\/\">Histoire de la baie d&rsquo;Hudson<\/a>.<\/span>\n<p><div id=\"attachment_2887\" style=\"width: 153px\" class=\"wp-caption alignright\"><a href=\"http:\/\/blogs.univ-jfc.fr\/projetlaperouse\/wp-content\/uploads\/sites\/9\/2013\/06\/HenryHudson.jpg\"><img aria-describedby=\"caption-attachment-2887\" loading=\"lazy\" class=\"wp-image-2887 \" alt=\"Portrait de Sir Henry Hudson issu du Cyclopedia of Universal History\" src=\"http:\/\/blogs.univ-jfc.fr\/projetlaperouse\/wp-content\/uploads\/sites\/9\/2013\/06\/HenryHudson.jpg\" width=\"143\" height=\"158\" \/><\/a><p id=\"caption-attachment-2887\" class=\"wp-caption-text\">Portrait de Sir Henry Hudson.<\/p><\/div><\/li>\n<\/ul>\n<p style=\"text-align: justify\">Afin de comprendre les enjeux qui men\u00e8rent Lap\u00e9rouse \u00e0 attaquer la compagnie de la baie d\u2019Hudson, nous devons dans un premier temps d\u00e9couvrir l&rsquo;Histoire de cette derni\u00e8re. La baie fut d\u00e9couverte en 1610 par Henry Hudson. Des Fran\u00e7ais lui succ\u00e8dent dans la baie et y d\u00e9couvrent un fort potentiel commercial avec les fourrures. Les Anglais s\u2019install\u00e8rent dans la baie d\u2019Hudson avec la cr\u00e9ation de <i>The <\/i><i style=\"text-align: justify\"><i>Governor and Company of adventurers of England, trading into Hudson\u2019s bay, the company of English Adventurers<\/i><i>, <\/i><\/i>dor\u00e9navant connue sous le nom de<i style=\"text-align: justify\"> <i>Hudson\u2019s Bay Company<\/i>.<\/i><\/p>\n<p>&nbsp;<\/p>\n<ul style=\"text-align: justify\">\n<li><span style=\"font-family: Arial,sans-serif\"><span style=\"font-family: Arial,sans-serif\"><a title=\"G\u00e9olocalisation, climat et navigation dans la baie.\" href=\"http:\/\/blogs.univ-jfc.fr\/projetlaperouse\/marin-et-soldat\/lexpedition-de-la-baie-dhudson\/geolocalisation-climat-et-navigation-dans-la-baie\/\">G\u00e9olocalisation, climat et navigation dans la baie<\/a>.<\/span><\/span><\/li>\n<\/ul>\n<div id=\"attachment_2899\" style=\"width: 162px\" class=\"wp-caption alignleft\"><a href=\"http:\/\/blogs.univ-jfc.fr\/projetlaperouse\/wp-content\/uploads\/sites\/9\/2013\/06\/706px-Relief_map_of_Canada.png\"><img aria-describedby=\"caption-attachment-2899\" loading=\"lazy\" class=\"wp-image-2899 \" alt=\"Le cercle rouge repr\u00e9sente la localisation de la baie d'Hudson dans le nord du Canada.\" src=\"http:\/\/blogs.univ-jfc.fr\/projetlaperouse\/wp-content\/uploads\/sites\/9\/2013\/06\/706px-Relief_map_of_Canada.png\" width=\"152\" height=\"129\" \/><\/a><p id=\"caption-attachment-2899\" class=\"wp-caption-text\">Localisation de la baie d&rsquo;Hudson dans le Nord du Canada.<\/p><\/div>\n<p>&nbsp;<\/p>\n<p style=\"text-align: justify\">Situ\u00e9e dans le grand nord canadien, la baie repr\u00e9sentait un milieu hostile pour Lap\u00e9rouse et son \u00e9quipage. En effet, ils \u00e9taient habitu\u00e9s \u00e0 naviguer dans des eaux chaudes. Afin de p\u00e9n\u00e9trer la baie, ils durent chercher pendant des semaines une entr\u00e9e praticable. La pr\u00e9sence des glaces et de mauvaises cartes rendirent la navigation p\u00e9rilleuse au sein de cette derni\u00e8re.<\/p>\n<p>&nbsp;<\/p>\n<ul style=\"text-align: justify\">\n<li style=\"text-align: left\"><a title=\"Les batailles de l\u2019exp\u00e9dition de la baie d\u2019Hudson.\" href=\"http:\/\/blogs.univ-jfc.fr\/projetlaperouse\/marin-et-soldat\/lexpedition-de-la-baie-dhudson\/les-batailles-de-lexpedition-de-la-baie-dhudson\/\"><span style=\"font-family: Arial,sans-serif\"><span style=\"font-family: Arial,sans-serif\">Les batailles de <\/span><\/span><span style=\"font-family: Arial,sans-serif\"><span style=\"font-family: Arial,sans-serif\">l&rsquo;exp\u00e9dition de la baie <\/span><\/span><\/a><span style=\"font-family: Arial,sans-serif\"><span style=\"font-family: Arial,sans-serif\"><span style=\"font-family: Arial,sans-serif\"><a title=\"Les batailles de l\u2019exp\u00e9dition de la baie d\u2019Hudson.\" href=\"http:\/\/blogs.univ-jfc.fr\/projetlaperouse\/marin-et-soldat\/lexpedition-de-la-baie-dhudson\/les-batailles-de-lexpedition-de-la-baie-dhudson\/\">d&rsquo;Hudson<\/a>.<\/span><\/span><\/span>\n<p><div id=\"attachment_2897\" style=\"width: 183px\" class=\"wp-caption alignright\"><a href=\"http:\/\/blogs.univ-jfc.fr\/projetlaperouse\/wp-content\/uploads\/sites\/9\/2013\/06\/800px-Churchill_Fort_Prince_of_Wales_1996-08-12.jpg\"><img aria-describedby=\"caption-attachment-2897\" loading=\"lazy\" class=\" wp-image-2897   \" alt=\"Image a\u00e9rienne du Fort Prince-de-Galles situ\u00e9 dans la baie d'Hudson.\" src=\"http:\/\/blogs.univ-jfc.fr\/projetlaperouse\/wp-content\/uploads\/sites\/9\/2013\/06\/800px-Churchill_Fort_Prince_of_Wales_1996-08-12.jpg\" width=\"173\" height=\"99\" \/><\/a><p id=\"caption-attachment-2897\" class=\"wp-caption-text\">Image a\u00e9rienne du Fort Prince-de-Galles situ\u00e9 dans la baie d&rsquo;Hudson.<\/p><\/div><\/li>\n<\/ul>\n<p style=\"text-align: justify\">En quittant la France pour la baie d\u2019Hudson, Lap\u00e9rouse esp\u00e9rait participer \u00e0 des batailles navales rang\u00e9es afin de gagner en prestige. Il n&rsquo;y rencontra pas de forts conflits arm\u00e9s, mais ses exploits lui donn\u00e8rent une certaine aura et un certain prestige. Son comportement envers les marins et civils anglais peut expliquer son surnom plus tardif de \u00ab\u00a0Gentil Homme des mers\u00a0\u00bb.<\/p>\n<p>&nbsp;<\/p>\n<p style=\"text-align: justify\"><strong>R\u00e9dacteurs<\/strong> : R. Ardeo, B. Bouhier, P. Ferrafiat, T. Guarisco<\/p>\n","protected":false},"excerpt":{"rendered":"<p>Histoire de la baie d&rsquo;Hudson. Afin de comprendre les enjeux qui men\u00e8rent Lap\u00e9rouse \u00e0 attaquer la compagnie de la baie d\u2019Hudson, nous devons dans un premier temps d\u00e9couvrir l&rsquo;Histoire de cette derni\u00e8re. La baie fut d\u00e9couverte en 1610 par Henry &hellip; <a href=\"https:\/\/blogs.univ-jfc.fr\/projetlaperouse\/marin-et-soldat\/lexpedition-de-la-baie-dhudson\/\">Lire la suite <span class=\"meta-nav\">&rarr;<\/span><\/a><\/p>\n","protected":false},"author":15,"featured_media":345,"parent":13,"menu_order":2,"comment_status":"closed","ping_status":"open","template":"sidebar-page.php","meta":[],"_links":{"self":[{"href":"https:\/\/blogs.univ-jfc.fr\/projetlaperouse\/wp-json\/wp\/v2\/pages\/279"}],"collection":[{"href":"https:\/\/blogs.univ-jfc.fr\/projetlaperouse\/wp-json\/wp\/v2\/pages"}],"about":[{"href":"https:\/\/blogs.univ-jfc.fr\/projetlaperouse\/wp-json\/wp\/v2\/types\/page"}],"author":[{"embeddable":true,"href":"https:\/\/blogs.univ-jfc.fr\/projetlaperouse\/wp-json\/wp\/v2\/users\/15"}],"replies":[{"embeddable":true,"href":"https:\/\/blogs.univ-jfc.fr\/projetlaperouse\/wp-json\/wp\/v2\/comments?post=279"}],"version-history":[{"count":39,"href":"https:\/\/blogs.univ-jfc.fr\/projetlaperouse\/wp-json\/wp\/v2\/pages\/279\/revisions"}],"predecessor-version":[{"id":4677,"href":"https:\/\/blogs.univ-jfc.fr\/projetlaperouse\/wp-json\/wp\/v2\/pages\/279\/revisions\/4677"}],"up":[{"embeddable":true,"href":"https:\/\/blogs.univ-jfc.fr\/projetlaperouse\/wp-json\/wp\/v2\/pages\/13"}],"wp:featuredmedia":[{"embeddable":true,"href":"https:\/\/blogs.univ-jfc.fr\/projetlaperouse\/wp-json\/wp\/v2\/media\/345"}],"wp:attachment":[{"href":"https:\/\/blogs.univ-jfc.fr\/projetlaperouse\/wp-json\/wp\/v2\/media?parent=279"}],"curies":[{"name":"wp","href":"https:\/\/api.w.org\/{rel}","templated":true}]}}