{"id":281,"date":"2013-06-14T08:29:26","date_gmt":"2013-06-14T07:29:26","guid":{"rendered":"http:\/\/blogs.univ-jfc.fr\/projetlaperouse\/?page_id=281"},"modified":"2014-04-09T11:40:17","modified_gmt":"2014-04-09T10:40:17","slug":"instructions-et-preparatifs","status":"publish","type":"page","link":"https:\/\/blogs.univ-jfc.fr\/projetlaperouse\/le-voyage\/instructions-et-preparatifs\/","title":{"rendered":"Instructions et pr\u00e9paratifs"},"content":{"rendered":"<p style=\"text-align: center\" align=\"JUSTIFY\"><em><strong>180 JOURS DE PR\u00c9PARATIFS POUR PLUS DE 4 ANS D&rsquo;EXP\u00c9DITION&#8230;<\/strong><\/em><\/p>\n<p style=\"text-align: center\"><a href=\"http:\/\/blogs.univ-jfc.fr\/projetlaperouse\/wp-content\/uploads\/sites\/9\/2013\/06\/portbrest.jpeg\"><img loading=\"lazy\" class=\"size-full wp-image-1761   aligncenter\" title=\"Port de Brest XVIII\u00e8me si\u00e8cle\" alt=\"\" src=\"http:\/\/blogs.univ-jfc.fr\/projetlaperouse\/wp-content\/uploads\/sites\/9\/2013\/06\/tableau-Brest-d\u00e9part-pour-intro.jpeg\" width=\"400\" height=\"244\" \/><\/a><\/p>\n<p style=\"text-align: justify\" align=\"JUSTIFY\"><span style=\"font-family: Arial, sans-serif\">\u00a0 \u00a0 \u00ab\u00a0C&rsquo;\u00e9tait \u00e0 qui de nous crierait le plus fort, dit Lamartini\u00e8re, et aux matelots \u00e0 qui auraient grimp\u00e9 le plus t\u00f4t au haut des m\u00e2ts\u00a0\u00bb<\/span><sup><span style=\"font-family: Arial, sans-serif\"><a href=\"#sdendnote1sym\" name=\"sdendnote1anc\"><sup>1<\/sup><\/a><\/span><\/sup><span style=\"font-family: Arial, sans-serif\">. L&rsquo;effervescence affich\u00e9e ce 1<\/span><sup><span style=\"font-family: Arial, sans-serif\">er<\/span><\/sup><span style=\"font-family: Arial, sans-serif\"> ao\u00fbt 1785, t\u00e9moigne de la joie du d\u00e9part suite aux multiples difficult\u00e9s survenues lors des pr\u00e9paratifs de l&rsquo;exp\u00e9dition autour du monde. <\/span><\/p>\n<p style=\"text-align: justify\" align=\"JUSTIFY\"><span style=\"font-family: Arial, sans-serif\">En amont de ce voyage, nombreux sont les \u00e9v\u00e9nements li\u00e9s \u00e0 la mise en \u0153uvre d&rsquo;un tel p\u00e9riple. Sa gen\u00e8se se veut commerciale et est amen\u00e9 par un aventurier hollandais, Guillaume Bolts. Il propose \u00e0 la France un projet, calqu\u00e9 sur les exp\u00e9ditions de Cook, de n\u00e9goce de fer et d&rsquo;\u00e9toffes contre des fourrures de loutres d&rsquo;Am\u00e9rique du Nord, afin de les monnayer ensuite en Chine. <\/span><\/p>\n<p style=\"text-align: justify\" align=\"JUSTIFY\"><span style=\"font-family: Arial, sans-serif\">M\u00eame s&rsquo;il est fort possible que ces discussions aient eu lieu fin 1784-d\u00e9but 1785, les premi\u00e8res sources \u00e9crites et fiables, issues d&rsquo;un re\u00e7u sur les d\u00e9penses secr\u00e8tes de la Marine, datent du 2 f\u00e9vrier 1785<\/span><sup><span style=\"font-family: Arial, sans-serif\"><a href=\"#sdendnote2sym\" name=\"sdendnote2anc\"><sup>2<\/sup><\/a><\/span><\/sup><span style=\"font-family: Arial, sans-serif\">. <a title=\"J-180 : Des ambitions et des Hommes\" href=\"http:\/\/blogs.univ-jfc.fr\/projetlaperouse\/le-voyage\/instructions-et-preparatifs\/ii-j-145-un-long-voyage-dimportants-moyens\/\">A partir de cette date<\/a>, les protagonistes de cette aventure mettront 180 jours pour r\u00e9ussir l&rsquo;\u00e9laboration pr\u00e9alable au voyage. Cette promptitude, voire cette effervescence serait due \u00e0 la ferveur du si\u00e8cle des Lumi\u00e8res pour les d\u00e9couvertes, <\/span><span style=\"font-family: Arial, sans-serif\"><span style=\"font-family: Arial, sans-serif\"><a title=\"J-145 : Un long voyage\u2026d\u2019importants moyens\" href=\"http:\/\/blogs.univ-jfc.fr\/projetlaperouse\/le-voyage\/instructions-et-preparatifs\/959-2\/\">aux capacit\u00e9s et comp\u00e9tences des acteurs<\/a> en pr\u00e9sences<\/span> <\/span><span title=\"A \u2013 J-180 : Des ambitions et des Hommes\"><span style=\"font-family: Arial, sans-serif\">ainsi qu&rsquo;<\/span>aux <a title=\"J-71 : Une entreprise encyclop\u00e9dique\" href=\"http:\/\/blogs.univ-jfc.fr\/projetlaperouse\/le-voyage\/instructions-et-preparatifs\/iii-j-71-une-entreprise-encyclopedique\/\">progr\u00e8s scientifiques<\/a> inh\u00e9rents.<\/span><\/p>\n<div id=\"sdfootnote1\">\n<p style=\"color: #333333;font-style: normal;line-height: 24.375px\" align=\"JUSTIFY\">\u00a0________________________________________________________________________<\/p>\n<div id=\"sdendnote1\" style=\"color: #333333;font-style: normal;line-height: 24.375px\">\n<p><a href=\"#sdendnote1anc\" name=\"sdendnote1sym\">1<\/a>\u00a0Biblioth\u00e8que centrale du Mus\u00e9um d&rsquo;histoire naturelle de Paris, 1928 dos 2, pi\u00e8ce 31, f. 1.<\/p>\n<\/div>\n<div id=\"sdendnote2\" style=\"color: #333333;font-style: normal;line-height: 24.375px\">\n<p><a href=\"#sdendnote2anc\" name=\"sdendnote2sym\">2<\/a>\u00a0Archives nationales de la marine, 3JJ 389 f. 11.<\/p>\n<\/div>\n<p><a href=\"#sdfootnote1anc\" name=\"sdfootnote1sym\">\u00a0<\/a><\/p>\n<\/div>\n","protected":false},"excerpt":{"rendered":"<p>180 JOURS DE PR\u00c9PARATIFS POUR PLUS DE 4 ANS D&rsquo;EXP\u00c9DITION&#8230; \u00a0 \u00a0 \u00ab\u00a0C&rsquo;\u00e9tait \u00e0 qui de nous crierait le plus fort, dit Lamartini\u00e8re, et aux matelots \u00e0 qui auraient grimp\u00e9 le plus t\u00f4t au haut des m\u00e2ts\u00a0\u00bb1. L&rsquo;effervescence affich\u00e9e ce &hellip; <a href=\"https:\/\/blogs.univ-jfc.fr\/projetlaperouse\/le-voyage\/instructions-et-preparatifs\/\">Lire la suite <span class=\"meta-nav\">&rarr;<\/span><\/a><\/p>\n","protected":false},"author":15,"featured_media":455,"parent":14,"menu_order":0,"comment_status":"closed","ping_status":"open","template":"sidebar-page.php","meta":[],"_links":{"self":[{"href":"https:\/\/blogs.univ-jfc.fr\/projetlaperouse\/wp-json\/wp\/v2\/pages\/281"}],"collection":[{"href":"https:\/\/blogs.univ-jfc.fr\/projetlaperouse\/wp-json\/wp\/v2\/pages"}],"about":[{"href":"https:\/\/blogs.univ-jfc.fr\/projetlaperouse\/wp-json\/wp\/v2\/types\/page"}],"author":[{"embeddable":true,"href":"https:\/\/blogs.univ-jfc.fr\/projetlaperouse\/wp-json\/wp\/v2\/users\/15"}],"replies":[{"embeddable":true,"href":"https:\/\/blogs.univ-jfc.fr\/projetlaperouse\/wp-json\/wp\/v2\/comments?post=281"}],"version-history":[{"count":63,"href":"https:\/\/blogs.univ-jfc.fr\/projetlaperouse\/wp-json\/wp\/v2\/pages\/281\/revisions"}],"predecessor-version":[{"id":4268,"href":"https:\/\/blogs.univ-jfc.fr\/projetlaperouse\/wp-json\/wp\/v2\/pages\/281\/revisions\/4268"}],"up":[{"embeddable":true,"href":"https:\/\/blogs.univ-jfc.fr\/projetlaperouse\/wp-json\/wp\/v2\/pages\/14"}],"wp:featuredmedia":[{"embeddable":true,"href":"https:\/\/blogs.univ-jfc.fr\/projetlaperouse\/wp-json\/wp\/v2\/media\/455"}],"wp:attachment":[{"href":"https:\/\/blogs.univ-jfc.fr\/projetlaperouse\/wp-json\/wp\/v2\/media?parent=281"}],"curies":[{"name":"wp","href":"https:\/\/api.w.org\/{rel}","templated":true}]}}