{"id":285,"date":"2013-06-14T08:30:38","date_gmt":"2013-06-14T07:30:38","guid":{"rendered":"http:\/\/blogs.univ-jfc.fr\/projetlaperouse\/?page_id=285"},"modified":"2014-05-29T13:37:24","modified_gmt":"2014-05-29T12:37:24","slug":"journaux-et-correspondance","status":"publish","type":"page","link":"https:\/\/blogs.univ-jfc.fr\/projetlaperouse\/le-voyage\/journaux-et-correspondance\/","title":{"rendered":"Journaux et correspondances"},"content":{"rendered":"<blockquote>\n<p style=\"text-align: center\">\u00ab\u00a0J&rsquo;aurais d\u00fb confier la r\u00e9daction de mon journal \u00e0 un homme de lettres, il e\u00fbt \u00e9t\u00e9 purement \u00e9crit et sem\u00e9 de r\u00e9flexions auxquelles je n&rsquo;aurais jamais pens\u00e9 mais c&rsquo;\u00e9tait se pr\u00e9senter avec un masque et les traits naturels, quels qu&rsquo;ils soient, m&rsquo;ont paru pr\u00e9f\u00e9rables.\u00a0\u00bb<\/p>\n<p style=\"text-align: center\">Jean-Fran\u00e7ois Galaup Comte de Lap\u00e9rouse<\/p>\n<\/blockquote>\n<p>&nbsp;<\/p>\n<p>&nbsp;<\/p>\n<div id=\"attachment_3823\" style=\"width: 102px\" class=\"wp-caption alignleft\"><a href=\"http:\/\/blogs.univ-jfc.fr\/projetlaperouse\/wp-content\/uploads\/sites\/9\/2013\/06\/LaperouseAstrolabe.jpg\"><img aria-describedby=\"caption-attachment-3823\" loading=\"lazy\" class=\" wp-image-3823  \" alt=\"LaperouseAstrolabe\" src=\"http:\/\/blogs.univ-jfc.fr\/projetlaperouse\/wp-content\/uploads\/sites\/9\/2013\/06\/LaperouseAstrolabe.jpg\" width=\"92\" height=\"147\" \/><\/a><p id=\"caption-attachment-3823\" class=\"wp-caption-text\">L&rsquo;astrolabe<\/p><\/div>\n<p style=\"text-align: justify\" align=\"JUSTIFY\"><span style=\"color: #000000\"><span style=\"font-family: Arial,sans-serif\">Les <\/span><\/span><span style=\"color: #000000\"><span style=\"font-family: Arial,sans-serif\">journaux et les correspondances, rapatri\u00e9s par Lesseps, Dufresnes et d&rsquo;autres marins, sont les seules <a title=\"Rapatriement des sources\" href=\"http:\/\/blogs.univ-jfc.fr\/projetlaperouse\/le-voyage\/journaux-et-correspondance\/rapatriement-des-sources\/\">sources<\/a> qui ont pu permettre de retracer l&rsquo;exp\u00e9dition. Gr\u00e2ce \u00e0 ces sources, on a pu r\u00e9pertorier et apprendre davantage sur la navigation \u00e0 la fin du XVIIIe si\u00e8cle.\u00a0<\/span><\/span><\/p>\n<p style=\"text-align: justify\" align=\"JUSTIFY\"><span style=\"color: #ffffff\">_<\/span><\/p>\n<p style=\"text-align: justify\" align=\"JUSTIFY\"><span style=\"color: #ffffff\">_<\/span><\/p>\n<div id=\"attachment_3834\" style=\"width: 115px\" class=\"wp-caption alignright\"><a href=\"http:\/\/blogs.univ-jfc.fr\/projetlaperouse\/wp-content\/uploads\/sites\/9\/2013\/06\/Brest_Botany-Bay.jpg\"><img aria-describedby=\"caption-attachment-3834\" loading=\"lazy\" class=\" wp-image-3834    \" alt=\"Brest_Botany-Bay\" src=\"http:\/\/blogs.univ-jfc.fr\/projetlaperouse\/wp-content\/uploads\/sites\/9\/2013\/06\/Brest_Botany-Bay.jpg\" width=\"105\" height=\"155\" \/><\/a><p id=\"caption-attachment-3834\" class=\"wp-caption-text\">Voyage de Lap\u00e9rouse<\/p><\/div>\n<p align=\"JUSTIFY\"><span style=\"color: #000000\"><span style=\"font-family: Arial,sans-serif\">Lap\u00e9rouse est un grand novateur. En effet, il \u00e9crit lui m\u00eame son journal, compar\u00e9 \u00e0 James Cook qui en avait laiss\u00e9 le soin \u00e0 John Hawkesworth. Chaque officier de la Marine est oblig\u00e9 de tenir un <a title=\"Le journal de bord et son contenu\" href=\"http:\/\/blogs.univ-jfc.fr\/projetlaperouse\/le-voyage\/journaux-et-correspondance\/le-journal-de-bord-et-son-contenu\/\">journal de bord<\/a> afin de rendre compte de l&rsquo;\u00e9tat de la navigation.<\/span><\/span><\/p>\n<p align=\"JUSTIFY\"><span style=\"color: #ffffff\">_<\/span><\/p>\n<p align=\"JUSTIFY\"><span style=\"color: #ffffff\">_<\/span><\/p>\n<p align=\"JUSTIFY\"><span style=\"color: #ffffff\">_<\/span><\/p>\n<div id=\"attachment_3886\" style=\"width: 205px\" class=\"wp-caption alignleft\"><a href=\"http:\/\/blogs.univ-jfc.fr\/projetlaperouse\/wp-content\/uploads\/sites\/9\/2013\/06\/Last_letter_La_P\u00e9rouse.jpg\"><img aria-describedby=\"caption-attachment-3886\" loading=\"lazy\" class=\"wp-image-3886  \" alt=\"\" src=\"http:\/\/blogs.univ-jfc.fr\/projetlaperouse\/wp-content\/uploads\/sites\/9\/2013\/06\/Last_letter_La_P\u00e9rouse.jpg\" width=\"195\" height=\"106\" \/><\/a><p id=\"caption-attachment-3886\" class=\"wp-caption-text\">Derni\u00e8re lettre de Lap\u00e9rouse.<\/p><\/div>\n<p align=\"JUSTIFY\"><span style=\"color: #000000\"><span style=\"font-family: Arial,sans-serif\"><a title=\"Les correspondances et leur circulation\" href=\"http:\/\/blogs.univ-jfc.fr\/projetlaperouse\/le-voyage\/journaux-et-correspondance\/les-correspondances-et-leur-circulation\/\">Les correspondances<\/a> occupent une place capitale tant dans la pr\u00e9paration que dans le d\u00e9roulement de l&rsquo;exp\u00e9dition maritime. Une poste maritime s&rsquo;est d\u00e9velopp\u00e9e afin d&rsquo;organiser le transfert du courrier en mer. <\/span><\/span><\/p>\n<p align=\"JUSTIFY\"><span style=\"color: #ffffff\">_<\/span><\/p>\n<p align=\"JUSTIFY\">Auteurs: C.Jaillard, C.Caron, A.Malabry<\/p>\n","protected":false},"excerpt":{"rendered":"<p>\u00ab\u00a0J&rsquo;aurais d\u00fb confier la r\u00e9daction de mon journal \u00e0 un homme de lettres, il e\u00fbt \u00e9t\u00e9 purement \u00e9crit et sem\u00e9 de r\u00e9flexions auxquelles je n&rsquo;aurais jamais pens\u00e9 mais c&rsquo;\u00e9tait se pr\u00e9senter avec un masque et les traits naturels, quels qu&rsquo;ils &hellip; <a href=\"https:\/\/blogs.univ-jfc.fr\/projetlaperouse\/le-voyage\/journaux-et-correspondance\/\">Lire la suite <span class=\"meta-nav\">&rarr;<\/span><\/a><\/p>\n","protected":false},"author":15,"featured_media":424,"parent":14,"menu_order":2,"comment_status":"closed","ping_status":"closed","template":"sidebar-page.php","meta":[],"_links":{"self":[{"href":"https:\/\/blogs.univ-jfc.fr\/projetlaperouse\/wp-json\/wp\/v2\/pages\/285"}],"collection":[{"href":"https:\/\/blogs.univ-jfc.fr\/projetlaperouse\/wp-json\/wp\/v2\/pages"}],"about":[{"href":"https:\/\/blogs.univ-jfc.fr\/projetlaperouse\/wp-json\/wp\/v2\/types\/page"}],"author":[{"embeddable":true,"href":"https:\/\/blogs.univ-jfc.fr\/projetlaperouse\/wp-json\/wp\/v2\/users\/15"}],"replies":[{"embeddable":true,"href":"https:\/\/blogs.univ-jfc.fr\/projetlaperouse\/wp-json\/wp\/v2\/comments?post=285"}],"version-history":[{"count":30,"href":"https:\/\/blogs.univ-jfc.fr\/projetlaperouse\/wp-json\/wp\/v2\/pages\/285\/revisions"}],"predecessor-version":[{"id":508,"href":"https:\/\/blogs.univ-jfc.fr\/projetlaperouse\/wp-json\/wp\/v2\/pages\/285\/revisions\/508"}],"up":[{"embeddable":true,"href":"https:\/\/blogs.univ-jfc.fr\/projetlaperouse\/wp-json\/wp\/v2\/pages\/14"}],"wp:featuredmedia":[{"embeddable":true,"href":"https:\/\/blogs.univ-jfc.fr\/projetlaperouse\/wp-json\/wp\/v2\/media\/424"}],"wp:attachment":[{"href":"https:\/\/blogs.univ-jfc.fr\/projetlaperouse\/wp-json\/wp\/v2\/media?parent=285"}],"curies":[{"name":"wp","href":"https:\/\/api.w.org\/{rel}","templated":true}]}}