{"id":2855,"date":"2014-03-29T17:06:20","date_gmt":"2014-03-29T16:06:20","guid":{"rendered":"http:\/\/blogs.univ-jfc.fr\/projetlaperouse\/?page_id=2855"},"modified":"2014-04-21T00:23:36","modified_gmt":"2014-04-20T23:23:36","slug":"les-fantomes-de-vanikoro-dans-la-lumiere-xxe-siecle","status":"publish","type":"page","link":"https:\/\/blogs.univ-jfc.fr\/projetlaperouse\/vanikoro-et-apres\/un-mystere-qui-seclaircit-peu-a-peu\/les-fantomes-de-vanikoro-dans-la-lumiere-xxe-siecle\/","title":{"rendered":"Les fant\u00f4mes de Vanikoro dans la lumi\u00e8re : XXe si\u00e8cle."},"content":{"rendered":"<p align=\"JUSTIFY\"><strong>Des navigateurs passionn\u00e9s \u00e0 la recherche de Lap\u00e9rouse.<\/strong><\/p>\n<p align=\"JUSTIFY\">\u00a0\u00a0 Le premier \u00e0 s\u2019int\u00e9resser au sort de Lap\u00e9rouse se nomme Fred Jones. C\u2019est un bucheron qui travailla durant 35 ans sur Vanikoro o\u00f9 il put d\u00e9velopper des liens avec les indig\u00e8nes et apprendre leur langue. Il recueillit de nombreux t\u00e9moignages \u00e0 partir de l\u00e9gendes afin d&rsquo;en savoir plus sur cette intrigante exp\u00e9dition disparue. Il ne pouvait pas imaginer que son travail allait \u00eatre tr\u00e8s utile \u00e0 un autre passionn\u00e9.<\/p>\n<p align=\"JUSTIFY\">\u00a0\u00a0 Il s\u2019agit l\u00e0 de Pierre Anthonioz, alors gouverneur des Nouvelles-H\u00e9brides. Patriote, il participa activement \u00e0 la r\u00e9sistance fran\u00e7aise avant de se voir confier des r\u00f4les administratifs et politiques dans les colonies. Il fut par la suite d\u00e9cor\u00e9 de la croix de la l\u00e9gion d\u2019honneur. \u00ab\u00a0Le portrait de cet homme extraordinaire, qui a atteint les sommets du courage, de l&rsquo;intelligence et de la g\u00e9n\u00e9rosit\u00e9 serait incomplet si sa grande culture, sa passion pour l&rsquo;ethnologie, l&rsquo;histoire, la po\u00e9sie n&rsquo;\u00e9taient pas \u00e9voqu\u00e9es<a href=\"#sdfootnote1sym\" name=\"sdfootnote1anc\"><sup>1<\/sup><\/a>.\u00a0\u00bb<\/p>\n<p style=\"text-align: justify\" align=\"JUSTIFY\"><span style=\"color: #000000\"><span style=\"font-family: Arial,sans-serif\"><span style=\"font-size: medium\"><img loading=\"lazy\" class=\" wp-image-3175 aligncenter\" title=\"Plongeurs \u00e0 la recherche d'indices\" alt=\"Plongeurs \u00e0 la recherche de Lap\u00e9rouse\" src=\"http:\/\/blogs.univ-jfc.fr\/projetlaperouse\/wp-content\/uploads\/sites\/9\/2014\/03\/425812-naufrage-du-comte-de-laperouse-l-enquete-continue.jpg\" width=\"292\" height=\"88\" \/><\/span><\/span><\/span><span style=\"color: #000000\"><span style=\"font-family: Arial,sans-serif\"><span style=\"font-size: medium\">\u00a0\u00a0<\/span><\/span><\/span> Pour son exp\u00e9dition Anthonioz s\u2019accompagna de \u00ab\u00a0l\u2019homme qui d\u2019apr\u00e8s lui, connaissait le mieux les c\u00f4tes de l\u2019\u00eele\u00a0<a href=\"#sdfootnote2sym\" name=\"sdfootnote2anc\"><sup>2<\/sup><\/a>\u00bb pour y avoir d\u00e9j\u00e0 plong\u00e9 \u00e0 son propre compte. Il s\u2019agit de Reece Discombe un plongeur N\u00e9o-Z\u00e9landais dont la principale activit\u00e9 \u00e9tait l\u2019exploration d\u2019\u00e9paves dans le Pacifique.<\/p>\n<p align=\"JUSTIFY\">\u00a0\u00a0 L\u2019amiral Maurice de Brossard, le chef du service historique de la Marine f\u00fbt interpell\u00e9 par les demandes de financements de nouvelles recherches. En tant qu\u2019historien fran\u00e7ais il se sentait concern\u00e9 par le sort de Lap\u00e9rouse mais un d\u00e9tail suppl\u00e9mentaire l\u2019encouragea \u00e0 mener une autre exp\u00e9dition. Le lieutenant de vaisseau Pierre de Brossard, disparu avec l&rsquo;\u00e9quipage Lap\u00e9rouse, faisait partie de la famille de l\u2019amiral.<\/p>\n<p align=\"JUSTIFY\"><strong>Les recherches maritimes, d\u00e9couverte de la Boussole.<\/strong><\/p>\n<p align=\"JUSTIFY\">\u00a0\u00a0 La majorit\u00e9 des recherches du XX<sup>e <\/sup>si\u00e8cle eurent lieu sur mer. L\u2019\u00e9pave de l\u2019<em>Astrolabe<\/em> \u00e9tait d\u00e9j\u00e0 d\u00e9couverte mais le lieu du naufrage du vaisseau amiral, la <em>Boussole<\/em>, restait encore inconnu.<\/p>\n<p align=\"JUSTIFY\"><span style=\"color: #000000\"><span style=\"font-family: Arial,sans-serif\"><span style=\"font-size: medium\">\u00a0\u00a0 <\/span><\/span><\/span>En 1962 les t\u00e9moignages de Fred Jones furent utilis\u00e9s par Pierre Anthonioz et Reece Discombe afin de cibler les recherches sur un lieu hypoth\u00e9tique du naufrage. Durant des mois ils remont\u00e8rent \u00e0 la surface de nombreux objets mais ne parvinrent pas \u00e0 prouver leur <span style=\"color: #000000\"><span style=\"font-family: Arial,sans-serif\"><span style=\"font-size: medium\"><a href=\"http:\/\/blogs.univ-jfc.fr\/projetlaperouse\/wp-content\/uploads\/sites\/9\/2014\/03\/11451.jpg\"><img loading=\"lazy\" class=\" wp-image-3085 alignright\" title=\"Site de la Faille, \u00e9pave de la Boussole (PHOTO : DRASSM) \" alt=\"Site de la Faille, \u00e9pave de la Boussole (PHOTO : DRASSM) \" src=\"http:\/\/blogs.univ-jfc.fr\/projetlaperouse\/wp-content\/uploads\/sites\/9\/2014\/03\/11451.jpg\" width=\"160\" height=\"220\" \/><\/a><\/span><\/span><\/span>lien avec la <em>Boussole<\/em>. N\u00e9anmoins, leurs d\u00e9couvertes permirent de lever le voile sur la derni\u00e8re partie du voyage gr\u00e2ce \u00e0 un coffret renfermant des min\u00e9raux pr\u00e9sents exclusivement sur certaines \u00eeles.<\/p>\n<p style=\"text-align: justify\" align=\"JUSTIFY\"><span style=\"color: #000000\"><span style=\"font-family: Arial,sans-serif\"><span style=\"font-size: medium\">\u00a0\u00a0 <\/span><\/span><\/span>Une seconde exp\u00e9dition fut men\u00e9e en 1964 avec l\u2019amiral de Brossard dans le but de \u00ab\u00a0r\u00e9soudre compl\u00e8tement, presque cent quatre-vingts ans plus tard, l\u2019\u00e9nigme que posait toujours le sort des deux fr\u00e9gates de Lap\u00e9rouse.\u00a0\u00bb<a href=\"#sdfootnote3sym\" name=\"sdfootnote3anc\"><sup>3<\/sup><\/a> Et le 20 mai une cloche fut d\u00e9couverte avec une inscription attestant son appartenance \u00e0 la <em>Boussole.<\/em><span style=\"color: #000000\"><span style=\"font-family: Arial,sans-serif\"><span style=\"font-size: medium\"><br \/>\n<\/span><\/span><\/span><\/p>\n<p align=\"JUSTIFY\"><span style=\"color: #000000\"><span style=\"font-family: Arial,sans-serif\"><span style=\"font-size: medium\">\u00a0\u00a0<\/span><\/span><\/span> Les recherches maritimes furent fructueuses et aboutirent finalement \u00e0 \u00e9lucider une grande part de myst\u00e8re. Cependant des rumeurs firent leurs apparitions et entra\u00een\u00e8rent un autre type de recherche.<\/p>\n<p align=\"JUSTIFY\"><strong>Les recherches terrestres, d\u00e9couverte d\u2019un camp.<\/strong><\/p>\n<p align=\"JUSTIFY\">\u00a0\u00a0 Vanikoro n\u2019avait pas fini de livrer tous ses secrets. Parmi les habitants de l\u2019\u00eele r\u00e9gnait une rumeur concernant d\u2019\u00e9ventuels survivants au naufrage qui auraient construit un campement.<\/p>\n<p align=\"JUSTIFY\"><span style=\"color: #000000\"><span style=\"font-family: Arial,sans-serif\"><span style=\"font-size: medium\">\u00a0\u00a0 <\/span><\/span><\/span><span style=\"color: #000000\"><span style=\"font-family: Arial,sans-serif\"><span style=\"font-size: medium\"><img loading=\"lazy\" class=\"wp-image-2971 alignleft\" title=\"Logo Association Salomon\" alt=\"Logo Association Salomon\" src=\"http:\/\/blogs.univ-jfc.fr\/projetlaperouse\/wp-content\/uploads\/sites\/9\/2014\/03\/logo2.jpg\" width=\"137\" height=\"141\" \/><\/span><\/span><\/span>Une lueur apparue dans l\u2019\u00e9paisseur de l\u2019ignorance gr\u00e2ce \u00e0 des passionn\u00e9s de l\u2019histoire de Lap\u00e9rouse qui cr\u00e9\u00e8rent l<a title=\"Les associations actives\" href=\"http:\/\/blogs.univ-jfc.fr\/projetlaperouse\/vanikoro-et-apres\/le-mythe-laperouse\/les-associations-actives\/\">\u2019association Salomon<\/a> en 1981. Cette association r\u00e9alisa de nombreuses fouilles arch\u00e9ologiques qui s\u2019av\u00e9r\u00e8rent fructueuses. Effectivement, en 1999 eu lieu la derni\u00e8re campagne de fouille du XXe si\u00e8cle. Reece Discombe le plongeur d\u00e9couvreur de la <em>Boussole<\/em> n\u2019en avait pas fini avec Vanikoro puisqu\u2019il participa \u00e0 cette derni\u00e8re fouille terrestre. Et ce fut au cours de celle-ci que l\u2019ont d\u00e9couvrit les vestiges d\u2019un camp qui se mat\u00e9rialisa d\u2019abord par des poteaux enfouis \u00e0 un m\u00e8tre cinquante constituant une palissade.<br \/>\n<span style=\"color: #000000\"><span style=\"font-family: Arial,sans-serif\"><span style=\"font-size: medium\"><img loading=\"lazy\" class=\" wp-image-3091 alignright\" title=\"Elements du camp\" alt=\"Elements du camp\" src=\"http:\/\/blogs.univ-jfc.fr\/projetlaperouse\/wp-content\/uploads\/sites\/9\/2014\/03\/11450.jpg\" width=\"225\" height=\"151\" \/><\/span><\/span><\/span><\/p>\n<p align=\"JUSTIFY\"><span style=\"color: #000000\"><span style=\"font-family: Arial,sans-serif\"><span style=\"font-size: medium\">\u00a0\u00a0 <\/span><\/span><\/span>La datation permit de savoir que ces vestiges \u00e9taient contemporains du naufrage. Progressivement d\u2019autres objets furent d\u00e9couverts sur le site tel que des pierres \u00e0 fusils, des balles de mousquet et d\u2019autres objets de la vie quotidienne.<\/p>\n<p align=\"JUSTIFY\"><span style=\"color: #000000\"><span style=\"font-family: Arial,sans-serif\"><span style=\"font-size: medium\">\u00a0\u00a0 <\/span><\/span><\/span>Malgr\u00e9 les d\u00e9couvertes du XXe si\u00e8cle, Vanikoro renferme encore de nombreux myst\u00e8res, et semble livrer progressivement des indices qui ne font que mettre au jour de nouvelles \u00e9nigmes. Mais la fascination de Lap\u00e9rouse exerce toujours sa force et \u00abla recherche d\u2019un testament de Lap\u00e9rouse ou de l\u2019un de ses marins se poursuit. Le myst\u00e8re des membres de l\u2019\u00e9quipage qui ont surv\u00e9cu sera-t-il \u00e9lucid\u00e9 un jour ?\u00bb.<a href=\"#sdfootnote4sym\" name=\"sdfootnote4anc\"><sup>4<\/sup><\/a><\/p>\n<ul>\n<li><a title=\"Un h\u00e9ros myst\u00e9rieux\" href=\"http:\/\/blogs.univ-jfc.fr\/projetlaperouse\/vanikoro-et-apres\/un-mystere-qui-seclaircit-peu-a-peu\/un-heros-mysterieux\/\">Un h\u00e9ros myst\u00e9rieux<\/a><\/li>\n<\/ul>\n<div id=\"sdfootnote1\">\n<p><span style=\"font-size: small\"><a href=\"#sdfootnote1anc\" name=\"sdfootnote1sym\">1: <\/a>www.1dfl.fr\/1-de-la-dfl\/pierre-anthonioz-22-bmna<\/span><\/p>\n<\/div>\n<div id=\"sdfootnote2\">\n<p><span style=\"font-size: small\"><a href=\"#sdfootnote2anc\" name=\"sdfootnote2sym\">2: <\/a>Meissner H-O., <i>La P\u00e9rouse<\/i>, Paris, Perrin, 1984, p.186<\/span><\/p>\n<\/div>\n<div id=\"sdfootnote3\">\n<p><span style=\"font-size: small\"><a href=\"#sdfootnote3anc\" name=\"sdfootnote3sym\">3: <\/a>Meissner H-O., <i>La P\u00e9rouse<\/i>, Paris, Perrin, 1984, p.188<\/span><\/p>\n<\/div>\n<div id=\"sdfootnote4\">\n<p><span style=\"font-size: small\"><a href=\"#sdfootnote4anc\" name=\"sdfootnote4sym\">4: <\/a>Lap\u00e9rouse J-F., <i>Voyage autour du monde sur l\u2019Astrolabe et la Boussole<\/i>, Paris, La D\u00e9couverte, 2008, p.XXX<\/span><\/p>\n<\/div>\n","protected":false},"excerpt":{"rendered":"<p>Des navigateurs passionn\u00e9s \u00e0 la recherche de Lap\u00e9rouse. \u00a0\u00a0 Le premier \u00e0 s\u2019int\u00e9resser au sort de Lap\u00e9rouse se nomme Fred Jones. C\u2019est un bucheron qui travailla durant 35 ans sur Vanikoro o\u00f9 il put d\u00e9velopper des liens avec les indig\u00e8nes &hellip; <a href=\"https:\/\/blogs.univ-jfc.fr\/projetlaperouse\/vanikoro-et-apres\/un-mystere-qui-seclaircit-peu-a-peu\/les-fantomes-de-vanikoro-dans-la-lumiere-xxe-siecle\/\">Lire la suite <span class=\"meta-nav\">&rarr;<\/span><\/a><\/p>\n","protected":false},"author":52,"featured_media":0,"parent":271,"menu_order":2,"comment_status":"closed","ping_status":"open","template":"","meta":[],"_links":{"self":[{"href":"https:\/\/blogs.univ-jfc.fr\/projetlaperouse\/wp-json\/wp\/v2\/pages\/2855"}],"collection":[{"href":"https:\/\/blogs.univ-jfc.fr\/projetlaperouse\/wp-json\/wp\/v2\/pages"}],"about":[{"href":"https:\/\/blogs.univ-jfc.fr\/projetlaperouse\/wp-json\/wp\/v2\/types\/page"}],"author":[{"embeddable":true,"href":"https:\/\/blogs.univ-jfc.fr\/projetlaperouse\/wp-json\/wp\/v2\/users\/52"}],"replies":[{"embeddable":true,"href":"https:\/\/blogs.univ-jfc.fr\/projetlaperouse\/wp-json\/wp\/v2\/comments?post=2855"}],"version-history":[{"count":25,"href":"https:\/\/blogs.univ-jfc.fr\/projetlaperouse\/wp-json\/wp\/v2\/pages\/2855\/revisions"}],"predecessor-version":[{"id":2859,"href":"https:\/\/blogs.univ-jfc.fr\/projetlaperouse\/wp-json\/wp\/v2\/pages\/2855\/revisions\/2859"}],"up":[{"embeddable":true,"href":"https:\/\/blogs.univ-jfc.fr\/projetlaperouse\/wp-json\/wp\/v2\/pages\/271"}],"wp:attachment":[{"href":"https:\/\/blogs.univ-jfc.fr\/projetlaperouse\/wp-json\/wp\/v2\/media?parent=2855"}],"curies":[{"name":"wp","href":"https:\/\/api.w.org\/{rel}","templated":true}]}}