{"id":29,"date":"2013-06-11T07:45:21","date_gmt":"2013-06-11T06:45:21","guid":{"rendered":"http:\/\/blogs.univ-jfc.fr\/projetlaperouse\/?page_id=29"},"modified":"2014-06-18T08:59:57","modified_gmt":"2014-06-18T07:59:57","slug":"vanikoro-et-apres","status":"publish","type":"page","link":"https:\/\/blogs.univ-jfc.fr\/projetlaperouse\/vanikoro-et-apres\/","title":{"rendered":"Vanikoro et apr\u00e8s"},"content":{"rendered":"<p style=\"text-align: justify\" title=\"La recherche\">\u00a0\u00a0\u00a0\u00a0\u00a0\u00a0\u00a0 La disparition de Lap\u00e9rouse suscite, d\u00e8s la fin du XVIIIe si\u00e8cle, un questionnement. Cette \u00e9nigme \u00e9veille dans les esprits des hypoth\u00e8ses mettant en avant les conditions de la disparition, cr\u00e9ant par la suite le myst\u00e8re Lap\u00e9rouse. \u00c9claircir ce myst\u00e8re\u00a0; <a title=\"La recherche\" href=\"http:\/\/blogs.univ-jfc.fr\/projetlaperouse\/vanikoro-et-apres\/la-recherche\/\">c&rsquo;est dans cette qu\u00eate<\/a> que se sont lanc\u00e9s de nombreux marins et arch\u00e9ologues sur les traces du navigateur. Les d\u00e9couvertes vont accentuer, dans un premier temps, le myst\u00e8re du naufrage qui sonna le glas de l&rsquo;exp\u00e9dition Lap\u00e9rouse, avant <a title=\"Un myst\u00e8re qui s\u2019\u00e9claircit peu \u00e0 peu\" href=\"http:\/\/blogs.univ-jfc.fr\/projetlaperouse\/vanikoro-et-apres\/un-mystere-qui-seclaircit-peu-a-peu\/\">que le voile ne se l\u00e8ve peu \u00e0 peu <\/a>sur la r\u00e9alit\u00e9. <a title=\"Lap\u00e9rouse aujourd\u2019hui\" href=\"http:\/\/blogs.univ-jfc.fr\/projetlaperouse\/vanikoro-et-apres\/le-mythe-laperouse\/\">De nos jours, ce marin fran\u00e7ais fascine encore<\/a>. En effet, deux si\u00e8cles apr\u00e8s le naufrage de <em>La Boussole<\/em> et <em>L\u2019Astrolabe<\/em>, des associations de passionn\u00e9s parviennent \u00e0 perp\u00e9tuer le myst\u00e8re qui entoure son exp\u00e9dition. L&rsquo;engouement qu&rsquo;il suscite, bien qu&rsquo;ayant oscill\u00e9 au cours du temps, b\u00e9n\u00e9ficie \u00e0 l&rsquo;heure actuelle d&rsquo;un nouveau souffle. Ce regain d&rsquo;int\u00e9r\u00eat peut s&rsquo;expliquer par les r\u00e9centes d\u00e9couvertes r\u00e9alis\u00e9es par l&rsquo;arch\u00e9ologie sous-marine qui l\u00e8vent un peu le voile sur la destin\u00e9e tragique des marins de l&rsquo;exp\u00e9dition, mais aussi par la remise au go\u00fbt du jour de documentaires historiques \u00e0 destination du grand public.<\/p>\n<p>&nbsp;<\/p>\n","protected":false},"excerpt":{"rendered":"<p>\u00a0\u00a0\u00a0\u00a0\u00a0\u00a0\u00a0 La disparition de Lap\u00e9rouse suscite, d\u00e8s la fin du XVIIIe si\u00e8cle, un questionnement. Cette \u00e9nigme \u00e9veille dans les esprits des hypoth\u00e8ses mettant en avant les conditions de la disparition, cr\u00e9ant par la suite le myst\u00e8re Lap\u00e9rouse. \u00c9claircir ce myst\u00e8re\u00a0; &hellip; <a href=\"https:\/\/blogs.univ-jfc.fr\/projetlaperouse\/vanikoro-et-apres\/\">Lire la suite <span class=\"meta-nav\">&rarr;<\/span><\/a><\/p>\n","protected":false},"author":15,"featured_media":140,"parent":0,"menu_order":7,"comment_status":"closed","ping_status":"closed","template":"sidebar-page.php","meta":[],"_links":{"self":[{"href":"https:\/\/blogs.univ-jfc.fr\/projetlaperouse\/wp-json\/wp\/v2\/pages\/29"}],"collection":[{"href":"https:\/\/blogs.univ-jfc.fr\/projetlaperouse\/wp-json\/wp\/v2\/pages"}],"about":[{"href":"https:\/\/blogs.univ-jfc.fr\/projetlaperouse\/wp-json\/wp\/v2\/types\/page"}],"author":[{"embeddable":true,"href":"https:\/\/blogs.univ-jfc.fr\/projetlaperouse\/wp-json\/wp\/v2\/users\/15"}],"replies":[{"embeddable":true,"href":"https:\/\/blogs.univ-jfc.fr\/projetlaperouse\/wp-json\/wp\/v2\/comments?post=29"}],"version-history":[{"count":21,"href":"https:\/\/blogs.univ-jfc.fr\/projetlaperouse\/wp-json\/wp\/v2\/pages\/29\/revisions"}],"predecessor-version":[{"id":4682,"href":"https:\/\/blogs.univ-jfc.fr\/projetlaperouse\/wp-json\/wp\/v2\/pages\/29\/revisions\/4682"}],"wp:featuredmedia":[{"embeddable":true,"href":"https:\/\/blogs.univ-jfc.fr\/projetlaperouse\/wp-json\/wp\/v2\/media\/140"}],"wp:attachment":[{"href":"https:\/\/blogs.univ-jfc.fr\/projetlaperouse\/wp-json\/wp\/v2\/media?parent=29"}],"curies":[{"name":"wp","href":"https:\/\/api.w.org\/{rel}","templated":true}]}}