{"id":297,"date":"2013-06-14T08:40:06","date_gmt":"2013-06-14T07:40:06","guid":{"rendered":"http:\/\/blogs.univ-jfc.fr\/projetlaperouse\/?page_id=297"},"modified":"2014-06-15T09:40:42","modified_gmt":"2014-06-15T08:40:42","slug":"savants-et-naturalistes","status":"publish","type":"page","link":"https:\/\/blogs.univ-jfc.fr\/projetlaperouse\/de-la-nature-et-des-hommes\/savants-et-naturalistes\/","title":{"rendered":"Savants et naturalistes"},"content":{"rendered":"<div id=\"attachment_2077\" style=\"width: 95px\" class=\"wp-caption aligncenter\"><a href=\"http:\/\/blogs.univ-jfc.fr\/projetlaperouse\/wp-content\/uploads\/sites\/9\/2014\/03\/AMPOULE.jpg\"><img aria-describedby=\"caption-attachment-2077\" loading=\"lazy\" class=\"size-full wp-image-2077   \" title=\"Ampoule\" alt=\"\" src=\"http:\/\/blogs.univ-jfc.fr\/projetlaperouse\/wp-content\/uploads\/sites\/9\/2014\/03\/AMPOULE.jpg\" width=\"85\" height=\"80\" \/><\/a><p id=\"caption-attachment-2077\" class=\"wp-caption-text\">Eureka !<\/p><\/div>\n<p style=\"text-align: justify\" align=\"JUSTIFY\">\u00a0<a title=\"Qu\u2019est-ce qu\u2019un savant ?\" href=\"http:\/\/blogs.univ-jfc.fr\/projetlaperouse\/de-la-nature-et-des-hommes\/savants-et-naturalistes\/quest-ce-quun-savant\/\">Qu&rsquo;est-ce qu&rsquo;un savant ?<\/a> Un <a><span style=\"color: #000000\">savant<\/span><\/a> est avant tout \u00ab celui qui sait \u00bb : c&rsquo;est une personne ayant une comp\u00e9tence exceptionnelle dans une discipline scientifique et qui a envie de la transmettre aux autres. Ainsi, de nombreuses disciplines sont concern\u00e9es, que ce soit les math\u00e9matiques, la philosophie, la physique, la biologie ou encore la cartographie.<\/p>\n<div id=\"attachment_2078\" style=\"width: 193px\" class=\"wp-caption aligncenter\"><a href=\"http:\/\/blogs.univ-jfc.fr\/projetlaperouse\/wp-content\/uploads\/sites\/9\/2014\/03\/MACHINE-A-VAPEUR.jpg\"><img aria-describedby=\"caption-attachment-2078\" loading=\"lazy\" class=\"wp-image-2078 \" alt=\"Machine \u00e0 vapeur\" src=\"http:\/\/blogs.univ-jfc.fr\/projetlaperouse\/wp-content\/uploads\/sites\/9\/2014\/03\/MACHINE-A-VAPEUR.jpg\" width=\"183\" height=\"134\" \/><\/a><p id=\"caption-attachment-2078\" class=\"wp-caption-text\">La machine \u00e0 vapeur<\/p><\/div>\n<p style=\"text-align: justify\" align=\"JUSTIFY\">\u00a0<a title=\"Le savant au centre des luttes de puissance\" href=\"http:\/\/blogs.univ-jfc.fr\/projetlaperouse\/de-la-nature-et-des-hommes\/savants-et-naturalistes\/le-savant-au-centre-des-luttes-de-puissance\/\">Le savant au centre des luttes de puissance <\/a>Profitant d&rsquo;un d\u00e9but d&rsquo;organisation, les connexions entre savants se multiplient et se diversifient tout au long du XVIII<sup>e<\/sup> si\u00e8cle. Leur influence s&rsquo;\u00e9tend aussi au sommet de l\u2019\u00c9tat qui comprend l&rsquo;int\u00e9r\u00eat que techniques et innovations peuvent avoir dans la puissance du pays \u00e0 l&rsquo;\u00e9chelle internationale, ainsi que l&rsquo;information qu&rsquo;il peut obtenir des acad\u00e9mies locales sur l&rsquo;\u00e9tat du pays.<\/p>\n<p style=\"text-align: justify\"><span style=\"font-family: Arial,sans-serif\"><span style=\"font-size: medium\">\u00a0Le savant se trouve au centre des des luttes de puissance entre les \u00c9tats. Ils jouent donc un r\u00f4le de plus en plus important\u00a0 dans la vie politique, r\u00f4le accentu\u00e9 par la vulgarisation des connaissances. cela contribue \u00e0 leur reconnaissance et \u00e0 leur marche vers <a title=\"Le savant, en route vers la professionnalisation\" href=\"http:\/\/blogs.univ-jfc.fr\/projetlaperouse\/de-la-nature-et-des-hommes\/savants-et-naturalistes\/le-savant-en-route-vers-la-professionnalisation\/\" target=\"_blank\">la professionnalisation<\/a>.<br \/>\n<\/span><\/span><\/p>\n<div id=\"attachment_2076\" style=\"width: 191px\" class=\"wp-caption aligncenter\"><a href=\"http:\/\/blogs.univ-jfc.fr\/projetlaperouse\/wp-content\/uploads\/sites\/9\/2014\/03\/Salon_de_Madame_Geoffrin.jpg\"><img aria-describedby=\"caption-attachment-2076\" loading=\"lazy\" class=\" wp-image-2076 \" alt=\"Salon_de_Madame_Geoffrin\" src=\"http:\/\/blogs.univ-jfc.fr\/projetlaperouse\/wp-content\/uploads\/sites\/9\/2014\/03\/Salon_de_Madame_Geoffrin.jpg\" width=\"181\" height=\"121\" \/><\/a><p id=\"caption-attachment-2076\" class=\"wp-caption-text\">Le salon de Madame Geoffrin<\/p><\/div>\n<p style=\"text-align: center\"><strong>R\u00e9dacteurs<\/strong> : Elise CARAYOL et Elodie DELPRAT<\/p>\n<p>&nbsp;<\/p>\n","protected":false},"excerpt":{"rendered":"<p>\u00a0Qu&rsquo;est-ce qu&rsquo;un savant ? Un savant est avant tout \u00ab celui qui sait \u00bb : c&rsquo;est une personne ayant une comp\u00e9tence exceptionnelle dans une discipline scientifique et qui a envie de la transmettre aux autres. Ainsi, de nombreuses disciplines sont &hellip; <a href=\"https:\/\/blogs.univ-jfc.fr\/projetlaperouse\/de-la-nature-et-des-hommes\/savants-et-naturalistes\/\">Lire la suite <span class=\"meta-nav\">&rarr;<\/span><\/a><\/p>\n","protected":false},"author":15,"featured_media":212,"parent":25,"menu_order":0,"comment_status":"closed","ping_status":"open","template":"sidebar-page.php","meta":[],"_links":{"self":[{"href":"https:\/\/blogs.univ-jfc.fr\/projetlaperouse\/wp-json\/wp\/v2\/pages\/297"}],"collection":[{"href":"https:\/\/blogs.univ-jfc.fr\/projetlaperouse\/wp-json\/wp\/v2\/pages"}],"about":[{"href":"https:\/\/blogs.univ-jfc.fr\/projetlaperouse\/wp-json\/wp\/v2\/types\/page"}],"author":[{"embeddable":true,"href":"https:\/\/blogs.univ-jfc.fr\/projetlaperouse\/wp-json\/wp\/v2\/users\/15"}],"replies":[{"embeddable":true,"href":"https:\/\/blogs.univ-jfc.fr\/projetlaperouse\/wp-json\/wp\/v2\/comments?post=297"}],"version-history":[{"count":14,"href":"https:\/\/blogs.univ-jfc.fr\/projetlaperouse\/wp-json\/wp\/v2\/pages\/297\/revisions"}],"predecessor-version":[{"id":4631,"href":"https:\/\/blogs.univ-jfc.fr\/projetlaperouse\/wp-json\/wp\/v2\/pages\/297\/revisions\/4631"}],"up":[{"embeddable":true,"href":"https:\/\/blogs.univ-jfc.fr\/projetlaperouse\/wp-json\/wp\/v2\/pages\/25"}],"wp:featuredmedia":[{"embeddable":true,"href":"https:\/\/blogs.univ-jfc.fr\/projetlaperouse\/wp-json\/wp\/v2\/media\/212"}],"wp:attachment":[{"href":"https:\/\/blogs.univ-jfc.fr\/projetlaperouse\/wp-json\/wp\/v2\/media?parent=297"}],"curies":[{"name":"wp","href":"https:\/\/api.w.org\/{rel}","templated":true}]}}