{"id":38,"date":"2013-06-11T08:22:58","date_gmt":"2013-06-11T07:22:58","guid":{"rendered":"http:\/\/blogs.univ-jfc.fr\/projetlaperouse\/?page_id=38"},"modified":"2018-01-29T08:52:47","modified_gmt":"2018-01-29T07:52:47","slug":"le-projet","status":"publish","type":"page","link":"https:\/\/blogs.univ-jfc.fr\/projetlaperouse\/","title":{"rendered":"Accueil"},"content":{"rendered":"<div style=\"text-align: justify\">Ce site web a \u00e9t\u00e9 r\u00e9alis\u00e9 par les \u00e9tudiants de 1re et 2e ann\u00e9e de licence d&rsquo;Histoire du CUFR Champollion (Albi).<\/div>\n<div style=\"text-align: justify\"><\/div>\n<div style=\"text-align: justify\"><\/div>\n<div style=\"text-align: justify\">Il est consacr\u00e9 \u00e0\u00a0<strong>Jean-Fran\u00e7ois Galaup de Lap\u00e9rouse<\/strong> (1741-1788), marin, soldat, explorateur, homme de lettres et humaniste fran\u00e7ais n\u00e9 au Ch\u00e2teau du Go (pr\u00e8s d&rsquo;Albi) et disparu \u00e0 Vanikoro (Iles Salomon) avec ses \u00e9quipages&#8230;<\/div>\n<div style=\"text-align: justify\"><\/div>\n<div style=\"text-align: justify\"><\/div>\n<div style=\"text-align: justify\">Naviguez dans les pages du site \u00e0 l&rsquo;aide des onglets de la barre de menu pour d\u00e9couvrir les divers aspects de l&rsquo;homme, du voyage et de son temps. Bonne visite.<\/div>\n<p>&nbsp;<\/p>\n<p>&nbsp;<\/p>\n<p>&nbsp;<\/p>\n","protected":false},"excerpt":{"rendered":"<p>Ce site web a \u00e9t\u00e9 r\u00e9alis\u00e9 par les \u00e9tudiants de 1re et 2e ann\u00e9e de licence d&rsquo;Histoire du CUFR Champollion (Albi). Il est consacr\u00e9 \u00e0\u00a0Jean-Fran\u00e7ois Galaup de Lap\u00e9rouse (1741-1788), marin, soldat, explorateur, homme de lettres et humaniste fran\u00e7ais n\u00e9 au &hellip; <a href=\"https:\/\/blogs.univ-jfc.fr\/projetlaperouse\/\">Lire la suite <span class=\"meta-nav\">&rarr;<\/span><\/a><\/p>\n","protected":false},"author":15,"featured_media":0,"parent":0,"menu_order":0,"comment_status":"closed","ping_status":"closed","template":"","meta":[],"_links":{"self":[{"href":"https:\/\/blogs.univ-jfc.fr\/projetlaperouse\/wp-json\/wp\/v2\/pages\/38"}],"collection":[{"href":"https:\/\/blogs.univ-jfc.fr\/projetlaperouse\/wp-json\/wp\/v2\/pages"}],"about":[{"href":"https:\/\/blogs.univ-jfc.fr\/projetlaperouse\/wp-json\/wp\/v2\/types\/page"}],"author":[{"embeddable":true,"href":"https:\/\/blogs.univ-jfc.fr\/projetlaperouse\/wp-json\/wp\/v2\/users\/15"}],"replies":[{"embeddable":true,"href":"https:\/\/blogs.univ-jfc.fr\/projetlaperouse\/wp-json\/wp\/v2\/comments?post=38"}],"version-history":[{"count":29,"href":"https:\/\/blogs.univ-jfc.fr\/projetlaperouse\/wp-json\/wp\/v2\/pages\/38\/revisions"}],"predecessor-version":[{"id":4708,"href":"https:\/\/blogs.univ-jfc.fr\/projetlaperouse\/wp-json\/wp\/v2\/pages\/38\/revisions\/4708"}],"wp:attachment":[{"href":"https:\/\/blogs.univ-jfc.fr\/projetlaperouse\/wp-json\/wp\/v2\/media?parent=38"}],"curies":[{"name":"wp","href":"https:\/\/api.w.org\/{rel}","templated":true}]}}