{"id":406,"date":"2013-06-24T14:54:37","date_gmt":"2013-06-24T13:54:37","guid":{"rendered":"http:\/\/blogs.univ-jfc.fr\/projetlaperouse\/?page_id=406"},"modified":"2014-06-18T09:01:38","modified_gmt":"2014-06-18T08:01:38","slug":"le-projet-2","status":"publish","type":"page","link":"https:\/\/blogs.univ-jfc.fr\/projetlaperouse\/le-projet-2\/","title":{"rendered":"Le projet"},"content":{"rendered":"<p style=\"text-align: justify\"><strong>Le projet \u00ab\u00a0TER Valorisation du patrimoine\u00a0\u00bb <\/strong>s&rsquo;adresse aux \u00e9tudiants de licence 1 et 2 d&rsquo;histoire qui, tous les ans, se saisissent d&rsquo;un objet historique, en accord avec une institution locale pour le valoriser. L&rsquo;ann\u00e9e 2011-12 a \u00e9t\u00e9 consacr\u00e9e \u00e0 la valorisation de l&rsquo;usine sid\u00e9rurgique de Saint-Ju\u00e9ry, l&rsquo;ann\u00e9e 2012-13 au fonds d&rsquo;affiches de l&rsquo;association Albi Capitale des couleurs et l&rsquo;ann\u00e9e 2013-2014 au marin Lap\u00e9rouse. Le projet 2014-2015 portera sur la Croix-Rouge tarnaise.<strong> <\/strong><\/p>\n<p><strong>Il r\u00e9pond aux objectifs p\u00e9dagogiques suivants<\/strong> :<\/p>\n<ul>\n<li>mettre les \u00e9tudiants au contact des probl\u00e9matiques professionnelles ;<\/li>\n<li>former les \u00e9tudiants \u00e0 la gestion de projet collectif.<\/li>\n<li>d\u00e9velopper le tutorat \u00e9tudiant en faisant parrainer les L1 par un L2 plus aguerri.<\/li>\n<li>transf\u00e9rer dans le domaine professionnel, les m\u00e9thodologies et les connaissances fondamentales acquises dans le cursus universitaire.<\/li>\n<li>acqu\u00e9rir toutes les connaissances qui entourent l&rsquo;objet choisi, dans une d\u00e9marche globale.<\/li>\n<li>mettre en lien les \u00e9tudiants avec le milieu local,<\/li>\n<li>pr\u00e9parer la future insertion professionnelle des \u00e9tudiants.<\/li>\n<\/ul>\n<p><strong>Le support de valorisation<\/strong> choisi en 2013-2014 est un <strong>site web<\/strong>.<\/p>\n","protected":false},"excerpt":{"rendered":"<p>Le projet \u00ab\u00a0TER Valorisation du patrimoine\u00a0\u00bb s&rsquo;adresse aux \u00e9tudiants de licence 1 et 2 d&rsquo;histoire qui, tous les ans, se saisissent d&rsquo;un objet historique, en accord avec une institution locale pour le valoriser. L&rsquo;ann\u00e9e 2011-12 a \u00e9t\u00e9 consacr\u00e9e \u00e0 la &hellip; <a href=\"https:\/\/blogs.univ-jfc.fr\/projetlaperouse\/le-projet-2\/\">Lire la suite <span class=\"meta-nav\">&rarr;<\/span><\/a><\/p>\n","protected":false},"author":15,"featured_media":4664,"parent":0,"menu_order":10,"comment_status":"closed","ping_status":"open","template":"sidebar-page.php","meta":[],"_links":{"self":[{"href":"https:\/\/blogs.univ-jfc.fr\/projetlaperouse\/wp-json\/wp\/v2\/pages\/406"}],"collection":[{"href":"https:\/\/blogs.univ-jfc.fr\/projetlaperouse\/wp-json\/wp\/v2\/pages"}],"about":[{"href":"https:\/\/blogs.univ-jfc.fr\/projetlaperouse\/wp-json\/wp\/v2\/types\/page"}],"author":[{"embeddable":true,"href":"https:\/\/blogs.univ-jfc.fr\/projetlaperouse\/wp-json\/wp\/v2\/users\/15"}],"replies":[{"embeddable":true,"href":"https:\/\/blogs.univ-jfc.fr\/projetlaperouse\/wp-json\/wp\/v2\/comments?post=406"}],"version-history":[{"count":10,"href":"https:\/\/blogs.univ-jfc.fr\/projetlaperouse\/wp-json\/wp\/v2\/pages\/406\/revisions"}],"predecessor-version":[{"id":4683,"href":"https:\/\/blogs.univ-jfc.fr\/projetlaperouse\/wp-json\/wp\/v2\/pages\/406\/revisions\/4683"}],"wp:featuredmedia":[{"embeddable":true,"href":"https:\/\/blogs.univ-jfc.fr\/projetlaperouse\/wp-json\/wp\/v2\/media\/4664"}],"wp:attachment":[{"href":"https:\/\/blogs.univ-jfc.fr\/projetlaperouse\/wp-json\/wp\/v2\/media?parent=406"}],"curies":[{"name":"wp","href":"https:\/\/api.w.org\/{rel}","templated":true}]}}