{"id":4131,"date":"2014-04-09T08:03:43","date_gmt":"2014-04-09T07:03:43","guid":{"rendered":"http:\/\/blogs.univ-jfc.fr\/projetlaperouse\/?page_id=4131"},"modified":"2014-05-04T10:05:58","modified_gmt":"2014-05-04T09:05:58","slug":"un-heros-mysterieux","status":"publish","type":"page","link":"https:\/\/blogs.univ-jfc.fr\/projetlaperouse\/vanikoro-et-apres\/un-mystere-qui-seclaircit-peu-a-peu\/un-heros-mysterieux\/","title":{"rendered":"Un h\u00e9ros myst\u00e9rieux"},"content":{"rendered":"<p style=\"text-align: justify\"><strong>Un humanisme qui passionne les navigateurs \u00e0 sa recherche.<\/strong><\/p>\n<p style=\"text-align: justify\">\u00a0\u00a0<img loading=\"lazy\" class=\"wp-image-4204 alignleft\" title=\"Naufrage\" alt=\"\" src=\"http:\/\/blogs.univ-jfc.fr\/projetlaperouse\/wp-content\/uploads\/sites\/9\/2014\/04\/Naufrage-Big.jpg\" width=\"231\" height=\"175\" \/> Suite \u00e0 la disparition de Lap\u00e9rouse, une certaine fascination semble \u00e9merger et s\u2019\u00e9tablir autour de ce personnage admir\u00e9. Les navigateurs qui s\u2019int\u00e9ressent \u00e0 son voyage s\u2019impliquent personnellement dans des recherches afin de lui rendre hommage en \u00e9lucidant le myst\u00e8re qui r\u00e8gne sur la fin tragique de l\u2019exp\u00e9dition.<\/p>\n<p style=\"text-align: justify\">\u00a0\u00a0 Durant toute sa vie et particuli\u00e8rement lors de son dernier voyage, il a su exploiter sa personnalit\u00e9 exceptionnelle afin de surmonter les difficult\u00e9s. \u00ab\u00a0Lap\u00e9rouse repr\u00e9sente le type le plus accompli du marin du XVIIIe si\u00e8cle. Excellent navigateur, brillant combattant, chef tr\u00e8s humain, esprit ouvert [\u2026]. Aussi habile qu\u2019infatigable, aussi aimable que ferme, il savait se faire aimer de tous\u00a0\u00bb.<a title=\"\" href=\"#_ftn1\">1<\/a> C\u2019est ainsi que Etienne Taillemite, historien sp\u00e9cialiste de la marine, d\u00e9crit le mod\u00e8le du h\u00e9ros qui passionne de nombreux navigateurs depuis sa disparition. De plus, Lap\u00e9rouse s\u2019entoure de <a title=\"Savants et naturalistes\" href=\"http:\/\/blogs.univ-jfc.fr\/projetlaperouse\/de-la-nature-et-des-hommes\/savants-et-naturalistes\/\">scientifiques<\/a> rendant ainsi son voyage unique en son genre, expliquant alors la fascination des chercheurs pour l\u2019exp\u00e9dition disparue.<\/p>\n<p style=\"text-align: justify\">\u00a0\u00a0<a title=\"La d\u00e9couverte de l\u2019Autre\" href=\"http:\/\/blogs.univ-jfc.fr\/projetlaperouse\/de-la-nature-et-des-hommes\/la-decouverte-de-lautre\/\"> L\u2019humanisme<\/a> dont il fit preuve durant son voyage est en r\u00e9alit\u00e9 la dimension la plus appr\u00e9ci\u00e9e du h\u00e9ros. Il prit un soin particulier \u00e0 prot\u00e9ger ses matelots des maladies et autres dangers les guettant au milieu de l\u2019oc\u00e9an. Il pr\u00e9serva aussi la vie des indig\u00e8nes rencontr\u00e9s, comme aucuns autres explorateurs avant lui.\u00a0 C\u2019est ainsi que la disparition de l\u2019exp\u00e9dition a mis au jour l\u2019humanisme et l\u2019h\u00e9ro\u00efsme de Lap\u00e9rouse qui aujourd\u2019hui passionne quiconque s\u2019int\u00e9ressant au fameux et tragique voyage.<\/p>\n<p><strong>Concevoir le h\u00e9ros dans son si\u00e8cle.<\/strong><\/p>\n<p align=\"JUSTIFY\"><span style=\"font-family: Arial,sans-serif\">\u00a0 <img loading=\"lazy\" class=\" wp-image-4361 alignleft\" title=\"Caspar David Friedrich, Der Wanderer \u00fcber dem Nebelmeer, 1818\" alt=\"Caspar David Friedrich, Der Wanderer \u00fcber dem Nebelmeer, 1818\" src=\"http:\/\/blogs.univ-jfc.fr\/projetlaperouse\/wp-content\/uploads\/sites\/9\/2014\/04\/Caspar_David_Friedrich_032_The_wanderer_above_the_sea_of_fog.jpg\" width=\"198\" height=\"246\" \/>Il est difficile de concevoir le personnage de Lap\u00e9rouse comme un h\u00e9ros \u00e0 part enti\u00e8re. La perception que l&rsquo;on a de ce dernier a \u00e9volu\u00e9 durant les deux si\u00e8cles qui ont suivi sa disparition. Tout d&rsquo;abord, il est portant de se questionner sur les origines sociales du marin. Lap\u00e9rouse \u00e9tait un noble\u00a0; ce titre le lie d\u00e8s lors \u00e0 la monarchie fran\u00e7aise, n&rsquo;oublions pas par ailleurs que le navigateur fut envoy\u00e9 par Louis XVI. De sa noblesse que retenons nous aujourd&rsquo;hui au XXe si\u00e8cle ? La r\u00e9ponse \u00e0 cette question est simple, rien. En effet, son titre social n&rsquo;est pas l&rsquo;\u00e9l\u00e9ment qui nous permet de rattacher le personnage \u00e0 l&rsquo;id\u00e9e qu&rsquo;il repr\u00e9sente aujourd&rsquo;hui. Humaniste, explorateur, navigateur,<a title=\"La noblesse albigeoise au si\u00e8cle des Lumi\u00e8res\" href=\"http:\/\/blogs.univ-jfc.fr\/projetlaperouse\/un-gentilhomme-provincial\/la-noblesse-toulousaine-au-siecle-des-lumieres\/\"> albigeois<\/a>, c&rsquo;est en ces termes que nous percevons Lap\u00e9rouse dans notre si\u00e8cle. Cette caract\u00e9ristique se pr\u00e9sente sous la m\u00eame forme au XIXe si\u00e8cle\u00a0; comme nous pouvons le voir dans un recueil de l\u00e9gendes albigeoises, son caract\u00e8re noble est oubli\u00e9, Lap\u00e9rouse est pr\u00e9sent\u00e9 en tant que grand h\u00e9ros populaire baignant dans le myst\u00e8re de sa disparition, \u00ab<\/span><span style=\"font-family: Arial,sans-serif\"><b>Son caract\u00e8re chevaleresque, ses aventures merveilleuses, le doute qui plane encore sur le drame lugubre de sa disparition<\/b><\/span><span style=\"font-family: Arial,sans-serif\">\u00bb<a href=\"#sdfootnote1sym\" name=\"sdfootnote1anc\"><sup>2<\/sup><\/a>, ce myst\u00e8re donne de l&rsquo;envergure au personnage\u00a0; un envergure qui est d&rsquo;autant plus d\u00e9velopp\u00e9e par le style romantique de la l\u00e9gende\u00a0; Lap\u00e9rouse, le noble et marin fran\u00e7ais devient un h\u00e9ros romantique berc\u00e9 dans la <a title=\"Un nouveau regard ?\" href=\"http:\/\/blogs.univ-jfc.fr\/projetlaperouse\/la-mer-au-siecles-des-lumieres\/un-nouveau-regard\/\">m\u00e9lancolie litt\u00e9raire<\/a> du XIXe si\u00e8cle. <\/span><\/p>\n<p align=\"JUSTIFY\"><span style=\"font-family: Arial,sans-serif\">\u00a0\u00a0 <img loading=\"lazy\" class=\" wp-image-4363 alignright\" title=\"Mus\u00e9e Lap\u00e9rouse, Albi\" alt=\"Mus\u00e9e Lap\u00e9rouse, Albi\" src=\"http:\/\/blogs.univ-jfc.fr\/projetlaperouse\/wp-content\/uploads\/sites\/9\/2014\/04\/AlbiML03.jpg\" width=\"257\" height=\"174\" \/>Cependant, aujourd&rsquo;hui la dimension m\u00e9diatique du personnage Lap\u00e9rouse est limit\u00e9. Les raisons qui nous poussent \u00e0 affirmer cela sont dans un premier temps le cours dans lesquel les \u00e9tudiants d\u00e9veloppent diff\u00e9rents aspect et particularit\u00e9s sur le personnage : TER valorisation du patrimoine ; c&rsquo;est dans ce terme de \u00abvalorisation\u00bb que nous percevons la n\u00e9cessit\u00e9 de donner une impulsion \u00e0 cet h\u00e9ros. De plus, l&rsquo;unit\u00e9 d&rsquo;enseignement est en partenariat avec le mus\u00e9e Lap\u00e9rouse \u00e0 Albi\u00a0; ce dernier comme le d\u00e9veloppe amplement un<a title=\"Lap\u00e9rouse aujourd\u2019hui\" href=\"http:\/\/blogs.univ-jfc.fr\/projetlaperouse\/vanikoro-et-apres\/le-mythe-laperouse\/\"> autre dossier<\/a> ne conna\u00eet pas l&rsquo;ampleur de la cath\u00e9drale sainte-C\u00e9cile ou du mus\u00e9e Toulouse-Lautrec. Ce manque d&rsquo;attirance ce traduit certainement \u00e0 cause d&rsquo;une m\u00e9connaissance du navigateur. Ce dernier n&rsquo;a pas la popularit\u00e9 de <a title=\"Bougainville et Cook\" href=\"http:\/\/blogs.univ-jfc.fr\/projetlaperouse\/la-decouverte-du-pacifique\/bougainville-et-cook\/\">Cook ou de Bougainville<\/a>, nous remarquons gr\u00e2ce \u00e0 quelques questionnements et \u00e9changes succincts entre \u00e9tudiants que ce h\u00e9ros albigeois n&rsquo;est connu que de fa\u00e7on tr\u00e8s sommaire. Lap\u00e9rouse au XXe si\u00e8cle est donc un personnage populaire mais peut diffus\u00e9 ; il n&rsquo;est pas cit\u00e9 dans les manuels scolaires par exemple\u00a0; \u00e0 croire que son rayonnement ne se cantonne qu&rsquo;\u00e0 la communaut\u00e9 albigeoise et \u00e0 la marine. Dans cette derni\u00e8re, la m\u00e9moire du navigateur fran\u00e7ais n&rsquo;est pas d\u00e9laiss\u00e9, on lui accorde toujours autant d&rsquo;importance \u00e0 tel point que chaque ann\u00e9e depuis <\/span>1945<a title=\"\" href=\"#_edn1\">[3]<\/a><span style=\"font-family: Arial,sans-serif\">, une comm\u00e9moration est faite \u00e0 Vanikoro par la marine fran\u00e7aise sur le lieu du m\u00e9morial qui lui a \u00e9t\u00e9 d\u00e9di\u00e9. Or, ce h\u00e9ros connait une envergure bien plus importante dans d&rsquo;<a title=\"Les lieux comm\u00e9moratifs\" href=\"http:\/\/blogs.univ-jfc.fr\/projetlaperouse\/vanikoro-et-apres\/le-mythe-laperouse\/les-lieux-commemoratifs\/\">autres pays<\/a>.<br \/>\n<\/span><\/p>\n<div id=\"sdfootnote1\">\n<p><span style=\"font-size: medium\">\u00a0<\/span><\/p>\n<\/div>\n<div>\n<hr align=\"left\" size=\"1\" width=\"33%\" \/>\n<div>\n<p><a title=\"\" href=\"#_ftnref1\">1 <\/a>Taillemite E., <em>Galaup, Jean-Fran\u00e7ois de, comte de Lap\u00e9rouse<\/em> , dans Dictionnaire biographique du Canada, vol. 4, Universit\u00e9 Laval\/University of Toronto, 1880, consult\u00e9 le 28 nov. 2013<\/p>\n<p><i><a href=\"#sdfootnote1anc\" name=\"sdfootnote1sym\">2 <\/a><\/i>Anonyme,<em> L\u00e9gende albigeoise<\/em>, A.Chauvin, Toulouse, 1866, p 73<\/p>\n<p><a title=\"\" href=\"#_ednref1\">3 <\/a>Belmessous Saliha<i>. Le monument Lap\u00e9rouse \u00e0 Sydney ou l&rsquo;histoire d&rsquo;un mythe colonial franco-australien<\/i>. In: Outre-mers, tome 93, n\u00b0350-351, 1er semestre 2006. Sites et moments de m\u00e9moire. pp. 51-68.<\/p>\n<\/div>\n<\/div>\n","protected":false},"excerpt":{"rendered":"<p>Un humanisme qui passionne les navigateurs \u00e0 sa recherche. \u00a0\u00a0 Suite \u00e0 la disparition de Lap\u00e9rouse, une certaine fascination semble \u00e9merger et s\u2019\u00e9tablir autour de ce personnage admir\u00e9. Les navigateurs qui s\u2019int\u00e9ressent \u00e0 son voyage s\u2019impliquent personnellement dans des recherches &hellip; <a href=\"https:\/\/blogs.univ-jfc.fr\/projetlaperouse\/vanikoro-et-apres\/un-mystere-qui-seclaircit-peu-a-peu\/un-heros-mysterieux\/\">Lire la suite <span class=\"meta-nav\">&rarr;<\/span><\/a><\/p>\n","protected":false},"author":52,"featured_media":0,"parent":271,"menu_order":3,"comment_status":"closed","ping_status":"open","template":"","meta":[],"_links":{"self":[{"href":"https:\/\/blogs.univ-jfc.fr\/projetlaperouse\/wp-json\/wp\/v2\/pages\/4131"}],"collection":[{"href":"https:\/\/blogs.univ-jfc.fr\/projetlaperouse\/wp-json\/wp\/v2\/pages"}],"about":[{"href":"https:\/\/blogs.univ-jfc.fr\/projetlaperouse\/wp-json\/wp\/v2\/types\/page"}],"author":[{"embeddable":true,"href":"https:\/\/blogs.univ-jfc.fr\/projetlaperouse\/wp-json\/wp\/v2\/users\/52"}],"replies":[{"embeddable":true,"href":"https:\/\/blogs.univ-jfc.fr\/projetlaperouse\/wp-json\/wp\/v2\/comments?post=4131"}],"version-history":[{"count":28,"href":"https:\/\/blogs.univ-jfc.fr\/projetlaperouse\/wp-json\/wp\/v2\/pages\/4131\/revisions"}],"predecessor-version":[{"id":4133,"href":"https:\/\/blogs.univ-jfc.fr\/projetlaperouse\/wp-json\/wp\/v2\/pages\/4131\/revisions\/4133"}],"up":[{"embeddable":true,"href":"https:\/\/blogs.univ-jfc.fr\/projetlaperouse\/wp-json\/wp\/v2\/pages\/271"}],"wp:attachment":[{"href":"https:\/\/blogs.univ-jfc.fr\/projetlaperouse\/wp-json\/wp\/v2\/media?parent=4131"}],"curies":[{"name":"wp","href":"https:\/\/api.w.org\/{rel}","templated":true}]}}